{"id":12144,"date":"2022-08-26T08:56:22","date_gmt":"2022-08-26T06:56:22","guid":{"rendered":"https:\/\/www.pmfst.unist.hr\/odjel-za-kemiju\/?page_id=12144"},"modified":"2022-08-26T14:58:45","modified_gmt":"2022-08-26T12:58:45","slug":"team-building","status":"publish","type":"page","link":"https:\/\/www.pmfst.unist.hr\/odjel-za-kemiju\/team-building\/","title":{"rendered":"Team building"},"content":{"rendered":"<div class=\"wpb-content-wrapper\">[vc_row][vc_column][vc_column_text css=&#8221;.vc_custom_1661496885187{margin-bottom: 0px !important;}&#8221;]Djelatnici Odjela za kemiju pred po\u010detak kolektivnog godi\u0161njeg odmora su se odlu\u010dili na \u201eTeam Building\u201c kojeg stavljamo pod \u201eaktivnosti\u201c na na\u0161oj web stranici jer je takav i bio, aktivan\u2026 Bilo je to iznimno dobro dru\u017eenje i osvje\u017eenje na raftingu rijeke Cetine nakon kojeg nas je ugostila kolegica Bu\u010devi\u0107 Popovi\u0107. Nemogu\u0107e je fotografijama pokazati atmosferu i dobru zabavu, ali to nam jedino preostaje u nadi da \u0107e ovakvih dru\u017eenja biti jo\u0161 vi\u0161e\u2026[\/vc_column_text][\/vc_column][\/vc_row][vc_row][vc_column][mk_gallery images=&#8221;12145,12147,12149,12151,12153,12155,12157,12159,12161,12163,12165,12167,12169,12171,12173,12175,12177,12179,12181,12183,12185,12187,12189,12191&#8243; column=&#8221;4&#8243; height=&#8221;200&#8243; hover_scenarios=&#8221;none&#8221; item_spacing=&#8221;4&#8243; margin_bottom=&#8221;18&#8243;][\/vc_column][\/vc_row]\n<\/div>","protected":false},"excerpt":{"rendered":"<p>[vc_row][vc_column][vc_column_text css=&#8221;.vc_custom_1661496885187{margin-bottom: 0px !important;}&#8221;]Djelatnici Odjela za kemiju pred po\u010detak kolektivnog godi\u0161njeg odmora su se odlu\u010dili na \u201eTeam Building\u201c kojeg stavljamo pod \u201eaktivnosti\u201c na na\u0161oj web stranici jer je takav i bio, aktivan\u2026 Bilo je to iznimno dobro dru\u017eenje i osvje\u017eenje na raftingu rijeke Cetine nakon kojeg nas je ugostila kolegica Bu\u010devi\u0107 Popovi\u0107. Nemogu\u0107e je fotografijama [&hellip;]<\/p>\n","protected":false},"author":1,"featured_media":0,"parent":0,"menu_order":0,"comment_status":"closed","ping_status":"closed","template":"","meta":{"_acf_changed":false,"rs_blank_template":"","rs_page_bg_color":"","slide_template_v7":"","footnotes":""},"class_list":["post-12144","page","type-page","status-publish","hentry"],"acf":[],"yoast_head":"<!-- This site is optimized with the Yoast SEO plugin v27.4 - https:\/\/yoast.com\/product\/yoast-seo-wordpress\/ -->\n<title>Team building - Odjel za kemiju<\/title>\n<meta name=\"robots\" content=\"index, follow, max-snippet:-1, max-image-preview:large, max-video-preview:-1\" \/>\n<link rel=\"canonical\" href=\"https:\/\/www.pmfst.unist.hr\/odjel-za-kemiju\/team-building\/\" \/>\n<meta property=\"og:locale\" content=\"hr_HR\" \/>\n<meta property=\"og:type\" content=\"article\" \/>\n<meta property=\"og:title\" content=\"Team building - Odjel za kemiju\" \/>\n<meta property=\"og:description\" content=\"[vc_row][vc_column][vc_column_text css=&#8221;.vc_custom_1661496885187{margin-bottom: 0px !important;}&#8221;]Djelatnici Odjela za kemiju pred po\u010detak kolektivnog godi\u0161njeg odmora su se odlu\u010dili na \u201eTeam Building\u201c kojeg stavljamo pod \u201eaktivnosti\u201c na na\u0161oj web stranici jer je takav i bio, aktivan\u2026 Bilo je to iznimno dobro dru\u017eenje i osvje\u017eenje na raftingu rijeke Cetine nakon kojeg nas je ugostila kolegica Bu\u010devi\u0107 Popovi\u0107. Nemogu\u0107e je fotografijama [&hellip;]\" \/>\n<meta property=\"og:url\" content=\"https:\/\/www.pmfst.unist.hr\/odjel-za-kemiju\/team-building\/\" \/>\n<meta property=\"og:site_name\" content=\"Odjel za kemiju\" \/>\n<meta property=\"article:modified_time\" content=\"2022-08-26T12:58:45+00:00\" \/>\n<meta name=\"twitter:card\" content=\"summary_large_image\" \/>\n<meta name=\"twitter:label1\" content=\"Procijenjeno vrijeme \u010ditanja\" \/>\n\t<meta name=\"twitter:data1\" content=\"1 minuta\" \/>\n<script type=\"application\/ld+json\" class=\"yoast-schema-graph\">{\"@context\":\"https:\\\/\\\/schema.org\",\"@graph\":[{\"@type\":\"WebPage\",\"@id\":\"https:\\\/\\\/www.pmfst.unist.hr\\\/odjel-za-kemiju\\\/team-building\\\/\",\"url\":\"https:\\\/\\\/www.pmfst.unist.hr\\\/odjel-za-kemiju\\\/team-building\\\/\",\"name\":\"Team building - Odjel za kemiju\",\"isPartOf\":{\"@id\":\"https:\\\/\\\/www.pmfst.unist.hr\\\/odjel-za-kemiju\\\/#website\"},\"datePublished\":\"2022-08-26T06:56:22+00:00\",\"dateModified\":\"2022-08-26T12:58:45+00:00\",\"breadcrumb\":{\"@id\":\"https:\\\/\\\/www.pmfst.unist.hr\\\/odjel-za-kemiju\\\/team-building\\\/#breadcrumb\"},\"inLanguage\":\"hr\",\"potentialAction\":[{\"@type\":\"ReadAction\",\"target\":[\"https:\\\/\\\/www.pmfst.unist.hr\\\/odjel-za-kemiju\\\/team-building\\\/\"]}]},{\"@type\":\"BreadcrumbList\",\"@id\":\"https:\\\/\\\/www.pmfst.unist.hr\\\/odjel-za-kemiju\\\/team-building\\\/#breadcrumb\",\"itemListElement\":[{\"@type\":\"ListItem\",\"position\":1,\"name\":\"Po\u010detna stranica\",\"item\":\"https:\\\/\\\/www.pmfst.unist.hr\\\/odjel-za-kemiju\\\/\"},{\"@type\":\"ListItem\",\"position\":2,\"name\":\"Team building\"}]},{\"@type\":\"WebSite\",\"@id\":\"https:\\\/\\\/www.pmfst.unist.hr\\\/odjel-za-kemiju\\\/#website\",\"url\":\"https:\\\/\\\/www.pmfst.unist.hr\\\/odjel-za-kemiju\\\/\",\"name\":\"Odjel za kemiju\",\"description\":\"Odjel za kemiju  Prirodoslovnog-matemati\u010dkiog fakulteta Sveu\u010dili\u0161ta u Splitu\",\"potentialAction\":[{\"@type\":\"SearchAction\",\"target\":{\"@type\":\"EntryPoint\",\"urlTemplate\":\"https:\\\/\\\/www.pmfst.unist.hr\\\/odjel-za-kemiju\\\/?s={search_term_string}\"},\"query-input\":{\"@type\":\"PropertyValueSpecification\",\"valueRequired\":true,\"valueName\":\"search_term_string\"}}],\"inLanguage\":\"hr\"}]}<\/script>\n<!-- \/ Yoast SEO plugin. -->","yoast_head_json":{"title":"Team building - Odjel za kemiju","robots":{"index":"index","follow":"follow","max-snippet":"max-snippet:-1","max-image-preview":"max-image-preview:large","max-video-preview":"max-video-preview:-1"},"canonical":"https:\/\/www.pmfst.unist.hr\/odjel-za-kemiju\/team-building\/","og_locale":"hr_HR","og_type":"article","og_title":"Team building - Odjel za kemiju","og_description":"[vc_row][vc_column][vc_column_text css=&#8221;.vc_custom_1661496885187{margin-bottom: 0px !important;}&#8221;]Djelatnici Odjela za kemiju pred po\u010detak kolektivnog godi\u0161njeg odmora su se odlu\u010dili na \u201eTeam Building\u201c kojeg stavljamo pod \u201eaktivnosti\u201c na na\u0161oj web stranici jer je takav i bio, aktivan\u2026 Bilo je to iznimno dobro dru\u017eenje i osvje\u017eenje na raftingu rijeke Cetine nakon kojeg nas je ugostila kolegica Bu\u010devi\u0107 Popovi\u0107. Nemogu\u0107e je fotografijama [&hellip;]","og_url":"https:\/\/www.pmfst.unist.hr\/odjel-za-kemiju\/team-building\/","og_site_name":"Odjel za kemiju","article_modified_time":"2022-08-26T12:58:45+00:00","twitter_card":"summary_large_image","twitter_misc":{"Procijenjeno vrijeme \u010ditanja":"1 minuta"},"schema":{"@context":"https:\/\/schema.org","@graph":[{"@type":"WebPage","@id":"https:\/\/www.pmfst.unist.hr\/odjel-za-kemiju\/team-building\/","url":"https:\/\/www.pmfst.unist.hr\/odjel-za-kemiju\/team-building\/","name":"Team building - Odjel za kemiju","isPartOf":{"@id":"https:\/\/www.pmfst.unist.hr\/odjel-za-kemiju\/#website"},"datePublished":"2022-08-26T06:56:22+00:00","dateModified":"2022-08-26T12:58:45+00:00","breadcrumb":{"@id":"https:\/\/www.pmfst.unist.hr\/odjel-za-kemiju\/team-building\/#breadcrumb"},"inLanguage":"hr","potentialAction":[{"@type":"ReadAction","target":["https:\/\/www.pmfst.unist.hr\/odjel-za-kemiju\/team-building\/"]}]},{"@type":"BreadcrumbList","@id":"https:\/\/www.pmfst.unist.hr\/odjel-za-kemiju\/team-building\/#breadcrumb","itemListElement":[{"@type":"ListItem","position":1,"name":"Po\u010detna stranica","item":"https:\/\/www.pmfst.unist.hr\/odjel-za-kemiju\/"},{"@type":"ListItem","position":2,"name":"Team building"}]},{"@type":"WebSite","@id":"https:\/\/www.pmfst.unist.hr\/odjel-za-kemiju\/#website","url":"https:\/\/www.pmfst.unist.hr\/odjel-za-kemiju\/","name":"Odjel za kemiju","description":"Odjel za kemiju  Prirodoslovnog-matemati\u010dkiog fakulteta Sveu\u010dili\u0161ta u Splitu","potentialAction":[{"@type":"SearchAction","target":{"@type":"EntryPoint","urlTemplate":"https:\/\/www.pmfst.unist.hr\/odjel-za-kemiju\/?s={search_term_string}"},"query-input":{"@type":"PropertyValueSpecification","valueRequired":true,"valueName":"search_term_string"}}],"inLanguage":"hr"}]}},"_links":{"self":[{"href":"https:\/\/www.pmfst.unist.hr\/odjel-za-kemiju\/wp-json\/wp\/v2\/pages\/12144","targetHints":{"allow":["GET"]}}],"collection":[{"href":"https:\/\/www.pmfst.unist.hr\/odjel-za-kemiju\/wp-json\/wp\/v2\/pages"}],"about":[{"href":"https:\/\/www.pmfst.unist.hr\/odjel-za-kemiju\/wp-json\/wp\/v2\/types\/page"}],"author":[{"embeddable":true,"href":"https:\/\/www.pmfst.unist.hr\/odjel-za-kemiju\/wp-json\/wp\/v2\/users\/1"}],"replies":[{"embeddable":true,"href":"https:\/\/www.pmfst.unist.hr\/odjel-za-kemiju\/wp-json\/wp\/v2\/comments?post=12144"}],"version-history":[{"count":0,"href":"https:\/\/www.pmfst.unist.hr\/odjel-za-kemiju\/wp-json\/wp\/v2\/pages\/12144\/revisions"}],"wp:attachment":[{"href":"https:\/\/www.pmfst.unist.hr\/odjel-za-kemiju\/wp-json\/wp\/v2\/media?parent=12144"}],"curies":[{"name":"wp","href":"https:\/\/api.w.org\/{rel}","templated":true}]}}