{"id":12359,"date":"2023-05-22T08:36:46","date_gmt":"2023-05-22T06:36:46","guid":{"rendered":"https:\/\/www.pmfst.unist.hr\/odjel-za-kemiju\/?page_id=12359"},"modified":"2024-05-09T08:09:53","modified_gmt":"2024-05-09T06:09:53","slug":"festival-znanosti","status":"publish","type":"page","link":"https:\/\/www.pmfst.unist.hr\/odjel-za-kemiju\/festival-znanosti\/","title":{"rendered":"Festival znanosti"},"content":{"rendered":"<div class=\"wpb-content-wrapper\">[vc_row][vc_column][vc_tabs orientation=&#8221;vertical&#8221; container_bg_color=&#8221;&#8221;][vc_tab icon=&#8221;mk-li-calculator&#8221; title=&#8221;2024&#8243; tab_id=&#8221;1715150385404-7-4&#8243;][vc_column_text css=&#8221;.vc_custom_1715150466597{margin-bottom: 0px !important;}&#8221;]\n<h3 style=\"text-align: center;\"><strong>FESTIVAL ZNANOSTI 2024.<\/strong><\/h3>\n<p>Odjelu za kemiju PMF-a u Splitu, i ove je godine bio aktivni sudionik i doma\u0107in nekoliko radionica, u okviru ovogodi\u0161njeg Festivala znanosti s temom INTELIGENCIJA.<\/p>\n<p>Po\u010detak radionice <strong>Razmi\u0161ljaj pametno, misli kemijski<\/strong> pod voditeljstvom Barbare Soldo i Bo\u0161ka Ivkovi\u0107a u\u010denicima osnovne \u0161kole \u201eStobre\u010d\u201c je bio organiziran gledanjem animiranog filma \u201eDuga profesora Baltazara\u201c, a potom i igra Detekcije u kojoj su u\u010denici poga\u0111ali tko je od predstavljenih osoba po zanimanju kemi\u010dar. Zajedno sa studentima PMF-a u\u010denicima je u laboratoriju PMF-a prezentirano niz atraktivnih pokusa u kojima su i oni nastojali dati svoj doprinos.[\/vc_column_text][mk_gallery images=&#8221;12538,12540,12542,12544,12546,12548&#8243; image_size=&#8221;full&#8221; hover_scenarios=&#8221;slow_zoom&#8221;][vc_column_text css=&#8221;.vc_custom_1715150946759{margin-bottom: 0px !important;}&#8221;]Radionica <strong>Kemijska avantura za mlade umove<\/strong> je odr\u017eana u dva termina, a u aktivnosti su bili uklju\u010deni u\u010denici dvaju razreda osnovnih \u0161kola. Aktivno sudjelovanje u izvo\u0111enju razli\u010ditih eksperimenata ove kemijske avanture (pjenu\u0161avo iznena\u0111enje, erupcija vulkana, lava lampa\u2026) u\u010denicima su pru\u017eili priliku da kroz iste istra\u017ee svijet kemije. Radionice su odr\u017eane u laboratoriju Odjela za kemiju PMF-a, a u pripremi i provedbu radionice bili su uklju\u010deni studenti PMF-a, koji su zajedno s voditeljicom aktivnosti Marinom Kranjac, u\u010denike kroz dijalog poticali na razmi\u0161ljanje o pokusima koje izvode. U\u010denici su na kreativan na\u010din izrazili svoje iskustvo o provedenim aktivnostima&#8230;neki rije\u010dima, a neki crte\u017eom.[\/vc_column_text][mk_gallery images=&#8221;12563,12565,12567,12569,12571,12573&#8243; height=&#8221;250&#8243; hover_scenarios=&#8221;slow_zoom&#8221;][vc_column_text css=&#8221;.vc_custom_1715151218267{margin-bottom: 0px !important;}&#8221;]Po programu FZ trebala je biti odr\u017eana i radionica namijenjena u\u010denicima srednjih \u0161kola naziva <strong>Mo\u017ee li se odrediti vrijeme kad \u0107e otopina promijeniti boju?<\/strong>, a kako nije bilo zainteresiranih, studenti i asistenti zadu\u017eeni za provedbu iste su ju izveli voditeljici aktivnosti Renati Od\u017eak. Cilj radionice je bio pokazati kako otopine razli\u010ditih koncentracija sudionika redoks reakcija trebaju razli\u010diti vrijeme za promjenu indikatora, te na temelju eksperimentalnih podataka predvidjeti vrijeme u kojem \u0107e do\u0107i do promjene boje. Ova radionica nije iznenadila prisutne kako se lako postaje \u201e\u010darobnjak\u201c i promijeni boja otopine ba\u0161 kad to po\u017eelimo.[\/vc_column_text][mk_gallery images=&#8221;12554,12556,12558,12560&#8243; height=&#8221;250&#8243; hover_scenarios=&#8221;slow_zoom&#8221;][\/vc_tab][vc_tab icon=&#8221;mk-li-calculator&#8221; title=&#8221;2023&#8243; tab_id=&#8221;1616589997001-7-8&#8243;][vc_column_text css=&#8221;.vc_custom_1684738020115{margin-bottom: 0px !important;}&#8221;]\n<p style=\"text-align: center;\"><strong>FESTIVAL ZNANOSTI 2023.<\/strong><\/p>\n<p>Na ovogodi\u0161njem Festivalu znanosti pod nazivom \u201e<strong>PRIRODA I DRU\u0160TVO<\/strong>\u201c djelatnici Odjela za kemiju su bili vrlo aktivni te su sudjelovali kroz nekoliko radionica i predavanja:<\/p>\n<p>\u201e<strong>Vodice za usta \u2013 korisne za dru\u0161tvo, \u0161tetne za prirodu<\/strong>\u201c- interaktivna radionica odr\u017eala se u znanstvenom laboratoriju gdje je doktorandica Doris Crn\u010devi\u0107 u\u010denicima srednjih \u0161kola demonstrirala u\u010dinkovitost vodice za usta na mikrobiom usne \u0161upljine. Nakon \u0161to su u\u010denici odgonetnuli koji je sastojak zaslu\u017ean za izra\u017eeno antimikrobno djelovanje vodica za usta, voditeljica radionice ih je pobli\u017ee upoznala s va\u017enom skupinom spojeva-kvaterne amonijeve soli, njihovim fizikalnim i kemijskim svojstvima te djelovanju istih na okoli\u0161.[\/vc_column_text][vc_gallery type=&#8221;image_grid&#8221; images=&#8221;12380,12382&#8243; img_size=&#8221;400&#215;300&#8243; onclick=&#8221;&#8221;][vc_column_text css=&#8221;.vc_custom_1684737965952{margin-bottom: 0px !important;}&#8221;]\u201e<strong>Budi u elementu!<\/strong>\u201c \u2013 voditelji radionice doc. dr. sc. Ivana Mitar i Bo\u0161ko Ivkovi\u0107, dipl. ing. kem. teh. zajedno sa studentima prijediplomskog studija Biologija i kemija (Petra \u017dili\u0107, Dujam Novak, Dragana Herceg, An\u0111ela Vlai\u0107, Matea Mo\u010di\u0107 i Ivona Topi\u0107) su osmislili zanimljive i pou\u010dne igre iz podru\u010dja kemije prilago\u0111ene za djecu pred\u0161kolskog uzrasta i ni\u017eih razreda osnovne \u0161kole. Organiziran je i zanimljivi kviz iz podru\u010dja prirode i dru\u0161tva, kri\u017ealjka s pojmovima vezanim za kemiju te niz atraktivnih laboratorijskih pokusa.[\/vc_column_text][vc_gallery type=&#8221;image_grid&#8221; images=&#8221;12378,12376,12374&#8243; img_size=&#8221;400&#215;300&#8243; onclick=&#8221;&#8221;][vc_column_text css=&#8221;.vc_custom_1684737997913{margin-bottom: 0px !important;}&#8221;]\u201e<strong>Priroda u dru\u0161tvu kemi\u010dara<\/strong>\u201c- radionica pod vodstvom izv. prof. dr. sc. Renate Od\u017eak i asistenta Kristiana Naki\u0107a uz pomo\u0107 studentica diplomskog studija Biologija i kemija Lucijane \u0106uri\u0107, Lare Vuk\u0161i\u0107 i Katijane Biland\u017ei\u0107 u kojoj su interaktivnim i samostalnim sudjelovanjem u\u010denika u eksperimentima samostalno sudjelovali u\u010denici prona\u0161li odgovore na pitanja koja svojstva imaju ugljikohidrati, kakva im je zastupljenost u pojedinim namirnicama, koliko vitamina C ima u razli\u010ditom vo\u0107u, \u0161to su biljni pigmenti i koja je njihova primarna uloga.[\/vc_column_text][vc_gallery type=&#8221;image_grid&#8221; images=&#8221;12372,12370,12368,12366&#8243; img_size=&#8221;400&#215;300&#8243; onclick=&#8221;&#8221;][vc_column_text css=&#8221;.vc_custom_1684738010479{margin-bottom: 0px !important;}&#8221;]Predavanje \u201e<strong>Meke kvaterne amonijeve soli kao alternativa dana\u0161njim dezinficijensima<\/strong>\u201c je odr\u017eao doktorand Antonio Sablji\u0107 koji je publiku ukratko upoznao s organskim spojevima koji se kriju u mnogobrojno dostupnim komercijalnim antisepticima i dezinficijensima kao i proizvodima za \u010di\u0161\u0107enje u ku\u0107anstvu. Tako\u0111er, predo\u010dio je i problem tih istih spojeva budu\u0107i predstavljaju opasnost za ljudsko zdravlje i okoli\u0161.[\/vc_column_text][vc_gallery type=&#8221;image_grid&#8221; images=&#8221;12364&#8243; img_size=&#8221;400&#215;300&#8243; onclick=&#8221;&#8221;][\/vc_tab][vc_tab title=&#8221;2022&#8243; tab_id=&#8221;1654497444425-5-7&#8243;][vc_row_inner][vc_column_inner][vc_column_text css=&#8221;.vc_custom_1654497632144{margin-bottom: 0px !important;}&#8221;]I ove godine je u sklopu Festivala znanosti pod nazivom \u017dIVOT sudjelovao Odjel za kemiju gdje su u\u010denici sa svojim nastavnicima prisustvovali radionici pod nazivom \u201eVoda-izvor \u017eivota\u201c. Radionicu je osmislila izv. prof. dr. sc. Renata Od\u017eak, a realizirana je uz pomo\u0107 vrijednih studentica Lare Vuk\u0161i\u0107, Ileane \u017deravice, Katijane Biland\u017ei\u0107, Lucijane \u0106uri\u0107 i Petre Jadrijevi\u0107-Mladar koje su zainteresiranima imali priliku otkriti razli\u010dite zanimljivosti o vodi, njenim fizikalno-kemijskim karakteristikama koje ju \u010dine tako posebnom i va\u017enom za \u017eivot. U\u010denici su mogli i samostalno izvesti neke pokuse \u0161to je dodatno pobudilo njihov interes.[\/vc_column_text][mk_gallery images=&#8221;12129,12131,12133,12135,12137,12139&#8243; height=&#8221;350&#8243; orderby=&#8221;title&#8221;][\/vc_column_inner][\/vc_row_inner][\/vc_tab][vc_tab title=&#8221;2021&#8243; tab_id=&#8221;1639572562391-4-9&#8243;][vc_row_inner][vc_column_inner][vc_column_text css=&#8221;.vc_custom_1639572592865{margin-bottom: 0px !important;}&#8221;]\n<h4 style=\"text-align: center;\">Festival znanosti<\/h4>\n<p>U programu Festivala znanosti s temom \u201eKultura znanosti\u201c, nakon neodr\u017eanog Festivala znanosti godinu ranije, ponovno su sudjelovali studenti i nastavnici Odjel za kemiju. Na\u017ealost, zbog epidemiolo\u0161kih uvjeta, voditelji aktivnosti su se odlu\u010dili za predavanje preko Zoom aplikacije, odnosno za snimanje video materijala koji su bili dostupni zainteresiranim studentima, srednjo\u0161kolcima i op\u0107oj populaciji.[\/vc_column_text][vc_single_image image=&#8221;11939&#8243; img_size=&#8221;full&#8221; alignment=&#8221;center&#8221;][vc_single_image image=&#8221;11941&#8243; img_size=&#8221;full&#8221; alignment=&#8221;center&#8221;][\/vc_column_inner][\/vc_row_inner][\/vc_tab][vc_tab title=&#8221;2019&#8243; tab_id=&#8221;1639572037518-3-10&#8243;][vc_row_inner][vc_column_inner][vc_column_text css=&#8221;.vc_custom_1639572401672{margin-bottom: 0px !important;}&#8221;]\n<h4 style=\"text-align: center;\">Festival znanosti &#8211; PrirodosLovac<\/h4>\n<p>&nbsp;<\/p>\n<p style=\"text-align: justify;\">I ove godine je na PrirodosLovcu u sklopu Festivala znanosti sudjelovao Odjel za kemiju gdje je veliki broj u\u010denika sa svojim nastavnicima, roditeljima ili samostalno prisustvovao razli\u010ditim aktivnostima. Uz pomo\u0107 studenata i nastavnika Odjela za kemiju PMF- a imali su priliku otkriti razli\u010dite zanimljivosti kroz niz eksperimenata u kojem je lov na znanje bio natjecateljski i uzbudljiv.<\/p>\n[\/vc_column_text][\/vc_column_inner][\/vc_row_inner][vc_row_inner][vc_column_inner][mk_gallery images=&#8221;11923,11925,11927,11929,11931&#8243; height=&#8221;400&#8243; hover_scenarios=&#8221;slow_zoom&#8221; order=&#8221;DESC&#8221; orderby=&#8221;post__in&#8221;][\/vc_column_inner][\/vc_row_inner][\/vc_tab][vc_tab title=&#8221;2018&#8243; tab_id=&#8221;1555492086-1-85&#8243;][vc_row_inner][vc_column_inner][vc_empty_space][vc_column_text css=&#8221;.vc_custom_1568026083508{margin-bottom: 0px !important;}&#8221;]\n<h4 style=\"text-align: center;\">Festival znanosti na temu \u201e Otkri\u0107a\u201c<\/h4>\n<p>16. Festival znanosti sve\u010dano je otvoren ispred zgrade Prirodoslovno-matemati\u010dkog fakulteta. U \u0161est dana trajanja Festivala posjetitelje o\u010dekuje 105 aktivnosti. Sve aktivnosti su besplatne, no za neke se potrebno predbilje\u017eiti unaprijed. U program su se uklju\u010dile brojne gradske institucije, a bit \u0107e odr\u017eane radionice, predavanja, prezentacije pokusa, izlo\u017ebe, koncerti, igre, znanstveni kafi\u0107i i astro party.[\/vc_column_text][\/vc_column_inner][\/vc_row_inner][vc_row_inner][vc_column_inner][vc_empty_space][vc_column_text css=&#8221;.vc_custom_1568026277239{margin-bottom: 0px !important;}&#8221;]\n<h4 style=\"text-align: center;\">PrirodosLovac<\/h4>\n<p>Oko 230 osnovno\u0161kolaca je sa svojim nastavnicima, roditeljima ili samostalno posjetilo PMF da bi sudjelovali na PrirodosLovcu u sklopu Festivala znanosti. Uz pomo\u0107 studenata i nastavnika PMF- a imali su priliku otkriti razli\u010dite zanimljivosti. Do\u010dekali su ih eksperimenti, biljni i \u017eivotinjski svijet, roboti, matemati\u010dki labirint, mikroskopi i kompjuterske igrice. Lov na znanje je bio uzbudljiv i zabavan&#8230;[\/vc_column_text][mk_gallery images=&#8221;11526,11528,11530,11532&#8243; column=&#8221;4&#8243; height=&#8221;200&#8243; hover_scenarios=&#8221;slow_zoom&#8221; frame_style=&#8221;gray_border&#8221; orderby=&#8221;title&#8221;][vc_separator color=&#8221;mulled_wine&#8221; style=&#8221;shadow&#8221; border_width=&#8221;3&#8243;][\/vc_column_inner][\/vc_row_inner][vc_row_inner][vc_column_inner][vc_empty_space][vc_column_text css=&#8221;.vc_custom_1568026199796{margin-bottom: 0px !important;}&#8221;]\n<h4 style=\"text-align: center;\">Tajne hrane<\/h4>\n<p style=\"text-align: left;\">Izlo\u017eba &#8216;Tajne hrane&#8217; u sklopu Festivala znanosti postavljena je u atriju Prirodoslovno-matemati\u010dkog fakulteta. Izlo\u017eba se sastojala od 12 plakata koji donose odgovore na zanimljiva pitanja povezana s hranom.<\/p>\n[\/vc_column_text][mk_gallery images=&#8221;11520,11522,11524&#8243; column=&#8221;4&#8243; height=&#8221;200&#8243; hover_scenarios=&#8221;slow_zoom&#8221; frame_style=&#8221;gray_border&#8221; orderby=&#8221;title&#8221;][vc_separator color=&#8221;mulled_wine&#8221; style=&#8221;shadow&#8221; border_width=&#8221;3&#8243;][\/vc_column_inner][\/vc_row_inner][\/vc_tab][vc_tab title=&#8221;2017&#8243; tab_id=&#8221;1555492362221-1-4&#8243;][vc_row_inner][vc_column_inner width=&#8221;1\/2&#8243;][vc_empty_space][vc_column_text css=&#8221;.vc_custom_1568025543797{margin-bottom: 0px !important;}&#8221;]\n<h4 style=\"text-align: center;\">Festival znanosti na temu \u201eVrijeme\u201c<\/h4>\n<p>U splitskoj Galeriji umjetnina otvoren je 15, po redu Festival znanosti, koji se ove godine na temu \u201eVrijeme\u201c odr\u017eava u 23 grada, kao najve\u0107i takve vrste u Hrvatskoj.[\/vc_column_text][\/vc_column_inner][vc_column_inner width=&#8221;1\/2&#8243;][vc_empty_space][vc_single_image image=&#8221;11506&#8243; img_size=&#8221;full&#8221; onclick=&#8221;link_image&#8221;][\/vc_column_inner][\/vc_row_inner][vc_row_inner][vc_column_inner][vc_empty_space][vc_column_text css=&#8221;.vc_custom_1568026540951{margin-bottom: 0px !important;}&#8221;]\n<h4 style=\"text-align: center;\">PrirodosLOVAC<\/h4>\n<p>Doga\u0111anje &#8216;PrirodosLOVAC&#8217; odr\u017eano je na Prirodoslovno-matemati\u010dkom fakultetu. Brojni posjetitelji, u\u010denici osnovnih \u0161kola, sudjelovali su aktivnostima koje su za njih pripremili voditelji i volonteri s odjela za kemiju[\/vc_column_text][mk_gallery images=&#8221;11513,11511,11509&#8243;][\/vc_column_inner][\/vc_row_inner][\/vc_tab][vc_tab title=&#8221;2016&#8243; tab_id=&#8221;1557477062052-2-7&#8243;][vc_row_inner][vc_column_inner width=&#8221;1\/2&#8243;][vc_empty_space][vc_column_text css=&#8221;.vc_custom_1568024603075{margin-bottom: 0px !important;}&#8221;]\n<p style=\"text-align: center;\"><strong>Festival znanosti na temu &#8216;Znanost i umjetnost&#8217; (2016)<\/strong><\/p>\n<p>U Splitu se na 34 lokacije odr\u017ealo vi\u0161e od 150 aktivnosti, odnosno javnih tribina, predavanja, pokusa, izlo\u017ebi kojima se popularizira znanost, a u tim doga\u0111anjima je sudjelovalo vi\u0161e od 700 volontera, prete\u017eito u\u010denika splitskih osnovnih i srednjih \u0161kola.[\/vc_column_text][\/vc_column_inner][vc_column_inner width=&#8221;1\/2&#8243;][vc_single_image image=&#8221;11476&#8243; img_size=&#8221;150&#215;300&#8243; alignment=&#8221;center&#8221; onclick=&#8221;link_image&#8221;][\/vc_column_inner][\/vc_row_inner][vc_row_inner][vc_column_inner][vc_empty_space][vc_column_text css=&#8221;.vc_custom_1568024385254{margin-bottom: 0px !important;}&#8221;]\n<h4 style=\"text-align: center;\">Rapsodija u plavom<\/h4>\n<p>Radionica Festivala znanosti u organizaciji doc. dr. Renate Od\u017eak i studenatskih volontera <em>&#8216;Rapsodija u plavom<\/em>&#8216;, izazvala velik interes i odr\u017eana je u nekoliko termina .[\/vc_column_text][mk_gallery images=&#8221;11484,11482,11480,11478&#8243; column=&#8221;4&#8243; height=&#8221;200&#8243; hover_scenarios=&#8221;slow_zoom&#8221; frame_style=&#8221;gray_border&#8221; orderby=&#8221;title&#8221;][vc_separator color=&#8221;mulled_wine&#8221; style=&#8221;shadow&#8221; border_width=&#8221;3&#8243;][\/vc_column_inner][\/vc_row_inner][vc_row_inner][vc_column_inner][vc_empty_space][vc_column_text css=&#8221;.vc_custom_1568024420613{margin-bottom: 0px !important;}&#8221;]\n<h4 style=\"text-align: center;\">Molekularna gastronomija<\/h4>\n<p>&#8211; znanost i umjetnost u kuhinji doc. dr. sc. Viljemka Bu\u010devi\u0107 Popovi\u0107 s Prirodoslovno-matemati\u010dkog fakulteta organizirala je zanimljivu radionicu u okviru Festivala znanosti.[\/vc_column_text][mk_gallery images=&#8221;11490,11488,11486&#8243; column=&#8221;4&#8243; height=&#8221;200&#8243; hover_scenarios=&#8221;slow_zoom&#8221; frame_style=&#8221;gray_border&#8221; orderby=&#8221;title&#8221;][vc_separator color=&#8221;mulled_wine&#8221; style=&#8221;shadow&#8221; border_width=&#8221;3&#8243;][\/vc_column_inner][\/vc_row_inner][vc_row_inner][vc_column_inner][vc_empty_space][vc_column_text css=&#8221;.vc_custom_1568024662989{margin-bottom: 0px !important;}&#8221;]\n<h4 style=\"text-align: center;\">Budi i ti znanstvenik<\/h4>\n<p>\u0160esta smotra \u201eBudi i ti znanstvenik\u201c pokusa i istra\u017eiva\u010dkih radova u\u010denika osnovnih i srednjih \u0161kola, odr\u017eana u okviru 14. Festivala znanosti u Splitu.[\/vc_column_text][mk_gallery images=&#8221;11495,11497,11499&#8243; column=&#8221;4&#8243; height=&#8221;200&#8243; hover_scenarios=&#8221;slow_zoom&#8221; frame_style=&#8221;gray_border&#8221; orderby=&#8221;title&#8221;][vc_separator color=&#8221;mulled_wine&#8221; style=&#8221;shadow&#8221; border_width=&#8221;3&#8243;][\/vc_column_inner][\/vc_row_inner][\/vc_tab][\/vc_tabs][\/vc_column][\/vc_row]\n<\/div>","protected":false},"excerpt":{"rendered":"<p>[vc_row][vc_column][vc_tabs orientation=&#8221;vertical&#8221; container_bg_color=&#8221;&#8221;][vc_tab icon=&#8221;mk-li-calculator&#8221; title=&#8221;2024&#8243; tab_id=&#8221;1715150385404-7-4&#8243;][vc_column_text css=&#8221;.vc_custom_1715150466597{margin-bottom: 0px !important;}&#8221;] FESTIVAL ZNANOSTI 2024. Odjelu za kemiju PMF-a u Splitu, i ove je godine bio aktivni sudionik i doma\u0107in nekoliko radionica, u okviru ovogodi\u0161njeg Festivala znanosti s temom INTELIGENCIJA. Po\u010detak radionice Razmi\u0161ljaj pametno, misli kemijski pod voditeljstvom Barbare Soldo i Bo\u0161ka Ivkovi\u0107a u\u010denicima osnovne \u0161kole \u201eStobre\u010d\u201c je [&hellip;]<\/p>\n","protected":false},"author":1,"featured_media":0,"parent":0,"menu_order":0,"comment_status":"closed","ping_status":"closed","template":"","meta":{"_acf_changed":false,"rs_blank_template":"","rs_page_bg_color":"","slide_template_v7":"","footnotes":""},"class_list":["post-12359","page","type-page","status-publish","hentry"],"acf":[],"yoast_head":"<!-- This site is optimized with the Yoast SEO plugin v27.4 - https:\/\/yoast.com\/product\/yoast-seo-wordpress\/ -->\n<title>Festival znanosti - Odjel za kemiju<\/title>\n<meta name=\"robots\" content=\"index, follow, max-snippet:-1, max-image-preview:large, max-video-preview:-1\" \/>\n<link rel=\"canonical\" href=\"https:\/\/www.pmfst.unist.hr\/odjel-za-kemiju\/festival-znanosti\/\" \/>\n<meta property=\"og:locale\" content=\"hr_HR\" \/>\n<meta property=\"og:type\" content=\"article\" \/>\n<meta property=\"og:title\" content=\"Festival znanosti - Odjel za kemiju\" \/>\n<meta property=\"og:description\" content=\"[vc_row][vc_column][vc_tabs orientation=&#8221;vertical&#8221; container_bg_color=&#8221;&#8221;][vc_tab icon=&#8221;mk-li-calculator&#8221; title=&#8221;2024&#8243; tab_id=&#8221;1715150385404-7-4&#8243;][vc_column_text css=&#8221;.vc_custom_1715150466597{margin-bottom: 0px !important;}&#8221;] FESTIVAL ZNANOSTI 2024. Odjelu za kemiju PMF-a u Splitu, i ove je godine bio aktivni sudionik i doma\u0107in nekoliko radionica, u okviru ovogodi\u0161njeg Festivala znanosti s temom INTELIGENCIJA. Po\u010detak radionice Razmi\u0161ljaj pametno, misli kemijski pod voditeljstvom Barbare Soldo i Bo\u0161ka Ivkovi\u0107a u\u010denicima osnovne \u0161kole \u201eStobre\u010d\u201c je [&hellip;]\" \/>\n<meta property=\"og:url\" content=\"https:\/\/www.pmfst.unist.hr\/odjel-za-kemiju\/festival-znanosti\/\" \/>\n<meta property=\"og:site_name\" content=\"Odjel za kemiju\" \/>\n<meta property=\"article:modified_time\" content=\"2024-05-09T06:09:53+00:00\" \/>\n<meta name=\"twitter:card\" content=\"summary_large_image\" \/>\n<meta name=\"twitter:label1\" content=\"Procijenjeno vrijeme \u010ditanja\" \/>\n\t<meta name=\"twitter:data1\" content=\"20 minuta\" \/>\n<script type=\"application\/ld+json\" class=\"yoast-schema-graph\">{\"@context\":\"https:\\\/\\\/schema.org\",\"@graph\":[{\"@type\":\"WebPage\",\"@id\":\"https:\\\/\\\/www.pmfst.unist.hr\\\/odjel-za-kemiju\\\/festival-znanosti\\\/\",\"url\":\"https:\\\/\\\/www.pmfst.unist.hr\\\/odjel-za-kemiju\\\/festival-znanosti\\\/\",\"name\":\"Festival znanosti - Odjel za kemiju\",\"isPartOf\":{\"@id\":\"https:\\\/\\\/www.pmfst.unist.hr\\\/odjel-za-kemiju\\\/#website\"},\"datePublished\":\"2023-05-22T06:36:46+00:00\",\"dateModified\":\"2024-05-09T06:09:53+00:00\",\"breadcrumb\":{\"@id\":\"https:\\\/\\\/www.pmfst.unist.hr\\\/odjel-za-kemiju\\\/festival-znanosti\\\/#breadcrumb\"},\"inLanguage\":\"hr\",\"potentialAction\":[{\"@type\":\"ReadAction\",\"target\":[\"https:\\\/\\\/www.pmfst.unist.hr\\\/odjel-za-kemiju\\\/festival-znanosti\\\/\"]}]},{\"@type\":\"BreadcrumbList\",\"@id\":\"https:\\\/\\\/www.pmfst.unist.hr\\\/odjel-za-kemiju\\\/festival-znanosti\\\/#breadcrumb\",\"itemListElement\":[{\"@type\":\"ListItem\",\"position\":1,\"name\":\"Po\u010detna stranica\",\"item\":\"https:\\\/\\\/www.pmfst.unist.hr\\\/odjel-za-kemiju\\\/\"},{\"@type\":\"ListItem\",\"position\":2,\"name\":\"Festival znanosti\"}]},{\"@type\":\"WebSite\",\"@id\":\"https:\\\/\\\/www.pmfst.unist.hr\\\/odjel-za-kemiju\\\/#website\",\"url\":\"https:\\\/\\\/www.pmfst.unist.hr\\\/odjel-za-kemiju\\\/\",\"name\":\"Odjel za kemiju\",\"description\":\"Odjel za kemiju  Prirodoslovnog-matemati\u010dkiog fakulteta Sveu\u010dili\u0161ta u Splitu\",\"potentialAction\":[{\"@type\":\"SearchAction\",\"target\":{\"@type\":\"EntryPoint\",\"urlTemplate\":\"https:\\\/\\\/www.pmfst.unist.hr\\\/odjel-za-kemiju\\\/?s={search_term_string}\"},\"query-input\":{\"@type\":\"PropertyValueSpecification\",\"valueRequired\":true,\"valueName\":\"search_term_string\"}}],\"inLanguage\":\"hr\"}]}<\/script>\n<!-- \/ Yoast SEO plugin. -->","yoast_head_json":{"title":"Festival znanosti - Odjel za kemiju","robots":{"index":"index","follow":"follow","max-snippet":"max-snippet:-1","max-image-preview":"max-image-preview:large","max-video-preview":"max-video-preview:-1"},"canonical":"https:\/\/www.pmfst.unist.hr\/odjel-za-kemiju\/festival-znanosti\/","og_locale":"hr_HR","og_type":"article","og_title":"Festival znanosti - Odjel za kemiju","og_description":"[vc_row][vc_column][vc_tabs orientation=&#8221;vertical&#8221; container_bg_color=&#8221;&#8221;][vc_tab icon=&#8221;mk-li-calculator&#8221; title=&#8221;2024&#8243; tab_id=&#8221;1715150385404-7-4&#8243;][vc_column_text css=&#8221;.vc_custom_1715150466597{margin-bottom: 0px !important;}&#8221;] FESTIVAL ZNANOSTI 2024. Odjelu za kemiju PMF-a u Splitu, i ove je godine bio aktivni sudionik i doma\u0107in nekoliko radionica, u okviru ovogodi\u0161njeg Festivala znanosti s temom INTELIGENCIJA. Po\u010detak radionice Razmi\u0161ljaj pametno, misli kemijski pod voditeljstvom Barbare Soldo i Bo\u0161ka Ivkovi\u0107a u\u010denicima osnovne \u0161kole \u201eStobre\u010d\u201c je [&hellip;]","og_url":"https:\/\/www.pmfst.unist.hr\/odjel-za-kemiju\/festival-znanosti\/","og_site_name":"Odjel za kemiju","article_modified_time":"2024-05-09T06:09:53+00:00","twitter_card":"summary_large_image","twitter_misc":{"Procijenjeno vrijeme \u010ditanja":"20 minuta"},"schema":{"@context":"https:\/\/schema.org","@graph":[{"@type":"WebPage","@id":"https:\/\/www.pmfst.unist.hr\/odjel-za-kemiju\/festival-znanosti\/","url":"https:\/\/www.pmfst.unist.hr\/odjel-za-kemiju\/festival-znanosti\/","name":"Festival znanosti - Odjel za kemiju","isPartOf":{"@id":"https:\/\/www.pmfst.unist.hr\/odjel-za-kemiju\/#website"},"datePublished":"2023-05-22T06:36:46+00:00","dateModified":"2024-05-09T06:09:53+00:00","breadcrumb":{"@id":"https:\/\/www.pmfst.unist.hr\/odjel-za-kemiju\/festival-znanosti\/#breadcrumb"},"inLanguage":"hr","potentialAction":[{"@type":"ReadAction","target":["https:\/\/www.pmfst.unist.hr\/odjel-za-kemiju\/festival-znanosti\/"]}]},{"@type":"BreadcrumbList","@id":"https:\/\/www.pmfst.unist.hr\/odjel-za-kemiju\/festival-znanosti\/#breadcrumb","itemListElement":[{"@type":"ListItem","position":1,"name":"Po\u010detna stranica","item":"https:\/\/www.pmfst.unist.hr\/odjel-za-kemiju\/"},{"@type":"ListItem","position":2,"name":"Festival znanosti"}]},{"@type":"WebSite","@id":"https:\/\/www.pmfst.unist.hr\/odjel-za-kemiju\/#website","url":"https:\/\/www.pmfst.unist.hr\/odjel-za-kemiju\/","name":"Odjel za kemiju","description":"Odjel za kemiju  Prirodoslovnog-matemati\u010dkiog fakulteta Sveu\u010dili\u0161ta u Splitu","potentialAction":[{"@type":"SearchAction","target":{"@type":"EntryPoint","urlTemplate":"https:\/\/www.pmfst.unist.hr\/odjel-za-kemiju\/?s={search_term_string}"},"query-input":{"@type":"PropertyValueSpecification","valueRequired":true,"valueName":"search_term_string"}}],"inLanguage":"hr"}]}},"_links":{"self":[{"href":"https:\/\/www.pmfst.unist.hr\/odjel-za-kemiju\/wp-json\/wp\/v2\/pages\/12359","targetHints":{"allow":["GET"]}}],"collection":[{"href":"https:\/\/www.pmfst.unist.hr\/odjel-za-kemiju\/wp-json\/wp\/v2\/pages"}],"about":[{"href":"https:\/\/www.pmfst.unist.hr\/odjel-za-kemiju\/wp-json\/wp\/v2\/types\/page"}],"author":[{"embeddable":true,"href":"https:\/\/www.pmfst.unist.hr\/odjel-za-kemiju\/wp-json\/wp\/v2\/users\/1"}],"replies":[{"embeddable":true,"href":"https:\/\/www.pmfst.unist.hr\/odjel-za-kemiju\/wp-json\/wp\/v2\/comments?post=12359"}],"version-history":[{"count":0,"href":"https:\/\/www.pmfst.unist.hr\/odjel-za-kemiju\/wp-json\/wp\/v2\/pages\/12359\/revisions"}],"wp:attachment":[{"href":"https:\/\/www.pmfst.unist.hr\/odjel-za-kemiju\/wp-json\/wp\/v2\/media?parent=12359"}],"curies":[{"name":"wp","href":"https:\/\/api.w.org\/{rel}","templated":true}]}}