{"id":12739,"date":"2025-01-31T08:34:10","date_gmt":"2025-01-31T07:34:10","guid":{"rendered":"https:\/\/www.pmfst.unist.hr\/odjel-za-kemiju\/?page_id=12739"},"modified":"2025-02-05T08:42:00","modified_gmt":"2025-02-05T07:42:00","slug":"objavljeni-znanstveni-radovi","status":"publish","type":"page","link":"https:\/\/www.pmfst.unist.hr\/odjel-za-kemiju\/objavljeni-znanstveni-radovi\/","title":{"rendered":"Objavljeni znanstveni radovi"},"content":{"rendered":"<div class=\"wpb-content-wrapper\">[vc_row][vc_column][mk_fancy_title color=&#8221;#1e73be&#8221; size=&#8221;18&#8243; font_family=&#8221;none&#8221; align=&#8221;center&#8221;]Objavljeni znanstveni radovi u 2025.[\/mk_fancy_title][vc_column_text css=&#8221;.vc_custom_1738309370768{margin-bottom: 0px !important;}&#8221;]<strong><em>Objavljen znanstveni rad u \u010dasopisu RSC Advances<\/em><\/strong>[\/vc_column_text][vc_column_text css=&#8221;.vc_custom_1738568042527{margin-bottom: 0px !important;}&#8221;]<a href=\"https:\/\/www.pmfst.unist.hr\/odjel-za-kemiju\/wp-content\/uploads\/sites\/25\/2025\/01\/zn-radovi_2025.jpg\"><img loading=\"lazy\" decoding=\"async\" class=\"size-medium wp-image-12748 alignleft\" src=\"https:\/\/www.pmfst.unist.hr\/odjel-za-kemiju\/wp-content\/uploads\/sites\/25\/2025\/01\/zn-radovi_2025-300x135.jpg\" alt=\"\" width=\"300\" height=\"135\" srcset=\"https:\/\/www.pmfst.unist.hr\/odjel-za-kemiju\/wp-content\/uploads\/sites\/25\/2025\/01\/zn-radovi_2025-300x135.jpg 300w, https:\/\/www.pmfst.unist.hr\/odjel-za-kemiju\/wp-content\/uploads\/sites\/25\/2025\/01\/zn-radovi_2025-768x345.jpg 768w, https:\/\/www.pmfst.unist.hr\/odjel-za-kemiju\/wp-content\/uploads\/sites\/25\/2025\/01\/zn-radovi_2025.jpg 928w\" sizes=\"auto, (max-width: 300px) 100vw, 300px\" \/><\/a>[\/vc_column_text][vc_column_text css=&#8221;.vc_custom_1738741318505{margin-bottom: 0px !important;}&#8221;]Znanstvenici Odjela za kemiju Matilda \u0160prung i Renata Od\u017eak u suradnji s doktorandicom Doris Crn\u010devi\u0107 te suradnicima s Odjela za fiziku PMF ST Lucijom Krce i Mislavom Cvitkovi\u0107em, Zlatkom Brklja\u010dom iz Selvite d.o.o. i znanstvenicima s Instituta Ru\u0111er Bo\u0161kovi\u0107 Sanjom Br\u010di\u0107 Babi\u0107 i Rozelindrom \u010co\u017e-Rakovac su objavili znanstveni rad pod naslovom<em><a href=\"https:\/\/pubs.rsc.org\/en\/content\/articlelanding\/2025\/ra\/d4ra07975b\" target=\"_blank\" rel=\"noopener\"> A dual antibacterial action of soft quaternary ammonium compounds: Bacteriostatic effects, membrane integrity, and reduced in vitro and in vivo toxicity<\/a> <\/em>u \u010dasopisu <em>RSC Advances <\/em>izdava\u010da Royal SOC Chemistry (Journal Citation Reports IF=3,9).[\/vc_column_text][vc_tta_accordion title_tag=&#8221;p&#8221; section_title_tag=&#8221;p&#8221; active_section=&#8221;5&#8243; collapsible_all=&#8221;true&#8221;][vc_tta_section title=&#8221;Pro\u010ditaj vi\u0161e&#8230;&#8221; tab_id=&#8221;1738308823388-afa60a5b-75a3&#8243;][vc_column_text css=&#8221;.vc_custom_1738308841534{margin-bottom: 0px !important;}&#8221;]U ovom radu pokazan je antibakterijski u\u010dinak nove generacije &#8220;mekih&#8221; kvaternernih amonijevih spojeva s pobolj\u0161anom biorazgradivo\u0161\u0107u i smanjenim potencijalom za razvoj bakterijske otpornosti. Odabrani kandidati pokazali su bakteriostatsko djelovanje popra\u0107eno potencijalnom inhibicijom sinteze proteina. Rezultati molekularne dinamike razjasnili su strukturna obilje\u017eja odabranih spojeva koja ograni\u010davaju njihov membranoliti\u010dki u\u010dinak, ujedno zadr\u017eavaju\u0107i ni\u017eu toksi\u010dnost prema eukariotskim stanicama \u0161to je pokazano na <em>in vitro<\/em> i <em>in vivo<\/em> modelima. Ovaj rad doprinosi razumijevanju mehanizma djelovanja kvaternih amonijevih spojeva te otvara mogu\u0107nosti za daljnji razvoj sigurnijih i ekolo\u0161ki prihvatljivijih antibakterijskih agensa.[\/vc_column_text][\/vc_tta_section][\/vc_tta_accordion][\/vc_column][\/vc_row][vc_row][vc_column][mk_fancy_title color=&#8221;#1e73be&#8221; size=&#8221;18&#8243; font_family=&#8221;none&#8221; align=&#8221;center&#8221;]Objavljeni znanstveni radovi u 2024.[\/mk_fancy_title][vc_column_text css=&#8221;.vc_custom_1738309477808{margin-bottom: 0px !important;}&#8221;]<strong><em>Objavljen znanstveni rad u \u010dasopisu Scientific Reports<\/em><\/strong>[\/vc_column_text][vc_column_text css=&#8221;.vc_custom_1738568062661{margin-bottom: 0px !important;}&#8221;]<a href=\"https:\/\/www.pmfst.unist.hr\/odjel-za-kemiju\/wp-content\/uploads\/sites\/25\/2025\/01\/zn-radovi-2024.png\"><img loading=\"lazy\" decoding=\"async\" class=\"size-medium wp-image-12754 alignleft\" src=\"https:\/\/www.pmfst.unist.hr\/odjel-za-kemiju\/wp-content\/uploads\/sites\/25\/2025\/01\/zn-radovi-2024-300x129.png\" alt=\"\" width=\"300\" height=\"129\" srcset=\"https:\/\/www.pmfst.unist.hr\/odjel-za-kemiju\/wp-content\/uploads\/sites\/25\/2025\/01\/zn-radovi-2024-300x129.png 300w, https:\/\/www.pmfst.unist.hr\/odjel-za-kemiju\/wp-content\/uploads\/sites\/25\/2025\/01\/zn-radovi-2024-768x330.png 768w, https:\/\/www.pmfst.unist.hr\/odjel-za-kemiju\/wp-content\/uploads\/sites\/25\/2025\/01\/zn-radovi-2024.png 956w\" sizes=\"auto, (max-width: 300px) 100vw, 300px\" \/><\/a>[\/vc_column_text][vc_column_text css=&#8221;.vc_custom_1738309778563{margin-bottom: 0px !important;}&#8221;]Matilda \u0160prung, Renata Od\u017eak i doktorandica Doris Crn\u010devi\u0107 s Odjela za kemiju u suradnji s Lucijom Krce i Ivanom Weber s Odjela za fiziku PMF ST te znanstvenicima sa Zavoda za organsku kemiju PMF ZG Almom Rami\u0107, Andrejom Radman Kasteli\u0107 i Ines Primo\u017ei\u010d su objavili znanstveni rad pod naslovom<em><a href=\"https:\/\/www.nature.com\/articles\/s41598-024-77647-5\" target=\"_blank\" rel=\"noopener\"> Naturally derived 3-aminoquinuclidine salts as new promising therapeutic agents<\/a> <\/em>u \u010dasopisu <em>Scientific Reports <\/em>izdava\u010da Nature Portfolio (Journal Citation Reports IF=3,8).[\/vc_column_text][vc_tta_accordion title_tag=&#8221;p&#8221; section_title_tag=&#8221;p&#8221; active_section=&#8221;5&#8243; collapsible_all=&#8221;true&#8221;][vc_tta_section title=&#8221;Pro\u010ditaj vi\u0161e&#8230;&#8221; tab_id=&#8221;1738309438496-12515d7b-75a1&#8243;][vc_column_text css=&#8221;.vc_custom_1738309601782{margin-bottom: 0px !important;}&#8221;]U ovom radu dizajnirani su i sintetizirani novi kvaterni amonijevi spojevi temeljeni na heterocikli\u010dkoj okosnici 3-aminokinuklidina. Osim izra\u017eene antibakterijske aktivnosti s minimalnim inhibitornim koncentracijama u niskom mikromolarnom rasponu, odabrani kandidati pokazali su sposobnost potpune eradikacije bakterijske kulture unutar petnaest minuta tretmana. Njihovo sna\u017eno baktericidno djelovanje popra\u0107eno je generiranjem reaktivnih kisikovih vrsta. Tako\u0111er, ovi spojevi u\u010dinkovitije inhibiraju stvaranje bakterijskog biofilma te pokazuju ni\u017eu toksi\u010dnost prema stanicama animalnog podrijetla u usporedbi s komercijalnim standardom. Istra\u017eivanje doprinosi boljem razumijevanju odnosa strukture i funkcije te omogu\u0107uje racionalni dizajn novih kvaternih amonijevih spojeva s potencijalom za terapeutske primjene.[\/vc_column_text][\/vc_tta_section][\/vc_tta_accordion][\/vc_column][\/vc_row]\n<\/div>","protected":false},"excerpt":{"rendered":"<p>[vc_row][vc_column][mk_fancy_title color=&#8221;#1e73be&#8221; size=&#8221;18&#8243; font_family=&#8221;none&#8221; align=&#8221;center&#8221;]Objavljeni znanstveni radovi u 2025.[\/mk_fancy_title][vc_column_text css=&#8221;.vc_custom_1738309370768{margin-bottom: 0px !important;}&#8221;]Objavljen znanstveni rad u \u010dasopisu RSC Advances[\/vc_column_text][vc_column_text css=&#8221;.vc_custom_1738568042527{margin-bottom: 0px !important;}&#8221;][\/vc_column_text][vc_column_text css=&#8221;.vc_custom_1738741318505{margin-bottom: 0px !important;}&#8221;]Znanstvenici Odjela za kemiju Matilda \u0160prung i Renata Od\u017eak u suradnji s doktorandicom Doris Crn\u010devi\u0107 te suradnicima s Odjela za fiziku PMF ST Lucijom Krce i Mislavom Cvitkovi\u0107em, Zlatkom Brklja\u010dom iz Selvite [&hellip;]<\/p>\n","protected":false},"author":1,"featured_media":0,"parent":0,"menu_order":0,"comment_status":"closed","ping_status":"closed","template":"","meta":{"_acf_changed":false,"rs_blank_template":"","rs_page_bg_color":"","slide_template_v7":"","footnotes":""},"class_list":["post-12739","page","type-page","status-publish","hentry"],"acf":[],"yoast_head":"<!-- This site is optimized with the Yoast SEO plugin v27.4 - https:\/\/yoast.com\/product\/yoast-seo-wordpress\/ -->\n<title>Objavljeni znanstveni radovi - Odjel za kemiju<\/title>\n<meta name=\"robots\" content=\"index, follow, max-snippet:-1, max-image-preview:large, max-video-preview:-1\" \/>\n<link rel=\"canonical\" href=\"https:\/\/www.pmfst.unist.hr\/odjel-za-kemiju\/objavljeni-znanstveni-radovi\/\" \/>\n<meta property=\"og:locale\" content=\"hr_HR\" \/>\n<meta property=\"og:type\" content=\"article\" \/>\n<meta property=\"og:title\" content=\"Objavljeni znanstveni radovi - Odjel za kemiju\" \/>\n<meta property=\"og:description\" content=\"[vc_row][vc_column][mk_fancy_title color=&#8221;#1e73be&#8221; size=&#8221;18&#8243; font_family=&#8221;none&#8221; align=&#8221;center&#8221;]Objavljeni znanstveni radovi u 2025.[\/mk_fancy_title][vc_column_text css=&#8221;.vc_custom_1738309370768{margin-bottom: 0px !important;}&#8221;]Objavljen znanstveni rad u \u010dasopisu RSC Advances[\/vc_column_text][vc_column_text css=&#8221;.vc_custom_1738568042527{margin-bottom: 0px !important;}&#8221;][\/vc_column_text][vc_column_text css=&#8221;.vc_custom_1738741318505{margin-bottom: 0px !important;}&#8221;]Znanstvenici Odjela za kemiju Matilda \u0160prung i Renata Od\u017eak u suradnji s doktorandicom Doris Crn\u010devi\u0107 te suradnicima s Odjela za fiziku PMF ST Lucijom Krce i Mislavom Cvitkovi\u0107em, Zlatkom Brklja\u010dom iz Selvite [&hellip;]\" \/>\n<meta property=\"og:url\" content=\"https:\/\/www.pmfst.unist.hr\/odjel-za-kemiju\/objavljeni-znanstveni-radovi\/\" \/>\n<meta property=\"og:site_name\" content=\"Odjel za kemiju\" \/>\n<meta property=\"article:modified_time\" content=\"2025-02-05T07:42:00+00:00\" \/>\n<meta property=\"og:image\" content=\"https:\/\/www.pmfst.unist.hr\/odjel-za-kemiju\/wp-content\/uploads\/sites\/25\/2025\/01\/zn-radovi_2025.jpg\" \/>\n\t<meta property=\"og:image:width\" content=\"928\" \/>\n\t<meta property=\"og:image:height\" content=\"417\" \/>\n\t<meta property=\"og:image:type\" content=\"image\/jpeg\" \/>\n<meta name=\"twitter:card\" content=\"summary_large_image\" \/>\n<meta name=\"twitter:label1\" content=\"Procijenjeno vrijeme \u010ditanja\" \/>\n\t<meta name=\"twitter:data1\" content=\"3 minute\" \/>\n<script type=\"application\/ld+json\" class=\"yoast-schema-graph\">{\"@context\":\"https:\\\/\\\/schema.org\",\"@graph\":[{\"@type\":\"WebPage\",\"@id\":\"https:\\\/\\\/www.pmfst.unist.hr\\\/odjel-za-kemiju\\\/objavljeni-znanstveni-radovi\\\/\",\"url\":\"https:\\\/\\\/www.pmfst.unist.hr\\\/odjel-za-kemiju\\\/objavljeni-znanstveni-radovi\\\/\",\"name\":\"Objavljeni znanstveni radovi - Odjel za kemiju\",\"isPartOf\":{\"@id\":\"https:\\\/\\\/www.pmfst.unist.hr\\\/odjel-za-kemiju\\\/#website\"},\"primaryImageOfPage\":{\"@id\":\"https:\\\/\\\/www.pmfst.unist.hr\\\/odjel-za-kemiju\\\/objavljeni-znanstveni-radovi\\\/#primaryimage\"},\"image\":{\"@id\":\"https:\\\/\\\/www.pmfst.unist.hr\\\/odjel-za-kemiju\\\/objavljeni-znanstveni-radovi\\\/#primaryimage\"},\"thumbnailUrl\":\"https:\\\/\\\/www.pmfst.unist.hr\\\/odjel-za-kemiju\\\/wp-content\\\/uploads\\\/sites\\\/25\\\/2025\\\/01\\\/zn-radovi_2025-300x135.jpg\",\"datePublished\":\"2025-01-31T07:34:10+00:00\",\"dateModified\":\"2025-02-05T07:42:00+00:00\",\"breadcrumb\":{\"@id\":\"https:\\\/\\\/www.pmfst.unist.hr\\\/odjel-za-kemiju\\\/objavljeni-znanstveni-radovi\\\/#breadcrumb\"},\"inLanguage\":\"hr\",\"potentialAction\":[{\"@type\":\"ReadAction\",\"target\":[\"https:\\\/\\\/www.pmfst.unist.hr\\\/odjel-za-kemiju\\\/objavljeni-znanstveni-radovi\\\/\"]}]},{\"@type\":\"ImageObject\",\"inLanguage\":\"hr\",\"@id\":\"https:\\\/\\\/www.pmfst.unist.hr\\\/odjel-za-kemiju\\\/objavljeni-znanstveni-radovi\\\/#primaryimage\",\"url\":\"https:\\\/\\\/www.pmfst.unist.hr\\\/odjel-za-kemiju\\\/wp-content\\\/uploads\\\/sites\\\/25\\\/2025\\\/01\\\/zn-radovi_2025.jpg\",\"contentUrl\":\"https:\\\/\\\/www.pmfst.unist.hr\\\/odjel-za-kemiju\\\/wp-content\\\/uploads\\\/sites\\\/25\\\/2025\\\/01\\\/zn-radovi_2025.jpg\",\"width\":928,\"height\":417},{\"@type\":\"BreadcrumbList\",\"@id\":\"https:\\\/\\\/www.pmfst.unist.hr\\\/odjel-za-kemiju\\\/objavljeni-znanstveni-radovi\\\/#breadcrumb\",\"itemListElement\":[{\"@type\":\"ListItem\",\"position\":1,\"name\":\"Po\u010detna stranica\",\"item\":\"https:\\\/\\\/www.pmfst.unist.hr\\\/odjel-za-kemiju\\\/\"},{\"@type\":\"ListItem\",\"position\":2,\"name\":\"Objavljeni znanstveni radovi\"}]},{\"@type\":\"WebSite\",\"@id\":\"https:\\\/\\\/www.pmfst.unist.hr\\\/odjel-za-kemiju\\\/#website\",\"url\":\"https:\\\/\\\/www.pmfst.unist.hr\\\/odjel-za-kemiju\\\/\",\"name\":\"Odjel za kemiju\",\"description\":\"Odjel za kemiju  Prirodoslovnog-matemati\u010dkiog fakulteta Sveu\u010dili\u0161ta u Splitu\",\"potentialAction\":[{\"@type\":\"SearchAction\",\"target\":{\"@type\":\"EntryPoint\",\"urlTemplate\":\"https:\\\/\\\/www.pmfst.unist.hr\\\/odjel-za-kemiju\\\/?s={search_term_string}\"},\"query-input\":{\"@type\":\"PropertyValueSpecification\",\"valueRequired\":true,\"valueName\":\"search_term_string\"}}],\"inLanguage\":\"hr\"}]}<\/script>\n<!-- \/ Yoast SEO plugin. -->","yoast_head_json":{"title":"Objavljeni znanstveni radovi - Odjel za kemiju","robots":{"index":"index","follow":"follow","max-snippet":"max-snippet:-1","max-image-preview":"max-image-preview:large","max-video-preview":"max-video-preview:-1"},"canonical":"https:\/\/www.pmfst.unist.hr\/odjel-za-kemiju\/objavljeni-znanstveni-radovi\/","og_locale":"hr_HR","og_type":"article","og_title":"Objavljeni znanstveni radovi - Odjel za kemiju","og_description":"[vc_row][vc_column][mk_fancy_title color=&#8221;#1e73be&#8221; size=&#8221;18&#8243; font_family=&#8221;none&#8221; align=&#8221;center&#8221;]Objavljeni znanstveni radovi u 2025.[\/mk_fancy_title][vc_column_text css=&#8221;.vc_custom_1738309370768{margin-bottom: 0px !important;}&#8221;]Objavljen znanstveni rad u \u010dasopisu RSC Advances[\/vc_column_text][vc_column_text css=&#8221;.vc_custom_1738568042527{margin-bottom: 0px !important;}&#8221;][\/vc_column_text][vc_column_text css=&#8221;.vc_custom_1738741318505{margin-bottom: 0px !important;}&#8221;]Znanstvenici Odjela za kemiju Matilda \u0160prung i Renata Od\u017eak u suradnji s doktorandicom Doris Crn\u010devi\u0107 te suradnicima s Odjela za fiziku PMF ST Lucijom Krce i Mislavom Cvitkovi\u0107em, Zlatkom Brklja\u010dom iz Selvite [&hellip;]","og_url":"https:\/\/www.pmfst.unist.hr\/odjel-za-kemiju\/objavljeni-znanstveni-radovi\/","og_site_name":"Odjel za kemiju","article_modified_time":"2025-02-05T07:42:00+00:00","og_image":[{"width":928,"height":417,"url":"https:\/\/www.pmfst.unist.hr\/odjel-za-kemiju\/wp-content\/uploads\/sites\/25\/2025\/01\/zn-radovi_2025.jpg","type":"image\/jpeg"}],"twitter_card":"summary_large_image","twitter_misc":{"Procijenjeno vrijeme \u010ditanja":"3 minute"},"schema":{"@context":"https:\/\/schema.org","@graph":[{"@type":"WebPage","@id":"https:\/\/www.pmfst.unist.hr\/odjel-za-kemiju\/objavljeni-znanstveni-radovi\/","url":"https:\/\/www.pmfst.unist.hr\/odjel-za-kemiju\/objavljeni-znanstveni-radovi\/","name":"Objavljeni znanstveni radovi - Odjel za kemiju","isPartOf":{"@id":"https:\/\/www.pmfst.unist.hr\/odjel-za-kemiju\/#website"},"primaryImageOfPage":{"@id":"https:\/\/www.pmfst.unist.hr\/odjel-za-kemiju\/objavljeni-znanstveni-radovi\/#primaryimage"},"image":{"@id":"https:\/\/www.pmfst.unist.hr\/odjel-za-kemiju\/objavljeni-znanstveni-radovi\/#primaryimage"},"thumbnailUrl":"https:\/\/www.pmfst.unist.hr\/odjel-za-kemiju\/wp-content\/uploads\/sites\/25\/2025\/01\/zn-radovi_2025-300x135.jpg","datePublished":"2025-01-31T07:34:10+00:00","dateModified":"2025-02-05T07:42:00+00:00","breadcrumb":{"@id":"https:\/\/www.pmfst.unist.hr\/odjel-za-kemiju\/objavljeni-znanstveni-radovi\/#breadcrumb"},"inLanguage":"hr","potentialAction":[{"@type":"ReadAction","target":["https:\/\/www.pmfst.unist.hr\/odjel-za-kemiju\/objavljeni-znanstveni-radovi\/"]}]},{"@type":"ImageObject","inLanguage":"hr","@id":"https:\/\/www.pmfst.unist.hr\/odjel-za-kemiju\/objavljeni-znanstveni-radovi\/#primaryimage","url":"https:\/\/www.pmfst.unist.hr\/odjel-za-kemiju\/wp-content\/uploads\/sites\/25\/2025\/01\/zn-radovi_2025.jpg","contentUrl":"https:\/\/www.pmfst.unist.hr\/odjel-za-kemiju\/wp-content\/uploads\/sites\/25\/2025\/01\/zn-radovi_2025.jpg","width":928,"height":417},{"@type":"BreadcrumbList","@id":"https:\/\/www.pmfst.unist.hr\/odjel-za-kemiju\/objavljeni-znanstveni-radovi\/#breadcrumb","itemListElement":[{"@type":"ListItem","position":1,"name":"Po\u010detna stranica","item":"https:\/\/www.pmfst.unist.hr\/odjel-za-kemiju\/"},{"@type":"ListItem","position":2,"name":"Objavljeni znanstveni radovi"}]},{"@type":"WebSite","@id":"https:\/\/www.pmfst.unist.hr\/odjel-za-kemiju\/#website","url":"https:\/\/www.pmfst.unist.hr\/odjel-za-kemiju\/","name":"Odjel za kemiju","description":"Odjel za kemiju  Prirodoslovnog-matemati\u010dkiog fakulteta Sveu\u010dili\u0161ta u Splitu","potentialAction":[{"@type":"SearchAction","target":{"@type":"EntryPoint","urlTemplate":"https:\/\/www.pmfst.unist.hr\/odjel-za-kemiju\/?s={search_term_string}"},"query-input":{"@type":"PropertyValueSpecification","valueRequired":true,"valueName":"search_term_string"}}],"inLanguage":"hr"}]}},"_links":{"self":[{"href":"https:\/\/www.pmfst.unist.hr\/odjel-za-kemiju\/wp-json\/wp\/v2\/pages\/12739","targetHints":{"allow":["GET"]}}],"collection":[{"href":"https:\/\/www.pmfst.unist.hr\/odjel-za-kemiju\/wp-json\/wp\/v2\/pages"}],"about":[{"href":"https:\/\/www.pmfst.unist.hr\/odjel-za-kemiju\/wp-json\/wp\/v2\/types\/page"}],"author":[{"embeddable":true,"href":"https:\/\/www.pmfst.unist.hr\/odjel-za-kemiju\/wp-json\/wp\/v2\/users\/1"}],"replies":[{"embeddable":true,"href":"https:\/\/www.pmfst.unist.hr\/odjel-za-kemiju\/wp-json\/wp\/v2\/comments?post=12739"}],"version-history":[{"count":0,"href":"https:\/\/www.pmfst.unist.hr\/odjel-za-kemiju\/wp-json\/wp\/v2\/pages\/12739\/revisions"}],"wp:attachment":[{"href":"https:\/\/www.pmfst.unist.hr\/odjel-za-kemiju\/wp-json\/wp\/v2\/media?parent=12739"}],"curies":[{"name":"wp","href":"https:\/\/api.w.org\/{rel}","templated":true}]}}