{"id":17,"date":"2018-02-07T11:02:54","date_gmt":"2018-02-07T10:02:54","guid":{"rendered":"https:\/\/www.pmfst.unist.hr\/odjel-za-kemiju\/?page_id=17"},"modified":"2019-11-20T11:32:45","modified_gmt":"2019-11-20T10:32:45","slug":"o-odjelu","status":"publish","type":"page","link":"https:\/\/www.pmfst.unist.hr\/odjel-za-kemiju\/o-odjelu\/","title":{"rendered":"O odjelu"},"content":{"rendered":"<div class=\"wpb-content-wrapper\">[vc_row][vc_column][mk_fancy_title tag_name=&#8221;h4&#8243; size=&#8221;20&#8243; font_family=&#8221;none&#8221; align=&#8221;center&#8221;]<strong>Povijesni razvoj<\/strong>[\/mk_fancy_title][vc_column_text css=&#8221;.vc_custom_1573805146176{margin-bottom: 0px !important;}&#8221;]\t\t<div class=\"wpostahs-slider-wrp \" data-conf=\"{&quot;dots&quot;:&quot;true&quot;,&quot;arrows&quot;:&quot;true&quot;,&quot;loop&quot;:&quot;true&quot;,&quot;autoplay&quot;:&quot;false&quot;,&quot;autoplayInterval&quot;:3000,&quot;speed&quot;:300,&quot;fade&quot;:&quot;false&quot;,&quot;rtl&quot;:&quot;false&quot;,&quot;centermode&quot;:&quot;false&quot;,&quot;slidestoshow&quot;:3,&quot;lazyload&quot;:&quot;&quot;}\">\r\n\t\t\t<div class=\"wpostahs-slider wpostahs-slider-inner-wrp wpostahs-slider-design-2\">\r\n\t\t\t\t\n<div id=\"wpostahs-slider-nav-1\" class=\"wpostahs-slider-nav-1 wpostahs-slider-nav wpostahs-slick-slider\" data-slider-nav-for='wpostahs-slider-for-1'>\n\t\t\t\t<div class=\"wpostahs-slider-nav-title\">\n\t\t\t<div class=\"wpostahs-main-title\">\n\t\t\t\t<button><\/button>\n\t\t\t<\/div>\n\t\t\t<div class=\"wpostahs-title\">1945<\/div>\n\t\t<\/div>\n\t\t\t<div class=\"wpostahs-slider-nav-title\">\n\t\t\t<div class=\"wpostahs-main-title\">\n\t\t\t\t<button><\/button>\n\t\t\t<\/div>\n\t\t\t<div class=\"wpostahs-title\">1960<\/div>\n\t\t<\/div>\n\t\t\t<div class=\"wpostahs-slider-nav-title\">\n\t\t\t<div class=\"wpostahs-main-title\">\n\t\t\t\t<button><\/button>\n\t\t\t<\/div>\n\t\t\t<div class=\"wpostahs-title\">1965<\/div>\n\t\t<\/div>\n\t\t\t<div class=\"wpostahs-slider-nav-title\">\n\t\t\t<div class=\"wpostahs-main-title\">\n\t\t\t\t<button><\/button>\n\t\t\t<\/div>\n\t\t\t<div class=\"wpostahs-title\">1978<\/div>\n\t\t<\/div>\n\t\t\t<div class=\"wpostahs-slider-nav-title\">\n\t\t\t<div class=\"wpostahs-main-title\">\n\t\t\t\t<button><\/button>\n\t\t\t<\/div>\n\t\t\t<div class=\"wpostahs-title\">1991<\/div>\n\t\t<\/div>\n\t\t\t<div class=\"wpostahs-slider-nav-title\">\n\t\t\t<div class=\"wpostahs-main-title\">\n\t\t\t\t<button><\/button>\n\t\t\t<\/div>\n\t\t\t<div class=\"wpostahs-title\">2008<\/div>\n\t\t<\/div>\n\t<\/div>\n\n<div class=\"wpostahs-slider-for-1 wpostahs-slider-for wpostahs-slick-slider\">\n\t\t\t\n\t\t<div class=\"wpostahs-slider-nav-content\">\n\t\t<h2 class=\"wpostahs-centent-title\">1945<\/h2>\n\t\t\t<div class=\"wpostahs-centent\">\n\t\t\t\t<p>Nastava kemije u sklopu studija Prirodopis-kemija izvodi se na Vi\u0161oj pedago\u0161koj \u0161koli.<\/p>\n\t\t\t<\/div>\n\n\t\t\t\t<\/div>\n\t\t\t\n\t\t<div class=\"wpostahs-slider-nav-content\">\n\t\t<h2 class=\"wpostahs-centent-title\">1960<\/h2>\n\t\t\t<div class=\"wpostahs-centent\">\n\t\t\t\t<p>Vi\u0161a pedago\u0161ka \u0161kola reorganizira se u Pedago\u0161ku akademiju na kojoj se obrazuju budu\u0107i nastavnici kemije za rad u Osnovnim \u0161kolama<\/p>\n\t\t\t<\/div>\n\n\t\t\t\t<\/div>\n\t\t\t\n\t\t<div class=\"wpostahs-slider-nav-content\">\n\t\t<h2 class=\"wpostahs-centent-title\">1965<\/h2>\n\t\t\t<div class=\"wpostahs-centent\">\n\t\t\t\t<p>Na Pedago\u0161koj akademiji odr\u017eava se dvopredmetni studij Biologije i kemije te osnivaju katedre.<\/p>\n\t\t\t<\/div>\n\n\t\t\t\t<\/div>\n\t\t\t\n\t\t<div class=\"wpostahs-slider-nav-content\">\n\t\t<h2 class=\"wpostahs-centent-title\">1978<\/h2>\n\t\t\t<div class=\"wpostahs-centent\">\n\t\t\t\t<p>Pedago\u0161ka akademija udru\u017euje se s Filozofskim fakultetom u Zadru te studij Biologije i kemije postaje \u010detverogodi\u0161nji studij. U istom periodu osniva se i zdru\u017eeni Zavod za Biologiju i kemiju koji djeluje do 1993.godine kada se odvaja i postaje samostalni Zavod za kemiju.<\/p>\n\t\t\t<\/div>\n\n\t\t\t\t<\/div>\n\t\t\t\n\t\t<div class=\"wpostahs-slider-nav-content\">\n\t\t<h2 class=\"wpostahs-centent-title\">1991<\/h2>\n\t\t\t<div class=\"wpostahs-centent\">\n\t\t\t\t<p>Nakon odvajanja od Filozofskog fakulteta u Zadru formira se Fakultet prirodoslovno &#8211; matemati\u010dkih znanosti i odgojnih podru\u010dja.<\/p>\n\t\t\t<\/div>\n\n\t\t\t\t<\/div>\n\t\t\t\n\t\t<div class=\"wpostahs-slider-nav-content\">\n\t\t<h2 class=\"wpostahs-centent-title\">2008<\/h2>\n\t\t\t<div class=\"wpostahs-centent\">\n\t\t\t\t<p>Odvajanjem pojedinih studijskih grupa fakultet mijenja naziv u Prirodoslovno- matemati\u010dki fakultet, a Zavod za kemiju postaje Odjel za kemiju.<\/p>\n\t\t\t<\/div>\n\n\t\t\t\t<\/div>\n\t<\/div>\t\t\t<\/div>\r\n\t\t<\/div>\r\n\t\t[\/vc_column_text][\/vc_column][\/vc_row][vc_row][vc_column][vc_column_text css=&#8221;.vc_custom_1573806405836{margin-bottom: 0px !important;}&#8221;]<strong>O nama<\/strong><\/p>\n<p style=\"text-align: justify;\">Odjel kemije pro\u0161ao je dinami\u010dan razvoj od svojih po\u010detaka do danas. Zauzeto\u0161\u0107u i \u017eeljom za stalnim rastom i napredovanjem njegovih djelatnika uspje\u0161no su svladane pote\u0161ko\u0107e koje su se javljale kroz povijest. Za cijelo razdoblje razvoja Odjelu kemije izrazito je bila va\u017ena povezanost s drugim Fakultetima Sveu\u010dili\u0161ta u Splitu i Zagrebu. Me\u0111usobnom suradnjom osiguravali su se povoljniji uvjeti rada, oprema, radne prostorije, kabineti te kadar koji je nedostajao. Ja\u010danjem vlastitog kadra smanjuje se potreba za vanjskom suradnjom tako da Odjel kemije danas broji 16 djelatnika. Prijelazom u novu zgradu 2017.godine rije\u0161en je problem nedostatka radnog prostora i kabineta \u0161to je utjecalo na pove\u0107anje kvalitete izvo\u0111enja prakti\u010dne nastave u studentskim laboratorijima kao i provo\u0111enje znanstvenih projekata u specijaliziranim laboratorijima.<br \/>\nZnanstvena suradnja ostvaruje se s nacionalnim, ali i me\u0111unarodnim fakultetima iz Njema\u010dke Slovenije, Makedonije, Poljske i Srbije. Rezultati istra\u017eivanja objavljuju se u priznatim me\u0111unarodnim \u010dasopisima, prezentiraju na skupovima u vidu predavanja ili posterskih prezentacija.<br \/>\nOrganiziranjem ljetnih \u0161kola, radionica, Festivala znanosti te osmi\u0161ljavanjem programa( STEM u gostima) djelatnici Odjela za kemiju neumorno rade na popularizaciji znanosti. Osim nastave na studiju Biologije i kemije nastavnici Odjela za kemiju sudjeluju u organizaciji i provo\u0111enju nastave i na drugim studijima Sveu\u010dili\u0161ta u Splitu, te Mostaru. Znanja i vje\u0161tine iz pou\u010davanja nastave biologije i kemije prenose se na budu\u0107e profesore biologije i kemije u suradnji s ponajboljim osnovnim i srednjim \u0161kolama u Splitu, te sudjelovanjem u pisanju i recenziranju \u0161kolskih ud\u017ebenika. Odjel za kemiju nastojat \u0107e u\u010dvrstiti postignute rezultate, ali i ostvariti nove ciljeve koji \u0107e pomo\u0107i jo\u0161 ve\u0107oj afirmaciji PMF-a pri Sveu\u010dili\u0161tu u Splitu kao institucije koja je mjesto iznimne znanstvene, obrazovne i stru\u010dne djelatnosti.<\/p>\n[\/vc_column_text][\/vc_column][\/vc_row][vc_row disable_element=&#8221;yes&#8221;][vc_column][vc_column_text]Kemija je temeljna znanstvena disciplina koja prou\u010dava sastav i pretvorbu tvari kako u \u017eivim organizmima tako i u svijetu koji nas okru\u017euje.<\/p>\n<p>Odjel za kemiju Prirodoslovno-matemati\u010dkog fakulteta sudjeluje u izvo\u0111enju nastave kemije na prediplomskom i diplomskom studiju biologije i kemije, restauracije i konzervacije, prediplomskom studiju nutricionizma, diplomskom i poslijediplomskom studiju biofizike te poslijediplomskom studiju istra\u017eivanje u edukaciji u podru\u010dju prirodnih i tehni\u010dkih znanosti.<\/p>\n<p>Osim znanja i eksperimentalnih vje\u0161tina iz temeljnih grana kemije, na\u0161 Odjel kroz obrazovni proces poti\u010de i razvija kreativnost te kriti\u010dko razmi\u0161ljanje pojedinca.<\/p>\n<p>Djelatnici na\u0161eg Odjela ujedno su i znanstvenici koji sudjeluju na raznim doma\u0107im projektima, a svoje znanstveno-istra\u017eiva\u010dko iskustvo integriraju u svakodnevni nastavni proces.[\/vc_column_text][\/vc_column][\/vc_row]\n<\/div>","protected":false},"excerpt":{"rendered":"<p>[vc_row][vc_column][mk_fancy_title tag_name=&#8221;h4&#8243; size=&#8221;20&#8243; font_family=&#8221;none&#8221; align=&#8221;center&#8221;]Povijesni razvoj[\/mk_fancy_title][vc_column_text css=&#8221;.vc_custom_1573805146176{margin-bottom: 0px !important;}&#8221;][\/vc_column_text][\/vc_column][\/vc_row][vc_row][vc_column][vc_column_text css=&#8221;.vc_custom_1573806405836{margin-bottom: 0px !important;}&#8221;]O nama Odjel kemije pro\u0161ao je dinami\u010dan razvoj od svojih po\u010detaka do danas. Zauzeto\u0161\u0107u i \u017eeljom za stalnim rastom i napredovanjem njegovih djelatnika uspje\u0161no su svladane pote\u0161ko\u0107e koje su se javljale kroz povijest. Za cijelo razdoblje razvoja Odjelu kemije izrazito je bila va\u017ena povezanost [&hellip;]<\/p>\n","protected":false},"author":1,"featured_media":0,"parent":0,"menu_order":0,"comment_status":"closed","ping_status":"closed","template":"","meta":{"_acf_changed":false,"rs_blank_template":"","rs_page_bg_color":"","slide_template_v7":"","footnotes":""},"class_list":["post-17","page","type-page","status-publish","hentry"],"acf":[],"yoast_head":"<!-- This site is optimized with the Yoast SEO plugin v27.2 - https:\/\/yoast.com\/product\/yoast-seo-wordpress\/ -->\n<title>O odjelu - Odjel za kemiju<\/title>\n<meta name=\"robots\" content=\"index, follow, max-snippet:-1, max-image-preview:large, max-video-preview:-1\" \/>\n<link rel=\"canonical\" href=\"https:\/\/www.pmfst.unist.hr\/odjel-za-kemiju\/o-odjelu\/\" \/>\n<meta property=\"og:locale\" content=\"hr_HR\" \/>\n<meta property=\"og:type\" content=\"article\" \/>\n<meta property=\"og:title\" content=\"O odjelu - Odjel za kemiju\" \/>\n<meta property=\"og:description\" content=\"[vc_row][vc_column][mk_fancy_title tag_name=&#8221;h4&#8243; size=&#8221;20&#8243; font_family=&#8221;none&#8221; align=&#8221;center&#8221;]Povijesni razvoj[\/mk_fancy_title][vc_column_text css=&#8221;.vc_custom_1573805146176{margin-bottom: 0px !important;}&#8221;][\/vc_column_text][\/vc_column][\/vc_row][vc_row][vc_column][vc_column_text css=&#8221;.vc_custom_1573806405836{margin-bottom: 0px !important;}&#8221;]O nama Odjel kemije pro\u0161ao je dinami\u010dan razvoj od svojih po\u010detaka do danas. Zauzeto\u0161\u0107u i \u017eeljom za stalnim rastom i napredovanjem njegovih djelatnika uspje\u0161no su svladane pote\u0161ko\u0107e koje su se javljale kroz povijest. Za cijelo razdoblje razvoja Odjelu kemije izrazito je bila va\u017ena povezanost [&hellip;]\" \/>\n<meta property=\"og:url\" content=\"https:\/\/www.pmfst.unist.hr\/odjel-za-kemiju\/o-odjelu\/\" \/>\n<meta property=\"og:site_name\" content=\"Odjel za kemiju\" \/>\n<meta property=\"article:modified_time\" content=\"2019-11-20T10:32:45+00:00\" \/>\n<meta name=\"twitter:card\" content=\"summary_large_image\" \/>\n<meta name=\"twitter:label1\" content=\"Procijenjeno vrijeme \u010ditanja\" \/>\n\t<meta name=\"twitter:data1\" content=\"3 minute\" \/>\n<script type=\"application\/ld+json\" class=\"yoast-schema-graph\">{\"@context\":\"https:\/\/schema.org\",\"@graph\":[{\"@type\":\"WebPage\",\"@id\":\"https:\/\/www.pmfst.unist.hr\/odjel-za-kemiju\/o-odjelu\/\",\"url\":\"https:\/\/www.pmfst.unist.hr\/odjel-za-kemiju\/o-odjelu\/\",\"name\":\"O odjelu - Odjel za kemiju\",\"isPartOf\":{\"@id\":\"https:\/\/www.pmfst.unist.hr\/odjel-za-kemiju\/#website\"},\"datePublished\":\"2018-02-07T10:02:54+00:00\",\"dateModified\":\"2019-11-20T10:32:45+00:00\",\"breadcrumb\":{\"@id\":\"https:\/\/www.pmfst.unist.hr\/odjel-za-kemiju\/o-odjelu\/#breadcrumb\"},\"inLanguage\":\"hr\",\"potentialAction\":[{\"@type\":\"ReadAction\",\"target\":[\"https:\/\/www.pmfst.unist.hr\/odjel-za-kemiju\/o-odjelu\/\"]}]},{\"@type\":\"BreadcrumbList\",\"@id\":\"https:\/\/www.pmfst.unist.hr\/odjel-za-kemiju\/o-odjelu\/#breadcrumb\",\"itemListElement\":[{\"@type\":\"ListItem\",\"position\":1,\"name\":\"Po\u010detna stranica\",\"item\":\"https:\/\/www.pmfst.unist.hr\/odjel-za-kemiju\/\"},{\"@type\":\"ListItem\",\"position\":2,\"name\":\"O odjelu\"}]},{\"@type\":\"WebSite\",\"@id\":\"https:\/\/www.pmfst.unist.hr\/odjel-za-kemiju\/#website\",\"url\":\"https:\/\/www.pmfst.unist.hr\/odjel-za-kemiju\/\",\"name\":\"Odjel za kemiju\",\"description\":\"Odjel za kemiju  Prirodoslovnog-matemati\u010dkiog fakulteta Sveu\u010dili\u0161ta u Splitu\",\"potentialAction\":[{\"@type\":\"SearchAction\",\"target\":{\"@type\":\"EntryPoint\",\"urlTemplate\":\"https:\/\/www.pmfst.unist.hr\/odjel-za-kemiju\/?s={search_term_string}\"},\"query-input\":{\"@type\":\"PropertyValueSpecification\",\"valueRequired\":true,\"valueName\":\"search_term_string\"}}],\"inLanguage\":\"hr\"}]}<\/script>\n<!-- \/ Yoast SEO plugin. -->","yoast_head_json":{"title":"O odjelu - Odjel za kemiju","robots":{"index":"index","follow":"follow","max-snippet":"max-snippet:-1","max-image-preview":"max-image-preview:large","max-video-preview":"max-video-preview:-1"},"canonical":"https:\/\/www.pmfst.unist.hr\/odjel-za-kemiju\/o-odjelu\/","og_locale":"hr_HR","og_type":"article","og_title":"O odjelu - Odjel za kemiju","og_description":"[vc_row][vc_column][mk_fancy_title tag_name=&#8221;h4&#8243; size=&#8221;20&#8243; font_family=&#8221;none&#8221; align=&#8221;center&#8221;]Povijesni razvoj[\/mk_fancy_title][vc_column_text css=&#8221;.vc_custom_1573805146176{margin-bottom: 0px !important;}&#8221;][\/vc_column_text][\/vc_column][\/vc_row][vc_row][vc_column][vc_column_text css=&#8221;.vc_custom_1573806405836{margin-bottom: 0px !important;}&#8221;]O nama Odjel kemije pro\u0161ao je dinami\u010dan razvoj od svojih po\u010detaka do danas. Zauzeto\u0161\u0107u i \u017eeljom za stalnim rastom i napredovanjem njegovih djelatnika uspje\u0161no su svladane pote\u0161ko\u0107e koje su se javljale kroz povijest. Za cijelo razdoblje razvoja Odjelu kemije izrazito je bila va\u017ena povezanost [&hellip;]","og_url":"https:\/\/www.pmfst.unist.hr\/odjel-za-kemiju\/o-odjelu\/","og_site_name":"Odjel za kemiju","article_modified_time":"2019-11-20T10:32:45+00:00","twitter_card":"summary_large_image","twitter_misc":{"Procijenjeno vrijeme \u010ditanja":"3 minute"},"schema":{"@context":"https:\/\/schema.org","@graph":[{"@type":"WebPage","@id":"https:\/\/www.pmfst.unist.hr\/odjel-za-kemiju\/o-odjelu\/","url":"https:\/\/www.pmfst.unist.hr\/odjel-za-kemiju\/o-odjelu\/","name":"O odjelu - Odjel za kemiju","isPartOf":{"@id":"https:\/\/www.pmfst.unist.hr\/odjel-za-kemiju\/#website"},"datePublished":"2018-02-07T10:02:54+00:00","dateModified":"2019-11-20T10:32:45+00:00","breadcrumb":{"@id":"https:\/\/www.pmfst.unist.hr\/odjel-za-kemiju\/o-odjelu\/#breadcrumb"},"inLanguage":"hr","potentialAction":[{"@type":"ReadAction","target":["https:\/\/www.pmfst.unist.hr\/odjel-za-kemiju\/o-odjelu\/"]}]},{"@type":"BreadcrumbList","@id":"https:\/\/www.pmfst.unist.hr\/odjel-za-kemiju\/o-odjelu\/#breadcrumb","itemListElement":[{"@type":"ListItem","position":1,"name":"Po\u010detna stranica","item":"https:\/\/www.pmfst.unist.hr\/odjel-za-kemiju\/"},{"@type":"ListItem","position":2,"name":"O odjelu"}]},{"@type":"WebSite","@id":"https:\/\/www.pmfst.unist.hr\/odjel-za-kemiju\/#website","url":"https:\/\/www.pmfst.unist.hr\/odjel-za-kemiju\/","name":"Odjel za kemiju","description":"Odjel za kemiju  Prirodoslovnog-matemati\u010dkiog fakulteta Sveu\u010dili\u0161ta u Splitu","potentialAction":[{"@type":"SearchAction","target":{"@type":"EntryPoint","urlTemplate":"https:\/\/www.pmfst.unist.hr\/odjel-za-kemiju\/?s={search_term_string}"},"query-input":{"@type":"PropertyValueSpecification","valueRequired":true,"valueName":"search_term_string"}}],"inLanguage":"hr"}]}},"_links":{"self":[{"href":"https:\/\/www.pmfst.unist.hr\/odjel-za-kemiju\/wp-json\/wp\/v2\/pages\/17","targetHints":{"allow":["GET"]}}],"collection":[{"href":"https:\/\/www.pmfst.unist.hr\/odjel-za-kemiju\/wp-json\/wp\/v2\/pages"}],"about":[{"href":"https:\/\/www.pmfst.unist.hr\/odjel-za-kemiju\/wp-json\/wp\/v2\/types\/page"}],"author":[{"embeddable":true,"href":"https:\/\/www.pmfst.unist.hr\/odjel-za-kemiju\/wp-json\/wp\/v2\/users\/1"}],"replies":[{"embeddable":true,"href":"https:\/\/www.pmfst.unist.hr\/odjel-za-kemiju\/wp-json\/wp\/v2\/comments?post=17"}],"version-history":[{"count":0,"href":"https:\/\/www.pmfst.unist.hr\/odjel-za-kemiju\/wp-json\/wp\/v2\/pages\/17\/revisions"}],"wp:attachment":[{"href":"https:\/\/www.pmfst.unist.hr\/odjel-za-kemiju\/wp-json\/wp\/v2\/media?parent=17"}],"curies":[{"name":"wp","href":"https:\/\/api.w.org\/{rel}","templated":true}]}}