{"id":27,"date":"2018-02-07T11:29:45","date_gmt":"2018-02-07T10:29:45","guid":{"rendered":"https:\/\/www.pmfst.unist.hr\/odjel-za-kemiju\/?page_id=27"},"modified":"2020-02-20T09:58:42","modified_gmt":"2020-02-20T08:58:42","slug":"studij","status":"publish","type":"page","link":"https:\/\/www.pmfst.unist.hr\/odjel-za-kemiju\/studij\/","title":{"rendered":"Studij"},"content":{"rendered":"<div class=\"wpb-content-wrapper\">[mk_page_section sidebar=&#8221;sidebar-1&#8243;][vc_column][vc_column_text css=&#8221;.vc_custom_1517999379618{margin-bottom: 0px !important;}&#8221;]\n<h2 class=\"style9\">STUDIJ<\/h2>\n<p class=\"style9\">Odjel za kemiju sudjeluje u izvo\u0111enju preddiplomskog studija Biologije-Kemije (\u0161est semestara), preddiplomskog studija Biologije (\u0161est semestara) i diplomskog studija Biologije i kemije, nastavni\u010dki smjer (\u010detiri semestra). Program kemije obuhva\u0107a temeljne kemijske predmete s posebnim naglaskom na prakti\u010dni rad studenata u laboratoriju te suvremene metode i oblike rada u nastavi kemije.<\/p>\n<p>U suradnji s\u00a0<a href=\"http:\/\/www.umas.unist.hr\/kr\/H\/H_01.html\">Odsjekom za restauraciju i konzervaciju Umjetni\u010dke akademije<\/a>, Odjel sudjeluje u izvo\u0111enju nastavnog programa iz kemije integriranog studija Konzervacija-Restauracija.<br \/>\nTako\u0111er, Odjel za kemiju sudjeluje u izvo\u0111enju nastavnog programa <a href=\"http:\/\/www.medp.unist.hr\/\" target=\"_blank\" rel=\"noopener noreferrer\">studija mediteranske poljoprivrede na Sveu\u010dili\u0161tu u Splitu<\/a> u suradnji s vi\u0161e sastavnica Sveu\u010dili\u0161ta u Splitu (Sveu\u010dili\u0161noga odjela za studije mora, Ekonomskog fakulteta) te s partnerom Institutom za jadranske kulture i melioraciju kr\u0161a.<\/p>\n<p>Odjel za kemiju, zajedno s ostalim odjelima PMF-a, omogu\u0107ava i nastavak \u0161kolovanja na interdisciplinarnom znanstvenom poslijediplomskom studiju Istra\u017eivanje u edukaciji u podru\u010dju prirodnih i tehni\u010dkih znanosti, usmjerenje Kemija.<\/p>\n<p>&nbsp;<\/p>\n<p class=\"style9\"><strong>ZAPO\u0160LJAVANJE<\/strong><\/p>\n<ul>\n<li class=\"style9\">u osnovnim i srednjim \u0161kolama<\/li>\n<li class=\"style9\">u biolo\u0161kim i kemijskim laboratorijima prehrambene i kemijske industrije<\/li>\n<li class=\"style9\">na poslovima za\u0161tite okoli\u0161a<\/li>\n<li class=\"style9\">u zdravstvu<\/li>\n<li class=\"style9\">u znanstvenoistra\u017eiva\u010dkim laboratorijima<\/li>\n<li class=\"style9\">u prirodoslovnim i visoko\u0161kolskim ustanovama<\/li>\n<\/ul>\n<p>&nbsp;<\/p>\n<p class=\"style9\"><strong>STUDIJSKI PROGRAMI<\/strong><\/p>\n[\/vc_column_text][\/vc_column][\/mk_page_section][vc_row][vc_column width=&#8221;1\/2&#8243;][mk_fancy_title strip_tags=&#8221;true&#8221; tag_name=&#8221;span&#8221; color=&#8221;#1e73be&#8221; size=&#8221;16&#8243; font_family=&#8221;none&#8221;]\n<h2>PREDDIPLOMSKI STUDIJ<\/h2>\n[\/mk_fancy_title][\/vc_column][vc_column width=&#8221;1\/2&#8243;][mk_fancy_title strip_tags=&#8221;true&#8221; tag_name=&#8221;span&#8221; color=&#8221;#1e73be&#8221; size=&#8221;16&#8243; font_family=&#8221;none&#8221;]\n<h2>DIPLOMSKI STUDIJ<\/h2>\n[\/mk_fancy_title][\/vc_column][\/vc_row][vc_row][vc_column width=&#8221;1\/6&#8243;][vc_single_image image=&#8221;11638&#8243; img_size=&#8221;full&#8221; style=&#8221;vc_box_shadow&#8221; onclick=&#8221;custom_link&#8221; img_link_target=&#8221;_blank&#8221; css_animation=&#8221;fadeInDown&#8221; link=&#8221;https:\/\/www.pmfst.unist.hr\/portfolio-posts\/preddiplomski-sveucilisni-studij-biologija-i-kemija\/&#8221;][\/vc_column][vc_column width=&#8221;1\/6&#8243;][\/vc_column][vc_column width=&#8221;1\/6&#8243;][\/vc_column][vc_column width=&#8221;1\/6&#8243;][vc_single_image image=&#8221;11634&#8243; img_size=&#8221;full&#8221; style=&#8221;vc_box_shadow&#8221; onclick=&#8221;custom_link&#8221; img_link_target=&#8221;_blank&#8221; css_animation=&#8221;fadeInDown&#8221; link=&#8221;https:\/\/www.pmfst.unist.hr\/portfolio-posts\/ddiplomski-sveucilisni-studij-biologija-i-kemija\/&#8221;][\/vc_column][vc_column width=&#8221;1\/6&#8243;][\/vc_column][vc_column width=&#8221;1\/6&#8243;][\/vc_column][\/vc_row][vc_row][vc_column width=&#8221;1\/6&#8243;][vc_single_image image=&#8221;11636&#8243; img_size=&#8221;full&#8221; style=&#8221;vc_box_shadow&#8221; onclick=&#8221;custom_link&#8221; img_link_target=&#8221;_blank&#8221; css_animation=&#8221;fadeInDown&#8221; link=&#8221;https:\/\/www.pmfst.unist.hr\/portfolio-posts\/preddiplomski-sveucilisni-studij-nutricionizam\/&#8221;][\/vc_column][vc_column width=&#8221;1\/6&#8243;][\/vc_column][vc_column width=&#8221;1\/6&#8243;][\/vc_column][vc_column width=&#8221;1\/6&#8243;][\/vc_column][vc_column width=&#8221;1\/6&#8243;][\/vc_column][vc_column width=&#8221;1\/6&#8243;][\/vc_column][\/vc_row]\n<\/div>","protected":false},"excerpt":{"rendered":"<p>[mk_page_section sidebar=&#8221;sidebar-1&#8243;][vc_column][vc_column_text css=&#8221;.vc_custom_1517999379618{margin-bottom: 0px !important;}&#8221;] STUDIJ Odjel za kemiju sudjeluje u izvo\u0111enju preddiplomskog studija Biologije-Kemije (\u0161est semestara), preddiplomskog studija Biologije (\u0161est semestara) i diplomskog studija Biologije i kemije, nastavni\u010dki smjer (\u010detiri semestra). Program kemije obuhva\u0107a temeljne kemijske predmete s posebnim naglaskom na prakti\u010dni rad studenata u laboratoriju te suvremene metode i oblike rada u nastavi [&hellip;]<\/p>\n","protected":false},"author":1,"featured_media":0,"parent":0,"menu_order":0,"comment_status":"closed","ping_status":"closed","template":"","meta":{"_acf_changed":false,"rs_blank_template":"","rs_page_bg_color":"","slide_template_v7":"","footnotes":""},"class_list":["post-27","page","type-page","status-publish","hentry"],"acf":[],"yoast_head":"<!-- This site is optimized with the Yoast SEO plugin v27.4 - https:\/\/yoast.com\/product\/yoast-seo-wordpress\/ -->\n<title>Studij - Odjel za kemiju<\/title>\n<meta name=\"robots\" content=\"index, follow, max-snippet:-1, max-image-preview:large, max-video-preview:-1\" \/>\n<link rel=\"canonical\" href=\"https:\/\/www.pmfst.unist.hr\/odjel-za-kemiju\/studij\/\" \/>\n<meta property=\"og:locale\" content=\"hr_HR\" \/>\n<meta property=\"og:type\" content=\"article\" \/>\n<meta property=\"og:title\" content=\"Studij - Odjel za kemiju\" \/>\n<meta property=\"og:description\" content=\"[mk_page_section sidebar=&#8221;sidebar-1&#8243;][vc_column][vc_column_text css=&#8221;.vc_custom_1517999379618{margin-bottom: 0px !important;}&#8221;] STUDIJ Odjel za kemiju sudjeluje u izvo\u0111enju preddiplomskog studija Biologije-Kemije (\u0161est semestara), preddiplomskog studija Biologije (\u0161est semestara) i diplomskog studija Biologije i kemije, nastavni\u010dki smjer (\u010detiri semestra). Program kemije obuhva\u0107a temeljne kemijske predmete s posebnim naglaskom na prakti\u010dni rad studenata u laboratoriju te suvremene metode i oblike rada u nastavi [&hellip;]\" \/>\n<meta property=\"og:url\" content=\"https:\/\/www.pmfst.unist.hr\/odjel-za-kemiju\/studij\/\" \/>\n<meta property=\"og:site_name\" content=\"Odjel za kemiju\" \/>\n<meta property=\"article:modified_time\" content=\"2020-02-20T08:58:42+00:00\" \/>\n<meta name=\"twitter:card\" content=\"summary_large_image\" \/>\n<meta name=\"twitter:label1\" content=\"Procijenjeno vrijeme \u010ditanja\" \/>\n\t<meta name=\"twitter:data1\" content=\"2 minute\" \/>\n<script type=\"application\/ld+json\" class=\"yoast-schema-graph\">{\"@context\":\"https:\\\/\\\/schema.org\",\"@graph\":[{\"@type\":\"WebPage\",\"@id\":\"https:\\\/\\\/www.pmfst.unist.hr\\\/odjel-za-kemiju\\\/studij\\\/\",\"url\":\"https:\\\/\\\/www.pmfst.unist.hr\\\/odjel-za-kemiju\\\/studij\\\/\",\"name\":\"Studij - Odjel za kemiju\",\"isPartOf\":{\"@id\":\"https:\\\/\\\/www.pmfst.unist.hr\\\/odjel-za-kemiju\\\/#website\"},\"datePublished\":\"2018-02-07T10:29:45+00:00\",\"dateModified\":\"2020-02-20T08:58:42+00:00\",\"breadcrumb\":{\"@id\":\"https:\\\/\\\/www.pmfst.unist.hr\\\/odjel-za-kemiju\\\/studij\\\/#breadcrumb\"},\"inLanguage\":\"hr\",\"potentialAction\":[{\"@type\":\"ReadAction\",\"target\":[\"https:\\\/\\\/www.pmfst.unist.hr\\\/odjel-za-kemiju\\\/studij\\\/\"]}]},{\"@type\":\"BreadcrumbList\",\"@id\":\"https:\\\/\\\/www.pmfst.unist.hr\\\/odjel-za-kemiju\\\/studij\\\/#breadcrumb\",\"itemListElement\":[{\"@type\":\"ListItem\",\"position\":1,\"name\":\"Po\u010detna stranica\",\"item\":\"https:\\\/\\\/www.pmfst.unist.hr\\\/odjel-za-kemiju\\\/\"},{\"@type\":\"ListItem\",\"position\":2,\"name\":\"Studij\"}]},{\"@type\":\"WebSite\",\"@id\":\"https:\\\/\\\/www.pmfst.unist.hr\\\/odjel-za-kemiju\\\/#website\",\"url\":\"https:\\\/\\\/www.pmfst.unist.hr\\\/odjel-za-kemiju\\\/\",\"name\":\"Odjel za kemiju\",\"description\":\"Odjel za kemiju  Prirodoslovnog-matemati\u010dkiog fakulteta Sveu\u010dili\u0161ta u Splitu\",\"potentialAction\":[{\"@type\":\"SearchAction\",\"target\":{\"@type\":\"EntryPoint\",\"urlTemplate\":\"https:\\\/\\\/www.pmfst.unist.hr\\\/odjel-za-kemiju\\\/?s={search_term_string}\"},\"query-input\":{\"@type\":\"PropertyValueSpecification\",\"valueRequired\":true,\"valueName\":\"search_term_string\"}}],\"inLanguage\":\"hr\"}]}<\/script>\n<!-- \/ Yoast SEO plugin. -->","yoast_head_json":{"title":"Studij - Odjel za kemiju","robots":{"index":"index","follow":"follow","max-snippet":"max-snippet:-1","max-image-preview":"max-image-preview:large","max-video-preview":"max-video-preview:-1"},"canonical":"https:\/\/www.pmfst.unist.hr\/odjel-za-kemiju\/studij\/","og_locale":"hr_HR","og_type":"article","og_title":"Studij - Odjel za kemiju","og_description":"[mk_page_section sidebar=&#8221;sidebar-1&#8243;][vc_column][vc_column_text css=&#8221;.vc_custom_1517999379618{margin-bottom: 0px !important;}&#8221;] STUDIJ Odjel za kemiju sudjeluje u izvo\u0111enju preddiplomskog studija Biologije-Kemije (\u0161est semestara), preddiplomskog studija Biologije (\u0161est semestara) i diplomskog studija Biologije i kemije, nastavni\u010dki smjer (\u010detiri semestra). Program kemije obuhva\u0107a temeljne kemijske predmete s posebnim naglaskom na prakti\u010dni rad studenata u laboratoriju te suvremene metode i oblike rada u nastavi [&hellip;]","og_url":"https:\/\/www.pmfst.unist.hr\/odjel-za-kemiju\/studij\/","og_site_name":"Odjel za kemiju","article_modified_time":"2020-02-20T08:58:42+00:00","twitter_card":"summary_large_image","twitter_misc":{"Procijenjeno vrijeme \u010ditanja":"2 minute"},"schema":{"@context":"https:\/\/schema.org","@graph":[{"@type":"WebPage","@id":"https:\/\/www.pmfst.unist.hr\/odjel-za-kemiju\/studij\/","url":"https:\/\/www.pmfst.unist.hr\/odjel-za-kemiju\/studij\/","name":"Studij - Odjel za kemiju","isPartOf":{"@id":"https:\/\/www.pmfst.unist.hr\/odjel-za-kemiju\/#website"},"datePublished":"2018-02-07T10:29:45+00:00","dateModified":"2020-02-20T08:58:42+00:00","breadcrumb":{"@id":"https:\/\/www.pmfst.unist.hr\/odjel-za-kemiju\/studij\/#breadcrumb"},"inLanguage":"hr","potentialAction":[{"@type":"ReadAction","target":["https:\/\/www.pmfst.unist.hr\/odjel-za-kemiju\/studij\/"]}]},{"@type":"BreadcrumbList","@id":"https:\/\/www.pmfst.unist.hr\/odjel-za-kemiju\/studij\/#breadcrumb","itemListElement":[{"@type":"ListItem","position":1,"name":"Po\u010detna stranica","item":"https:\/\/www.pmfst.unist.hr\/odjel-za-kemiju\/"},{"@type":"ListItem","position":2,"name":"Studij"}]},{"@type":"WebSite","@id":"https:\/\/www.pmfst.unist.hr\/odjel-za-kemiju\/#website","url":"https:\/\/www.pmfst.unist.hr\/odjel-za-kemiju\/","name":"Odjel za kemiju","description":"Odjel za kemiju  Prirodoslovnog-matemati\u010dkiog fakulteta Sveu\u010dili\u0161ta u Splitu","potentialAction":[{"@type":"SearchAction","target":{"@type":"EntryPoint","urlTemplate":"https:\/\/www.pmfst.unist.hr\/odjel-za-kemiju\/?s={search_term_string}"},"query-input":{"@type":"PropertyValueSpecification","valueRequired":true,"valueName":"search_term_string"}}],"inLanguage":"hr"}]}},"_links":{"self":[{"href":"https:\/\/www.pmfst.unist.hr\/odjel-za-kemiju\/wp-json\/wp\/v2\/pages\/27","targetHints":{"allow":["GET"]}}],"collection":[{"href":"https:\/\/www.pmfst.unist.hr\/odjel-za-kemiju\/wp-json\/wp\/v2\/pages"}],"about":[{"href":"https:\/\/www.pmfst.unist.hr\/odjel-za-kemiju\/wp-json\/wp\/v2\/types\/page"}],"author":[{"embeddable":true,"href":"https:\/\/www.pmfst.unist.hr\/odjel-za-kemiju\/wp-json\/wp\/v2\/users\/1"}],"replies":[{"embeddable":true,"href":"https:\/\/www.pmfst.unist.hr\/odjel-za-kemiju\/wp-json\/wp\/v2\/comments?post=27"}],"version-history":[{"count":0,"href":"https:\/\/www.pmfst.unist.hr\/odjel-za-kemiju\/wp-json\/wp\/v2\/pages\/27\/revisions"}],"wp:attachment":[{"href":"https:\/\/www.pmfst.unist.hr\/odjel-za-kemiju\/wp-json\/wp\/v2\/media?parent=27"}],"curies":[{"name":"wp","href":"https:\/\/api.w.org\/{rel}","templated":true}]}}