{"id":49,"date":"2018-03-26T14:12:15","date_gmt":"2018-03-26T12:12:15","guid":{"rendered":"https:\/\/www.pmfst.unist.hr\/odjel-za-kemiju\/?page_id=49"},"modified":"2023-03-09T12:11:20","modified_gmt":"2023-03-09T11:11:20","slug":"projekti","status":"publish","type":"page","link":"https:\/\/www.pmfst.unist.hr\/odjel-za-kemiju\/projekti\/","title":{"rendered":"Projekti"},"content":{"rendered":"<div class=\"wpb-content-wrapper\">[vc_row][vc_column][vc_empty_space][mk_fancy_title color=&#8221;#01bcb0&#8243; size=&#8221;28&#8243; font_family=&#8221;none&#8221;]Projekti[\/mk_fancy_title][vc_separator color=&#8221;mulled_wine&#8221; style=&#8221;shadow&#8221; border_width=&#8221;6&#8243;][vc_tta_tabs color=&#8221;turquoise&#8221; active_section=&#8221;1&#8243; css=&#8221;.vc_custom_1518613417707{background-color: #ffffff !important;}&#8221;][vc_tta_section title=&#8221;Nacionalni projekti&#8221; tab_id=&#8221;1518611544505-c6274d8b-8ab3&#8243;][mk_table]\n<table style=\"width: 98.9848%;\">\n<tbody>\n<tr>\n<td style=\"width: 810px;\"><strong>Naziv<\/strong><\/td>\n<td style=\"width: 147px;\"><strong>Izvor financiranja<\/strong><\/td>\n<td style=\"width: 91px;\"><strong>Trajanje<\/strong><\/td>\n<td style=\"width: 144px;\"><strong>Su\/Voditelj<\/strong><\/td>\n<td style=\"width: 173px;\"><strong>Suradnici<\/strong><\/td>\n<\/tr>\n<tr>\n<td style=\"width: 810px;\"><a href=\"https:\/\/projects.pmfst.unist.hr\/qacbioact\/\" target=\"_blank\" rel=\"noopener\">Otkri\u0107e i razvoj novih bioaktivnih kvaternih amonijevih spojeva derivata kinuklidina-QACBioAct<\/a><\/td>\n<td style=\"width: 147px;\">HrZZ<\/td>\n<td style=\"width: 91px;\">2021-2026<\/td>\n<td style=\"width: 144px;\">Matilda \u0160prung<\/td>\n<td style=\"width: 173px;\">Doris Crn\u010devi\u0107<br \/>\nAntonio Sablji\u0107<br \/>\nBarbara Soldo<br \/>\nRenata Od\u017eak<br \/>\nViljemka Bu\u010devi\u0107 Popovi\u0107<\/td>\n<\/tr>\n<tr>\n<td style=\"width: 810px;\">Aktivno\u0161\u0107u i <em>in silico<\/em> usmjeren dizajn malih bioaktivnih molekula, HRZZ<\/td>\n<td style=\"width: 147px;\"><\/td>\n<td style=\"width: 91px;\">2017 &#8211; 2021<\/td>\n<td style=\"width: 144px;\"><\/td>\n<td style=\"width: 173px;\">Renata Od\u017eak<br \/>\nLinda Bazina<\/td>\n<\/tr>\n<tr>\n<td style=\"width: 810px;\">Biljke kao izvor bioaktivnih sumporovih spojeva te njihova sposobnost hiperakumulacije metala (BioSMe)<\/td>\n<td style=\"width: 147px;\">HrZZ<\/td>\n<td style=\"width: 91px;\">2017 &#8211; 2021<\/td>\n<td style=\"width: 144px;\"><\/td>\n<td style=\"width: 173px;\">Ivica Ljubenkov<\/td>\n<\/tr>\n<tr>\n<td style=\"width: 810px;\">Razvoj novih membrana za ionsko-selektivne elektrode s dodatkom nano\u010destica metala i metalnih oksida<\/td>\n<td style=\"width: 147px;\">HrZZ<\/td>\n<td style=\"width: 91px;\">2017 &#8211; 2023<\/td>\n<td style=\"width: 144px;\"><\/td>\n<td style=\"width: 173px;\">Ivana Mitar<\/p>\n<p>Perica Bo\u0161kovi\u0107<\/td>\n<\/tr>\n<tr>\n<td style=\"width: 810px;\">\u00a0Nastajanje i svojstva 1D a-Fe2\u20923 nanostruktura dopiranih odabranim metalnim ionima-1D-DopedFeOx<\/td>\n<td style=\"width: 147px;\">HrZZ<\/td>\n<td style=\"width: 91px;\">2017 &#8211; 2021<\/td>\n<td style=\"width: 144px;\"><\/td>\n<td style=\"width: 173px;\">Ivana Mitar<\/td>\n<\/tr>\n<tr>\n<td style=\"width: 810px;\">Uloga proteina Spartan u DNA replikaciji<\/td>\n<td style=\"width: 147px;\">HrZZ<\/td>\n<td style=\"width: 91px;\">2017 &#8211; 2021<\/td>\n<td style=\"width: 144px;\"><\/td>\n<td style=\"width: 173px;\">Matilda \u0160prung<\/td>\n<\/tr>\n<tr>\n<td style=\"width: 810px;\">Smanjenje emisija stakleni\u010dkih plinova upotrebom gradskog i poljoprivrednog otpada u proizvodnji bilja \u2013 REDGREENPLANT<\/td>\n<td style=\"width: 147px;\">HrZZ<\/td>\n<td style=\"width: 91px;\">2016 &#8211; 2019<\/td>\n<td style=\"width: 144px;\"><\/td>\n<td style=\"width: 173px;\">Barbara Soldo<\/td>\n<\/tr>\n<tr>\n<td style=\"width: 810px;\">Cijepljenje raj\u010dice ubla\u017eava bioti\u010dki stres izazvan \u0161titastim moljcima (TomGraf), HRZZ<\/td>\n<td style=\"width: 147px;\">HRZZ<\/td>\n<td style=\"width: 91px;\">2015-<br \/>\n2018<\/td>\n<td style=\"width: 144px;\"><\/td>\n<td style=\"width: 173px;\">Ivica Ljubenkov<\/td>\n<\/tr>\n<tr>\n<td style=\"width: 810px;\">Uloga upale u razvoju zlo\u0107udnog tumora mokra\u0107nog mjehura<\/td>\n<td style=\"width: 147px;\">HrZZ<\/td>\n<td style=\"width: 91px;\">2015 &#8211; 2019<\/td>\n<td style=\"width: 144px;\"><\/td>\n<td style=\"width: 173px;\">Viljemka Bu\u010devi\u0107 Popovi\u0107<\/td>\n<\/tr>\n<tr>\n<td style=\"width: 810px;\">Uloga receptora autofagije u selektivnom uklanjanju mitohondrija<\/td>\n<td style=\"width: 147px;\">HrZZ<\/td>\n<td style=\"width: 91px;\">2014 &#8211; 2018<\/td>\n<td style=\"width: 144px;\"><\/td>\n<td style=\"width: 173px;\">Matilda \u0160prung<\/td>\n<\/tr>\n<tr>\n<td style=\"width: 810px;\">Prirodni izvori resveratrola i njegov sinergijski u\u010dinak s drugim polifenolima<\/td>\n<td style=\"width: 147px;\">MZO<\/td>\n<td style=\"width: 91px;\">2007- 2012<\/td>\n<td style=\"width: 144px;\"><\/td>\n<td style=\"width: 173px;\">Ivica Ljubenkov<\/td>\n<\/tr>\n<tr>\n<td style=\"width: 810px;\">Modeliranje molekula i materijala metodama matemati\u010dke i ra\u010dunarske kemije<\/td>\n<td style=\"width: 147px;\">MZO<\/td>\n<td style=\"width: 91px;\">2007 &#8211; 2014<\/td>\n<td style=\"width: 144px;\">Ante Graovac<\/td>\n<td style=\"width: 173px;\"><\/td>\n<\/tr>\n<tr>\n<td style=\"width: 810px;\">Sinteze i enzimske transformacije biolo\u0161ki aktivnih spojeva<\/td>\n<td style=\"width: 147px;\">MZO<\/td>\n<td style=\"width: 91px;\">2007 &#8211; 2014<\/td>\n<td style=\"width: 144px;\"><\/td>\n<td style=\"width: 173px;\">Renata Od\u017eak<\/td>\n<\/tr>\n<tr>\n<td style=\"width: 810px;\">Oligomerni enzimski sustavi u sintezi bioaktivnih sekundarnih metabolita<\/td>\n<td style=\"width: 147px;\">MZO<\/td>\n<td style=\"width: 91px;\">2007 &#8211; 2013<\/td>\n<td style=\"width: 144px;\">Maja Pavela-Vran\u010di\u0107<\/td>\n<td style=\"width: 173px;\">Viljemka Bu\u010devi\u0107 Popovi\u0107<br \/>\nMatilda \u0160prung<br \/>\nStjepan Orhanovi\u0107<br \/>\nBarbara Soldo<\/td>\n<\/tr>\n<tr>\n<td style=\"width: 810px;\">Sinteza i mikrostruktura metalnih oksida i oksidnih stakala<\/td>\n<td style=\"width: 147px;\">MZO<\/td>\n<td style=\"width: 91px;\">2007 &#8211; 2011<\/td>\n<td style=\"width: 144px;\"><\/td>\n<td style=\"width: 173px;\">Ivana Mitar<\/td>\n<\/tr>\n<tr>\n<td style=\"width: 810px;\">Enzimske transformacije saharida i kinuklidina<\/td>\n<td style=\"width: 147px;\">MZO<\/td>\n<td style=\"width: 91px;\">2002 &#8211; 2006<\/td>\n<td style=\"width: 144px;\"><\/td>\n<td style=\"width: 173px;\">Renata Od\u017eak<\/td>\n<\/tr>\n<tr>\n<td style=\"width: 810px;\">Oligomerni proteini: dinamika proteinske konformacije<\/td>\n<td style=\"width: 147px;\">MZO<\/td>\n<td style=\"width: 91px;\">2002 &#8211; 2006<\/td>\n<td style=\"width: 144px;\">Maja Pavela-Vran\u010di\u0107<\/td>\n<td style=\"width: 173px;\">Viljemka Bu\u010devi\u0107 Popovi\u0107<br \/>\nStjepan Orhanovi\u0107<\/td>\n<\/tr>\n<tr>\n<td style=\"width: 810px;\">Modeliranje novih ugljikovih materijala<\/td>\n<td style=\"width: 147px;\">MZO<\/td>\n<td style=\"width: 91px;\">2002 &#8211; 2005<\/td>\n<td style=\"width: 144px;\">Ante Graovac<\/td>\n<td style=\"width: 173px;\">Ivana An\u0111eli\u0107<\/td>\n<\/tr>\n<tr>\n<td style=\"width: 810px;\">Potencijali hrvatskog Mediterana u proizvodnji hrane i pi\u0107a<\/td>\n<td style=\"width: 147px;\">MZO<\/td>\n<td style=\"width: 91px;\">1997 &#8211; 1998<\/td>\n<td style=\"width: 144px;\"><\/td>\n<td style=\"width: 173px;\">Viljemka Bu\u010devi\u0107 Popovi\u0107<\/td>\n<\/tr>\n<tr>\n<td style=\"width: 810px;\">Razvoj i primjena modela u kemiji<\/td>\n<td style=\"width: 147px;\">MZO<\/td>\n<td style=\"width: 91px;\">1996 &#8211; 2002<\/td>\n<td style=\"width: 144px;\"><\/td>\n<td style=\"width: 173px;\">Ante Graovac<br \/>\nIvana An\u0111eli\u0107<\/td>\n<\/tr>\n<tr>\n<td style=\"width: 810px;\">Biolo\u0161ka uloga alkalne fosfataze<\/td>\n<td style=\"width: 147px;\">MZO<\/td>\n<td style=\"width: 91px;\">1996 \u2013 2001<\/td>\n<td style=\"width: 144px;\">Maja Pavela-Vran\u010di\u0107<\/td>\n<td style=\"width: 173px;\">Viljemka Bu\u010devi\u0107 Popovi\u0107<br \/>\nStjepan Orhanovi\u0107<\/td>\n<\/tr>\n<tr>\n<td style=\"width: 810px;\">Sinteze saharida i antidota organofosfornih spojeva<\/td>\n<td style=\"width: 147px;\">MZO<\/td>\n<td style=\"width: 91px;\">1995 &#8211; 2002<\/td>\n<td style=\"width: 144px;\"><\/td>\n<td style=\"width: 173px;\">Renata Od\u017eak<\/td>\n<\/tr>\n<tr>\n<td style=\"width: 810px;\">Sinteza i biolo\u0161ko djelovanje antidota organofosfornih spojeva<\/td>\n<td style=\"width: 147px;\">MZO<\/td>\n<td style=\"width: 91px;\">1993 &#8211; 1995<\/td>\n<td style=\"width: 144px;\"><\/td>\n<td style=\"width: 173px;\">Renata Od\u017eak<\/td>\n<\/tr>\n<tr>\n<td style=\"width: 810px;\">Razvoj i primjena modela u kemiji<\/td>\n<td style=\"width: 147px;\">MZO<\/td>\n<td style=\"width: 91px;\">1991 &#8211; 1995<\/td>\n<td style=\"width: 144px;\"><\/td>\n<td style=\"width: 173px;\">Ante Graovac<br \/>\nIvana An\u0111eli\u0107<\/td>\n<\/tr>\n<tr>\n<td style=\"width: 810px;\"><\/td>\n<td style=\"width: 147px;\"><\/td>\n<td style=\"width: 91px;\"><\/td>\n<td style=\"width: 144px;\"><\/td>\n<td style=\"width: 173px;\"><\/td>\n<\/tr>\n<\/tbody>\n<\/table>\n[\/mk_table][\/vc_tta_section][vc_tta_section title=&#8221;Me\u0111unarodni projekti&#8221; tab_id=&#8221;1522066285225-62ed9713-0acd&#8221;][mk_table style=&#8221;style2&#8243;]\n<table width=\"0\">\n<tbody>\n<tr>\n<td><strong>Naziv<\/strong><\/td>\n<td><strong>Izvor financiranja<\/strong><\/td>\n<td><strong>Trajanje<\/strong><\/td>\n<td><strong>Su\/Voditelj<\/strong><\/td>\n<td><strong>Suradnici<\/strong><\/td>\n<\/tr>\n<tr>\n<td>Next generation test bed for upscaling of microfluidic devices based on nano-enabled surfaces and membranes-NextGenMicrofluidics<\/td>\n<td>H2020 Industrial Leadership<\/td>\n<td>2020-2024<\/td>\n<td><\/td>\n<td>Perica Bo\u0161kovi\u0107\/Ivana Mitar<\/td>\n<\/tr>\n<tr>\n<td>Water-a common but anomalus substance that has to be taught and studied<\/td>\n<td>CEEPUS mre\u017ea: CIII-SI-1312-02-1920<\/td>\n<td>2020-2021<\/td>\n<td><\/td>\n<td>Perica Bo\u0161kovi\u0107<\/td>\n<\/tr>\n<tr>\n<td>Water-a common but anomalus substance that has to be taught and studied<\/td>\n<td>CEEPUS mre\u017ea: CIII-SI-1312-01-1920<\/td>\n<td>2019-2020<\/td>\n<td><\/td>\n<td>Perica Bo\u0161kovi\u0107<\/td>\n<\/tr>\n<tr>\n<td>Monitoring dynamics of Croatian olive fields using remote sensing application<\/td>\n<td>UKF<\/td>\n<td>2009<\/td>\n<td><\/td>\n<td>Ivica Ljubenkov<\/td>\n<\/tr>\n<\/tbody>\n<\/table>\n[\/mk_table][\/vc_tta_section][vc_tta_section title=&#8221;Bileteralni sporazumi&#8221; tab_id=&#8221;1518612607041-5bc7a44e-2683&#8243;][mk_table style=&#8221;style2&#8243;]\n<table width=\"0\">\n<tbody>\n<tr>\n<td><strong>Naziv<\/strong><\/td>\n<td><strong>Izvor financiranja<\/strong><\/td>\n<td><strong>Trajanje<\/strong><\/td>\n<td><strong>Su\/Voditelj<\/strong><\/td>\n<td><strong>Suradnici<\/strong><\/td>\n<\/tr>\n<tr>\n<td>Analiza fitotoksina u \u0161koljka\u0161ima Srednjeg Jadrana (Neumski zaljev)<\/td>\n<td>bilateralni projekt Hrvatska \u2013 BiH<\/td>\n<td>2017 &#8211; 2018<\/td>\n<td><\/td>\n<td>Maja Pavela-Vran\u010di\u0107<\/td>\n<\/tr>\n<tr>\n<td>U\u010dinak fenolnih ekstrakata ljekovitog bilja na stabilnost antocijana gro\u017e\u0111a<\/td>\n<td>hrvatsko-makedonski bilateralni projekt<\/td>\n<td>2012-2014<\/td>\n<td><\/td>\n<td>Ivica Ljubenkov<\/td>\n<\/tr>\n<tr>\n<td>Natural, biologicaly active additives for healthy and stable food<\/td>\n<td>hrvatsko-slovenski bilateralni projekt<\/td>\n<td>2009 &#8211; 2010<\/td>\n<td><\/td>\n<td>Ivica Ljubenkov<\/td>\n<\/tr>\n<tr>\n<td>Multienzyme systems<\/td>\n<td>hrvatsko-njema\u010dki bilateralni projekt<\/td>\n<td>2000 &#8211; 2002<\/td>\n<td>Maja Pavela- Vran\u010di\u0107<\/td>\n<td><\/td>\n<\/tr>\n<tr>\n<td>Multienzyme systems: Structure-function Analysis of Multienzyme Systems in the Production of Antibiotics<\/td>\n<td>hrvatsko-njema\u010dki bilateralni projekt<\/td>\n<td>1995 &#8211; 1999<\/td>\n<td>Maja Pavela- Vran\u010di\u0107<\/td>\n<td><\/td>\n<\/tr>\n<\/tbody>\n<\/table>\n[\/mk_table][\/vc_tta_section][vc_tta_section title=&#8221;Ostalo&#8221; tab_id=&#8221;1518612606361-a7845c8c-f696&#8243;][vc_separator color=&#8221;mulled_wine&#8221; style=&#8221;shadow&#8221;][mk_table style=&#8221;style2&#8243;]\n<table style=\"width: 100%; height: 456px;\" width=\"0\">\n<tbody>\n<tr style=\"height: 24px;\">\n<td style=\"height: 24px;\"><strong>Naziv<\/strong><\/td>\n<td style=\"height: 24px;\"><strong>Izvor financiranja<\/strong><\/td>\n<td style=\"height: 24px;\"><strong>Trajanje<\/strong><\/td>\n<td style=\"height: 24px;\"><strong>Su\/Voditelj<\/strong><\/td>\n<td style=\"height: 24px;\"><strong>Suradnici<\/strong><\/td>\n<\/tr>\n<tr>\n<td>Istra\u017eivanje proizvodnih mehanizama za uporabu biljnog otpada u poljoprivrednoj proizvodnji \u2013 OBO<\/td>\n<td>Ministarstvo poljoprivrede<\/td>\n<td>2021-2023<\/td>\n<td><\/td>\n<td>Ivica Ljubenkov<br \/>\nJosipa Mari\u0107<\/td>\n<\/tr>\n<tr style=\"height: 24px;\">\n<td style=\"height: 24px;\">Zelena ekstrakcija i inkapsulacija alicina iz \u010de\u0161njaka u mikroemulgiraju\u0107e\u00a0 nosa\u010de-Greemdsys<\/td>\n<td style=\"height: 24px;\">Hep d.d.<\/td>\n<td style=\"height: 24px;\">2018-2019<\/td>\n<td style=\"height: 24px;\">Perica Bo\u0161kovi\u0107<\/td>\n<td style=\"height: 24px;\"><\/td>\n<\/tr>\n<tr style=\"height: 96px;\">\n<td style=\"height: 96px;\">Kinuklidin i derivati kinuklidina \u2013 spojevi visokog biolo\u0161kog i medicinskog potencijala<\/td>\n<td style=\"height: 96px;\">Zaklada Adris<\/td>\n<td style=\"height: 96px;\">2017 &#8211; 2019<\/td>\n<td style=\"height: 96px;\">Matilda \u0160prung<\/td>\n<td style=\"height: 96px;\">Renata Od\u017eak<br \/>\nBarbara Soldo<br \/>\nAna Maravi\u0107<br \/>\nLucija Krce<\/td>\n<\/tr>\n<tr style=\"height: 48px;\">\n<td style=\"height: 48px;\">Najbolje od Dalmacije: znanost potvr\u0111uje tradiciju<\/td>\n<td style=\"height: 48px;\">studentski projekt iz podru\u010dja znanost i tehnologije<\/td>\n<td style=\"height: 48px;\">2017<\/td>\n<td style=\"height: 48px;\"><\/td>\n<td style=\"height: 48px;\">Barbara Soldo<\/td>\n<\/tr>\n<tr style=\"height: 48px;\">\n<td style=\"height: 48px;\">Lipidni, fenolni i genetski profil maslina autohtonih sorti Oblice, Levantinke, Buhavice i Drobnice pri ranom i produ\u017eenom Trajanjeu berbe<\/td>\n<td style=\"height: 48px;\">Splitsko-dalmatinska \u017eupanija<\/td>\n<td style=\"height: 48px;\">2015<\/td>\n<td style=\"height: 48px;\"><\/td>\n<td style=\"height: 48px;\">Ivica Ljubenkov<\/td>\n<\/tr>\n<tr style=\"height: 48px;\">\n<td style=\"height: 48px;\">Moderne kompetencije za modernu gimnaziju<\/td>\n<td style=\"height: 48px;\">Europski strukturni i investicijski fond<\/td>\n<td style=\"height: 48px;\">2015 \u2013 2016<\/td>\n<td style=\"height: 48px;\"><\/td>\n<td style=\"height: 48px;\">Roko Vladu\u0161i\u0107<\/td>\n<\/tr>\n<tr style=\"height: 48px;\">\n<td style=\"height: 48px;\">Ispitivanje antioksidacijskih svojstava Bra\u010dkog varenika ORAC metodom<\/td>\n<td style=\"height: 48px;\">Splitsko-dalmatinska \u017eupanija<\/td>\n<td style=\"height: 48px;\">2015- 2016<\/td>\n<td style=\"height: 48px;\">Ivica Ljubenkov<\/td>\n<td style=\"height: 48px;\">Barbara Soldo<\/td>\n<\/tr>\n<tr style=\"height: 24px;\">\n<td style=\"height: 24px;\">E-\u0160kole: Uspostava sustava razvoja digitalno zrelih \u0161kola<\/td>\n<td style=\"height: 24px;\">Europski strukturni i investicijski fond<\/td>\n<td style=\"height: 24px;\">2015 &#8211;\u00a0 2017<\/td>\n<td style=\"height: 24px;\"><\/td>\n<td style=\"height: 24px;\">Roko Vladu\u0161i\u0107<\/td>\n<\/tr>\n<tr style=\"height: 48px;\">\n<td style=\"height: 48px;\">Ispitivanje enzima lipoksigenaznog puta u autohtonim sortama maslina<\/td>\n<td style=\"height: 48px;\">Splitsko-dalmatinska \u017eupanija<\/td>\n<td style=\"height: 48px;\">2014 \u2013 2015<\/td>\n<td style=\"height: 48px;\">Ivica Ljubenkov<\/td>\n<td style=\"height: 48px;\">Barbara Soldo<\/td>\n<\/tr>\n<tr style=\"height: 48px;\">\n<td style=\"height: 48px;\">Sinteza policikli\u010dkih derivata kao potencijalnih inhibitora TNF-a<\/td>\n<td style=\"height: 48px;\">Pliva d.d.<\/td>\n<td style=\"height: 48px;\">2000 &#8211; 2003<\/td>\n<td style=\"height: 48px;\"><\/td>\n<td style=\"height: 48px;\">Renata Od\u017eak<\/td>\n<\/tr>\n<\/tbody>\n<\/table>\n[\/mk_table][\/vc_tta_section][\/vc_tta_tabs][\/vc_column][\/vc_row]\n<\/div>","protected":false},"excerpt":{"rendered":"<p>[vc_row][vc_column][vc_empty_space][mk_fancy_title color=&#8221;#01bcb0&#8243; size=&#8221;28&#8243; font_family=&#8221;none&#8221;]Projekti[\/mk_fancy_title][vc_separator color=&#8221;mulled_wine&#8221; style=&#8221;shadow&#8221; border_width=&#8221;6&#8243;][vc_tta_tabs color=&#8221;turquoise&#8221; active_section=&#8221;1&#8243; css=&#8221;.vc_custom_1518613417707{background-color: #ffffff !important;}&#8221;][vc_tta_section title=&#8221;Nacionalni projekti&#8221; tab_id=&#8221;1518611544505-c6274d8b-8ab3&#8243;][mk_table] Naziv Izvor financiranja Trajanje Su\/Voditelj Suradnici Otkri\u0107e i razvoj novih bioaktivnih kvaternih amonijevih spojeva derivata kinuklidina-QACBioAct HrZZ 2021-2026 Matilda \u0160prung Doris Crn\u010devi\u0107 Antonio Sablji\u0107 Barbara Soldo Renata Od\u017eak Viljemka Bu\u010devi\u0107 Popovi\u0107 Aktivno\u0161\u0107u i in silico usmjeren dizajn malih bioaktivnih molekula, [&hellip;]<\/p>\n","protected":false},"author":1,"featured_media":0,"parent":0,"menu_order":0,"comment_status":"closed","ping_status":"closed","template":"","meta":{"_acf_changed":false,"rs_blank_template":"","rs_page_bg_color":"","slide_template_v7":"","footnotes":""},"class_list":["post-49","page","type-page","status-publish","hentry"],"acf":[],"yoast_head":"<!-- This site is optimized with the Yoast SEO plugin v27.4 - https:\/\/yoast.com\/product\/yoast-seo-wordpress\/ -->\n<title>Projekti - Odjel za kemiju<\/title>\n<meta name=\"robots\" content=\"index, follow, max-snippet:-1, max-image-preview:large, max-video-preview:-1\" \/>\n<link rel=\"canonical\" href=\"https:\/\/www.pmfst.unist.hr\/odjel-za-kemiju\/projekti\/\" \/>\n<meta property=\"og:locale\" content=\"hr_HR\" \/>\n<meta property=\"og:type\" content=\"article\" \/>\n<meta property=\"og:title\" content=\"Projekti - Odjel za kemiju\" \/>\n<meta property=\"og:description\" content=\"[vc_row][vc_column][vc_empty_space][mk_fancy_title color=&#8221;#01bcb0&#8243; size=&#8221;28&#8243; font_family=&#8221;none&#8221;]Projekti[\/mk_fancy_title][vc_separator color=&#8221;mulled_wine&#8221; style=&#8221;shadow&#8221; border_width=&#8221;6&#8243;][vc_tta_tabs color=&#8221;turquoise&#8221; active_section=&#8221;1&#8243; css=&#8221;.vc_custom_1518613417707{background-color: #ffffff !important;}&#8221;][vc_tta_section title=&#8221;Nacionalni projekti&#8221; tab_id=&#8221;1518611544505-c6274d8b-8ab3&#8243;][mk_table] Naziv Izvor financiranja Trajanje Su\/Voditelj Suradnici Otkri\u0107e i razvoj novih bioaktivnih kvaternih amonijevih spojeva derivata kinuklidina-QACBioAct HrZZ 2021-2026 Matilda \u0160prung Doris Crn\u010devi\u0107 Antonio Sablji\u0107 Barbara Soldo Renata Od\u017eak Viljemka Bu\u010devi\u0107 Popovi\u0107 Aktivno\u0161\u0107u i in silico usmjeren dizajn malih bioaktivnih molekula, [&hellip;]\" \/>\n<meta property=\"og:url\" content=\"https:\/\/www.pmfst.unist.hr\/odjel-za-kemiju\/projekti\/\" \/>\n<meta property=\"og:site_name\" content=\"Odjel za kemiju\" \/>\n<meta property=\"article:modified_time\" content=\"2023-03-09T11:11:20+00:00\" \/>\n<meta name=\"twitter:card\" content=\"summary_large_image\" \/>\n<meta name=\"twitter:label1\" content=\"Procijenjeno vrijeme \u010ditanja\" \/>\n\t<meta name=\"twitter:data1\" content=\"4 minute\" \/>\n<script type=\"application\/ld+json\" class=\"yoast-schema-graph\">{\"@context\":\"https:\\\/\\\/schema.org\",\"@graph\":[{\"@type\":\"WebPage\",\"@id\":\"https:\\\/\\\/www.pmfst.unist.hr\\\/odjel-za-kemiju\\\/projekti\\\/\",\"url\":\"https:\\\/\\\/www.pmfst.unist.hr\\\/odjel-za-kemiju\\\/projekti\\\/\",\"name\":\"Projekti - Odjel za kemiju\",\"isPartOf\":{\"@id\":\"https:\\\/\\\/www.pmfst.unist.hr\\\/odjel-za-kemiju\\\/#website\"},\"datePublished\":\"2018-03-26T12:12:15+00:00\",\"dateModified\":\"2023-03-09T11:11:20+00:00\",\"breadcrumb\":{\"@id\":\"https:\\\/\\\/www.pmfst.unist.hr\\\/odjel-za-kemiju\\\/projekti\\\/#breadcrumb\"},\"inLanguage\":\"hr\",\"potentialAction\":[{\"@type\":\"ReadAction\",\"target\":[\"https:\\\/\\\/www.pmfst.unist.hr\\\/odjel-za-kemiju\\\/projekti\\\/\"]}]},{\"@type\":\"BreadcrumbList\",\"@id\":\"https:\\\/\\\/www.pmfst.unist.hr\\\/odjel-za-kemiju\\\/projekti\\\/#breadcrumb\",\"itemListElement\":[{\"@type\":\"ListItem\",\"position\":1,\"name\":\"Po\u010detna stranica\",\"item\":\"https:\\\/\\\/www.pmfst.unist.hr\\\/odjel-za-kemiju\\\/\"},{\"@type\":\"ListItem\",\"position\":2,\"name\":\"Projekti\"}]},{\"@type\":\"WebSite\",\"@id\":\"https:\\\/\\\/www.pmfst.unist.hr\\\/odjel-za-kemiju\\\/#website\",\"url\":\"https:\\\/\\\/www.pmfst.unist.hr\\\/odjel-za-kemiju\\\/\",\"name\":\"Odjel za kemiju\",\"description\":\"Odjel za kemiju  Prirodoslovnog-matemati\u010dkiog fakulteta Sveu\u010dili\u0161ta u Splitu\",\"potentialAction\":[{\"@type\":\"SearchAction\",\"target\":{\"@type\":\"EntryPoint\",\"urlTemplate\":\"https:\\\/\\\/www.pmfst.unist.hr\\\/odjel-za-kemiju\\\/?s={search_term_string}\"},\"query-input\":{\"@type\":\"PropertyValueSpecification\",\"valueRequired\":true,\"valueName\":\"search_term_string\"}}],\"inLanguage\":\"hr\"}]}<\/script>\n<!-- \/ Yoast SEO plugin. -->","yoast_head_json":{"title":"Projekti - Odjel za kemiju","robots":{"index":"index","follow":"follow","max-snippet":"max-snippet:-1","max-image-preview":"max-image-preview:large","max-video-preview":"max-video-preview:-1"},"canonical":"https:\/\/www.pmfst.unist.hr\/odjel-za-kemiju\/projekti\/","og_locale":"hr_HR","og_type":"article","og_title":"Projekti - Odjel za kemiju","og_description":"[vc_row][vc_column][vc_empty_space][mk_fancy_title color=&#8221;#01bcb0&#8243; size=&#8221;28&#8243; font_family=&#8221;none&#8221;]Projekti[\/mk_fancy_title][vc_separator color=&#8221;mulled_wine&#8221; style=&#8221;shadow&#8221; border_width=&#8221;6&#8243;][vc_tta_tabs color=&#8221;turquoise&#8221; active_section=&#8221;1&#8243; css=&#8221;.vc_custom_1518613417707{background-color: #ffffff !important;}&#8221;][vc_tta_section title=&#8221;Nacionalni projekti&#8221; tab_id=&#8221;1518611544505-c6274d8b-8ab3&#8243;][mk_table] Naziv Izvor financiranja Trajanje Su\/Voditelj Suradnici Otkri\u0107e i razvoj novih bioaktivnih kvaternih amonijevih spojeva derivata kinuklidina-QACBioAct HrZZ 2021-2026 Matilda \u0160prung Doris Crn\u010devi\u0107 Antonio Sablji\u0107 Barbara Soldo Renata Od\u017eak Viljemka Bu\u010devi\u0107 Popovi\u0107 Aktivno\u0161\u0107u i in silico usmjeren dizajn malih bioaktivnih molekula, [&hellip;]","og_url":"https:\/\/www.pmfst.unist.hr\/odjel-za-kemiju\/projekti\/","og_site_name":"Odjel za kemiju","article_modified_time":"2023-03-09T11:11:20+00:00","twitter_card":"summary_large_image","twitter_misc":{"Procijenjeno vrijeme \u010ditanja":"4 minute"},"schema":{"@context":"https:\/\/schema.org","@graph":[{"@type":"WebPage","@id":"https:\/\/www.pmfst.unist.hr\/odjel-za-kemiju\/projekti\/","url":"https:\/\/www.pmfst.unist.hr\/odjel-za-kemiju\/projekti\/","name":"Projekti - Odjel za kemiju","isPartOf":{"@id":"https:\/\/www.pmfst.unist.hr\/odjel-za-kemiju\/#website"},"datePublished":"2018-03-26T12:12:15+00:00","dateModified":"2023-03-09T11:11:20+00:00","breadcrumb":{"@id":"https:\/\/www.pmfst.unist.hr\/odjel-za-kemiju\/projekti\/#breadcrumb"},"inLanguage":"hr","potentialAction":[{"@type":"ReadAction","target":["https:\/\/www.pmfst.unist.hr\/odjel-za-kemiju\/projekti\/"]}]},{"@type":"BreadcrumbList","@id":"https:\/\/www.pmfst.unist.hr\/odjel-za-kemiju\/projekti\/#breadcrumb","itemListElement":[{"@type":"ListItem","position":1,"name":"Po\u010detna stranica","item":"https:\/\/www.pmfst.unist.hr\/odjel-za-kemiju\/"},{"@type":"ListItem","position":2,"name":"Projekti"}]},{"@type":"WebSite","@id":"https:\/\/www.pmfst.unist.hr\/odjel-za-kemiju\/#website","url":"https:\/\/www.pmfst.unist.hr\/odjel-za-kemiju\/","name":"Odjel za kemiju","description":"Odjel za kemiju  Prirodoslovnog-matemati\u010dkiog fakulteta Sveu\u010dili\u0161ta u Splitu","potentialAction":[{"@type":"SearchAction","target":{"@type":"EntryPoint","urlTemplate":"https:\/\/www.pmfst.unist.hr\/odjel-za-kemiju\/?s={search_term_string}"},"query-input":{"@type":"PropertyValueSpecification","valueRequired":true,"valueName":"search_term_string"}}],"inLanguage":"hr"}]}},"_links":{"self":[{"href":"https:\/\/www.pmfst.unist.hr\/odjel-za-kemiju\/wp-json\/wp\/v2\/pages\/49","targetHints":{"allow":["GET"]}}],"collection":[{"href":"https:\/\/www.pmfst.unist.hr\/odjel-za-kemiju\/wp-json\/wp\/v2\/pages"}],"about":[{"href":"https:\/\/www.pmfst.unist.hr\/odjel-za-kemiju\/wp-json\/wp\/v2\/types\/page"}],"author":[{"embeddable":true,"href":"https:\/\/www.pmfst.unist.hr\/odjel-za-kemiju\/wp-json\/wp\/v2\/users\/1"}],"replies":[{"embeddable":true,"href":"https:\/\/www.pmfst.unist.hr\/odjel-za-kemiju\/wp-json\/wp\/v2\/comments?post=49"}],"version-history":[{"count":0,"href":"https:\/\/www.pmfst.unist.hr\/odjel-za-kemiju\/wp-json\/wp\/v2\/pages\/49\/revisions"}],"wp:attachment":[{"href":"https:\/\/www.pmfst.unist.hr\/odjel-za-kemiju\/wp-json\/wp\/v2\/media?parent=49"}],"curies":[{"name":"wp","href":"https:\/\/api.w.org\/{rel}","templated":true}]}}