{"id":11508,"date":"2018-06-04T13:35:27","date_gmt":"2018-06-04T11:35:27","guid":{"rendered":"https:\/\/www.pmfst.unist.hr\/odjel-za-matematiku\/?page_id=11508"},"modified":"2021-09-27T14:38:31","modified_gmt":"2021-09-27T12:38:31","slug":"mentoriranje-doktorskih-disertacija","status":"publish","type":"page","link":"https:\/\/www.pmfst.unist.hr\/odjel-za-matematiku\/mentoriranje-doktorskih-disertacija\/","title":{"rendered":"Mentoriranje doktorskih disertacija"},"content":{"rendered":"<div class=\"wpb-content-wrapper\">[vc_row][vc_column][mk_table]\n<table style=\"width: 100%;\">\n<tbody>\n<tr>\n<th style=\"width: 16.6556%;\" width=\"95\">Mentor<\/th>\n<th style=\"width: 11.1557%;\" width=\"65\">Godina obrane<\/th>\n<th style=\"width: 57.5689%;\" width=\"331\">Naslov rada<\/th>\n<th style=\"width: 49.342%;\" width=\"129\">Kandidat<\/th>\n<\/tr>\n<tr>\n<td style=\"width: 16.6556%;\">Nikola Kocei\u0107-Bilan<\/td>\n<td style=\"width: 11.1557%;\">2021<\/td>\n<td style=\"width: 57.5689%;\">Vanjski i unutarnji pristup kona\u010dnom grubom obliku<\/td>\n<td style=\"width: 49.342%;\">Ivan Jeli\u0107<\/td>\n<\/tr>\n<tr>\n<td style=\"width: 16.6556%;\" width=\"95\">Nikola Kocei\u0107- Bilan<\/td>\n<td style=\"width: 11.1557%;\" width=\"65\">2019.<\/td>\n<td style=\"width: 57.5689%;\" width=\"331\">Redukcija kategorija pro*-Grp i pro*-HTop<\/td>\n<td style=\"width: 49.342%;\" width=\"129\">Ivan\u010dica Miro\u0161evi\u0107<\/td>\n<\/tr>\n<tr>\n<td style=\"width: 16.6556%;\" width=\"95\">Nikola Kocei\u0107- Bilan<\/td>\n<td style=\"width: 11.1557%;\" width=\"65\">2018.<\/td>\n<td style=\"width: 57.5689%;\" width=\"331\">Topolo\u0161ke grupe gruboga oblika<\/td>\n<td style=\"width: 49.342%;\" width=\"129\">Zdravko \u010cuka<\/td>\n<\/tr>\n<tr>\n<td style=\"width: 16.6556%;\" width=\"95\">Nikola Kocei\u0107- Bilan<\/td>\n<td style=\"width: 11.1557%;\" width=\"65\">2017.<\/td>\n<td style=\"width: 57.5689%;\" width=\"331\">Ispitivanje sli\u010dnosti slu\u010dajnih skupova aproksimacijama konveksnim tijelima i njihovim potpornim funkcijama<\/td>\n<td style=\"width: 49.342%;\" width=\"129\">Vesna Gotovac<\/td>\n<\/tr>\n<tr>\n<td style=\"width: 16.6556%;\" width=\"95\">Jo\u0161ko Mandi\u0107<\/td>\n<td style=\"width: 11.1557%;\" width=\"65\">2017.<\/td>\n<td style=\"width: 57.5689%;\" width=\"331\">Dizajni tranzitivni po incidencijama<\/td>\n<td style=\"width: 49.342%;\" width=\"129\">Aljo\u0161a \u0160uba\u0161i\u0107<\/td>\n<\/tr>\n<tr>\n<td style=\"width: 16.6556%;\" width=\"95\">Damir Vuki\u010devi\u0107<\/td>\n<td style=\"width: 11.1557%;\" width=\"65\">2017.<\/td>\n<td style=\"width: 57.5689%;\" width=\"331\">Mre\u017eni deskriptori i kurikulne mre\u017ee<\/td>\n<td style=\"width: 49.342%;\" width=\"129\">Suzana Antunovi\u0107<\/td>\n<\/tr>\n<tr>\n<td style=\"width: 16.6556%;\" width=\"95\">Sa\u0161a Kre\u0161i\u0107- Juri\u0107<\/td>\n<td style=\"width: 11.1557%;\" width=\"65\">2016.<\/td>\n<td style=\"width: 57.5689%;\" width=\"331\">Realizacije Liejevih algebri i diferencijalni ra\u010dun na nekomutativnim prostorima<\/td>\n<td style=\"width: 49.342%;\" width=\"129\">Tea Martini\u0107<\/td>\n<\/tr>\n<tr>\n<td style=\"width: 16.6556%;\" width=\"95\">Vlasta Matijevi\u0107 \u2013 komentor<\/td>\n<td style=\"width: 11.1557%;\" width=\"65\">2016.<\/td>\n<td style=\"width: 57.5689%;\" width=\"331\"><em>Generalized inverse limits and topological entropy<\/em><\/td>\n<td style=\"width: 49.342%;\" width=\"129\">Goran Erceg<\/td>\n<\/tr>\n<tr>\n<td style=\"width: 16.6556%;\" width=\"95\">Damir Vuki\u010devi\u0107<\/td>\n<td style=\"width: 11.1557%;\" width=\"65\">2015.<\/td>\n<td style=\"width: 57.5689%;\" width=\"331\">Kompleksne mre\u017ee, mre\u017eni deskriptori i sigurnost u mre\u017eama<\/td>\n<td style=\"width: 49.342%;\" width=\"129\">Tanja Vojkovi\u0107<\/td>\n<\/tr>\n<tr>\n<td style=\"width: 16.6556%;\" width=\"95\">Marko Mati\u0107<\/td>\n<td style=\"width: 11.1557%;\" width=\"65\">2014.<\/td>\n<td style=\"width: 57.5689%;\" width=\"331\">Poop\u0107enja Sokolovljeve nejednakosti i srodni rezultati<\/td>\n<td style=\"width: 49.342%;\" width=\"129\">Sanja Tipuri\u0107-Spu\u017eevi\u0107<\/td>\n<\/tr>\n<tr>\n<td style=\"width: 16.6556%;\" width=\"95\">Marko Mati\u0107<\/td>\n<td style=\"width: 11.1557%;\" width=\"65\">2011.<\/td>\n<td style=\"width: 57.5689%;\" width=\"331\">Profinjenja Jensenove i s njom povezanih nejednakosti<\/td>\n<td style=\"width: 49.342%;\" width=\"129\">Josipa Bari\u0107<\/td>\n<\/tr>\n<tr>\n<td style=\"width: 16.6556%;\" width=\"95\">Damir Vuki\u010devi\u0107<\/td>\n<td style=\"width: 11.1557%;\" width=\"65\">2011.<\/td>\n<td style=\"width: 57.5689%;\" width=\"331\">Struktura zajednica i detekcija glavnih \u010dvorova u slo\u017eenim mre\u017eama<\/td>\n<td style=\"width: 49.342%;\" width=\"129\">Sarah Michele Rajtmajer<\/td>\n<\/tr>\n<tr>\n<td style=\"width: 16.6556%;\" width=\"95\">Milica Klari\u010di\u0107 Bakula<\/td>\n<td style=\"width: 11.1557%;\" width=\"65\">2009.<\/td>\n<td style=\"width: 57.5689%;\" width=\"331\">Montgomeryjev identitet, kvadraturne formule i izvedene nejednakosti<\/td>\n<td style=\"width: 49.342%;\" width=\"129\">Mihaela Ribi\u010di\u0107 Penava<\/td>\n<\/tr>\n<tr>\n<td style=\"width: 16.6556%;\" width=\"95\">Damir Vuki\u010devi\u0107<\/td>\n<td style=\"width: 11.1557%;\" width=\"65\">2009.<\/td>\n<td style=\"width: 57.5689%;\" width=\"331\">Gornje i donje ograde binomnih invarijanti grafova<\/td>\n<td style=\"width: 49.342%;\" width=\"129\">Jelena Sedlar<\/td>\n<\/tr>\n<tr>\n<td style=\"width: 16.6556%;\" width=\"95\">Ljuban Dedi\u0107<\/td>\n<td style=\"width: 11.1557%;\" width=\"65\">2008.<\/td>\n<td style=\"width: 57.5689%;\" width=\"331\">Eulerovi identiteti za realne Borelove mjere i neke njihove primjene<\/td>\n<td style=\"width: 49.342%;\" width=\"129\">Ambroz \u010civljak<\/td>\n<\/tr>\n<tr>\n<td style=\"width: 16.6556%;\" width=\"95\">Anka Golemac<\/td>\n<td style=\"width: 11.1557%;\" width=\"65\">2007.<\/td>\n<td style=\"width: 57.5689%;\" width=\"331\"><a href=\"https:\/\/www.bib.irb.hr\/334073\">Simetri\u010dni dizajni s primitivnim grupama automorfizama<\/a><\/td>\n<td style=\"width: 49.342%;\" width=\"129\">Snje\u017eana Brai\u0107<\/td>\n<\/tr>\n<tr>\n<td style=\"width: 16.6556%;\" width=\"95\">Nikica Ugle\u0161i\u0107<\/td>\n<td style=\"width: 11.1557%;\" width=\"65\">2006.<\/td>\n<td style=\"width: 57.5689%;\" width=\"331\">Teorija gruboga oblika<\/td>\n<td style=\"width: 49.342%;\" width=\"129\">Nikola Kocei\u0107-Bilan<\/td>\n<\/tr>\n<tr>\n<td style=\"width: 16.6556%;\" width=\"95\">Marko Mati\u0107 (komentor)<\/td>\n<td style=\"width: 11.1557%;\" width=\"65\">2005.<\/td>\n<td style=\"width: 57.5689%;\" width=\"331\">Jensenova i Hadamardove nejednakosti za poop\u0107ene konveksne funkcije<\/td>\n<td style=\"width: 49.342%;\" width=\"129\">Milica Klari\u010di\u0107 Bakula<\/td>\n<\/tr>\n<tr>\n<td style=\"width: 16.6556%;\" width=\"95\">Nikica Ugle\u0161i\u0107<\/td>\n<td style=\"width: 11.1557%;\" width=\"65\">1997.<\/td>\n<td style=\"width: 57.5689%;\" width=\"331\"><a href=\"https:\/\/www.bib.irb.hr\/3769\">Kanonske i po dijelovima linearne rezolvente<\/a><\/td>\n<td style=\"width: 49.342%;\" width=\"129\">Branko \u010cervar<\/td>\n<\/tr>\n<\/tbody>\n<\/table>\n[\/mk_table][\/vc_column][\/vc_row]\n<\/div>","protected":false},"excerpt":{"rendered":"<p>[vc_row][vc_column][mk_table] Mentor Godina obrane Naslov rada Kandidat Nikola Kocei\u0107-Bilan 2021 Vanjski i unutarnji pristup kona\u010dnom grubom obliku Ivan Jeli\u0107 Nikola Kocei\u0107- Bilan 2019. Redukcija kategorija pro*-Grp i pro*-HTop Ivan\u010dica Miro\u0161evi\u0107 Nikola Kocei\u0107- Bilan 2018. Topolo\u0161ke grupe gruboga oblika Zdravko \u010cuka Nikola Kocei\u0107- Bilan 2017. Ispitivanje sli\u010dnosti slu\u010dajnih skupova aproksimacijama konveksnim tijelima i njihovim potpornim funkcijama [&hellip;]<\/p>\n","protected":false},"author":1,"featured_media":0,"parent":0,"menu_order":0,"comment_status":"closed","ping_status":"closed","template":"","meta":{"_acf_changed":false,"rs_blank_template":"","rs_page_bg_color":"","slide_template_v7":"","footnotes":""},"class_list":["post-11508","page","type-page","status-publish","hentry"],"acf":[],"yoast_head":"<!-- This site is optimized with the Yoast SEO plugin v27.2 - https:\/\/yoast.com\/product\/yoast-seo-wordpress\/ -->\n<title>Mentoriranje doktorskih disertacija - Odjel za matematiku<\/title>\n<meta name=\"description\" content=\"doktorske disertacije matematika, mentoriranje, doktorske disertacije, PMF Split odjel za matematiku, MENTORIRANJE DOKTORSKIH DISERTACIJA ,\" \/>\n<meta name=\"robots\" content=\"index, follow, max-snippet:-1, max-image-preview:large, max-video-preview:-1\" \/>\n<link rel=\"canonical\" href=\"https:\/\/www.pmfst.unist.hr\/odjel-za-matematiku\/mentoriranje-doktorskih-disertacija\/\" \/>\n<meta property=\"og:locale\" content=\"hr_HR\" \/>\n<meta property=\"og:type\" content=\"article\" \/>\n<meta property=\"og:title\" content=\"Mentoriranje doktorskih disertacija - Odjel za matematiku\" \/>\n<meta property=\"og:description\" content=\"doktorske disertacije matematika, mentoriranje, doktorske disertacije, PMF Split odjel za matematiku, MENTORIRANJE DOKTORSKIH DISERTACIJA ,\" \/>\n<meta property=\"og:url\" content=\"https:\/\/www.pmfst.unist.hr\/odjel-za-matematiku\/mentoriranje-doktorskih-disertacija\/\" \/>\n<meta property=\"og:site_name\" content=\"Odjel za matematiku\" \/>\n<meta property=\"article:modified_time\" content=\"2021-09-27T12:38:31+00:00\" \/>\n<meta name=\"twitter:card\" content=\"summary_large_image\" \/>\n<meta name=\"twitter:label1\" content=\"Procijenjeno vrijeme \u010ditanja\" \/>\n\t<meta name=\"twitter:data1\" content=\"2 minute\" \/>\n<script type=\"application\/ld+json\" class=\"yoast-schema-graph\">{\"@context\":\"https:\/\/schema.org\",\"@graph\":[{\"@type\":\"WebPage\",\"@id\":\"https:\/\/www.pmfst.unist.hr\/odjel-za-matematiku\/mentoriranje-doktorskih-disertacija\/\",\"url\":\"https:\/\/www.pmfst.unist.hr\/odjel-za-matematiku\/mentoriranje-doktorskih-disertacija\/\",\"name\":\"Mentoriranje doktorskih disertacija - Odjel za matematiku\",\"isPartOf\":{\"@id\":\"https:\/\/www.pmfst.unist.hr\/odjel-za-matematiku\/#website\"},\"datePublished\":\"2018-06-04T11:35:27+00:00\",\"dateModified\":\"2021-09-27T12:38:31+00:00\",\"description\":\"doktorske disertacije matematika, mentoriranje, doktorske disertacije, PMF Split odjel za matematiku, MENTORIRANJE DOKTORSKIH DISERTACIJA ,\",\"breadcrumb\":{\"@id\":\"https:\/\/www.pmfst.unist.hr\/odjel-za-matematiku\/mentoriranje-doktorskih-disertacija\/#breadcrumb\"},\"inLanguage\":\"hr\",\"potentialAction\":[{\"@type\":\"ReadAction\",\"target\":[\"https:\/\/www.pmfst.unist.hr\/odjel-za-matematiku\/mentoriranje-doktorskih-disertacija\/\"]}]},{\"@type\":\"BreadcrumbList\",\"@id\":\"https:\/\/www.pmfst.unist.hr\/odjel-za-matematiku\/mentoriranje-doktorskih-disertacija\/#breadcrumb\",\"itemListElement\":[{\"@type\":\"ListItem\",\"position\":1,\"name\":\"Po\u010detna stranica\",\"item\":\"https:\/\/www.pmfst.unist.hr\/odjel-za-matematiku\/\"},{\"@type\":\"ListItem\",\"position\":2,\"name\":\"Mentoriranje doktorskih disertacija\"}]},{\"@type\":\"WebSite\",\"@id\":\"https:\/\/www.pmfst.unist.hr\/odjel-za-matematiku\/#website\",\"url\":\"https:\/\/www.pmfst.unist.hr\/odjel-za-matematiku\/\",\"name\":\"Odjel za matematiku\",\"description\":\"Odjel za matematiku  Prirodoslovnog-matemati\u010dkiog fakulteta Sveu\u010dili\u0161ta u Splitu\",\"potentialAction\":[{\"@type\":\"SearchAction\",\"target\":{\"@type\":\"EntryPoint\",\"urlTemplate\":\"https:\/\/www.pmfst.unist.hr\/odjel-za-matematiku\/?s={search_term_string}\"},\"query-input\":{\"@type\":\"PropertyValueSpecification\",\"valueRequired\":true,\"valueName\":\"search_term_string\"}}],\"inLanguage\":\"hr\"}]}<\/script>\n<!-- \/ Yoast SEO plugin. -->","yoast_head_json":{"title":"Mentoriranje doktorskih disertacija - Odjel za matematiku","description":"doktorske disertacije matematika, mentoriranje, doktorske disertacije, PMF Split odjel za matematiku, MENTORIRANJE DOKTORSKIH DISERTACIJA ,","robots":{"index":"index","follow":"follow","max-snippet":"max-snippet:-1","max-image-preview":"max-image-preview:large","max-video-preview":"max-video-preview:-1"},"canonical":"https:\/\/www.pmfst.unist.hr\/odjel-za-matematiku\/mentoriranje-doktorskih-disertacija\/","og_locale":"hr_HR","og_type":"article","og_title":"Mentoriranje doktorskih disertacija - Odjel za matematiku","og_description":"doktorske disertacije matematika, mentoriranje, doktorske disertacije, PMF Split odjel za matematiku, MENTORIRANJE DOKTORSKIH DISERTACIJA ,","og_url":"https:\/\/www.pmfst.unist.hr\/odjel-za-matematiku\/mentoriranje-doktorskih-disertacija\/","og_site_name":"Odjel za matematiku","article_modified_time":"2021-09-27T12:38:31+00:00","twitter_card":"summary_large_image","twitter_misc":{"Procijenjeno vrijeme \u010ditanja":"2 minute"},"schema":{"@context":"https:\/\/schema.org","@graph":[{"@type":"WebPage","@id":"https:\/\/www.pmfst.unist.hr\/odjel-za-matematiku\/mentoriranje-doktorskih-disertacija\/","url":"https:\/\/www.pmfst.unist.hr\/odjel-za-matematiku\/mentoriranje-doktorskih-disertacija\/","name":"Mentoriranje doktorskih disertacija - Odjel za matematiku","isPartOf":{"@id":"https:\/\/www.pmfst.unist.hr\/odjel-za-matematiku\/#website"},"datePublished":"2018-06-04T11:35:27+00:00","dateModified":"2021-09-27T12:38:31+00:00","description":"doktorske disertacije matematika, mentoriranje, doktorske disertacije, PMF Split odjel za matematiku, MENTORIRANJE DOKTORSKIH DISERTACIJA ,","breadcrumb":{"@id":"https:\/\/www.pmfst.unist.hr\/odjel-za-matematiku\/mentoriranje-doktorskih-disertacija\/#breadcrumb"},"inLanguage":"hr","potentialAction":[{"@type":"ReadAction","target":["https:\/\/www.pmfst.unist.hr\/odjel-za-matematiku\/mentoriranje-doktorskih-disertacija\/"]}]},{"@type":"BreadcrumbList","@id":"https:\/\/www.pmfst.unist.hr\/odjel-za-matematiku\/mentoriranje-doktorskih-disertacija\/#breadcrumb","itemListElement":[{"@type":"ListItem","position":1,"name":"Po\u010detna stranica","item":"https:\/\/www.pmfst.unist.hr\/odjel-za-matematiku\/"},{"@type":"ListItem","position":2,"name":"Mentoriranje doktorskih disertacija"}]},{"@type":"WebSite","@id":"https:\/\/www.pmfst.unist.hr\/odjel-za-matematiku\/#website","url":"https:\/\/www.pmfst.unist.hr\/odjel-za-matematiku\/","name":"Odjel za matematiku","description":"Odjel za matematiku  Prirodoslovnog-matemati\u010dkiog fakulteta Sveu\u010dili\u0161ta u Splitu","potentialAction":[{"@type":"SearchAction","target":{"@type":"EntryPoint","urlTemplate":"https:\/\/www.pmfst.unist.hr\/odjel-za-matematiku\/?s={search_term_string}"},"query-input":{"@type":"PropertyValueSpecification","valueRequired":true,"valueName":"search_term_string"}}],"inLanguage":"hr"}]}},"_links":{"self":[{"href":"https:\/\/www.pmfst.unist.hr\/odjel-za-matematiku\/wp-json\/wp\/v2\/pages\/11508","targetHints":{"allow":["GET"]}}],"collection":[{"href":"https:\/\/www.pmfst.unist.hr\/odjel-za-matematiku\/wp-json\/wp\/v2\/pages"}],"about":[{"href":"https:\/\/www.pmfst.unist.hr\/odjel-za-matematiku\/wp-json\/wp\/v2\/types\/page"}],"author":[{"embeddable":true,"href":"https:\/\/www.pmfst.unist.hr\/odjel-za-matematiku\/wp-json\/wp\/v2\/users\/1"}],"replies":[{"embeddable":true,"href":"https:\/\/www.pmfst.unist.hr\/odjel-za-matematiku\/wp-json\/wp\/v2\/comments?post=11508"}],"version-history":[{"count":0,"href":"https:\/\/www.pmfst.unist.hr\/odjel-za-matematiku\/wp-json\/wp\/v2\/pages\/11508\/revisions"}],"wp:attachment":[{"href":"https:\/\/www.pmfst.unist.hr\/odjel-za-matematiku\/wp-json\/wp\/v2\/media?parent=11508"}],"curies":[{"name":"wp","href":"https:\/\/api.w.org\/{rel}","templated":true}]}}