{"id":11573,"date":"2018-06-13T14:40:58","date_gmt":"2018-06-13T12:40:58","guid":{"rendered":"https:\/\/www.pmfst.unist.hr\/odjel-za-matematiku\/?page_id=11573"},"modified":"2021-03-25T11:48:10","modified_gmt":"2021-03-25T10:48:10","slug":"doktorski-studij","status":"publish","type":"page","link":"https:\/\/www.pmfst.unist.hr\/odjel-za-matematiku\/doktorski-studij\/","title":{"rendered":"Doktorski studij"},"content":{"rendered":"<div class=\"wpb-content-wrapper\">[vc_row][vc_column][vc_empty_space][\/vc_column][\/vc_row][vc_row][vc_column][vc_tta_tabs][vc_tta_section title=&#8221;Doktoski studij matematike&#8221; tab_id=&#8221;1616591860799-8d1f53ac-9cb2&#8243;][vc_column_text css=&#8221;.vc_custom_1528959448973{margin-bottom: 0px !important;}&#8221;]Od njegova pokretanja Odjel za matematiku aktivno sudjeluje u radu<\/p>\n<p style=\"text-align: center;\"><a href=\"https:\/\/www.math.pmf.unizg.hr\/hr\/poslijediplomski\"><strong>ZAJEDNI\u010cKOG SVEU\u010cILI\u0160NOG POSLIJEDIPLOMSKOG DOKTORSKOG STUDIJA MATEMATIKE<\/strong><\/a><\/p>\n<p style=\"text-align: center;\">\u00a0<strong>Sveu\u010dili\u0161te u Osijeku<\/strong><\/p>\n<p style=\"text-align: center;\"><strong>Sveu\u010dili\u0161te u Rijeci<\/strong><\/p>\n<p style=\"text-align: center;\"><strong>Sveu\u010dili\u0161te u\u00a0Splitu<\/strong><\/p>\n<p style=\"text-align: center;\"><strong>Sveu\u010dili\u0161te u\u00a0Zagrebu<\/strong><\/p>\n<p>Nastavnici Odjela za matematiku sudjeluju u radu studija kao <a href=\"https:\/\/www.pmfst.unist.hr\/odjel-za-matematiku\/mentoriranje-doktorskih-disertacija\/\">voditelji doktorskih disertacija<\/a>\u00a0 studentima ovoga studija te u predlaganju i izvo\u0111enju nastave iz naprednih kolegija ovoga studija.<\/p>\n<p>POPIS NAPREDNIH KOLEGIJA DOKTORSKOG STUDIJA IZVO\u0110ENIH NA ODJELU ZA MATEMATIKU[\/vc_column_text][mk_table]\n<table style=\"width: 98.3897%;\" width=\"100%\">\n<thead>\n<tr>\n<th style=\"width: 29.2271%;\"><u>Ime Kolegija<\/u><\/th>\n<th style=\"width: 27.1135%;\">Nastavnik<\/th>\n<th style=\"width: 43.0556%;\">Akademska godina<\/th>\n<\/tr>\n<\/thead>\n<tbody>\n<tr>\n<td style=\"width: 29.2271%;\">Istra\u017eivanje u edukaciji matematike<\/td>\n<td style=\"width: 27.1135%;\">Nikola Kocei\u0107-Bilan<\/td>\n<td style=\"width: 43.0556%;\">2019\/20<\/td>\n<\/tr>\n<tr>\n<td style=\"width: 29.2271%;\">Unutarnji pristup obliku<\/td>\n<td style=\"width: 27.1135%;\">Nikola Kocei\u0107-Bilan<\/td>\n<td style=\"width: 43.0556%;\">2017\/18<\/td>\n<\/tr>\n<tr>\n<td style=\"width: 29.2271%;\">Grupe gruboga oblika<\/td>\n<td style=\"width: 27.1135%;\">Nikola Kocei\u0107-Bilan<\/td>\n<td style=\"width: 43.0556%;\">2014\/15<\/td>\n<\/tr>\n<tr>\n<td style=\"width: 29.2271%;\">Kategorijske homotopske teorije<\/td>\n<td style=\"width: 27.1135%;\">Nikica Ugle\u0161i\u0107<\/td>\n<td style=\"width: 43.0556%;\">2012\/13<\/td>\n<\/tr>\n<tr>\n<td style=\"width: 29.2271%;\">Homotopski tip i kategorije oblika<\/td>\n<td style=\"width: 27.1135%;\">Vlasta Matijevi\u0107, N. Kocei\u0107-Bilan, N. Ugle\u0161i\u0107<\/td>\n<td style=\"width: 43.0556%;\">2010\/11<\/td>\n<\/tr>\n<\/tbody>\n<\/table>\n[\/mk_table][\/vc_tta_section][vc_tta_section title=&#8221;Istra\u017eivanje u edukaciji u podru\u010dju prirodnih i tehni\u010dkih znanosti&#8221; tab_id=&#8221;1616591860817-14cb2fd7-4323&#8243;][vc_column_text css=&#8221;.vc_custom_1616591961433{margin-bottom: 0px !important;}&#8221;]Poslijediplomski znanstveni studij Istra\u017eivanje u edukaciji u podru\u010dju prirodnih i tehni\u010dkih znanosti na Prirodoslovno-matemati\u010dkom fakultetu Sveu\u010dili\u0161ta u Splitu je interdisciplinarnoga pristupa, a od akademske godine 2021.\/2022. na njemu se mo\u017ee studirati i smjer Matematike. Voditeljica smjera je doc.dr.sc. Tanja Vojkovi\u0107, a detaljnije o studiju mo\u017ee se na\u0107i na mre\u017enoj stranici: <a href=\"https:\/\/pmfst.unist.hr\/istrazivanje-u-edukaciji\/\">https:\/\/pmfst.unist.hr\/istrazivanje-u-edukaciji\/<\/a>[\/vc_column_text][\/vc_tta_section][\/vc_tta_tabs][\/vc_column][\/vc_row]\n<\/div>","protected":false},"excerpt":{"rendered":"<p>[vc_row][vc_column][vc_empty_space][\/vc_column][\/vc_row][vc_row][vc_column][vc_tta_tabs][vc_tta_section title=&#8221;Doktoski studij matematike&#8221; tab_id=&#8221;1616591860799-8d1f53ac-9cb2&#8243;][vc_column_text css=&#8221;.vc_custom_1528959448973{margin-bottom: 0px !important;}&#8221;]Od njegova pokretanja Odjel za matematiku aktivno sudjeluje u radu ZAJEDNI\u010cKOG SVEU\u010cILI\u0160NOG POSLIJEDIPLOMSKOG DOKTORSKOG STUDIJA MATEMATIKE \u00a0Sveu\u010dili\u0161te u Osijeku Sveu\u010dili\u0161te u Rijeci Sveu\u010dili\u0161te u\u00a0Splitu Sveu\u010dili\u0161te u\u00a0Zagrebu Nastavnici Odjela za matematiku sudjeluju u radu studija kao voditelji doktorskih disertacija\u00a0 studentima ovoga studija te u predlaganju i izvo\u0111enju nastave iz [&hellip;]<\/p>\n","protected":false},"author":1,"featured_media":0,"parent":0,"menu_order":0,"comment_status":"closed","ping_status":"closed","template":"","meta":{"_acf_changed":false,"rs_blank_template":"","rs_page_bg_color":"","slide_template_v7":"","footnotes":""},"class_list":["post-11573","page","type-page","status-publish","hentry"],"acf":[],"yoast_head":"<!-- This site is optimized with the Yoast SEO plugin v27.2 - https:\/\/yoast.com\/product\/yoast-seo-wordpress\/ -->\n<title>Doktorski studij - Odjel za matematiku<\/title>\n<meta name=\"robots\" content=\"index, follow, max-snippet:-1, max-image-preview:large, max-video-preview:-1\" \/>\n<link rel=\"canonical\" href=\"https:\/\/www.pmfst.unist.hr\/odjel-za-matematiku\/doktorski-studij\/\" \/>\n<meta property=\"og:locale\" content=\"hr_HR\" \/>\n<meta property=\"og:type\" content=\"article\" \/>\n<meta property=\"og:title\" content=\"Doktorski studij - Odjel za matematiku\" \/>\n<meta property=\"og:description\" content=\"[vc_row][vc_column][vc_empty_space][\/vc_column][\/vc_row][vc_row][vc_column][vc_tta_tabs][vc_tta_section title=&#8221;Doktoski studij matematike&#8221; tab_id=&#8221;1616591860799-8d1f53ac-9cb2&#8243;][vc_column_text css=&#8221;.vc_custom_1528959448973{margin-bottom: 0px !important;}&#8221;]Od njegova pokretanja Odjel za matematiku aktivno sudjeluje u radu ZAJEDNI\u010cKOG SVEU\u010cILI\u0160NOG POSLIJEDIPLOMSKOG DOKTORSKOG STUDIJA MATEMATIKE \u00a0Sveu\u010dili\u0161te u Osijeku Sveu\u010dili\u0161te u Rijeci Sveu\u010dili\u0161te u\u00a0Splitu Sveu\u010dili\u0161te u\u00a0Zagrebu Nastavnici Odjela za matematiku sudjeluju u radu studija kao voditelji doktorskih disertacija\u00a0 studentima ovoga studija te u predlaganju i izvo\u0111enju nastave iz [&hellip;]\" \/>\n<meta property=\"og:url\" content=\"https:\/\/www.pmfst.unist.hr\/odjel-za-matematiku\/doktorski-studij\/\" \/>\n<meta property=\"og:site_name\" content=\"Odjel za matematiku\" \/>\n<meta property=\"article:modified_time\" content=\"2021-03-25T10:48:10+00:00\" \/>\n<meta name=\"twitter:card\" content=\"summary_large_image\" \/>\n<meta name=\"twitter:label1\" content=\"Procijenjeno vrijeme \u010ditanja\" \/>\n\t<meta name=\"twitter:data1\" content=\"1 minuta\" \/>\n<script type=\"application\/ld+json\" class=\"yoast-schema-graph\">{\"@context\":\"https:\/\/schema.org\",\"@graph\":[{\"@type\":\"WebPage\",\"@id\":\"https:\/\/www.pmfst.unist.hr\/odjel-za-matematiku\/doktorski-studij\/\",\"url\":\"https:\/\/www.pmfst.unist.hr\/odjel-za-matematiku\/doktorski-studij\/\",\"name\":\"Doktorski studij - Odjel za matematiku\",\"isPartOf\":{\"@id\":\"https:\/\/www.pmfst.unist.hr\/odjel-za-matematiku\/#website\"},\"datePublished\":\"2018-06-13T12:40:58+00:00\",\"dateModified\":\"2021-03-25T10:48:10+00:00\",\"breadcrumb\":{\"@id\":\"https:\/\/www.pmfst.unist.hr\/odjel-za-matematiku\/doktorski-studij\/#breadcrumb\"},\"inLanguage\":\"hr\",\"potentialAction\":[{\"@type\":\"ReadAction\",\"target\":[\"https:\/\/www.pmfst.unist.hr\/odjel-za-matematiku\/doktorski-studij\/\"]}]},{\"@type\":\"BreadcrumbList\",\"@id\":\"https:\/\/www.pmfst.unist.hr\/odjel-za-matematiku\/doktorski-studij\/#breadcrumb\",\"itemListElement\":[{\"@type\":\"ListItem\",\"position\":1,\"name\":\"Po\u010detna stranica\",\"item\":\"https:\/\/www.pmfst.unist.hr\/odjel-za-matematiku\/\"},{\"@type\":\"ListItem\",\"position\":2,\"name\":\"Doktorski studij\"}]},{\"@type\":\"WebSite\",\"@id\":\"https:\/\/www.pmfst.unist.hr\/odjel-za-matematiku\/#website\",\"url\":\"https:\/\/www.pmfst.unist.hr\/odjel-za-matematiku\/\",\"name\":\"Odjel za matematiku\",\"description\":\"Odjel za matematiku  Prirodoslovnog-matemati\u010dkiog fakulteta Sveu\u010dili\u0161ta u Splitu\",\"potentialAction\":[{\"@type\":\"SearchAction\",\"target\":{\"@type\":\"EntryPoint\",\"urlTemplate\":\"https:\/\/www.pmfst.unist.hr\/odjel-za-matematiku\/?s={search_term_string}\"},\"query-input\":{\"@type\":\"PropertyValueSpecification\",\"valueRequired\":true,\"valueName\":\"search_term_string\"}}],\"inLanguage\":\"hr\"}]}<\/script>\n<!-- \/ Yoast SEO plugin. -->","yoast_head_json":{"title":"Doktorski studij - Odjel za matematiku","robots":{"index":"index","follow":"follow","max-snippet":"max-snippet:-1","max-image-preview":"max-image-preview:large","max-video-preview":"max-video-preview:-1"},"canonical":"https:\/\/www.pmfst.unist.hr\/odjel-za-matematiku\/doktorski-studij\/","og_locale":"hr_HR","og_type":"article","og_title":"Doktorski studij - Odjel za matematiku","og_description":"[vc_row][vc_column][vc_empty_space][\/vc_column][\/vc_row][vc_row][vc_column][vc_tta_tabs][vc_tta_section title=&#8221;Doktoski studij matematike&#8221; tab_id=&#8221;1616591860799-8d1f53ac-9cb2&#8243;][vc_column_text css=&#8221;.vc_custom_1528959448973{margin-bottom: 0px !important;}&#8221;]Od njegova pokretanja Odjel za matematiku aktivno sudjeluje u radu ZAJEDNI\u010cKOG SVEU\u010cILI\u0160NOG POSLIJEDIPLOMSKOG DOKTORSKOG STUDIJA MATEMATIKE \u00a0Sveu\u010dili\u0161te u Osijeku Sveu\u010dili\u0161te u Rijeci Sveu\u010dili\u0161te u\u00a0Splitu Sveu\u010dili\u0161te u\u00a0Zagrebu Nastavnici Odjela za matematiku sudjeluju u radu studija kao voditelji doktorskih disertacija\u00a0 studentima ovoga studija te u predlaganju i izvo\u0111enju nastave iz [&hellip;]","og_url":"https:\/\/www.pmfst.unist.hr\/odjel-za-matematiku\/doktorski-studij\/","og_site_name":"Odjel za matematiku","article_modified_time":"2021-03-25T10:48:10+00:00","twitter_card":"summary_large_image","twitter_misc":{"Procijenjeno vrijeme \u010ditanja":"1 minuta"},"schema":{"@context":"https:\/\/schema.org","@graph":[{"@type":"WebPage","@id":"https:\/\/www.pmfst.unist.hr\/odjel-za-matematiku\/doktorski-studij\/","url":"https:\/\/www.pmfst.unist.hr\/odjel-za-matematiku\/doktorski-studij\/","name":"Doktorski studij - Odjel za matematiku","isPartOf":{"@id":"https:\/\/www.pmfst.unist.hr\/odjel-za-matematiku\/#website"},"datePublished":"2018-06-13T12:40:58+00:00","dateModified":"2021-03-25T10:48:10+00:00","breadcrumb":{"@id":"https:\/\/www.pmfst.unist.hr\/odjel-za-matematiku\/doktorski-studij\/#breadcrumb"},"inLanguage":"hr","potentialAction":[{"@type":"ReadAction","target":["https:\/\/www.pmfst.unist.hr\/odjel-za-matematiku\/doktorski-studij\/"]}]},{"@type":"BreadcrumbList","@id":"https:\/\/www.pmfst.unist.hr\/odjel-za-matematiku\/doktorski-studij\/#breadcrumb","itemListElement":[{"@type":"ListItem","position":1,"name":"Po\u010detna stranica","item":"https:\/\/www.pmfst.unist.hr\/odjel-za-matematiku\/"},{"@type":"ListItem","position":2,"name":"Doktorski studij"}]},{"@type":"WebSite","@id":"https:\/\/www.pmfst.unist.hr\/odjel-za-matematiku\/#website","url":"https:\/\/www.pmfst.unist.hr\/odjel-za-matematiku\/","name":"Odjel za matematiku","description":"Odjel za matematiku  Prirodoslovnog-matemati\u010dkiog fakulteta Sveu\u010dili\u0161ta u Splitu","potentialAction":[{"@type":"SearchAction","target":{"@type":"EntryPoint","urlTemplate":"https:\/\/www.pmfst.unist.hr\/odjel-za-matematiku\/?s={search_term_string}"},"query-input":{"@type":"PropertyValueSpecification","valueRequired":true,"valueName":"search_term_string"}}],"inLanguage":"hr"}]}},"_links":{"self":[{"href":"https:\/\/www.pmfst.unist.hr\/odjel-za-matematiku\/wp-json\/wp\/v2\/pages\/11573","targetHints":{"allow":["GET"]}}],"collection":[{"href":"https:\/\/www.pmfst.unist.hr\/odjel-za-matematiku\/wp-json\/wp\/v2\/pages"}],"about":[{"href":"https:\/\/www.pmfst.unist.hr\/odjel-za-matematiku\/wp-json\/wp\/v2\/types\/page"}],"author":[{"embeddable":true,"href":"https:\/\/www.pmfst.unist.hr\/odjel-za-matematiku\/wp-json\/wp\/v2\/users\/1"}],"replies":[{"embeddable":true,"href":"https:\/\/www.pmfst.unist.hr\/odjel-za-matematiku\/wp-json\/wp\/v2\/comments?post=11573"}],"version-history":[{"count":0,"href":"https:\/\/www.pmfst.unist.hr\/odjel-za-matematiku\/wp-json\/wp\/v2\/pages\/11573\/revisions"}],"wp:attachment":[{"href":"https:\/\/www.pmfst.unist.hr\/odjel-za-matematiku\/wp-json\/wp\/v2\/media?parent=11573"}],"curies":[{"name":"wp","href":"https:\/\/api.w.org\/{rel}","templated":true}]}}