{"id":1371,"date":"2018-03-20T08:44:43","date_gmt":"2018-03-20T07:44:43","guid":{"rendered":"https:\/\/www.pmfst.unist.hr\/odjel-za-matematiku\/?page_id=1371"},"modified":"2018-07-02T08:08:21","modified_gmt":"2018-07-02T06:08:21","slug":"strucni-skupovi","status":"publish","type":"page","link":"https:\/\/www.pmfst.unist.hr\/odjel-za-matematiku\/strucni-skupovi\/","title":{"rendered":"Stru\u010dni skupovi"},"content":{"rendered":"<div class=\"wpb-content-wrapper\">[vc_row][vc_column][vc_empty_space][vc_empty_space][vc_column_text css=&#8221;.vc_custom_1530511706629{margin-bottom: 0px !important;}&#8221;]\n<ul>\n<li>&#8220;Nastavne strategije &#8211; Modul 1&#8221;, predavanje i radionica za u\u010ditelje i nastavnike matematike Zadarske, \u0160ibensko-kninske, Splitsko-dalmatinske i Dubrova\u010dko-neretvanske \u017eupanije, Split, 18.02.2017.<\/li>\n<li>&#8220;Nastavne strategije &#8211; Modul 3 &#8211; Diferencirana nastava&#8221;, predavanje i radionica za u\u010ditelje i nastavnike matematike Zadarske, \u0160ibensko-kninske, Splitsko-dalmatinske i Dubrova\u010dko-neretvanske \u017eupanije, Split, 4.-5.12.2015.<\/li>\n<li>&#8220;Nastavne strategije &#8211; Modul 2 &#8211; Igra u nastavi matematike&#8221;, predavanje i radionica za u\u010ditelje i nastavnike matematike Zadarske, \u0160ibensko-kninske, Splitsko-dalmatinske i Dubrova\u010dko-neretvanske \u017eupanije, Split, 20.-21.11.2015.<\/li>\n<li>&#8220;Nastavne strategije &#8211; Modul 1&#8221;, predavanje i radionica za u\u010ditelje i nastavnike matematike Zadarske, \u0160ibensko-kninske, Splitsko-dalmatinske i Dubrova\u010dko-neretvanske \u017eupanije, Split, 22.-23.10.2015.<\/li>\n<\/ul>\n[\/vc_column_text][\/vc_column][\/vc_row]\n<\/div>","protected":false},"excerpt":{"rendered":"<p>[vc_row][vc_column][vc_empty_space][vc_empty_space][vc_column_text css=&#8221;.vc_custom_1530511706629{margin-bottom: 0px !important;}&#8221;] &#8220;Nastavne strategije &#8211; Modul 1&#8221;, predavanje i radionica za u\u010ditelje i nastavnike matematike Zadarske, \u0160ibensko-kninske, Splitsko-dalmatinske i Dubrova\u010dko-neretvanske \u017eupanije, Split, 18.02.2017. &#8220;Nastavne strategije &#8211; Modul 3 &#8211; Diferencirana nastava&#8221;, predavanje i radionica za u\u010ditelje i nastavnike matematike Zadarske, \u0160ibensko-kninske, Splitsko-dalmatinske i Dubrova\u010dko-neretvanske \u017eupanije, Split, 4.-5.12.2015. &#8220;Nastavne strategije &#8211; Modul 2 &#8211; [&hellip;]<\/p>\n","protected":false},"author":1,"featured_media":0,"parent":0,"menu_order":0,"comment_status":"closed","ping_status":"closed","template":"","meta":{"_acf_changed":false,"rs_blank_template":"","rs_page_bg_color":"","slide_template_v7":"","footnotes":""},"class_list":["post-1371","page","type-page","status-publish","hentry"],"acf":[],"yoast_head":"<!-- This site is optimized with the Yoast SEO plugin v27.4 - https:\/\/yoast.com\/product\/yoast-seo-wordpress\/ -->\n<title>Stru\u010dni skupovi - Odjel za matematiku<\/title>\n<meta name=\"robots\" content=\"index, follow, max-snippet:-1, max-image-preview:large, max-video-preview:-1\" \/>\n<link rel=\"canonical\" href=\"https:\/\/www.pmfst.unist.hr\/odjel-za-matematiku\/strucni-skupovi\/\" \/>\n<meta property=\"og:locale\" content=\"hr_HR\" \/>\n<meta property=\"og:type\" content=\"article\" \/>\n<meta property=\"og:title\" content=\"Stru\u010dni skupovi - Odjel za matematiku\" \/>\n<meta property=\"og:description\" content=\"[vc_row][vc_column][vc_empty_space][vc_empty_space][vc_column_text css=&#8221;.vc_custom_1530511706629{margin-bottom: 0px !important;}&#8221;] &#8220;Nastavne strategije &#8211; Modul 1&#8221;, predavanje i radionica za u\u010ditelje i nastavnike matematike Zadarske, \u0160ibensko-kninske, Splitsko-dalmatinske i Dubrova\u010dko-neretvanske \u017eupanije, Split, 18.02.2017. &#8220;Nastavne strategije &#8211; Modul 3 &#8211; Diferencirana nastava&#8221;, predavanje i radionica za u\u010ditelje i nastavnike matematike Zadarske, \u0160ibensko-kninske, Splitsko-dalmatinske i Dubrova\u010dko-neretvanske \u017eupanije, Split, 4.-5.12.2015. &#8220;Nastavne strategije &#8211; Modul 2 &#8211; [&hellip;]\" \/>\n<meta property=\"og:url\" content=\"https:\/\/www.pmfst.unist.hr\/odjel-za-matematiku\/strucni-skupovi\/\" \/>\n<meta property=\"og:site_name\" content=\"Odjel za matematiku\" \/>\n<meta property=\"article:modified_time\" content=\"2018-07-02T06:08:21+00:00\" \/>\n<meta name=\"twitter:card\" content=\"summary_large_image\" \/>\n<meta name=\"twitter:label1\" content=\"Procijenjeno vrijeme \u010ditanja\" \/>\n\t<meta name=\"twitter:data1\" content=\"1 minuta\" \/>\n<script type=\"application\/ld+json\" class=\"yoast-schema-graph\">{\"@context\":\"https:\\\/\\\/schema.org\",\"@graph\":[{\"@type\":\"WebPage\",\"@id\":\"https:\\\/\\\/www.pmfst.unist.hr\\\/odjel-za-matematiku\\\/strucni-skupovi\\\/\",\"url\":\"https:\\\/\\\/www.pmfst.unist.hr\\\/odjel-za-matematiku\\\/strucni-skupovi\\\/\",\"name\":\"Stru\u010dni skupovi - Odjel za matematiku\",\"isPartOf\":{\"@id\":\"https:\\\/\\\/www.pmfst.unist.hr\\\/odjel-za-matematiku\\\/#website\"},\"datePublished\":\"2018-03-20T07:44:43+00:00\",\"dateModified\":\"2018-07-02T06:08:21+00:00\",\"breadcrumb\":{\"@id\":\"https:\\\/\\\/www.pmfst.unist.hr\\\/odjel-za-matematiku\\\/strucni-skupovi\\\/#breadcrumb\"},\"inLanguage\":\"hr\",\"potentialAction\":[{\"@type\":\"ReadAction\",\"target\":[\"https:\\\/\\\/www.pmfst.unist.hr\\\/odjel-za-matematiku\\\/strucni-skupovi\\\/\"]}]},{\"@type\":\"BreadcrumbList\",\"@id\":\"https:\\\/\\\/www.pmfst.unist.hr\\\/odjel-za-matematiku\\\/strucni-skupovi\\\/#breadcrumb\",\"itemListElement\":[{\"@type\":\"ListItem\",\"position\":1,\"name\":\"Po\u010detna stranica\",\"item\":\"https:\\\/\\\/www.pmfst.unist.hr\\\/odjel-za-matematiku\\\/\"},{\"@type\":\"ListItem\",\"position\":2,\"name\":\"Stru\u010dni skupovi\"}]},{\"@type\":\"WebSite\",\"@id\":\"https:\\\/\\\/www.pmfst.unist.hr\\\/odjel-za-matematiku\\\/#website\",\"url\":\"https:\\\/\\\/www.pmfst.unist.hr\\\/odjel-za-matematiku\\\/\",\"name\":\"Odjel za matematiku\",\"description\":\"Odjel za matematiku  Prirodoslovnog-matemati\u010dkiog fakulteta Sveu\u010dili\u0161ta u Splitu\",\"potentialAction\":[{\"@type\":\"SearchAction\",\"target\":{\"@type\":\"EntryPoint\",\"urlTemplate\":\"https:\\\/\\\/www.pmfst.unist.hr\\\/odjel-za-matematiku\\\/?s={search_term_string}\"},\"query-input\":{\"@type\":\"PropertyValueSpecification\",\"valueRequired\":true,\"valueName\":\"search_term_string\"}}],\"inLanguage\":\"hr\"}]}<\/script>\n<!-- \/ Yoast SEO plugin. -->","yoast_head_json":{"title":"Stru\u010dni skupovi - Odjel za matematiku","robots":{"index":"index","follow":"follow","max-snippet":"max-snippet:-1","max-image-preview":"max-image-preview:large","max-video-preview":"max-video-preview:-1"},"canonical":"https:\/\/www.pmfst.unist.hr\/odjel-za-matematiku\/strucni-skupovi\/","og_locale":"hr_HR","og_type":"article","og_title":"Stru\u010dni skupovi - Odjel za matematiku","og_description":"[vc_row][vc_column][vc_empty_space][vc_empty_space][vc_column_text css=&#8221;.vc_custom_1530511706629{margin-bottom: 0px !important;}&#8221;] &#8220;Nastavne strategije &#8211; Modul 1&#8221;, predavanje i radionica za u\u010ditelje i nastavnike matematike Zadarske, \u0160ibensko-kninske, Splitsko-dalmatinske i Dubrova\u010dko-neretvanske \u017eupanije, Split, 18.02.2017. &#8220;Nastavne strategije &#8211; Modul 3 &#8211; Diferencirana nastava&#8221;, predavanje i radionica za u\u010ditelje i nastavnike matematike Zadarske, \u0160ibensko-kninske, Splitsko-dalmatinske i Dubrova\u010dko-neretvanske \u017eupanije, Split, 4.-5.12.2015. &#8220;Nastavne strategije &#8211; Modul 2 &#8211; [&hellip;]","og_url":"https:\/\/www.pmfst.unist.hr\/odjel-za-matematiku\/strucni-skupovi\/","og_site_name":"Odjel za matematiku","article_modified_time":"2018-07-02T06:08:21+00:00","twitter_card":"summary_large_image","twitter_misc":{"Procijenjeno vrijeme \u010ditanja":"1 minuta"},"schema":{"@context":"https:\/\/schema.org","@graph":[{"@type":"WebPage","@id":"https:\/\/www.pmfst.unist.hr\/odjel-za-matematiku\/strucni-skupovi\/","url":"https:\/\/www.pmfst.unist.hr\/odjel-za-matematiku\/strucni-skupovi\/","name":"Stru\u010dni skupovi - Odjel za matematiku","isPartOf":{"@id":"https:\/\/www.pmfst.unist.hr\/odjel-za-matematiku\/#website"},"datePublished":"2018-03-20T07:44:43+00:00","dateModified":"2018-07-02T06:08:21+00:00","breadcrumb":{"@id":"https:\/\/www.pmfst.unist.hr\/odjel-za-matematiku\/strucni-skupovi\/#breadcrumb"},"inLanguage":"hr","potentialAction":[{"@type":"ReadAction","target":["https:\/\/www.pmfst.unist.hr\/odjel-za-matematiku\/strucni-skupovi\/"]}]},{"@type":"BreadcrumbList","@id":"https:\/\/www.pmfst.unist.hr\/odjel-za-matematiku\/strucni-skupovi\/#breadcrumb","itemListElement":[{"@type":"ListItem","position":1,"name":"Po\u010detna stranica","item":"https:\/\/www.pmfst.unist.hr\/odjel-za-matematiku\/"},{"@type":"ListItem","position":2,"name":"Stru\u010dni skupovi"}]},{"@type":"WebSite","@id":"https:\/\/www.pmfst.unist.hr\/odjel-za-matematiku\/#website","url":"https:\/\/www.pmfst.unist.hr\/odjel-za-matematiku\/","name":"Odjel za matematiku","description":"Odjel za matematiku  Prirodoslovnog-matemati\u010dkiog fakulteta Sveu\u010dili\u0161ta u Splitu","potentialAction":[{"@type":"SearchAction","target":{"@type":"EntryPoint","urlTemplate":"https:\/\/www.pmfst.unist.hr\/odjel-za-matematiku\/?s={search_term_string}"},"query-input":{"@type":"PropertyValueSpecification","valueRequired":true,"valueName":"search_term_string"}}],"inLanguage":"hr"}]}},"_links":{"self":[{"href":"https:\/\/www.pmfst.unist.hr\/odjel-za-matematiku\/wp-json\/wp\/v2\/pages\/1371","targetHints":{"allow":["GET"]}}],"collection":[{"href":"https:\/\/www.pmfst.unist.hr\/odjel-za-matematiku\/wp-json\/wp\/v2\/pages"}],"about":[{"href":"https:\/\/www.pmfst.unist.hr\/odjel-za-matematiku\/wp-json\/wp\/v2\/types\/page"}],"author":[{"embeddable":true,"href":"https:\/\/www.pmfst.unist.hr\/odjel-za-matematiku\/wp-json\/wp\/v2\/users\/1"}],"replies":[{"embeddable":true,"href":"https:\/\/www.pmfst.unist.hr\/odjel-za-matematiku\/wp-json\/wp\/v2\/comments?post=1371"}],"version-history":[{"count":0,"href":"https:\/\/www.pmfst.unist.hr\/odjel-za-matematiku\/wp-json\/wp\/v2\/pages\/1371\/revisions"}],"wp:attachment":[{"href":"https:\/\/www.pmfst.unist.hr\/odjel-za-matematiku\/wp-json\/wp\/v2\/media?parent=1371"}],"curies":[{"name":"wp","href":"https:\/\/api.w.org\/{rel}","templated":true}]}}