{"id":1377,"date":"2018-03-20T08:46:24","date_gmt":"2018-03-20T07:46:24","guid":{"rendered":"https:\/\/www.pmfst.unist.hr\/odjel-za-matematiku\/?page_id=1377"},"modified":"2023-11-22T08:47:32","modified_gmt":"2023-11-22T07:47:32","slug":"casopisi","status":"publish","type":"page","link":"https:\/\/www.pmfst.unist.hr\/odjel-za-matematiku\/casopisi\/","title":{"rendered":"\u010casopisi"},"content":{"rendered":"<div class=\"wpb-content-wrapper\">[vc_row][vc_column width=&#8221;5\/6&#8243;][vc_column_text css=&#8221;.vc_custom_1700639250476{margin-bottom: 0px !important;}&#8221;]<a href=\"http:\/\/amas.pmfst.unist.hr\/\"><img loading=\"lazy\" decoding=\"async\" class=\"alignright\" src=\"https:\/\/www.pmfst.unist.hr\/odjel-za-matematiku\/wp-content\/uploads\/sites\/24\/2018\/06\/aas-300x172.png\" alt=\"\" width=\"300\" height=\"172\" \/><\/a><\/p>\n<h4>Stru\u010dno-metodi\u010dki \u010dasopis za matematiku Acta mathematica Spalatensia Series Didactica<\/h4>\n[\/vc_column_text][\/vc_column][vc_column width=&#8221;1\/6&#8243;][\/vc_column][\/vc_row][vc_row][vc_column width=&#8221;5\/6&#8243;][vc_column_text css=&#8221;.vc_custom_1615546213455{margin-bottom: 0px !important;}&#8221;]<a href=\"http:\/\/amas.pmfst.unist.hr\/\"><img loading=\"lazy\" decoding=\"async\" class=\"alignright\" src=\"https:\/\/www.pmfst.unist.hr\/odjel-za-matematiku\/wp-content\/uploads\/sites\/24\/2018\/06\/aas-300x172.png\" alt=\"\" width=\"300\" height=\"172\" \/><\/a><\/p>\n<h4>Znanstveni \u010dasopis za matematiku Acta mathematica Spalatensia<\/h4>\n[\/vc_column_text][\/vc_column][vc_column width=&#8221;1\/6&#8243;][\/vc_column][\/vc_row]\n<\/div>","protected":false},"excerpt":{"rendered":"<p>[vc_row][vc_column width=&#8221;5\/6&#8243;][vc_column_text css=&#8221;.vc_custom_1700639250476{margin-bottom: 0px !important;}&#8221;] Stru\u010dno-metodi\u010dki \u010dasopis za matematiku Acta mathematica Spalatensia Series Didactica [\/vc_column_text][\/vc_column][vc_column width=&#8221;1\/6&#8243;][\/vc_column][\/vc_row][vc_row][vc_column width=&#8221;5\/6&#8243;][vc_column_text css=&#8221;.vc_custom_1615546213455{margin-bottom: 0px !important;}&#8221;] Znanstveni \u010dasopis za matematiku Acta mathematica Spalatensia [\/vc_column_text][\/vc_column][vc_column width=&#8221;1\/6&#8243;][\/vc_column][\/vc_row]<\/p>\n","protected":false},"author":1,"featured_media":0,"parent":0,"menu_order":0,"comment_status":"closed","ping_status":"closed","template":"","meta":{"_acf_changed":false,"rs_blank_template":"","rs_page_bg_color":"","slide_template_v7":"","footnotes":""},"class_list":["post-1377","page","type-page","status-publish","hentry"],"acf":[],"yoast_head":"<!-- This site is optimized with the Yoast SEO plugin v27.3 - https:\/\/yoast.com\/product\/yoast-seo-wordpress\/ -->\n<title>\u010casopisi - Odjel za matematiku<\/title>\n<meta name=\"robots\" content=\"index, follow, max-snippet:-1, max-image-preview:large, max-video-preview:-1\" \/>\n<link rel=\"canonical\" href=\"https:\/\/www.pmfst.unist.hr\/odjel-za-matematiku\/casopisi\/\" \/>\n<meta property=\"og:locale\" content=\"hr_HR\" \/>\n<meta property=\"og:type\" content=\"article\" \/>\n<meta property=\"og:title\" content=\"\u010casopisi - Odjel za matematiku\" \/>\n<meta property=\"og:description\" content=\"[vc_row][vc_column width=&#8221;5\/6&#8243;][vc_column_text css=&#8221;.vc_custom_1700639250476{margin-bottom: 0px !important;}&#8221;] Stru\u010dno-metodi\u010dki \u010dasopis za matematiku Acta mathematica Spalatensia Series Didactica [\/vc_column_text][\/vc_column][vc_column width=&#8221;1\/6&#8243;][\/vc_column][\/vc_row][vc_row][vc_column width=&#8221;5\/6&#8243;][vc_column_text css=&#8221;.vc_custom_1615546213455{margin-bottom: 0px !important;}&#8221;] Znanstveni \u010dasopis za matematiku Acta mathematica Spalatensia [\/vc_column_text][\/vc_column][vc_column width=&#8221;1\/6&#8243;][\/vc_column][\/vc_row]\" \/>\n<meta property=\"og:url\" content=\"https:\/\/www.pmfst.unist.hr\/odjel-za-matematiku\/casopisi\/\" \/>\n<meta property=\"og:site_name\" content=\"Odjel za matematiku\" \/>\n<meta property=\"article:modified_time\" content=\"2023-11-22T07:47:32+00:00\" \/>\n<meta property=\"og:image\" content=\"https:\/\/www.pmfst.unist.hr\/odjel-za-matematiku\/wp-content\/uploads\/sites\/24\/2018\/06\/aas-300x172.png\" \/>\n<meta name=\"twitter:card\" content=\"summary_large_image\" \/>\n<meta name=\"twitter:label1\" content=\"Procijenjeno vrijeme \u010ditanja\" \/>\n\t<meta name=\"twitter:data1\" content=\"1 minuta\" \/>\n<script type=\"application\/ld+json\" class=\"yoast-schema-graph\">{\"@context\":\"https:\\\/\\\/schema.org\",\"@graph\":[{\"@type\":\"WebPage\",\"@id\":\"https:\\\/\\\/www.pmfst.unist.hr\\\/odjel-za-matematiku\\\/casopisi\\\/\",\"url\":\"https:\\\/\\\/www.pmfst.unist.hr\\\/odjel-za-matematiku\\\/casopisi\\\/\",\"name\":\"\u010casopisi - Odjel za matematiku\",\"isPartOf\":{\"@id\":\"https:\\\/\\\/www.pmfst.unist.hr\\\/odjel-za-matematiku\\\/#website\"},\"primaryImageOfPage\":{\"@id\":\"https:\\\/\\\/www.pmfst.unist.hr\\\/odjel-za-matematiku\\\/casopisi\\\/#primaryimage\"},\"image\":{\"@id\":\"https:\\\/\\\/www.pmfst.unist.hr\\\/odjel-za-matematiku\\\/casopisi\\\/#primaryimage\"},\"thumbnailUrl\":\"https:\\\/\\\/www.pmfst.unist.hr\\\/odjel-za-matematiku\\\/wp-content\\\/uploads\\\/sites\\\/24\\\/2018\\\/06\\\/aas-300x172.png\",\"datePublished\":\"2018-03-20T07:46:24+00:00\",\"dateModified\":\"2023-11-22T07:47:32+00:00\",\"breadcrumb\":{\"@id\":\"https:\\\/\\\/www.pmfst.unist.hr\\\/odjel-za-matematiku\\\/casopisi\\\/#breadcrumb\"},\"inLanguage\":\"hr\",\"potentialAction\":[{\"@type\":\"ReadAction\",\"target\":[\"https:\\\/\\\/www.pmfst.unist.hr\\\/odjel-za-matematiku\\\/casopisi\\\/\"]}]},{\"@type\":\"ImageObject\",\"inLanguage\":\"hr\",\"@id\":\"https:\\\/\\\/www.pmfst.unist.hr\\\/odjel-za-matematiku\\\/casopisi\\\/#primaryimage\",\"url\":\"https:\\\/\\\/www.pmfst.unist.hr\\\/odjel-za-matematiku\\\/wp-content\\\/uploads\\\/sites\\\/24\\\/2018\\\/06\\\/aas.png\",\"contentUrl\":\"https:\\\/\\\/www.pmfst.unist.hr\\\/odjel-za-matematiku\\\/wp-content\\\/uploads\\\/sites\\\/24\\\/2018\\\/06\\\/aas.png\",\"width\":1488,\"height\":851},{\"@type\":\"BreadcrumbList\",\"@id\":\"https:\\\/\\\/www.pmfst.unist.hr\\\/odjel-za-matematiku\\\/casopisi\\\/#breadcrumb\",\"itemListElement\":[{\"@type\":\"ListItem\",\"position\":1,\"name\":\"Po\u010detna stranica\",\"item\":\"https:\\\/\\\/www.pmfst.unist.hr\\\/odjel-za-matematiku\\\/\"},{\"@type\":\"ListItem\",\"position\":2,\"name\":\"\u010casopisi\"}]},{\"@type\":\"WebSite\",\"@id\":\"https:\\\/\\\/www.pmfst.unist.hr\\\/odjel-za-matematiku\\\/#website\",\"url\":\"https:\\\/\\\/www.pmfst.unist.hr\\\/odjel-za-matematiku\\\/\",\"name\":\"Odjel za matematiku\",\"description\":\"Odjel za matematiku  Prirodoslovnog-matemati\u010dkiog fakulteta Sveu\u010dili\u0161ta u Splitu\",\"potentialAction\":[{\"@type\":\"SearchAction\",\"target\":{\"@type\":\"EntryPoint\",\"urlTemplate\":\"https:\\\/\\\/www.pmfst.unist.hr\\\/odjel-za-matematiku\\\/?s={search_term_string}\"},\"query-input\":{\"@type\":\"PropertyValueSpecification\",\"valueRequired\":true,\"valueName\":\"search_term_string\"}}],\"inLanguage\":\"hr\"}]}<\/script>\n<!-- \/ Yoast SEO plugin. -->","yoast_head_json":{"title":"\u010casopisi - Odjel za matematiku","robots":{"index":"index","follow":"follow","max-snippet":"max-snippet:-1","max-image-preview":"max-image-preview:large","max-video-preview":"max-video-preview:-1"},"canonical":"https:\/\/www.pmfst.unist.hr\/odjel-za-matematiku\/casopisi\/","og_locale":"hr_HR","og_type":"article","og_title":"\u010casopisi - Odjel za matematiku","og_description":"[vc_row][vc_column width=&#8221;5\/6&#8243;][vc_column_text css=&#8221;.vc_custom_1700639250476{margin-bottom: 0px !important;}&#8221;] Stru\u010dno-metodi\u010dki \u010dasopis za matematiku Acta mathematica Spalatensia Series Didactica [\/vc_column_text][\/vc_column][vc_column width=&#8221;1\/6&#8243;][\/vc_column][\/vc_row][vc_row][vc_column width=&#8221;5\/6&#8243;][vc_column_text css=&#8221;.vc_custom_1615546213455{margin-bottom: 0px !important;}&#8221;] Znanstveni \u010dasopis za matematiku Acta mathematica Spalatensia [\/vc_column_text][\/vc_column][vc_column width=&#8221;1\/6&#8243;][\/vc_column][\/vc_row]","og_url":"https:\/\/www.pmfst.unist.hr\/odjel-za-matematiku\/casopisi\/","og_site_name":"Odjel za matematiku","article_modified_time":"2023-11-22T07:47:32+00:00","og_image":[{"url":"https:\/\/www.pmfst.unist.hr\/odjel-za-matematiku\/wp-content\/uploads\/sites\/24\/2018\/06\/aas-300x172.png","type":"","width":"","height":""}],"twitter_card":"summary_large_image","twitter_misc":{"Procijenjeno vrijeme \u010ditanja":"1 minuta"},"schema":{"@context":"https:\/\/schema.org","@graph":[{"@type":"WebPage","@id":"https:\/\/www.pmfst.unist.hr\/odjel-za-matematiku\/casopisi\/","url":"https:\/\/www.pmfst.unist.hr\/odjel-za-matematiku\/casopisi\/","name":"\u010casopisi - Odjel za matematiku","isPartOf":{"@id":"https:\/\/www.pmfst.unist.hr\/odjel-za-matematiku\/#website"},"primaryImageOfPage":{"@id":"https:\/\/www.pmfst.unist.hr\/odjel-za-matematiku\/casopisi\/#primaryimage"},"image":{"@id":"https:\/\/www.pmfst.unist.hr\/odjel-za-matematiku\/casopisi\/#primaryimage"},"thumbnailUrl":"https:\/\/www.pmfst.unist.hr\/odjel-za-matematiku\/wp-content\/uploads\/sites\/24\/2018\/06\/aas-300x172.png","datePublished":"2018-03-20T07:46:24+00:00","dateModified":"2023-11-22T07:47:32+00:00","breadcrumb":{"@id":"https:\/\/www.pmfst.unist.hr\/odjel-za-matematiku\/casopisi\/#breadcrumb"},"inLanguage":"hr","potentialAction":[{"@type":"ReadAction","target":["https:\/\/www.pmfst.unist.hr\/odjel-za-matematiku\/casopisi\/"]}]},{"@type":"ImageObject","inLanguage":"hr","@id":"https:\/\/www.pmfst.unist.hr\/odjel-za-matematiku\/casopisi\/#primaryimage","url":"https:\/\/www.pmfst.unist.hr\/odjel-za-matematiku\/wp-content\/uploads\/sites\/24\/2018\/06\/aas.png","contentUrl":"https:\/\/www.pmfst.unist.hr\/odjel-za-matematiku\/wp-content\/uploads\/sites\/24\/2018\/06\/aas.png","width":1488,"height":851},{"@type":"BreadcrumbList","@id":"https:\/\/www.pmfst.unist.hr\/odjel-za-matematiku\/casopisi\/#breadcrumb","itemListElement":[{"@type":"ListItem","position":1,"name":"Po\u010detna stranica","item":"https:\/\/www.pmfst.unist.hr\/odjel-za-matematiku\/"},{"@type":"ListItem","position":2,"name":"\u010casopisi"}]},{"@type":"WebSite","@id":"https:\/\/www.pmfst.unist.hr\/odjel-za-matematiku\/#website","url":"https:\/\/www.pmfst.unist.hr\/odjel-za-matematiku\/","name":"Odjel za matematiku","description":"Odjel za matematiku  Prirodoslovnog-matemati\u010dkiog fakulteta Sveu\u010dili\u0161ta u Splitu","potentialAction":[{"@type":"SearchAction","target":{"@type":"EntryPoint","urlTemplate":"https:\/\/www.pmfst.unist.hr\/odjel-za-matematiku\/?s={search_term_string}"},"query-input":{"@type":"PropertyValueSpecification","valueRequired":true,"valueName":"search_term_string"}}],"inLanguage":"hr"}]}},"_links":{"self":[{"href":"https:\/\/www.pmfst.unist.hr\/odjel-za-matematiku\/wp-json\/wp\/v2\/pages\/1377","targetHints":{"allow":["GET"]}}],"collection":[{"href":"https:\/\/www.pmfst.unist.hr\/odjel-za-matematiku\/wp-json\/wp\/v2\/pages"}],"about":[{"href":"https:\/\/www.pmfst.unist.hr\/odjel-za-matematiku\/wp-json\/wp\/v2\/types\/page"}],"author":[{"embeddable":true,"href":"https:\/\/www.pmfst.unist.hr\/odjel-za-matematiku\/wp-json\/wp\/v2\/users\/1"}],"replies":[{"embeddable":true,"href":"https:\/\/www.pmfst.unist.hr\/odjel-za-matematiku\/wp-json\/wp\/v2\/comments?post=1377"}],"version-history":[{"count":0,"href":"https:\/\/www.pmfst.unist.hr\/odjel-za-matematiku\/wp-json\/wp\/v2\/pages\/1377\/revisions"}],"wp:attachment":[{"href":"https:\/\/www.pmfst.unist.hr\/odjel-za-matematiku\/wp-json\/wp\/v2\/media?parent=1377"}],"curies":[{"name":"wp","href":"https:\/\/api.w.org\/{rel}","templated":true}]}}