{"id":1411,"date":"2018-03-20T09:34:29","date_gmt":"2018-03-20T08:34:29","guid":{"rendered":"https:\/\/www.pmfst.unist.hr\/odjel-za-matematiku\/?page_id=1411"},"modified":"2018-04-13T08:44:39","modified_gmt":"2018-04-13T06:44:39","slug":"znanstveno-istrazivacke-grupe","status":"publish","type":"page","link":"https:\/\/www.pmfst.unist.hr\/odjel-za-matematiku\/znanstveno-istrazivacke-grupe\/","title":{"rendered":"Znanstveno-istra\u017eiva\u010dke grupe"},"content":{"rendered":"<div class=\"wpb-content-wrapper\">[vc_row][vc_column][vc_basic_grid post_type=&#8221;post&#8221; max_items=&#8221;-1&#8243; element_width=&#8221;3&#8243; gap=&#8221;15&#8243; item=&#8221;1427&#8243; initial_loading_animation=&#8221;none&#8221; grid_id=&#8221;vc_gid:1523601859747-4ec598e6-cf06-7&#8243; taxonomies=&#8221;3&#8243;][\/vc_column][\/vc_row]\n<\/div>","protected":false},"excerpt":{"rendered":"<p>[vc_row][vc_column][vc_basic_grid post_type=&#8221;post&#8221; max_items=&#8221;-1&#8243; element_width=&#8221;3&#8243; gap=&#8221;15&#8243; item=&#8221;1427&#8243; initial_loading_animation=&#8221;none&#8221; grid_id=&#8221;vc_gid:1523601859747-4ec598e6-cf06-7&#8243; taxonomies=&#8221;3&#8243;][\/vc_column][\/vc_row]<\/p>\n","protected":false},"author":1,"featured_media":0,"parent":0,"menu_order":0,"comment_status":"closed","ping_status":"closed","template":"","meta":{"_acf_changed":false,"rs_blank_template":"","rs_page_bg_color":"","slide_template_v7":"","footnotes":""},"class_list":["post-1411","page","type-page","status-publish","hentry"],"acf":[],"yoast_head":"<!-- This site is optimized with the Yoast SEO plugin v27.2 - https:\/\/yoast.com\/product\/yoast-seo-wordpress\/ -->\n<title>Znanstveno-istra\u017eiva\u010dke grupe - Odjel za matematiku<\/title>\n<meta name=\"robots\" content=\"index, follow, max-snippet:-1, max-image-preview:large, max-video-preview:-1\" \/>\n<link rel=\"canonical\" href=\"https:\/\/www.pmfst.unist.hr\/odjel-za-matematiku\/znanstveno-istrazivacke-grupe\/\" \/>\n<meta property=\"og:locale\" content=\"hr_HR\" \/>\n<meta property=\"og:type\" content=\"article\" \/>\n<meta property=\"og:title\" content=\"Znanstveno-istra\u017eiva\u010dke grupe - Odjel za matematiku\" \/>\n<meta property=\"og:description\" content=\"[vc_row][vc_column][vc_basic_grid post_type=&#8221;post&#8221; max_items=&#8221;-1&#8243; element_width=&#8221;3&#8243; gap=&#8221;15&#8243; item=&#8221;1427&#8243; initial_loading_animation=&#8221;none&#8221; grid_id=&#8221;vc_gid:1523601859747-4ec598e6-cf06-7&#8243; taxonomies=&#8221;3&#8243;][\/vc_column][\/vc_row]\" \/>\n<meta property=\"og:url\" content=\"https:\/\/www.pmfst.unist.hr\/odjel-za-matematiku\/znanstveno-istrazivacke-grupe\/\" \/>\n<meta property=\"og:site_name\" content=\"Odjel za matematiku\" \/>\n<meta property=\"article:modified_time\" content=\"2018-04-13T06:44:39+00:00\" \/>\n<meta name=\"twitter:card\" content=\"summary_large_image\" \/>\n<script type=\"application\/ld+json\" class=\"yoast-schema-graph\">{\"@context\":\"https:\/\/schema.org\",\"@graph\":[{\"@type\":\"WebPage\",\"@id\":\"https:\/\/www.pmfst.unist.hr\/odjel-za-matematiku\/znanstveno-istrazivacke-grupe\/\",\"url\":\"https:\/\/www.pmfst.unist.hr\/odjel-za-matematiku\/znanstveno-istrazivacke-grupe\/\",\"name\":\"Znanstveno-istra\u017eiva\u010dke grupe - Odjel za matematiku\",\"isPartOf\":{\"@id\":\"https:\/\/www.pmfst.unist.hr\/odjel-za-matematiku\/#website\"},\"datePublished\":\"2018-03-20T08:34:29+00:00\",\"dateModified\":\"2018-04-13T06:44:39+00:00\",\"breadcrumb\":{\"@id\":\"https:\/\/www.pmfst.unist.hr\/odjel-za-matematiku\/znanstveno-istrazivacke-grupe\/#breadcrumb\"},\"inLanguage\":\"hr\",\"potentialAction\":[{\"@type\":\"ReadAction\",\"target\":[\"https:\/\/www.pmfst.unist.hr\/odjel-za-matematiku\/znanstveno-istrazivacke-grupe\/\"]}]},{\"@type\":\"BreadcrumbList\",\"@id\":\"https:\/\/www.pmfst.unist.hr\/odjel-za-matematiku\/znanstveno-istrazivacke-grupe\/#breadcrumb\",\"itemListElement\":[{\"@type\":\"ListItem\",\"position\":1,\"name\":\"Po\u010detna stranica\",\"item\":\"https:\/\/www.pmfst.unist.hr\/odjel-za-matematiku\/\"},{\"@type\":\"ListItem\",\"position\":2,\"name\":\"Znanstveno-istra\u017eiva\u010dke grupe\"}]},{\"@type\":\"WebSite\",\"@id\":\"https:\/\/www.pmfst.unist.hr\/odjel-za-matematiku\/#website\",\"url\":\"https:\/\/www.pmfst.unist.hr\/odjel-za-matematiku\/\",\"name\":\"Odjel za matematiku\",\"description\":\"Odjel za matematiku  Prirodoslovnog-matemati\u010dkiog fakulteta Sveu\u010dili\u0161ta u Splitu\",\"potentialAction\":[{\"@type\":\"SearchAction\",\"target\":{\"@type\":\"EntryPoint\",\"urlTemplate\":\"https:\/\/www.pmfst.unist.hr\/odjel-za-matematiku\/?s={search_term_string}\"},\"query-input\":{\"@type\":\"PropertyValueSpecification\",\"valueRequired\":true,\"valueName\":\"search_term_string\"}}],\"inLanguage\":\"hr\"}]}<\/script>\n<!-- \/ Yoast SEO plugin. -->","yoast_head_json":{"title":"Znanstveno-istra\u017eiva\u010dke grupe - Odjel za matematiku","robots":{"index":"index","follow":"follow","max-snippet":"max-snippet:-1","max-image-preview":"max-image-preview:large","max-video-preview":"max-video-preview:-1"},"canonical":"https:\/\/www.pmfst.unist.hr\/odjel-za-matematiku\/znanstveno-istrazivacke-grupe\/","og_locale":"hr_HR","og_type":"article","og_title":"Znanstveno-istra\u017eiva\u010dke grupe - Odjel za matematiku","og_description":"[vc_row][vc_column][vc_basic_grid post_type=&#8221;post&#8221; max_items=&#8221;-1&#8243; element_width=&#8221;3&#8243; gap=&#8221;15&#8243; item=&#8221;1427&#8243; initial_loading_animation=&#8221;none&#8221; grid_id=&#8221;vc_gid:1523601859747-4ec598e6-cf06-7&#8243; taxonomies=&#8221;3&#8243;][\/vc_column][\/vc_row]","og_url":"https:\/\/www.pmfst.unist.hr\/odjel-za-matematiku\/znanstveno-istrazivacke-grupe\/","og_site_name":"Odjel za matematiku","article_modified_time":"2018-04-13T06:44:39+00:00","twitter_card":"summary_large_image","schema":{"@context":"https:\/\/schema.org","@graph":[{"@type":"WebPage","@id":"https:\/\/www.pmfst.unist.hr\/odjel-za-matematiku\/znanstveno-istrazivacke-grupe\/","url":"https:\/\/www.pmfst.unist.hr\/odjel-za-matematiku\/znanstveno-istrazivacke-grupe\/","name":"Znanstveno-istra\u017eiva\u010dke grupe - Odjel za matematiku","isPartOf":{"@id":"https:\/\/www.pmfst.unist.hr\/odjel-za-matematiku\/#website"},"datePublished":"2018-03-20T08:34:29+00:00","dateModified":"2018-04-13T06:44:39+00:00","breadcrumb":{"@id":"https:\/\/www.pmfst.unist.hr\/odjel-za-matematiku\/znanstveno-istrazivacke-grupe\/#breadcrumb"},"inLanguage":"hr","potentialAction":[{"@type":"ReadAction","target":["https:\/\/www.pmfst.unist.hr\/odjel-za-matematiku\/znanstveno-istrazivacke-grupe\/"]}]},{"@type":"BreadcrumbList","@id":"https:\/\/www.pmfst.unist.hr\/odjel-za-matematiku\/znanstveno-istrazivacke-grupe\/#breadcrumb","itemListElement":[{"@type":"ListItem","position":1,"name":"Po\u010detna stranica","item":"https:\/\/www.pmfst.unist.hr\/odjel-za-matematiku\/"},{"@type":"ListItem","position":2,"name":"Znanstveno-istra\u017eiva\u010dke grupe"}]},{"@type":"WebSite","@id":"https:\/\/www.pmfst.unist.hr\/odjel-za-matematiku\/#website","url":"https:\/\/www.pmfst.unist.hr\/odjel-za-matematiku\/","name":"Odjel za matematiku","description":"Odjel za matematiku  Prirodoslovnog-matemati\u010dkiog fakulteta Sveu\u010dili\u0161ta u Splitu","potentialAction":[{"@type":"SearchAction","target":{"@type":"EntryPoint","urlTemplate":"https:\/\/www.pmfst.unist.hr\/odjel-za-matematiku\/?s={search_term_string}"},"query-input":{"@type":"PropertyValueSpecification","valueRequired":true,"valueName":"search_term_string"}}],"inLanguage":"hr"}]}},"_links":{"self":[{"href":"https:\/\/www.pmfst.unist.hr\/odjel-za-matematiku\/wp-json\/wp\/v2\/pages\/1411","targetHints":{"allow":["GET"]}}],"collection":[{"href":"https:\/\/www.pmfst.unist.hr\/odjel-za-matematiku\/wp-json\/wp\/v2\/pages"}],"about":[{"href":"https:\/\/www.pmfst.unist.hr\/odjel-za-matematiku\/wp-json\/wp\/v2\/types\/page"}],"author":[{"embeddable":true,"href":"https:\/\/www.pmfst.unist.hr\/odjel-za-matematiku\/wp-json\/wp\/v2\/users\/1"}],"replies":[{"embeddable":true,"href":"https:\/\/www.pmfst.unist.hr\/odjel-za-matematiku\/wp-json\/wp\/v2\/comments?post=1411"}],"version-history":[{"count":0,"href":"https:\/\/www.pmfst.unist.hr\/odjel-za-matematiku\/wp-json\/wp\/v2\/pages\/1411\/revisions"}],"wp:attachment":[{"href":"https:\/\/www.pmfst.unist.hr\/odjel-za-matematiku\/wp-json\/wp\/v2\/media?parent=1411"}],"curies":[{"name":"wp","href":"https:\/\/api.w.org\/{rel}","templated":true}]}}