{"id":1450,"date":"2018-03-20T13:52:48","date_gmt":"2018-03-20T12:52:48","guid":{"rendered":"https:\/\/www.pmfst.unist.hr\/odjel-za-matematiku\/?page_id=1450"},"modified":"2021-03-25T08:40:59","modified_gmt":"2021-03-25T07:40:59","slug":"samostalna-istrazivanja","status":"publish","type":"page","link":"https:\/\/www.pmfst.unist.hr\/odjel-za-matematiku\/samostalna-istrazivanja\/","title":{"rendered":"Samostalna istra\u017eivanja"},"content":{"rendered":"<div class=\"wpb-content-wrapper\">[vc_row][vc_column][vc_empty_space][vc_basic_grid post_type=&#8221;post&#8221; max_items=&#8221;-1&#8243; item=&#8221;1509&#8243; grid_id=&#8221;vc_gid:1616657947969-430c127e-8329-1&#8243; taxonomies=&#8221;4&#8243;][\/vc_column][\/vc_row]\n<\/div>","protected":false},"excerpt":{"rendered":"<p>[vc_row][vc_column][vc_empty_space][vc_basic_grid post_type=&#8221;post&#8221; max_items=&#8221;-1&#8243; item=&#8221;1509&#8243; grid_id=&#8221;vc_gid:1616657947969-430c127e-8329-1&#8243; taxonomies=&#8221;4&#8243;][\/vc_column][\/vc_row]<\/p>\n","protected":false},"author":1,"featured_media":0,"parent":0,"menu_order":0,"comment_status":"closed","ping_status":"closed","template":"","meta":{"_acf_changed":false,"rs_blank_template":"","rs_page_bg_color":"","slide_template_v7":"","footnotes":""},"class_list":["post-1450","page","type-page","status-publish","hentry"],"acf":[],"yoast_head":"<!-- This site is optimized with the Yoast SEO plugin v27.2 - https:\/\/yoast.com\/product\/yoast-seo-wordpress\/ -->\n<title>Samostalna istra\u017eivanja - Odjel za matematiku<\/title>\n<meta name=\"robots\" content=\"index, follow, max-snippet:-1, max-image-preview:large, max-video-preview:-1\" \/>\n<link rel=\"canonical\" href=\"https:\/\/www.pmfst.unist.hr\/odjel-za-matematiku\/samostalna-istrazivanja\/\" \/>\n<meta property=\"og:locale\" content=\"hr_HR\" \/>\n<meta property=\"og:type\" content=\"article\" \/>\n<meta property=\"og:title\" content=\"Samostalna istra\u017eivanja - Odjel za matematiku\" \/>\n<meta property=\"og:description\" content=\"[vc_row][vc_column][vc_empty_space][vc_basic_grid post_type=&#8221;post&#8221; max_items=&#8221;-1&#8243; item=&#8221;1509&#8243; grid_id=&#8221;vc_gid:1616657947969-430c127e-8329-1&#8243; taxonomies=&#8221;4&#8243;][\/vc_column][\/vc_row]\" \/>\n<meta property=\"og:url\" content=\"https:\/\/www.pmfst.unist.hr\/odjel-za-matematiku\/samostalna-istrazivanja\/\" \/>\n<meta property=\"og:site_name\" content=\"Odjel za matematiku\" \/>\n<meta property=\"article:modified_time\" content=\"2021-03-25T07:40:59+00:00\" \/>\n<meta name=\"twitter:card\" content=\"summary_large_image\" \/>\n<script type=\"application\/ld+json\" class=\"yoast-schema-graph\">{\"@context\":\"https:\/\/schema.org\",\"@graph\":[{\"@type\":\"WebPage\",\"@id\":\"https:\/\/www.pmfst.unist.hr\/odjel-za-matematiku\/samostalna-istrazivanja\/\",\"url\":\"https:\/\/www.pmfst.unist.hr\/odjel-za-matematiku\/samostalna-istrazivanja\/\",\"name\":\"Samostalna istra\u017eivanja - Odjel za matematiku\",\"isPartOf\":{\"@id\":\"https:\/\/www.pmfst.unist.hr\/odjel-za-matematiku\/#website\"},\"datePublished\":\"2018-03-20T12:52:48+00:00\",\"dateModified\":\"2021-03-25T07:40:59+00:00\",\"breadcrumb\":{\"@id\":\"https:\/\/www.pmfst.unist.hr\/odjel-za-matematiku\/samostalna-istrazivanja\/#breadcrumb\"},\"inLanguage\":\"hr\",\"potentialAction\":[{\"@type\":\"ReadAction\",\"target\":[\"https:\/\/www.pmfst.unist.hr\/odjel-za-matematiku\/samostalna-istrazivanja\/\"]}]},{\"@type\":\"BreadcrumbList\",\"@id\":\"https:\/\/www.pmfst.unist.hr\/odjel-za-matematiku\/samostalna-istrazivanja\/#breadcrumb\",\"itemListElement\":[{\"@type\":\"ListItem\",\"position\":1,\"name\":\"Po\u010detna stranica\",\"item\":\"https:\/\/www.pmfst.unist.hr\/odjel-za-matematiku\/\"},{\"@type\":\"ListItem\",\"position\":2,\"name\":\"Samostalna istra\u017eivanja\"}]},{\"@type\":\"WebSite\",\"@id\":\"https:\/\/www.pmfst.unist.hr\/odjel-za-matematiku\/#website\",\"url\":\"https:\/\/www.pmfst.unist.hr\/odjel-za-matematiku\/\",\"name\":\"Odjel za matematiku\",\"description\":\"Odjel za matematiku  Prirodoslovnog-matemati\u010dkiog fakulteta Sveu\u010dili\u0161ta u Splitu\",\"potentialAction\":[{\"@type\":\"SearchAction\",\"target\":{\"@type\":\"EntryPoint\",\"urlTemplate\":\"https:\/\/www.pmfst.unist.hr\/odjel-za-matematiku\/?s={search_term_string}\"},\"query-input\":{\"@type\":\"PropertyValueSpecification\",\"valueRequired\":true,\"valueName\":\"search_term_string\"}}],\"inLanguage\":\"hr\"}]}<\/script>\n<!-- \/ Yoast SEO plugin. -->","yoast_head_json":{"title":"Samostalna istra\u017eivanja - Odjel za matematiku","robots":{"index":"index","follow":"follow","max-snippet":"max-snippet:-1","max-image-preview":"max-image-preview:large","max-video-preview":"max-video-preview:-1"},"canonical":"https:\/\/www.pmfst.unist.hr\/odjel-za-matematiku\/samostalna-istrazivanja\/","og_locale":"hr_HR","og_type":"article","og_title":"Samostalna istra\u017eivanja - Odjel za matematiku","og_description":"[vc_row][vc_column][vc_empty_space][vc_basic_grid post_type=&#8221;post&#8221; max_items=&#8221;-1&#8243; item=&#8221;1509&#8243; grid_id=&#8221;vc_gid:1616657947969-430c127e-8329-1&#8243; taxonomies=&#8221;4&#8243;][\/vc_column][\/vc_row]","og_url":"https:\/\/www.pmfst.unist.hr\/odjel-za-matematiku\/samostalna-istrazivanja\/","og_site_name":"Odjel za matematiku","article_modified_time":"2021-03-25T07:40:59+00:00","twitter_card":"summary_large_image","schema":{"@context":"https:\/\/schema.org","@graph":[{"@type":"WebPage","@id":"https:\/\/www.pmfst.unist.hr\/odjel-za-matematiku\/samostalna-istrazivanja\/","url":"https:\/\/www.pmfst.unist.hr\/odjel-za-matematiku\/samostalna-istrazivanja\/","name":"Samostalna istra\u017eivanja - Odjel za matematiku","isPartOf":{"@id":"https:\/\/www.pmfst.unist.hr\/odjel-za-matematiku\/#website"},"datePublished":"2018-03-20T12:52:48+00:00","dateModified":"2021-03-25T07:40:59+00:00","breadcrumb":{"@id":"https:\/\/www.pmfst.unist.hr\/odjel-za-matematiku\/samostalna-istrazivanja\/#breadcrumb"},"inLanguage":"hr","potentialAction":[{"@type":"ReadAction","target":["https:\/\/www.pmfst.unist.hr\/odjel-za-matematiku\/samostalna-istrazivanja\/"]}]},{"@type":"BreadcrumbList","@id":"https:\/\/www.pmfst.unist.hr\/odjel-za-matematiku\/samostalna-istrazivanja\/#breadcrumb","itemListElement":[{"@type":"ListItem","position":1,"name":"Po\u010detna stranica","item":"https:\/\/www.pmfst.unist.hr\/odjel-za-matematiku\/"},{"@type":"ListItem","position":2,"name":"Samostalna istra\u017eivanja"}]},{"@type":"WebSite","@id":"https:\/\/www.pmfst.unist.hr\/odjel-za-matematiku\/#website","url":"https:\/\/www.pmfst.unist.hr\/odjel-za-matematiku\/","name":"Odjel za matematiku","description":"Odjel za matematiku  Prirodoslovnog-matemati\u010dkiog fakulteta Sveu\u010dili\u0161ta u Splitu","potentialAction":[{"@type":"SearchAction","target":{"@type":"EntryPoint","urlTemplate":"https:\/\/www.pmfst.unist.hr\/odjel-za-matematiku\/?s={search_term_string}"},"query-input":{"@type":"PropertyValueSpecification","valueRequired":true,"valueName":"search_term_string"}}],"inLanguage":"hr"}]}},"_links":{"self":[{"href":"https:\/\/www.pmfst.unist.hr\/odjel-za-matematiku\/wp-json\/wp\/v2\/pages\/1450","targetHints":{"allow":["GET"]}}],"collection":[{"href":"https:\/\/www.pmfst.unist.hr\/odjel-za-matematiku\/wp-json\/wp\/v2\/pages"}],"about":[{"href":"https:\/\/www.pmfst.unist.hr\/odjel-za-matematiku\/wp-json\/wp\/v2\/types\/page"}],"author":[{"embeddable":true,"href":"https:\/\/www.pmfst.unist.hr\/odjel-za-matematiku\/wp-json\/wp\/v2\/users\/1"}],"replies":[{"embeddable":true,"href":"https:\/\/www.pmfst.unist.hr\/odjel-za-matematiku\/wp-json\/wp\/v2\/comments?post=1450"}],"version-history":[{"count":0,"href":"https:\/\/www.pmfst.unist.hr\/odjel-za-matematiku\/wp-json\/wp\/v2\/pages\/1450\/revisions"}],"wp:attachment":[{"href":"https:\/\/www.pmfst.unist.hr\/odjel-za-matematiku\/wp-json\/wp\/v2\/media?parent=1450"}],"curies":[{"name":"wp","href":"https:\/\/api.w.org\/{rel}","templated":true}]}}