{"id":1468,"date":"2018-03-22T09:25:46","date_gmt":"2018-03-22T08:25:46","guid":{"rendered":"https:\/\/www.pmfst.unist.hr\/odjel-za-matematiku\/?page_id=1468"},"modified":"2018-05-22T09:22:50","modified_gmt":"2018-05-22T07:22:50","slug":"strucni-radovi","status":"publish","type":"page","link":"https:\/\/www.pmfst.unist.hr\/odjel-za-matematiku\/strucni-radovi\/","title":{"rendered":"Stru\u010dni radovi"},"content":{"rendered":"<div class=\"wpb-content-wrapper\">[vc_row][vc_column][vc_empty_space][mk_icon_box icon=&#8221;mk-moon-book-2&#8243; title=&#8221;CROSBI &#8211; pretraga stru\u010dnih radova&#8221; read_more_txt=&#8221;posjeti&#8230;&#8221; read_more_url=&#8221;https:\/\/www.bib.irb.hr\/pretraga\/?operators=and%7C177%7Ctext%7Cinstitution&amp;subgroup=ja-articles_in_press%7Cja-letters%7Cja-original_scientific_papers%7Cja-other_journal_papers%7Cja-preliminary_notes%7Cja-professional_papers%7Cja-review_papers%7Cja-short_communications&amp;science=1.01&amp;category=professional&#8221; style=&#8221;boxed&#8221; icon_color=&#8221;#dd9933&#8243; icon_circle_color=&#8221;&#8221; txt_color=&#8221;#1e73be&#8221;]\n[\/mk_icon_box][\/vc_column][\/vc_row]\n<\/div>","protected":false},"excerpt":{"rendered":"<p>[vc_row][vc_column][vc_empty_space][mk_icon_box icon=&#8221;mk-moon-book-2&#8243; title=&#8221;CROSBI &#8211; pretraga stru\u010dnih radova&#8221; read_more_txt=&#8221;posjeti&#8230;&#8221; read_more_url=&#8221;https:\/\/www.bib.irb.hr\/pretraga\/?operators=and%7C177%7Ctext%7Cinstitution&amp;subgroup=ja-articles_in_press%7Cja-letters%7Cja-original_scientific_papers%7Cja-other_journal_papers%7Cja-preliminary_notes%7Cja-professional_papers%7Cja-review_papers%7Cja-short_communications&amp;science=1.01&amp;category=professional&#8221; style=&#8221;boxed&#8221; icon_color=&#8221;#dd9933&#8243; icon_circle_color=&#8221;&#8221; txt_color=&#8221;#1e73be&#8221;] [\/mk_icon_box][\/vc_column][\/vc_row]<\/p>\n","protected":false},"author":1,"featured_media":0,"parent":0,"menu_order":0,"comment_status":"closed","ping_status":"closed","template":"","meta":{"_acf_changed":false,"rs_blank_template":"","rs_page_bg_color":"","slide_template_v7":"","footnotes":""},"class_list":["post-1468","page","type-page","status-publish","hentry"],"acf":[],"yoast_head":"<!-- This site is optimized with the Yoast SEO plugin v27.3 - https:\/\/yoast.com\/product\/yoast-seo-wordpress\/ -->\n<title>Stru\u010dni radovi - Odjel za matematiku<\/title>\n<meta name=\"robots\" content=\"index, follow, max-snippet:-1, max-image-preview:large, max-video-preview:-1\" \/>\n<link rel=\"canonical\" href=\"https:\/\/www.pmfst.unist.hr\/odjel-za-matematiku\/strucni-radovi\/\" \/>\n<meta property=\"og:locale\" content=\"hr_HR\" \/>\n<meta property=\"og:type\" content=\"article\" \/>\n<meta property=\"og:title\" content=\"Stru\u010dni radovi - Odjel za matematiku\" \/>\n<meta property=\"og:description\" content=\"[vc_row][vc_column][vc_empty_space][mk_icon_box icon=&#8221;mk-moon-book-2&#8243; title=&#8221;CROSBI &#8211; pretraga stru\u010dnih radova&#8221; read_more_txt=&#8221;posjeti&#8230;&#8221; read_more_url=&#8221;https:\/\/www.bib.irb.hr\/pretraga\/?operators=and%7C177%7Ctext%7Cinstitution&amp;subgroup=ja-articles_in_press%7Cja-letters%7Cja-original_scientific_papers%7Cja-other_journal_papers%7Cja-preliminary_notes%7Cja-professional_papers%7Cja-review_papers%7Cja-short_communications&amp;science=1.01&amp;category=professional&#8221; style=&#8221;boxed&#8221; icon_color=&#8221;#dd9933&#8243; icon_circle_color=&#8221;&#8221; txt_color=&#8221;#1e73be&#8221;] [\/mk_icon_box][\/vc_column][\/vc_row]\" \/>\n<meta property=\"og:url\" content=\"https:\/\/www.pmfst.unist.hr\/odjel-za-matematiku\/strucni-radovi\/\" \/>\n<meta property=\"og:site_name\" content=\"Odjel za matematiku\" \/>\n<meta property=\"article:modified_time\" content=\"2018-05-22T07:22:50+00:00\" \/>\n<meta name=\"twitter:card\" content=\"summary_large_image\" \/>\n<script type=\"application\/ld+json\" class=\"yoast-schema-graph\">{\"@context\":\"https:\\\/\\\/schema.org\",\"@graph\":[{\"@type\":\"WebPage\",\"@id\":\"https:\\\/\\\/www.pmfst.unist.hr\\\/odjel-za-matematiku\\\/strucni-radovi\\\/\",\"url\":\"https:\\\/\\\/www.pmfst.unist.hr\\\/odjel-za-matematiku\\\/strucni-radovi\\\/\",\"name\":\"Stru\u010dni radovi - Odjel za matematiku\",\"isPartOf\":{\"@id\":\"https:\\\/\\\/www.pmfst.unist.hr\\\/odjel-za-matematiku\\\/#website\"},\"datePublished\":\"2018-03-22T08:25:46+00:00\",\"dateModified\":\"2018-05-22T07:22:50+00:00\",\"breadcrumb\":{\"@id\":\"https:\\\/\\\/www.pmfst.unist.hr\\\/odjel-za-matematiku\\\/strucni-radovi\\\/#breadcrumb\"},\"inLanguage\":\"hr\",\"potentialAction\":[{\"@type\":\"ReadAction\",\"target\":[\"https:\\\/\\\/www.pmfst.unist.hr\\\/odjel-za-matematiku\\\/strucni-radovi\\\/\"]}]},{\"@type\":\"BreadcrumbList\",\"@id\":\"https:\\\/\\\/www.pmfst.unist.hr\\\/odjel-za-matematiku\\\/strucni-radovi\\\/#breadcrumb\",\"itemListElement\":[{\"@type\":\"ListItem\",\"position\":1,\"name\":\"Po\u010detna stranica\",\"item\":\"https:\\\/\\\/www.pmfst.unist.hr\\\/odjel-za-matematiku\\\/\"},{\"@type\":\"ListItem\",\"position\":2,\"name\":\"Stru\u010dni radovi\"}]},{\"@type\":\"WebSite\",\"@id\":\"https:\\\/\\\/www.pmfst.unist.hr\\\/odjel-za-matematiku\\\/#website\",\"url\":\"https:\\\/\\\/www.pmfst.unist.hr\\\/odjel-za-matematiku\\\/\",\"name\":\"Odjel za matematiku\",\"description\":\"Odjel za matematiku  Prirodoslovnog-matemati\u010dkiog fakulteta Sveu\u010dili\u0161ta u Splitu\",\"potentialAction\":[{\"@type\":\"SearchAction\",\"target\":{\"@type\":\"EntryPoint\",\"urlTemplate\":\"https:\\\/\\\/www.pmfst.unist.hr\\\/odjel-za-matematiku\\\/?s={search_term_string}\"},\"query-input\":{\"@type\":\"PropertyValueSpecification\",\"valueRequired\":true,\"valueName\":\"search_term_string\"}}],\"inLanguage\":\"hr\"}]}<\/script>\n<!-- \/ Yoast SEO plugin. -->","yoast_head_json":{"title":"Stru\u010dni radovi - Odjel za matematiku","robots":{"index":"index","follow":"follow","max-snippet":"max-snippet:-1","max-image-preview":"max-image-preview:large","max-video-preview":"max-video-preview:-1"},"canonical":"https:\/\/www.pmfst.unist.hr\/odjel-za-matematiku\/strucni-radovi\/","og_locale":"hr_HR","og_type":"article","og_title":"Stru\u010dni radovi - Odjel za matematiku","og_description":"[vc_row][vc_column][vc_empty_space][mk_icon_box icon=&#8221;mk-moon-book-2&#8243; title=&#8221;CROSBI &#8211; pretraga stru\u010dnih radova&#8221; read_more_txt=&#8221;posjeti&#8230;&#8221; read_more_url=&#8221;https:\/\/www.bib.irb.hr\/pretraga\/?operators=and%7C177%7Ctext%7Cinstitution&amp;subgroup=ja-articles_in_press%7Cja-letters%7Cja-original_scientific_papers%7Cja-other_journal_papers%7Cja-preliminary_notes%7Cja-professional_papers%7Cja-review_papers%7Cja-short_communications&amp;science=1.01&amp;category=professional&#8221; style=&#8221;boxed&#8221; icon_color=&#8221;#dd9933&#8243; icon_circle_color=&#8221;&#8221; txt_color=&#8221;#1e73be&#8221;] [\/mk_icon_box][\/vc_column][\/vc_row]","og_url":"https:\/\/www.pmfst.unist.hr\/odjel-za-matematiku\/strucni-radovi\/","og_site_name":"Odjel za matematiku","article_modified_time":"2018-05-22T07:22:50+00:00","twitter_card":"summary_large_image","schema":{"@context":"https:\/\/schema.org","@graph":[{"@type":"WebPage","@id":"https:\/\/www.pmfst.unist.hr\/odjel-za-matematiku\/strucni-radovi\/","url":"https:\/\/www.pmfst.unist.hr\/odjel-za-matematiku\/strucni-radovi\/","name":"Stru\u010dni radovi - Odjel za matematiku","isPartOf":{"@id":"https:\/\/www.pmfst.unist.hr\/odjel-za-matematiku\/#website"},"datePublished":"2018-03-22T08:25:46+00:00","dateModified":"2018-05-22T07:22:50+00:00","breadcrumb":{"@id":"https:\/\/www.pmfst.unist.hr\/odjel-za-matematiku\/strucni-radovi\/#breadcrumb"},"inLanguage":"hr","potentialAction":[{"@type":"ReadAction","target":["https:\/\/www.pmfst.unist.hr\/odjel-za-matematiku\/strucni-radovi\/"]}]},{"@type":"BreadcrumbList","@id":"https:\/\/www.pmfst.unist.hr\/odjel-za-matematiku\/strucni-radovi\/#breadcrumb","itemListElement":[{"@type":"ListItem","position":1,"name":"Po\u010detna stranica","item":"https:\/\/www.pmfst.unist.hr\/odjel-za-matematiku\/"},{"@type":"ListItem","position":2,"name":"Stru\u010dni radovi"}]},{"@type":"WebSite","@id":"https:\/\/www.pmfst.unist.hr\/odjel-za-matematiku\/#website","url":"https:\/\/www.pmfst.unist.hr\/odjel-za-matematiku\/","name":"Odjel za matematiku","description":"Odjel za matematiku  Prirodoslovnog-matemati\u010dkiog fakulteta Sveu\u010dili\u0161ta u Splitu","potentialAction":[{"@type":"SearchAction","target":{"@type":"EntryPoint","urlTemplate":"https:\/\/www.pmfst.unist.hr\/odjel-za-matematiku\/?s={search_term_string}"},"query-input":{"@type":"PropertyValueSpecification","valueRequired":true,"valueName":"search_term_string"}}],"inLanguage":"hr"}]}},"_links":{"self":[{"href":"https:\/\/www.pmfst.unist.hr\/odjel-za-matematiku\/wp-json\/wp\/v2\/pages\/1468","targetHints":{"allow":["GET"]}}],"collection":[{"href":"https:\/\/www.pmfst.unist.hr\/odjel-za-matematiku\/wp-json\/wp\/v2\/pages"}],"about":[{"href":"https:\/\/www.pmfst.unist.hr\/odjel-za-matematiku\/wp-json\/wp\/v2\/types\/page"}],"author":[{"embeddable":true,"href":"https:\/\/www.pmfst.unist.hr\/odjel-za-matematiku\/wp-json\/wp\/v2\/users\/1"}],"replies":[{"embeddable":true,"href":"https:\/\/www.pmfst.unist.hr\/odjel-za-matematiku\/wp-json\/wp\/v2\/comments?post=1468"}],"version-history":[{"count":0,"href":"https:\/\/www.pmfst.unist.hr\/odjel-za-matematiku\/wp-json\/wp\/v2\/pages\/1468\/revisions"}],"wp:attachment":[{"href":"https:\/\/www.pmfst.unist.hr\/odjel-za-matematiku\/wp-json\/wp\/v2\/media?parent=1468"}],"curies":[{"name":"wp","href":"https:\/\/api.w.org\/{rel}","templated":true}]}}