{"id":1472,"date":"2018-03-22T09:26:47","date_gmt":"2018-03-22T08:26:47","guid":{"rendered":"https:\/\/www.pmfst.unist.hr\/odjel-za-matematiku\/?page_id=1472"},"modified":"2026-03-30T11:56:22","modified_gmt":"2026-03-30T09:56:22","slug":"domaca-gostovanja","status":"publish","type":"page","link":"https:\/\/www.pmfst.unist.hr\/odjel-za-matematiku\/aktivnosti\/domaca-gostovanja\/","title":{"rendered":"Doma\u0107a gostovanja"},"content":{"rendered":"<div class=\"wpb-content-wrapper\">[vc_row][vc_column][vc_empty_space][mk_icon_box icon=&#8221;mk-moon-file-pdf&#8221; title=&#8221;Doma\u0107a gostovanja odjela&#8221; text_size=&#8221;16&#8243; read_more_url=&#8221;https:\/\/www.pmfst.unist.hr\/odjel-za-matematiku\/wp-content\/uploads\/sites\/24\/2026\/03\/domaca_gostovanja_odjela_za_matematiku_do_3_2026.pdf&#8221; style=&#8221;boxed&#8221; icon_color=&#8221;#dd3333&#8243; icon_circle_color=&#8221;&#8221; margin=&#8221;30&#8243;][\/mk_icon_box][vc_empty_space][vc_separator color=&#8221;mulled_wine&#8221; style=&#8221;shadow&#8221;][\/vc_column][\/vc_row]\n<\/div>","protected":false},"excerpt":{"rendered":"<p>[vc_row][vc_column][vc_empty_space][mk_icon_box icon=&#8221;mk-moon-file-pdf&#8221; title=&#8221;Doma\u0107a gostovanja odjela&#8221; text_size=&#8221;16&#8243; read_more_url=&#8221;https:\/\/www.pmfst.unist.hr\/odjel-za-matematiku\/wp-content\/uploads\/sites\/24\/2026\/03\/domaca_gostovanja_odjela_za_matematiku_do_3_2026.pdf&#8221; style=&#8221;boxed&#8221; icon_color=&#8221;#dd3333&#8243; icon_circle_color=&#8221;&#8221; margin=&#8221;30&#8243;][\/mk_icon_box][vc_empty_space][vc_separator color=&#8221;mulled_wine&#8221; style=&#8221;shadow&#8221;][\/vc_column][\/vc_row]<\/p>\n","protected":false},"author":1,"featured_media":0,"parent":40,"menu_order":0,"comment_status":"closed","ping_status":"closed","template":"","meta":{"_acf_changed":false,"rs_blank_template":"","rs_page_bg_color":"","slide_template_v7":"","footnotes":""},"class_list":["post-1472","page","type-page","status-publish","hentry"],"acf":[],"yoast_head":"<!-- This site is optimized with the Yoast SEO plugin v27.2 - https:\/\/yoast.com\/product\/yoast-seo-wordpress\/ -->\n<title>Doma\u0107a gostovanja - Odjel za matematiku<\/title>\n<meta name=\"robots\" content=\"index, follow, max-snippet:-1, max-image-preview:large, max-video-preview:-1\" \/>\n<link rel=\"canonical\" href=\"https:\/\/www.pmfst.unist.hr\/odjel-za-matematiku\/aktivnosti\/domaca-gostovanja\/\" \/>\n<meta property=\"og:locale\" content=\"hr_HR\" \/>\n<meta property=\"og:type\" content=\"article\" \/>\n<meta property=\"og:title\" content=\"Doma\u0107a gostovanja - Odjel za matematiku\" \/>\n<meta property=\"og:description\" content=\"[vc_row][vc_column][vc_empty_space][mk_icon_box icon=&#8221;mk-moon-file-pdf&#8221; title=&#8221;Doma\u0107a gostovanja odjela&#8221; text_size=&#8221;16&#8243; read_more_url=&#8221;https:\/\/www.pmfst.unist.hr\/odjel-za-matematiku\/wp-content\/uploads\/sites\/24\/2026\/03\/domaca_gostovanja_odjela_za_matematiku_do_3_2026.pdf&#8221; style=&#8221;boxed&#8221; icon_color=&#8221;#dd3333&#8243; icon_circle_color=&#8221;&#8221; margin=&#8221;30&#8243;][\/mk_icon_box][vc_empty_space][vc_separator color=&#8221;mulled_wine&#8221; style=&#8221;shadow&#8221;][\/vc_column][\/vc_row]\" \/>\n<meta property=\"og:url\" content=\"https:\/\/www.pmfst.unist.hr\/odjel-za-matematiku\/aktivnosti\/domaca-gostovanja\/\" \/>\n<meta property=\"og:site_name\" content=\"Odjel za matematiku\" \/>\n<meta property=\"article:modified_time\" content=\"2026-03-30T09:56:22+00:00\" \/>\n<meta name=\"twitter:card\" content=\"summary_large_image\" \/>\n<meta name=\"twitter:label1\" content=\"Procijenjeno vrijeme \u010ditanja\" \/>\n\t<meta name=\"twitter:data1\" content=\"1 minuta\" \/>\n<script type=\"application\/ld+json\" class=\"yoast-schema-graph\">{\"@context\":\"https:\/\/schema.org\",\"@graph\":[{\"@type\":\"WebPage\",\"@id\":\"https:\/\/www.pmfst.unist.hr\/odjel-za-matematiku\/aktivnosti\/domaca-gostovanja\/\",\"url\":\"https:\/\/www.pmfst.unist.hr\/odjel-za-matematiku\/aktivnosti\/domaca-gostovanja\/\",\"name\":\"Doma\u0107a gostovanja - Odjel za matematiku\",\"isPartOf\":{\"@id\":\"https:\/\/www.pmfst.unist.hr\/odjel-za-matematiku\/#website\"},\"datePublished\":\"2018-03-22T08:26:47+00:00\",\"dateModified\":\"2026-03-30T09:56:22+00:00\",\"breadcrumb\":{\"@id\":\"https:\/\/www.pmfst.unist.hr\/odjel-za-matematiku\/aktivnosti\/domaca-gostovanja\/#breadcrumb\"},\"inLanguage\":\"hr\",\"potentialAction\":[{\"@type\":\"ReadAction\",\"target\":[\"https:\/\/www.pmfst.unist.hr\/odjel-za-matematiku\/aktivnosti\/domaca-gostovanja\/\"]}]},{\"@type\":\"BreadcrumbList\",\"@id\":\"https:\/\/www.pmfst.unist.hr\/odjel-za-matematiku\/aktivnosti\/domaca-gostovanja\/#breadcrumb\",\"itemListElement\":[{\"@type\":\"ListItem\",\"position\":1,\"name\":\"Po\u010detna stranica\",\"item\":\"https:\/\/www.pmfst.unist.hr\/odjel-za-matematiku\/\"},{\"@type\":\"ListItem\",\"position\":2,\"name\":\"Aktivnosti\",\"item\":\"https:\/\/www.pmfst.unist.hr\/odjel-za-matematiku\/aktivnosti\/\"},{\"@type\":\"ListItem\",\"position\":3,\"name\":\"Doma\u0107a gostovanja\"}]},{\"@type\":\"WebSite\",\"@id\":\"https:\/\/www.pmfst.unist.hr\/odjel-za-matematiku\/#website\",\"url\":\"https:\/\/www.pmfst.unist.hr\/odjel-za-matematiku\/\",\"name\":\"Odjel za matematiku\",\"description\":\"Odjel za matematiku  Prirodoslovnog-matemati\u010dkiog fakulteta Sveu\u010dili\u0161ta u Splitu\",\"potentialAction\":[{\"@type\":\"SearchAction\",\"target\":{\"@type\":\"EntryPoint\",\"urlTemplate\":\"https:\/\/www.pmfst.unist.hr\/odjel-za-matematiku\/?s={search_term_string}\"},\"query-input\":{\"@type\":\"PropertyValueSpecification\",\"valueRequired\":true,\"valueName\":\"search_term_string\"}}],\"inLanguage\":\"hr\"}]}<\/script>\n<!-- \/ Yoast SEO plugin. -->","yoast_head_json":{"title":"Doma\u0107a gostovanja - Odjel za matematiku","robots":{"index":"index","follow":"follow","max-snippet":"max-snippet:-1","max-image-preview":"max-image-preview:large","max-video-preview":"max-video-preview:-1"},"canonical":"https:\/\/www.pmfst.unist.hr\/odjel-za-matematiku\/aktivnosti\/domaca-gostovanja\/","og_locale":"hr_HR","og_type":"article","og_title":"Doma\u0107a gostovanja - Odjel za matematiku","og_description":"[vc_row][vc_column][vc_empty_space][mk_icon_box icon=&#8221;mk-moon-file-pdf&#8221; title=&#8221;Doma\u0107a gostovanja odjela&#8221; text_size=&#8221;16&#8243; read_more_url=&#8221;https:\/\/www.pmfst.unist.hr\/odjel-za-matematiku\/wp-content\/uploads\/sites\/24\/2026\/03\/domaca_gostovanja_odjela_za_matematiku_do_3_2026.pdf&#8221; style=&#8221;boxed&#8221; icon_color=&#8221;#dd3333&#8243; icon_circle_color=&#8221;&#8221; margin=&#8221;30&#8243;][\/mk_icon_box][vc_empty_space][vc_separator color=&#8221;mulled_wine&#8221; style=&#8221;shadow&#8221;][\/vc_column][\/vc_row]","og_url":"https:\/\/www.pmfst.unist.hr\/odjel-za-matematiku\/aktivnosti\/domaca-gostovanja\/","og_site_name":"Odjel za matematiku","article_modified_time":"2026-03-30T09:56:22+00:00","twitter_card":"summary_large_image","twitter_misc":{"Procijenjeno vrijeme \u010ditanja":"1 minuta"},"schema":{"@context":"https:\/\/schema.org","@graph":[{"@type":"WebPage","@id":"https:\/\/www.pmfst.unist.hr\/odjel-za-matematiku\/aktivnosti\/domaca-gostovanja\/","url":"https:\/\/www.pmfst.unist.hr\/odjel-za-matematiku\/aktivnosti\/domaca-gostovanja\/","name":"Doma\u0107a gostovanja - Odjel za matematiku","isPartOf":{"@id":"https:\/\/www.pmfst.unist.hr\/odjel-za-matematiku\/#website"},"datePublished":"2018-03-22T08:26:47+00:00","dateModified":"2026-03-30T09:56:22+00:00","breadcrumb":{"@id":"https:\/\/www.pmfst.unist.hr\/odjel-za-matematiku\/aktivnosti\/domaca-gostovanja\/#breadcrumb"},"inLanguage":"hr","potentialAction":[{"@type":"ReadAction","target":["https:\/\/www.pmfst.unist.hr\/odjel-za-matematiku\/aktivnosti\/domaca-gostovanja\/"]}]},{"@type":"BreadcrumbList","@id":"https:\/\/www.pmfst.unist.hr\/odjel-za-matematiku\/aktivnosti\/domaca-gostovanja\/#breadcrumb","itemListElement":[{"@type":"ListItem","position":1,"name":"Po\u010detna stranica","item":"https:\/\/www.pmfst.unist.hr\/odjel-za-matematiku\/"},{"@type":"ListItem","position":2,"name":"Aktivnosti","item":"https:\/\/www.pmfst.unist.hr\/odjel-za-matematiku\/aktivnosti\/"},{"@type":"ListItem","position":3,"name":"Doma\u0107a gostovanja"}]},{"@type":"WebSite","@id":"https:\/\/www.pmfst.unist.hr\/odjel-za-matematiku\/#website","url":"https:\/\/www.pmfst.unist.hr\/odjel-za-matematiku\/","name":"Odjel za matematiku","description":"Odjel za matematiku  Prirodoslovnog-matemati\u010dkiog fakulteta Sveu\u010dili\u0161ta u Splitu","potentialAction":[{"@type":"SearchAction","target":{"@type":"EntryPoint","urlTemplate":"https:\/\/www.pmfst.unist.hr\/odjel-za-matematiku\/?s={search_term_string}"},"query-input":{"@type":"PropertyValueSpecification","valueRequired":true,"valueName":"search_term_string"}}],"inLanguage":"hr"}]}},"_links":{"self":[{"href":"https:\/\/www.pmfst.unist.hr\/odjel-za-matematiku\/wp-json\/wp\/v2\/pages\/1472","targetHints":{"allow":["GET"]}}],"collection":[{"href":"https:\/\/www.pmfst.unist.hr\/odjel-za-matematiku\/wp-json\/wp\/v2\/pages"}],"about":[{"href":"https:\/\/www.pmfst.unist.hr\/odjel-za-matematiku\/wp-json\/wp\/v2\/types\/page"}],"author":[{"embeddable":true,"href":"https:\/\/www.pmfst.unist.hr\/odjel-za-matematiku\/wp-json\/wp\/v2\/users\/1"}],"replies":[{"embeddable":true,"href":"https:\/\/www.pmfst.unist.hr\/odjel-za-matematiku\/wp-json\/wp\/v2\/comments?post=1472"}],"version-history":[{"count":1,"href":"https:\/\/www.pmfst.unist.hr\/odjel-za-matematiku\/wp-json\/wp\/v2\/pages\/1472\/revisions"}],"predecessor-version":[{"id":12583,"href":"https:\/\/www.pmfst.unist.hr\/odjel-za-matematiku\/wp-json\/wp\/v2\/pages\/1472\/revisions\/12583"}],"up":[{"embeddable":true,"href":"https:\/\/www.pmfst.unist.hr\/odjel-za-matematiku\/wp-json\/wp\/v2\/pages\/40"}],"wp:attachment":[{"href":"https:\/\/www.pmfst.unist.hr\/odjel-za-matematiku\/wp-json\/wp\/v2\/media?parent=1472"}],"curies":[{"name":"wp","href":"https:\/\/api.w.org\/{rel}","templated":true}]}}