{"id":43,"date":"2018-02-07T09:49:41","date_gmt":"2018-02-07T08:49:41","guid":{"rendered":"https:\/\/www.pmfst.unist.hr\/odjel-za-matematiku\/?page_id=43"},"modified":"2018-02-07T09:49:41","modified_gmt":"2018-02-07T08:49:41","slug":"topoloski-seminar","status":"publish","type":"page","link":"https:\/\/www.pmfst.unist.hr\/odjel-za-matematiku\/topoloski-seminar\/","title":{"rendered":"Topolo\u0161ki seminar"},"content":{"rendered":"<div id = \"seminari\">\n<h2>Topolo\u0161ki seminar<\/h2>\n<p><span class = \"seminar-enhanced\">Voditelji seminara: <\/span>prof.dr.sc. Vlasta Matijevi\u0107, prof.dr.sc. Nikola Kocei\u0107 Bilan<\/p>\n<p><span class = \"seminar-enhanced\">Tajnik seminara: <\/span>Goran Erceg<\/p>\n<p><span class = \"seminar-enhanced\">\u010clanovi seminara: <\/span>Sibe Marde\u0161i\u0107 (akademik), Nikica Ugle\u0161i\u0107, Branko \u010cervar,Vlasta Matijevi\u0107, Nikola Kocei\u0107 Bilan, Goran Erceg, Ivan Leki\u0107, Jana Mari\u0107, Zdravko \u010cuka<\/p>\n<p>Seminar pri PMF-u u Splitu aktivno djeluje od 1994. <\/p>\n<h2>Odr\u017eani seminari<\/h2>\n<h4>2015.\/2016.<\/h4>\n<ul class = \"seminar-list\">\n<li>08.04.2016.<span class = \"seminar-enhanced\"> Zdravko \u010cuka: <\/span> Topolo\u0161ke grupe (grubog) oblika<\/li>\n<li>18.03.2016.<span class = \"seminar-enhanced\"> Zdravko \u010cuka: <\/span> Topologije na skupu homotopskih klasa putova-III.<\/li>\n<li>11.03.2016.<span class = \"seminar-enhanced\"> Zdravko \u010cuka: <\/span> Topologije na skupu homotopskih klasa putova-II.<\/li>\n<li>04.03.2016.<span class = \"seminar-enhanced\"> Zdravko \u010cuka: <\/span> Topologije na skupu homotopskih klasa putova-I.<\/li>\n<li>19.02.2016.<span class = \"seminar-enhanced\"> Nikica Ugle\u0161i\u0107: <\/span> Kvocijetni oblici za monoide<\/li>\n<li>12.02.2016.<span class = \"seminar-enhanced\"> Nikica Ugle\u0161i\u0107: <\/span> Oblici ultrapseudometri\u010dkih prostora<\/li>\n<li>05.02.2016.<span class = \"seminar-enhanced\"> Nikica Ugle\u0161i\u0107: <\/span> Oblici pseudometri\u010dkih prostora<\/li>\n<li>22.01.2016.<span class = \"seminar-enhanced\"> Nikica Ugle\u0161i\u0107: <\/span> Primjer za razlikovanje grubog od slabog oblika<\/li>\n<li>18.12.2015.<span class = \"seminar-enhanced\"> Nikica Ugle\u0161i\u0107: <\/span> Kvocijetni oblici ure\u0111enih skupova-III.<\/li>\n<li>04.12.2015.<span class = \"seminar-enhanced\"> Nikica Ugle\u0161i\u0107: <\/span> Kvocijetni oblici ure\u0111enih skupova-II.<\/li>\n<li>20.11.2015.<span class = \"seminar-enhanced\"> Nikica Ugle\u0161i\u0107: <\/span> Kvocijetni oblici ure\u0111enih skupova-I.<\/li>\n<li>13.11.2015.<span class = \"seminar-enhanced\"> Nikica Ugle\u0161i\u0107: <\/span> Kvocijentni oblici za skupove<\/li>\n<li>06.11.2015.<span class = \"seminar-enhanced\"> Nikica Ugle\u0161i\u0107: <\/span> O kvocijentom obliku<\/li>\n<li>02.10.2015.<span class = \"seminar-enhanced\"> Leonard Rubin, University of Oklahoma, USA: <\/span>Examples of pseudo-compact spaces and their products<\/li>\n<\/ul>\n<h4>2014.\/2015.<\/p>\n<h4>\n<ul class = \"seminar-list\">\n<li>04.09.2015. <span class = \"seminar-enhanced\"> Dino Peran: <\/span>&#8220;Geometrijska teorija grupa&#8221;-II.<\/li>\n<li>04.09.2015. <span class = \"seminar-enhanced\"> Ivan Jeli\u0107: <\/span>&#8220;Limesi i rezolvente&#8221;<\/li>\n<li>28.08.2015. <span class = \"seminar-enhanced\"> Tina Sovi\u010d, University of Maribor : <\/span>&#8220;Standard universal dendrite Dn as an inverse limit with one set-valued bonding function&#8221;<\/li>\n<li>12.06.2015. <span class = \"seminar-enhanced\"> Dino Peran: <\/span>&#8220;Geometrijska teorija grupa&#8221;-I.<\/li>\n<li>15.05.2015.<span class =\"seminar-enhanced\"> Nikica Ugle\u0161i\u0107: <\/span>&#8220;Primjeri u kategoriji oblika za ure\u0111ene skupove&#8221;-II.<\/li>\n<li>08.05.2015.<span class =\"seminar-enhanced\"> Nikica Ugle\u0161i\u0107: <\/span>&#8220;Primjeri u kategoriji oblika za ure\u0111ene skupove&#8221;-I.<\/li>\n<li>17.04.2015.<span class =\"seminar-enhanced\"> Nikica Ugle\u0161i\u0107: <\/span>&#8220;Oblik za ure\u0111ene skupove&#8221;<\/li>\n<li>13.03.2015.<span class =\"seminar-enhanced\"> Zdravko \u010cuka: <\/span>&#8220;Fantomska preslikavanja&#8221;-II.<\/li>\n<li>06.03.2015.<span class =\"seminar-enhanced\"> Zdravko \u010cuka: <\/span>&#8220;Fantomska preslikavanja&#8221;-I.<\/li>\n<li>27.02.2015.<span class =\"seminar-enhanced\"> Ivan\u010dica Miro\u0161evi\u0107: <\/span>&#8220;Metri\u010dki simplicijalni kompleksi&#8221;-I.<\/li>\n<li>20.02.2015.<span class =\"seminar-enhanced\"> Ivan\u010dica Miro\u0161evi\u0107: <\/span>&#8220;Metri\u010dki simplicijalni kompleksi&#8221;-I.<\/li>\n<li>30.01.2015.<span class =\"seminar-enhanced\"> Nikica Ugle\u0161i\u0107: <\/span>&#8220;Kvocijentni oblici&#8221;<\/li>\n<li>30.01.2015.<span class =\"seminar-enhanced\"> Vlasta Matijevi\u0107: <\/span>&#8220;Dowkerov protuprimjer produkta CW-kompleksa&#8221;<\/li>\n<li>23.01.2015.<span class =\"seminar-enhanced\"> Jana Mari\u0107: <\/span>&#8220;Kvocijenti i adjunkcije CW-kompleksa&#8221;<\/li>\n<li>16.01.2015.<span class =\"seminar-enhanced\"> Jana Mari\u0107: <\/span>&#8220;Produkti CW-kompleksa&#8221;<\/li>\n<li>12.12.2014.<span class =\"seminar-enhanced\"> Zdravko \u010cuka: <\/span>&#8220;Dugundijev teorem&#8221;<\/li>\n<li>11.07.2014.<span class =\"seminar-enhanced\"> Sibe Marde\u0161i\u0107: <\/span>&#8220;100 godina od teorema Hanna Mazurkiewicz&#8221;<\/li>\n<li>26.05.2014.<span class =\"seminar-enhanced\"> Judy Kennedy, Lamar University, Texas: <\/span>&#8220;Dynamics of generalized inverse limits&#8221;<\/li>\n<\/ul>\n<h4>2013.\/2014.<\/p>\n<h4>\n<ul class = \"seminar-list\">\n<li>25.04.2014.<span class =\"seminar-enhanced\"> Goran Erceg: <\/span>&#8220;Topolo\u0161ka entropija&#8221;-II.<\/li>\n<li>11.04.2014.<span class =\"seminar-enhanced\"> Goran Erceg: <\/span>&#8220;Topolo\u0161ka entropija&#8221;-I.<\/li>\n<li>31.01.2014.<span class =\"seminar-enhanced\"> Goran Erceg: <\/span>&#8220;Dinami\u010dki sistemi&#8221;-III.<\/li>\n<li>24.01.2014.<span class =\"seminar-enhanced\"> Goran Erceg: <\/span>&#8220;Dinami\u010dki sistemi&#8221;-II.<\/li>\n<li>17.01.2014.<span class =\"seminar-enhanced\"> Goran Erceg: <\/span>&#8220;Dinami\u010dki sistemi&#8221;-I.<\/li>\n<li>13.12.2013.<span class =\"seminar-enhanced\"> Velga Bosan\u010di\u0107: <\/span>&#8220;Preslikavanja u sfere&#8221;<\/li>\n<li>06.12.2013.<span class =\"seminar-enhanced\"> Goran Erceg: <\/span>&#8220;O generaliziranim inverznim sistemima&#8221;-IV.<\/li>\n<li>29.11.2013.<span class =\"seminar-enhanced\"> Goran Erceg: <\/span>&#8220;O generaliziranim inverznim sistemima&#8221;-III.<\/li>\n<li>22.11.2013.<span class =\"seminar-enhanced\"> Goran Erceg: <\/span>&#8220;O generaliziranim inverznim sistemima&#8221;-II.<\/li>\n<li>08.11.2013.<span class =\"seminar-enhanced\"> Ana Mimica: <\/span>&#8220;Van Kampenov teorem&#8221;<\/li>\n<li>08.11.2013.<span class =\"seminar-enhanced\"> Goran Erceg: <\/span>&#8220;O generaliziranim inverznim sistemima&#8221;-I.<\/li>\n<\/ul>\n<h4>2012.\/2013.<\/p>\n<h4>\n<ul class = \"seminar-list\">\n<li>31.05.2013.<span class =\"seminar-enhanced\"> Goran Erceg: <\/span>&#8220;Limesi u kategoriji CHU&#8221;<\/li>\n<li>10.05.2013.<span class =\"seminar-enhanced\"> Vlasta Matijevi\u0107: <\/span>&#8220;Kofinitni sistemi pridru\u017eeni aproksimativnom sistemu&#8221;<\/li>\n<li>10.05.2013.<span class =\"seminar-enhanced\"> Goran Erceg: <\/span>&#8220;Kategorije CHU i ICU inverznih nizova kompaktnih metri\u010dkih, odnosno, kompaktnih Hausdorffovih prostora s odozgo semi neprekednim preslikavanjima kao morfizmima&#8221;<\/li>\n<li>10.05.2013.<span class =\"seminar-enhanced\"> Sibe Marde\u0161i\u0107: <\/span>&#8220;Poliedarska rezolventa kartezijevog produkta havajske nau\u0161nice i prebrojive punktirane unije 1-sfera&#8221;-III.<\/li>\n<li>09.05.2013.<span class =\"seminar-enhanced\"> Sibe Marde\u0161i\u0107: <\/span>&#8220;Poliedarska rezolventa kartezijevog produkta havajske nau\u0161nice i prebrojive punktirane unije 1-sfera&#8221;-II.<\/li>\n<li>08.05.2013.<span class =\"seminar-enhanced\"> Sibe Marde\u0161i\u0107: <\/span>&#8220;Poliedarska rezolventa kartezijevog produkta havajske nau\u0161nice i prebrojive punktirane unije 1-sfera&#8221;-I.<\/li>\n<li>03.05.2013.<span class =\"seminar-enhanced\"> Vlasta Matijevi\u0107: <\/span>&#8220;O limesu aproksimativnog sistema&#8221;-III.<\/li>\n<li>26.04.2013.<span class =\"seminar-enhanced\"> Vlasta Matijevi\u0107: <\/span>&#8220;O limesu aproksimativnog sistema&#8221;-II.<\/li>\n<li>12.04.2013.<span class =\"seminar-enhanced\"> Vlasta Matijevi\u0107: <\/span>&#8220;O limesu aproksimativnog sistema&#8221;-I.<\/li>\n<li>22.03.2013.<span class =\"seminar-enhanced\"> Nikola Kocei\u0107 Bilan: <\/span>&#8220;Presjeci logaritamskih i eksponencijalnih krivulja&#8221;<\/li>\n<li>18.01.2013.<span class =\"seminar-enhanced\"> Nikica Ugle\u0161i\u0107: <\/span>&#8220;Nekoliko karakterizacija oblikovne trivijalnosti&#8221;<\/li>\n<li>14.12.2012.<span class =\"seminar-enhanced\"> Vlasta Matijevi\u0107\/Nikica Ugle\u0161i\u0107: <\/span>&#8220;Egzistencija poliedarskih rezolventi topolo\u0161kih prostora&#8221;<\/li>\n<li>30.11.2012.<span class =\"seminar-enhanced\"> Vlasta Matijevi\u0107: <\/span>&#8220;Prostori koji dopu\u0161taju rezolvente od kontarktibilnih poliedara&#8221;-III.<\/li>\n<li>09.11.2012.<span class =\"seminar-enhanced\"> Vlasta Matijevi\u0107: <\/span>&#8220;Prostori koji dopu\u0161taju rezolvente od kontarktibilnih poliedara&#8221;-II.<\/li>\n<li>26.10.2012.<span class =\"seminar-enhanced\"> Vlasta Matijevi\u0107: <\/span>&#8220;Prostori koji dopu\u0161taju rezolvente od kontarktibilnih poliedara&#8221;-I.<\/li>\n<li>20.07.2012.<span class =\"seminar-enhanced\"> Nikola Kocei\u0107 Bilan: <\/span>&#8220;Izra\u010dunavanje grupa gruboga oblika solenoida&#8221;<\/li>\n<\/ul>\n<h4>2011.\/2012.<\/p>\n<h4>\n<ul class = \"seminar-list\">\n<li>04.05.2012.<span class =\"seminar-enhanced\"> Nikica Ugle\u0161i\u0107: <\/span>&#8220;Ultrametrika na pro*-morfizmima&#8221;-II.<\/li>\n<li>13.04.2012.<span class =\"seminar-enhanced\"> Nikica Ugle\u0161i\u0107: <\/span>&#8220;Gruba ekvivalencija&#8221;<\/li>\n<li>16.03.2012.<span class =\"seminar-enhanced\"> Nikica Ugle\u0161i\u0107: <\/span>&#8220;Ultrametrika na pro*-morfizmima&#8221;-I.<\/li>\n<li>09.03.2012.<span class =\"seminar-enhanced\"> Vlasta Matijevi\u0107: <\/span>&#8220;Beskona\u010dnoslojna natkrivanja solenoida&#8221;<\/li>\n<li>20.01.2012.<span class =\"seminar-enhanced\"> Vlasta Matijevi\u0107: <\/span>&#8220;\u010cechov sistem zmijolikog prostora&#8221;<\/li>\n<li>13.01.2012.<span class =\"seminar-enhanced\"> Vlasta Matijevi\u0107: <\/span>&#8220;p-adska prezentacija solenoida \u2211P&#8221;<\/li>\n<li>08.12.2011.<span class =\"seminar-enhanced\"> Nikola Kocei\u0107 Bilan: <\/span>&#8220;Algebarska karakterizacija povezanosti putevima oblika&#8221;<\/li>\n<li>25.11.2011.<span class =\"seminar-enhanced\"> Nikola Kocei\u0107 Bilan: <\/span>&#8220;Inducirani izomorfizmi putem gruboga oblika&#8221;-II.<\/li>\n<li>18.11.2011.<span class =\"seminar-enhanced\"> Nikola Kocei\u0107 Bilan: <\/span>&#8220;Inducirani izomorfizmi putem gruboga oblika&#8221;-I.<\/li>\n<li>20.10.2011.<span class =\"seminar-enhanced\"> Nikita \u0160ekutkovski, Institut Za Matematiku Sveu\u010dili\u0161ta U Skopju: <\/span>&#8220;Instrinsic approach to shape and applications&#8221;<\/li>\n<li>05.07.2011.<span class =\"seminar-enhanced\"> Vioelata Vasilevska, Utah Valley University, Usa: <\/span>&#8220;Approximate Fibrations and Codimension-2 Fibrators&#8221;<\/li>\n<li>17.05.2011.<span class =\"seminar-enhanced\"> Goran Erceg: <\/span>&#8220;Generalizirani inverzni limesi inverznih nizova generaliziranih inverznih limesa&#8221;<\/li>\n<li>06.05.2011.<span class =\"seminar-enhanced\"> Nikola Kocei\u0107 Bilan: <\/span>&#8220;O egzaktnosti grupa gruboga oblika&#8221;<\/li>\n<li>06.05.2011.<span class =\"seminar-enhanced\"> Vlasta Matijevi\u0107: <\/span>&#8220;Sistemi dobiveni iz \u010cechovog sistema nisu (op\u0107enito) aproksimativni&#8221;<\/li>\n<li>05.05.2011.<span class =\"seminar-enhanced\"> Goran Erceg: <\/span>&#8220;Limesi inverznih limesa&#8221;-III.<\/li>\n<li>05.05.2011.<span class =\"seminar-enhanced\"> Ivan Leki\u0107: <\/span>&#8220;Simplicijalna i PL preslikavanja poliedara&#8221;<\/li>\n<li>04.05.2011.<span class =\"seminar-enhanced\"> Sibe Marde\u0161i\u0107: <\/span>&#8220;Teorem egzistencije za jaki oblik kartezijevog produkta&#8221;-II.<\/li>\n<li>03.05.2011.<span class =\"seminar-enhanced\"> Sibe Marde\u0161i\u0107: <\/span>&#8220;Teorem egzistencije za jaki oblik kartezijevog produkta&#8221;-I.<\/li>\n<li>02.05.2011.<span class =\"seminar-enhanced\"> Nikica Ugle\u0161i\u0107: <\/span>&#8220;Teorem o neprekidnosti za grubi oblik&#8221;<\/li>\n<\/ul>\n<h4>2010.\/2011.<\/p>\n<h4>\n<ul class = \"seminar-list\">\n<li>15.04.2011.<span class =\"seminar-enhanced\"> Goran Erceg: <\/span>Limesi inverznih limesa (2)<\/li>\n<li>08.04.2011.<span class =\"seminar-enhanced\"> Goran Erceg: <\/span>Limesi inverznih limesa (1)<\/li>\n<li>01.04.2011.<span class =\"seminar-enhanced\"> Zvonimir Sviben: <\/span>\u010cechova kohomologija<\/li>\n<li>21.01.2011.<span class =\"seminar-enhanced\"> Igor Bakovi\u0107: <\/span>Teorija kategorija i topusa (2)<\/li>\n<li>14.01.2011.<span class =\"seminar-enhanced\"> Igor Bakovi\u0107: <\/span>Teorija kategorija i topusa (1)<\/li>\n<li>05.01.2011.<span class =\"seminar-enhanced\"> Jana Mari\u0107: <\/span>Stone-weierstrassov teorem (2)<\/li>\n<li>17.12.2010.<span class =\"seminar-enhanced\"> Jana Mari\u0107: <\/span>Stone-weierstrassov teorem (1)<\/li>\n<li>10.12.2010.<span class =\"seminar-enhanced\"> Ivan Leki\u0107: <\/span>Vi\u0161ezna\u00b5cne funkcije<\/li>\n<li>19.11.2010.<span class =\"seminar-enhanced\"> Nikica Ugle\u0161i\u0107: <\/span>Inverzni hipersustavi (3)<\/li>\n<li>12.11.2010.<span class =\"seminar-enhanced\"> Nikica Ugle\u0161i\u0107: <\/span>Inverzni hipersustavi (2)<\/li>\n<li>05.11.2010.<span class =\"seminar-enhanced\"> Nikica Ugle\u0161i\u0107: <\/span>Inverzni hipersustavi (1)<\/li>\n<li>17.09.2010.<span class =\"seminar-enhanced\"> Matev\u017e \u010crepnjak (Univerza V Mariboru, Slovenia): <\/span>On generalize inverse limits<\/li>\n<li>11.06.2010.<span class =\"seminar-enhanced\"> Iztok Bani\u010d (Univerza V Mariboru, Slovenia): <\/span>Towards the complete classification of tent maps inverse limits<\/li>\n<li>27.05.2010.<span class =\"seminar-enhanced\"> Leonard Rubin (University Of Oklahoma, Sad): <\/span>Universal spaces in cohomological dimension theory<\/li>\n<li>06.05.2010.<span class =\"seminar-enhanced\"> Goran Erceg: <\/span>Hiperprostori inverznoga limesa<\/li>\n<li>06.05.2010.<span class =\"seminar-enhanced\"> Vlasta Matijevi\u0107: <\/span>Natkrivanje solenoida koje nije natkrivaju\u0107i homomorfizam<\/li>\n<li>05.05.2010.<span class =\"seminar-enhanced\"> Sibe Marde\u0161i\u0107: <\/span>Kartezijev produkt havajske nau\u0161nice i punktirane sume niza 1-sfera u teoriji oblika (2)<\/li>\n<li>04.05.2010.<span class =\"seminar-enhanced\"> Sibe Marde\u0161i\u0107: <\/span>Kartezijev produkt havajske nau\u0161nice i punktirane sume niza 1-sfera u teoriji oblika (1)<\/li>\n<li>03.05.2010.<span class =\"seminar-enhanced\"> Nikola Kocei\u0107 Bilan: <\/span>Povezanost putovima gruboga oblika<\/li>\n<\/ul>\n<h4>2009.\/2010.<\/p>\n<h4>\n<ul class = \"seminar-list\">\n<li>12.03.2010.<span class =\"seminar-enhanced\"> Vlasta Matijevic: <\/span>Smje\u0161tenje solenoida u puni torus (2)<\/li>\n<li>19.02.2010.<span class =\"seminar-enhanced\"> Ivan Leki\u0107: <\/span>O uzlovima<\/li>\n<li>22.01.2010.<span class =\"seminar-enhanced\"> Goran Erceg: <\/span>Hiperprostori<\/li>\n<li>11.12.2009.<span class =\"seminar-enhanced\"> Vlasta Matijevi\u0107: <\/span>Natkrivaju\u0107e preslikavanje koje nije natkrivaju\u0107i homomorfizam (3)<\/li>\n<li>27.11.2009.<span class =\"seminar-enhanced\"> Vlasta Matijevi\u0107: <\/span>Natkrivaju\u0107e preslikavanje koje nije natkrivaju\u0107i homomorfizam (2)<\/li>\n<li>20.11.2009.<span class =\"seminar-enhanced\"> Vlasta Matijevi\u0107: <\/span>Natkrivaju\u0107e preslikavanje koje nije natkrivaju\u0107i homomorfizam (1)<\/li>\n<li>13.11.2009.<span class =\"seminar-enhanced\"> Nikica Ugle\u0161i\u0107: <\/span>O razredbenim relacijama i psudo (ultra) metrikama (dualnost) <\/li>\n<li>06.11.2009.<span class =\"seminar-enhanced\"> Vlasta Matijevi\u0107: <\/span>Smje\u0161tenje solenoida u puni torus (1)<\/li>\n<li>23.10.2009.<span class =\"seminar-enhanced\"> Goran Erceg: <\/span>Hiper prostori i Whitneyeva preslikavanja<\/li>\n<li>23.10.2009.<span class =\"seminar-enhanced\"> Ivan Leki\u0107: <\/span>Topolo\u0161ke grupe<\/li>\n<li>16.10.2009.<span class =\"seminar-enhanced\"> Nikica Ugle\u0161i\u0107: <\/span>O razredbenim relacijama i psudo (ultra) metrikama<\/li>\n<li>19.06.2009.<span class =\"seminar-enhanced\"> Nikica Kocei\u0107 Bilan: <\/span>The coarse shape groups<\/li>\n<li>19.06.2009.<span class =\"seminar-enhanced\"> Vlasta Matijevi\u0107: <\/span>On covering homomorphisms<\/li>\n<li>18.06.2009.<span class =\"seminar-enhanced\"> Nikica Ugle\u0161i\u0107: <\/span>On generalized (hyper) systems<\/li>\n<li>18.06.2009.<span class =\"seminar-enhanced\"> Luis Hvier Hernande Z Paricio (University Of La Rioja, Lagrona, Spain): <\/span>Dynamical systems via exterior spaces (2)<\/li>\n<li>17.06.2009.<span class =\"seminar-enhanced\"> Luis Hvier Hernande Z Paricio (University Of La Rioja, Lagrona, Spain): <\/span>Dynamical systems via exterior spaces (1)<\/li>\n<\/ul>\n<h4>2008.\/2009.<\/p>\n<h4>\n<ul class = \"seminar-list\">\n<li>08.05.2009.<span class =\"seminar-enhanced\"> Nikola Kocei\u0107 Bilan: <\/span>Grupe gruboga oblika<\/li>\n<li>08.05.2009.<span class =\"seminar-enhanced\"> Vlasta Matijevi\u0107: <\/span>Ulaganja pro-kategorije u pro-(pro-kategoriju)<\/li>\n<li>06.05.2009.<span class =\"seminar-enhanced\"> Sibe Marde\u0161ic (Akademik, Hazu): <\/span>Bifunktorstvo kartezijevog produkta u teoriji oblika (2)<\/li>\n<li>05.05.2009.<span class =\"seminar-enhanced\"> Sibe Marde\u0161i\u0107 (Akademik, Hazu): <\/span>Bifunktorstvo kartezijevog produkta u teoriji oblika (1)<\/li>\n<li>04.05.2009.<span class =\"seminar-enhanced\"> Nikica Ugle\u0161i\u0107: <\/span>Metrizacija kategorijskih objekata<\/li>\n<li>24.04.2009.<span class =\"seminar-enhanced\"> Danuta Kolodziejczyk (University Of Warsaw): <\/span>Polyhedra for which every homotopy domination is a homotopy equivalence<\/li>\n<li>03.04.2009.<span class =\"seminar-enhanced\"> Nikola Kocei\u0107 Bilan: <\/span>Jezgre i egzaktnost u pro i pro*-kategorijama<\/li>\n<li>27.03.2009.<span class =\"seminar-enhanced\"> Nikola Kocei\u0107 Bilan: <\/span>Povezanost po grubome obliku<\/li>\n<li>06.03.2009.<span class =\"seminar-enhanced\"> Nikola Kocei\u0107 Bilan: <\/span>Nul objekti i nul morfizmi u pro i pro*-kategorijama<\/li>\n<li>22.12.2008.<span class =\"seminar-enhanced\"> Vlasta Matijevi\u0107: <\/span>Reflektivne i guste podkategorije<\/li>\n<li>05.12.2008.<span class =\"seminar-enhanced\"> Nikica Ugle\u0161i\u0107: <\/span>O obliku inverznog sustava<\/li>\n<li>28.11.2008.<span class =\"seminar-enhanced\"> Nikica Ugle\u0161i\u0107: <\/span>Stone-\u010cechova kompaktifikacija kao ekspanzija (2)<\/li>\n<li>14.11.2008.<span class =\"seminar-enhanced\"> Vlasta Matijevi\u0107: <\/span>pro-kategorija prema pro-(pro-kategoriji)<\/li>\n<li>31.10.2008.<span class =\"seminar-enhanced\"> Nikica Ugle\u0161i\u0107: <\/span>Stone-\u010cechova kompaktifikacija kao ekspanzija (1)<\/li>\n<li>24.10.2008.<span class =\"seminar-enhanced\"> Nikica Ugle\u0161i\u0107: <\/span>\u03c3-pro-kategorija<\/li>\n<li>17.10.2008.<span class =\"seminar-enhanced\"> Nikica Ugle\u0161i\u0107: <\/span>Ekspanzija i pro-pro-kategorija<\/li>\n<\/ul>\n<\/div>\n","protected":false},"excerpt":{"rendered":"<p>Topolo\u0161ki seminar Voditelji seminara: prof.dr.sc. Vlasta Matijevi\u0107, prof.dr.sc. Nikola Kocei\u0107 Bilan Tajnik seminara: Goran Erceg \u010clanovi seminara: Sibe Marde\u0161i\u0107 (akademik), Nikica Ugle\u0161i\u0107, Branko \u010cervar,Vlasta Matijevi\u0107, Nikola Kocei\u0107 Bilan, Goran Erceg, Ivan Leki\u0107, Jana Mari\u0107, Zdravko \u010cuka Seminar pri PMF-u u Splitu aktivno djeluje od 1994. Odr\u017eani seminari 2015.\/2016. 08.04.2016. Zdravko \u010cuka: Topolo\u0161ke grupe (grubog) oblika [&hellip;]<\/p>\n","protected":false},"author":1,"featured_media":0,"parent":0,"menu_order":0,"comment_status":"closed","ping_status":"closed","template":"","meta":{"_acf_changed":false,"rs_blank_template":"","rs_page_bg_color":"","slide_template_v7":"","footnotes":""},"class_list":["post-43","page","type-page","status-publish","hentry"],"acf":[],"yoast_head":"<!-- This site is optimized with the Yoast SEO plugin v27.5 - https:\/\/yoast.com\/product\/yoast-seo-wordpress\/ -->\n<title>Topolo\u0161ki seminar - Odjel za matematiku<\/title>\n<meta name=\"robots\" content=\"index, follow, max-snippet:-1, max-image-preview:large, max-video-preview:-1\" \/>\n<link rel=\"canonical\" href=\"https:\/\/www.pmfst.unist.hr\/odjel-za-matematiku\/topoloski-seminar\/\" \/>\n<meta property=\"og:locale\" content=\"hr_HR\" \/>\n<meta property=\"og:type\" content=\"article\" \/>\n<meta property=\"og:title\" content=\"Topolo\u0161ki seminar - Odjel za matematiku\" \/>\n<meta property=\"og:description\" content=\"Topolo\u0161ki seminar Voditelji seminara: prof.dr.sc. Vlasta Matijevi\u0107, prof.dr.sc. Nikola Kocei\u0107 Bilan Tajnik seminara: Goran Erceg \u010clanovi seminara: Sibe Marde\u0161i\u0107 (akademik), Nikica Ugle\u0161i\u0107, Branko \u010cervar,Vlasta Matijevi\u0107, Nikola Kocei\u0107 Bilan, Goran Erceg, Ivan Leki\u0107, Jana Mari\u0107, Zdravko \u010cuka Seminar pri PMF-u u Splitu aktivno djeluje od 1994. Odr\u017eani seminari 2015.\/2016. 08.04.2016. Zdravko \u010cuka: Topolo\u0161ke grupe (grubog) oblika [&hellip;]\" \/>\n<meta property=\"og:url\" content=\"https:\/\/www.pmfst.unist.hr\/odjel-za-matematiku\/topoloski-seminar\/\" \/>\n<meta property=\"og:site_name\" content=\"Odjel za matematiku\" \/>\n<meta name=\"twitter:card\" content=\"summary_large_image\" \/>\n<meta name=\"twitter:label1\" content=\"Procijenjeno vrijeme \u010ditanja\" \/>\n\t<meta name=\"twitter:data1\" content=\"6 minuta\" \/>\n<script type=\"application\/ld+json\" class=\"yoast-schema-graph\">{\"@context\":\"https:\\\/\\\/schema.org\",\"@graph\":[{\"@type\":\"WebPage\",\"@id\":\"https:\\\/\\\/www.pmfst.unist.hr\\\/odjel-za-matematiku\\\/topoloski-seminar\\\/\",\"url\":\"https:\\\/\\\/www.pmfst.unist.hr\\\/odjel-za-matematiku\\\/topoloski-seminar\\\/\",\"name\":\"Topolo\u0161ki seminar - Odjel za matematiku\",\"isPartOf\":{\"@id\":\"https:\\\/\\\/www.pmfst.unist.hr\\\/odjel-za-matematiku\\\/#website\"},\"datePublished\":\"2018-02-07T08:49:41+00:00\",\"breadcrumb\":{\"@id\":\"https:\\\/\\\/www.pmfst.unist.hr\\\/odjel-za-matematiku\\\/topoloski-seminar\\\/#breadcrumb\"},\"inLanguage\":\"hr\",\"potentialAction\":[{\"@type\":\"ReadAction\",\"target\":[\"https:\\\/\\\/www.pmfst.unist.hr\\\/odjel-za-matematiku\\\/topoloski-seminar\\\/\"]}]},{\"@type\":\"BreadcrumbList\",\"@id\":\"https:\\\/\\\/www.pmfst.unist.hr\\\/odjel-za-matematiku\\\/topoloski-seminar\\\/#breadcrumb\",\"itemListElement\":[{\"@type\":\"ListItem\",\"position\":1,\"name\":\"Po\u010detna stranica\",\"item\":\"https:\\\/\\\/www.pmfst.unist.hr\\\/odjel-za-matematiku\\\/\"},{\"@type\":\"ListItem\",\"position\":2,\"name\":\"Topolo\u0161ki seminar\"}]},{\"@type\":\"WebSite\",\"@id\":\"https:\\\/\\\/www.pmfst.unist.hr\\\/odjel-za-matematiku\\\/#website\",\"url\":\"https:\\\/\\\/www.pmfst.unist.hr\\\/odjel-za-matematiku\\\/\",\"name\":\"Odjel za matematiku\",\"description\":\"Odjel za matematiku  Prirodoslovnog-matemati\u010dkiog fakulteta Sveu\u010dili\u0161ta u Splitu\",\"potentialAction\":[{\"@type\":\"SearchAction\",\"target\":{\"@type\":\"EntryPoint\",\"urlTemplate\":\"https:\\\/\\\/www.pmfst.unist.hr\\\/odjel-za-matematiku\\\/?s={search_term_string}\"},\"query-input\":{\"@type\":\"PropertyValueSpecification\",\"valueRequired\":true,\"valueName\":\"search_term_string\"}}],\"inLanguage\":\"hr\"}]}<\/script>\n<!-- \/ Yoast SEO plugin. -->","yoast_head_json":{"title":"Topolo\u0161ki seminar - Odjel za matematiku","robots":{"index":"index","follow":"follow","max-snippet":"max-snippet:-1","max-image-preview":"max-image-preview:large","max-video-preview":"max-video-preview:-1"},"canonical":"https:\/\/www.pmfst.unist.hr\/odjel-za-matematiku\/topoloski-seminar\/","og_locale":"hr_HR","og_type":"article","og_title":"Topolo\u0161ki seminar - Odjel za matematiku","og_description":"Topolo\u0161ki seminar Voditelji seminara: prof.dr.sc. Vlasta Matijevi\u0107, prof.dr.sc. Nikola Kocei\u0107 Bilan Tajnik seminara: Goran Erceg \u010clanovi seminara: Sibe Marde\u0161i\u0107 (akademik), Nikica Ugle\u0161i\u0107, Branko \u010cervar,Vlasta Matijevi\u0107, Nikola Kocei\u0107 Bilan, Goran Erceg, Ivan Leki\u0107, Jana Mari\u0107, Zdravko \u010cuka Seminar pri PMF-u u Splitu aktivno djeluje od 1994. Odr\u017eani seminari 2015.\/2016. 08.04.2016. Zdravko \u010cuka: Topolo\u0161ke grupe (grubog) oblika [&hellip;]","og_url":"https:\/\/www.pmfst.unist.hr\/odjel-za-matematiku\/topoloski-seminar\/","og_site_name":"Odjel za matematiku","twitter_card":"summary_large_image","twitter_misc":{"Procijenjeno vrijeme \u010ditanja":"6 minuta"},"schema":{"@context":"https:\/\/schema.org","@graph":[{"@type":"WebPage","@id":"https:\/\/www.pmfst.unist.hr\/odjel-za-matematiku\/topoloski-seminar\/","url":"https:\/\/www.pmfst.unist.hr\/odjel-za-matematiku\/topoloski-seminar\/","name":"Topolo\u0161ki seminar - Odjel za matematiku","isPartOf":{"@id":"https:\/\/www.pmfst.unist.hr\/odjel-za-matematiku\/#website"},"datePublished":"2018-02-07T08:49:41+00:00","breadcrumb":{"@id":"https:\/\/www.pmfst.unist.hr\/odjel-za-matematiku\/topoloski-seminar\/#breadcrumb"},"inLanguage":"hr","potentialAction":[{"@type":"ReadAction","target":["https:\/\/www.pmfst.unist.hr\/odjel-za-matematiku\/topoloski-seminar\/"]}]},{"@type":"BreadcrumbList","@id":"https:\/\/www.pmfst.unist.hr\/odjel-za-matematiku\/topoloski-seminar\/#breadcrumb","itemListElement":[{"@type":"ListItem","position":1,"name":"Po\u010detna stranica","item":"https:\/\/www.pmfst.unist.hr\/odjel-za-matematiku\/"},{"@type":"ListItem","position":2,"name":"Topolo\u0161ki seminar"}]},{"@type":"WebSite","@id":"https:\/\/www.pmfst.unist.hr\/odjel-za-matematiku\/#website","url":"https:\/\/www.pmfst.unist.hr\/odjel-za-matematiku\/","name":"Odjel za matematiku","description":"Odjel za matematiku  Prirodoslovnog-matemati\u010dkiog fakulteta Sveu\u010dili\u0161ta u Splitu","potentialAction":[{"@type":"SearchAction","target":{"@type":"EntryPoint","urlTemplate":"https:\/\/www.pmfst.unist.hr\/odjel-za-matematiku\/?s={search_term_string}"},"query-input":{"@type":"PropertyValueSpecification","valueRequired":true,"valueName":"search_term_string"}}],"inLanguage":"hr"}]}},"_links":{"self":[{"href":"https:\/\/www.pmfst.unist.hr\/odjel-za-matematiku\/wp-json\/wp\/v2\/pages\/43","targetHints":{"allow":["GET"]}}],"collection":[{"href":"https:\/\/www.pmfst.unist.hr\/odjel-za-matematiku\/wp-json\/wp\/v2\/pages"}],"about":[{"href":"https:\/\/www.pmfst.unist.hr\/odjel-za-matematiku\/wp-json\/wp\/v2\/types\/page"}],"author":[{"embeddable":true,"href":"https:\/\/www.pmfst.unist.hr\/odjel-za-matematiku\/wp-json\/wp\/v2\/users\/1"}],"replies":[{"embeddable":true,"href":"https:\/\/www.pmfst.unist.hr\/odjel-za-matematiku\/wp-json\/wp\/v2\/comments?post=43"}],"version-history":[{"count":0,"href":"https:\/\/www.pmfst.unist.hr\/odjel-za-matematiku\/wp-json\/wp\/v2\/pages\/43\/revisions"}],"wp:attachment":[{"href":"https:\/\/www.pmfst.unist.hr\/odjel-za-matematiku\/wp-json\/wp\/v2\/media?parent=43"}],"curies":[{"name":"wp","href":"https:\/\/api.w.org\/{rel}","templated":true}]}}