{"id":46,"date":"2018-02-07T09:51:43","date_gmt":"2018-02-07T08:51:43","guid":{"rendered":"https:\/\/www.pmfst.unist.hr\/odjel-za-matematiku\/?page_id=46"},"modified":"2023-06-15T09:45:02","modified_gmt":"2023-06-15T07:45:02","slug":"nejednakosti-i-primjene","status":"publish","type":"page","link":"https:\/\/www.pmfst.unist.hr\/odjel-za-matematiku\/nejednakosti-i-primjene\/","title":{"rendered":"Nejednakosti i primjene"},"content":{"rendered":"<div id=\"seminari\">\n<h2>Nejednakosti i primjene<\/h2>\n<p>\u010clanovi seminara:\u00a0Milica Klari\u010di\u0107 Bakula (voditeljica seminara),\u00a0Marko Mati\u0107,\u00a0\u00a0Jurica Peri\u0107,\u00a0Josipa Bari\u0107,\u00a0Anita Matkovi\u0107, Maja Andri\u0107,\u00a0Slavica Iveli\u0107 Bradanovi\u0107, Neda Lovri\u010devi\u0107<\/p>\n<h2>Odr\u017eani seminari<\/h2>\n<h4>Raspored seminara za 2022\/2023<\/h4>\n<ol>\n<li>16.12.2022. Slavica Iveli\u0107 Bradanovi\u0107 \u201eNova poop\u0107enja Shermanove nejdnakosti I\u201c<\/li>\n<li>03.05.2023. Jurica Peri\u0107, \u201eGeneralizacija Levin-Ste\u010dkinove nejednakosti I\u201c<\/li>\n<li>17.05.2023. Jurica Peri\u0107, \u201eGeneralizacija Levin-Ste\u010dkinove nejednakosti II\u201c<\/li>\n<\/ol>\n<h4>Raspored seminara za 2021\/2022<\/h4>\n<ol data-editing-info=\"{&quot;orderedStyleType&quot;:1,&quot;unorderedStyleType&quot;:1}\">\n<li>22.9.2022. Maja Andri\u0107 \u201eNeke nejednakosti za (h,g;m)-konveksne funkcije\u201c<\/li>\n<li>29.9.2022. Milica Klari\u010di\u0107 Bakula \u201eKarakterizacije segmenta i preslikavanja koja \u010duvaju konveksnost\u201c<\/li>\n<\/ol>\n<h4>Raspored seminara za 2020\/2021<\/h4>\n<ol data-editing-info=\"{&quot;orderedStyleType&quot;:1,&quot;unorderedStyleType&quot;:1}\">\n<li>24.02.2021. Jurica Peri\u0107 \u201eProfinjenja diskretne Jensenove nejednakosti i Lah-Ribari\u010deve nejednakosti\u201c<\/li>\n<li>10.9.2021. Milica Klari\u010di\u0107 Bakula \u201eO m-konveksnim skupovima\u201c<\/li>\n<\/ol>\n<h4>Raspored seminara za 2019\/2020<\/h4>\n<ol>\n<li>07.09.2020. Milica Klari\u010di\u0107 Bakula \u201e\u010cebi\u0161evljeva nejednakost za skalarni produkt I\u201c<\/li>\n<li>14.09.2020. Milica Klari\u010di\u0107 Bakula \u201e\u010cebi\u0161evljeva nejednakost za skalarni produkt II\u201c<\/li>\n<li>17.09.2020. Jurica Peri\u0107 \u201eNovo profinjenje integralne Jensenove nejednakosti i Lah-Ribari\u010deve nejednakosti\u201c<\/li>\n<li>21.09.2020. Maja Andri\u0107 \u201e O (h,g;m)-konveksnosti\u201c<\/li>\n<\/ol>\n<h4>Raspored seminara za 2018\/2019<\/h4>\n<ol>\n<li>19.09.2019. Jurica Peri\u0107 \u201eProfinjenje integralne Jensenove nejednakosti i Lah-Ribari\u010deve nejednakosti I\u201c<\/li>\n<li>27.09.2019. Jurica Peri\u0107 \u201eProfinjenje integralne Jensenove nejednakosti i Lah-Ribari\u010deve nejednakosti II\u201c<\/li>\n<li>27.09.2019. Milica Klari\u010di\u0107 Bakula \u201eHermite-Hadamardove nejednakosti za poop\u0107ene konveksne funkcije\u201c<\/li>\n<li>30.09.2019. Jurica Peri\u0107 \u201eProfinjenje integralne Jensenove nejednakosti i Lah-Ribari\u010deve nejednakosti III\u201c<\/li>\n<\/ol>\n<h4>Raspored seminara za 2017\/2018<\/h4>\n<ol data-editing-info=\"{&quot;orderedStyleType&quot;:1,&quot;unorderedStyleType&quot;:1}\">\n<li>19.01.2018. Maja Andri\u0107 \u201eMittag-Leffler funkcija i Opialove nejednakosti\u201c<\/li>\n<li>16.07.2018. Milica Klari\u010di\u0107 Bakula \u201eJensen-Steffensenova nejednakost za jako konveksne funkcije\u201c.<\/li>\n<\/ol>\n<h4>Raspored seminara za 2016\/2017<\/h4>\n<ol>\n<li>26.10.2016. Jurica Peri\u0107 \u201eNovo pobolj\u0161anje konverzne Jensenove nejednakosti&#8221;<\/li>\n<li>03.05.2017. Kazimierz Nikodem \u201eFunctions generating Schur-convex sums\u201c<\/li>\n<li>04.05.2017. Mihaela Ribi\u010di\u0107 Penava \u201eNejednakosti Grussovog tipa i kvadraturne formule\u201c<\/li>\n<li>29.9. 2017. Slavica Iveli\u0107 Bradanovi\u0107 \u201ePoop\u0107enja Shermanove nejednakosti I\u201c<\/li>\n<\/ol>\n<h4>Raspored seminara za 2015.\/2016.<\/h4>\n<ol>\n<li>06.04.2016. Milica Klari\u010di\u0107 Bakula <em>\u201eKonverzna Jensenova nejednakost za jako konveksne funkcije\u201c<\/em><\/li>\n<li>11.04.2016. Jurica Peri\u0107 <em>\u201eProfinjenje konverzne Holderove i Minkowskijeve nejednakosti <\/em><em>\u201c<\/em><\/li>\n<li>20.04.2016. Jurica Peri\u0107 <em>\u201eProfinjenje konverzne Beckenbachove i Minkowskijeve nejednakosti <\/em><em>\u201c<\/em><\/li>\n<li>27.04.2016. Jurica Peri\u0107 <em>\u201eProfinjenje konverzne Minkowskijeve nejednakosti i primjena na mje\u0161ovite sredine<\/em><em>\u201c\u00a0<\/em><\/li>\n<li>04.05.2016. Kazimierz Nikodem <em>\u201eStrongly convex set-valued maps<\/em><em>\u201c\u00a0<\/em><\/li>\n<\/ol>\n<h4>Raspored seminara za\u00a02014.\/2015.<\/h4>\n<ul>\n<li>19.06.2015. Ana Barbir: Poop\u0107enja i pro\u0161irenja nejednakosti Opialova tipa\u201c (obrana teme disertacije<\/li>\n<li>30.04.2015. Jurica Peri\u0107: Generalizacija profinjenja operatorske Jensenove nejednakosti uz uvjet na spektre<\/li>\n<li>30.04.2015. Sanja Varo\u0161anec: Gr\u00fcssova nejednakost za dva funkcionala<\/li>\n<li>04.05.2015. Kazimierz Nikodem: Srong convexity and separation theorems<\/li>\n<li>02.09.2014. Ana Barbir: O nejednakostima Opialova tipa: pobolj\u0161anja i pro\u0161irenja nejednakosti Willetta, Godunove-Levina i Rozanove<\/li>\n<\/ul>\n<h4>Raspored seminara za\u00a02013.\/2014.<\/h4>\n<ul>\n<li>11.06.2014. Jurica Peri\u0107: Profinjenje konverzije operatorske Jensenove nejednakosti<\/li>\n<li>04.06.2014. Ana Barbir: O nejednakostima Opialova tipa: verzija Willetta, Godunove &#8211; Levina i Rozanove<\/li>\n<li>20.05.2014. Jurica Peri\u0107: Profinjenje Jessen-Mercerove nejednakosti i generalizacija za konveksne ljuske u R^k<\/li>\n<li>11.02.2014. Mate Kosor: Projekcija sto\u0161ca zadanog relaksiranim obratom CBS nejednakosti<\/li>\n<\/ul>\n<h4>Raspored seminara za\u00a02012.\/2013.<\/h4>\n<ul>\n<li>28.05.2013. Josipa Bari\u0107: Osnove ra\u010duna vremenske ljestvice<\/li>\n<li>27.05.2013. Sanja Spu\u017eevi\u0107: Nejednakosti Soninova tipa i primjene<\/li>\n<li>12.02.2013. Sanja Spu\u017eevi\u0107: Gr\u00fcssov tip nejednakosti za te\u017einske Lp prostore i primjene II<\/li>\n<li>05.02.2013. Sanja Spu\u017eevi\u0107: Gr\u00fcssov tip nejednakosti za te\u017einske Lp prostore i primjene I<\/li>\n<li>29.01.2013. Ana Barbir: Profinjenja rezultata vezanih za Jessenov funkcional II<\/li>\n<li>22.01.2013. Ana Barbir: Profinjenja rezultata vezanih za Jessenov funkcional I<\/li>\n<\/ul>\n<h4>Raspored seminara za 2011.\/2012.<\/h4>\n<ul>\n<li>13.06.2012. Jurica Peri\u0107: Generalizacije i pobolj\u0161anja konverzne Jensenove nejednakosti za konveksne ljuske u R^k<\/li>\n<li>13.06.2012. Neda Lovri\u010devi\u0107: Vi\u0161edimenzionalni Jensenov funkcional za operatore na Hilbertovom prostoru<\/li>\n<li>17.05.2012. Neda Lovri\u010devi\u0107: Nejednakosti me\u0111u nekim operatorskim sredinama i ograde za svojstvene vrijednosti njihove razlike<\/li>\n<li>10.05.2012. Neda Lovri\u010devi\u0107: Funkcionali Jensenovog tipa za operatore na Hilbertovom prostoru<\/li>\n<li>27.10.2011. Jurica Peri\u0107: Profinjenje operatorske Jensenove nejednakosti uz uvjet na spektre<\/li>\n<li>26.10.2011. Neda Lovri\u010devi\u0107: Neka svojstva Jensen-Steffensenovog i Jensen-Mercerovog funkcionala<\/li>\n<\/ul>\n<h4>Raspored seminara za\u00a02010.\/2011.<\/h4>\n<ul>\n<li>07.06.2011. Jurica Peri\u0107: Profinjenja Hermite-Hadamardovih nejednakosti i Hammer-Bullenova nejednakost za pozitivne linerane funkcionale III<\/li>\n<li>24.05.2011. Jurica Peri\u0107: Profinjenja Hermite-Hadamardovih nejednakosti i Hammer-Bullenova nejednakost za pozitivne linerane funkcionale II<\/li>\n<li>17.05.2011. Jurica Peri\u0107: Profinjenja Hermite-Hadamardovih nejednakosti i Hammer-Bullenova nejednakost za pozitivne linerane funkcionale I<\/li>\n<li>10.05.2011. Maja Andri\u0107: Nejednakosti Opialova tipa<\/li>\n<li>27.03.2011. Jurica Peri\u0107: Pobolj\u0161anja Giaccardi-Petrovi\u0107eve nejednakosti i sredine Stolarskyjevog tipa<\/li>\n<li>27.03.2011. Neda Lovri\u010devi\u0107: Jessenov funkcional: neka svojstva i primjene III<\/li>\n<li>26.03.2011. Maja Andri\u0107: Kompozicijski identiteti za Riemann-Liouvilleove razlomljene derivacije<\/li>\n<li>15.03.2011. Milica Klari\u010di\u0107 Bakula: O konverznoj Jensenovoj nejednakosti: kronologija i neka nova profinjenja<\/li>\n<li>01.03.2011. Neda Lovri\u010devi\u0107: Jessenov funkcional: neka svojstva i primjene II<\/li>\n<li>15.02.2011. Neda Lovri\u010devi\u0107: Jessenov funkcional: neka svojstva i primjene I<\/li>\n<li>25.01.2011. Slavica Iveli\u0107: Jensen-Steffensonova nejednakost za superkvadratne funkcije i slu\u010daj jednakosti II<\/li>\n<li>21.12.2010. Slavica Iveli\u0107: Jensen-Steffensonova nejednakost za superkvadratne funkcije i slu\u010daj jednakosti I<\/li>\n<li>23.11.2010. Josipa Bari\u0107: Nejednakosti Hermite-Hadamardovog tipa za superkvadratne funkcije&#8221;<\/li>\n<li>09.11.2010. Josipa Bari\u0107: Superkvadratnost i Bohrova nejednakost III<\/li>\n<li>02.11.2010. Josipa Bari\u0107: Superkvadratnost i Bohrova nejednakost II<\/li>\n<li>19.10.2010. Josipa Bari\u0107: Superkvadratnost i Bohrova nejednakost I<\/li>\n<\/ul>\n<h4>Raspored seminara za\u00a02009.\/2010.<\/h4>\n<ul>\n<li>23.06.2010. Maja Andri\u0107: Canavatijeve frakcionalne derivacije<\/li>\n<li>16.06.2010. Slavica Iveli\u0107: Konverzna Jensen-Steffensenova nejednakost i primjene III<\/li>\n<li>09.06.2010. Slavica Iveli\u0107 Konverzna Jensen-Steffensenova nejednakost i primjene II<\/li>\n<li>01.06.2010. Milica Klari\u010di\u0107 Bakula: Konverzna Jensen-Steffensenova nejednakost i primjene I<\/li>\n<li>06.05.2010. Slavica Iveli\u0107: Poop\u0107enja konverzne Jessenove nejednakosti II<\/li>\n<li>29.04.2010. Slavica Iveli\u0107: Poop\u0107enja konverzne Jessenove nejednakosti I<\/li>\n<li>15.04.2010. Slavica Iveli\u0107: Konverzije Jessenove nejednakosti<\/li>\n<li>23.10.2009. Slavica Iveli\u0107: Primjena log-convex metode na Jensen-Steffensenovu nejednakost<\/li>\n<\/ul>\n<h4>Raspored seminara za 2008.\/2009.<\/h4>\n<ul>\n<li>06.05.2009. Slavica Iveli\u0107: Benettov dokaz Martinsove nejednakosti II<\/li>\n<li>29.04.2009. Slavica Iveli\u0107: Benettov dokaz Martinsove nejednakosti I<\/li>\n<li>17.03.2009. Slavica Iveli\u0107: Martinsov teorem i posljedice<\/li>\n<li>10.03.2009. Slavica Iveli\u0107: Dokaz Martinsove nejednakosti<\/li>\n<li>02.12.2008. Josipa Bari\u0107: Jensenova nejednakost Mercerova tipa za superkvadratne funkcije<\/li>\n<li>18.11.2008. Josipa Bari\u0107: Jensenova nejednakost Mercerova tipa i Mercerova operatorska nejednakost za superkvadratne funkcije<\/li>\n<\/ul>\n<h4>Raspored seminara za\u00a02005.\/2006.<\/h4>\n<ul>\n<li>14.06.2006. Senka Bani\u0107: Jensen-Steffensenova i njoj srodne nejednakosti za superkvadratne funkcije III<\/li>\n<li>13.06.2006. Senka Bani\u0107: Jensen-Steffensenova i njoj srodne nejednakosti za superkvadratne funkcije II<\/li>\n<li>30.05.2006. Senka Bani\u0107: Jensen-Steffensenova i njoj srodne nejednakosti za superkvadratne funkcije I<\/li>\n<li>23.05.2006. Senka Bani\u0107: Superkvadratne funkcije vi\u0161e varijabla II<\/li>\n<li>16.05.2006. Senka Bani\u0107: Superkvadratne funkcije vi\u0161e varijabla I<\/li>\n<li>15.02.2006. Anita Matkovi\u0107: O Jensen-Steffensenovoj nejednakosti za poop\u0107ene konveksne funkcije i njenim primjenama<\/li>\n<li>08.02.2006. Milica Klari\u010di\u0107 Bakula: Nejednakosti srodne Jensenovoj nejednakosti za m-konveksne funkcije<\/li>\n<li>14.12.2005. Anita Matkovi\u0107: Varijanta Jensen-Mercerove nejednakosti za operatorski konveksne funkcije i primjene<\/li>\n<li>07.12.2005. Anita Matkovi\u0107: Varijanta Jensenove nejednakosti i primjene II<\/li>\n<li>30.11.2005. Anita Matkovi\u0107: Varijanta Jensenove nejednakosti i primjene I<\/li>\n<li>23.11.2005. Anita Matkovi\u0107: Neke varijante Jensen-Mercerove nejednakosti za konveksne funkcije i primjene<\/li>\n<\/ul>\n<\/div>\n","protected":false},"excerpt":{"rendered":"<p>Nejednakosti i primjene \u010clanovi seminara:\u00a0Milica Klari\u010di\u0107 Bakula (voditeljica seminara),\u00a0Marko Mati\u0107,\u00a0\u00a0Jurica Peri\u0107,\u00a0Josipa Bari\u0107,\u00a0Anita Matkovi\u0107, Maja Andri\u0107,\u00a0Slavica Iveli\u0107 Bradanovi\u0107, Neda Lovri\u010devi\u0107 Odr\u017eani seminari Raspored seminara za 2022\/2023 16.12.2022. Slavica Iveli\u0107 Bradanovi\u0107 \u201eNova poop\u0107enja Shermanove nejdnakosti I\u201c 03.05.2023. Jurica Peri\u0107, \u201eGeneralizacija Levin-Ste\u010dkinove nejednakosti I\u201c 17.05.2023. Jurica Peri\u0107, \u201eGeneralizacija Levin-Ste\u010dkinove nejednakosti II\u201c Raspored seminara za 2021\/2022 22.9.2022. Maja Andri\u0107 [&hellip;]<\/p>\n","protected":false},"author":1,"featured_media":0,"parent":0,"menu_order":0,"comment_status":"closed","ping_status":"closed","template":"","meta":{"_acf_changed":false,"rs_blank_template":"","rs_page_bg_color":"","slide_template_v7":"","footnotes":""},"class_list":["post-46","page","type-page","status-publish","hentry"],"acf":[],"yoast_head":"<!-- This site is optimized with the Yoast SEO plugin v27.5 - https:\/\/yoast.com\/product\/yoast-seo-wordpress\/ -->\n<title>Nejednakosti i primjene - Odjel za matematiku<\/title>\n<meta name=\"robots\" content=\"index, follow, max-snippet:-1, max-image-preview:large, max-video-preview:-1\" \/>\n<link rel=\"canonical\" href=\"https:\/\/www.pmfst.unist.hr\/odjel-za-matematiku\/nejednakosti-i-primjene\/\" \/>\n<meta property=\"og:locale\" content=\"hr_HR\" \/>\n<meta property=\"og:type\" content=\"article\" \/>\n<meta property=\"og:title\" content=\"Nejednakosti i primjene - Odjel za matematiku\" \/>\n<meta property=\"og:description\" content=\"Nejednakosti i primjene \u010clanovi seminara:\u00a0Milica Klari\u010di\u0107 Bakula (voditeljica seminara),\u00a0Marko Mati\u0107,\u00a0\u00a0Jurica Peri\u0107,\u00a0Josipa Bari\u0107,\u00a0Anita Matkovi\u0107, Maja Andri\u0107,\u00a0Slavica Iveli\u0107 Bradanovi\u0107, Neda Lovri\u010devi\u0107 Odr\u017eani seminari Raspored seminara za 2022\/2023 16.12.2022. Slavica Iveli\u0107 Bradanovi\u0107 \u201eNova poop\u0107enja Shermanove nejdnakosti I\u201c 03.05.2023. Jurica Peri\u0107, \u201eGeneralizacija Levin-Ste\u010dkinove nejednakosti I\u201c 17.05.2023. Jurica Peri\u0107, \u201eGeneralizacija Levin-Ste\u010dkinove nejednakosti II\u201c Raspored seminara za 2021\/2022 22.9.2022. Maja Andri\u0107 [&hellip;]\" \/>\n<meta property=\"og:url\" content=\"https:\/\/www.pmfst.unist.hr\/odjel-za-matematiku\/nejednakosti-i-primjene\/\" \/>\n<meta property=\"og:site_name\" content=\"Odjel za matematiku\" \/>\n<meta property=\"article:modified_time\" content=\"2023-06-15T07:45:02+00:00\" \/>\n<meta name=\"twitter:card\" content=\"summary_large_image\" \/>\n<meta name=\"twitter:label1\" content=\"Procijenjeno vrijeme \u010ditanja\" \/>\n\t<meta name=\"twitter:data1\" content=\"6 minuta\" \/>\n<script type=\"application\/ld+json\" class=\"yoast-schema-graph\">{\"@context\":\"https:\\\/\\\/schema.org\",\"@graph\":[{\"@type\":\"WebPage\",\"@id\":\"https:\\\/\\\/www.pmfst.unist.hr\\\/odjel-za-matematiku\\\/nejednakosti-i-primjene\\\/\",\"url\":\"https:\\\/\\\/www.pmfst.unist.hr\\\/odjel-za-matematiku\\\/nejednakosti-i-primjene\\\/\",\"name\":\"Nejednakosti i primjene - Odjel za matematiku\",\"isPartOf\":{\"@id\":\"https:\\\/\\\/www.pmfst.unist.hr\\\/odjel-za-matematiku\\\/#website\"},\"datePublished\":\"2018-02-07T08:51:43+00:00\",\"dateModified\":\"2023-06-15T07:45:02+00:00\",\"breadcrumb\":{\"@id\":\"https:\\\/\\\/www.pmfst.unist.hr\\\/odjel-za-matematiku\\\/nejednakosti-i-primjene\\\/#breadcrumb\"},\"inLanguage\":\"hr\",\"potentialAction\":[{\"@type\":\"ReadAction\",\"target\":[\"https:\\\/\\\/www.pmfst.unist.hr\\\/odjel-za-matematiku\\\/nejednakosti-i-primjene\\\/\"]}]},{\"@type\":\"BreadcrumbList\",\"@id\":\"https:\\\/\\\/www.pmfst.unist.hr\\\/odjel-za-matematiku\\\/nejednakosti-i-primjene\\\/#breadcrumb\",\"itemListElement\":[{\"@type\":\"ListItem\",\"position\":1,\"name\":\"Po\u010detna stranica\",\"item\":\"https:\\\/\\\/www.pmfst.unist.hr\\\/odjel-za-matematiku\\\/\"},{\"@type\":\"ListItem\",\"position\":2,\"name\":\"Nejednakosti i primjene\"}]},{\"@type\":\"WebSite\",\"@id\":\"https:\\\/\\\/www.pmfst.unist.hr\\\/odjel-za-matematiku\\\/#website\",\"url\":\"https:\\\/\\\/www.pmfst.unist.hr\\\/odjel-za-matematiku\\\/\",\"name\":\"Odjel za matematiku\",\"description\":\"Odjel za matematiku  Prirodoslovnog-matemati\u010dkiog fakulteta Sveu\u010dili\u0161ta u Splitu\",\"potentialAction\":[{\"@type\":\"SearchAction\",\"target\":{\"@type\":\"EntryPoint\",\"urlTemplate\":\"https:\\\/\\\/www.pmfst.unist.hr\\\/odjel-za-matematiku\\\/?s={search_term_string}\"},\"query-input\":{\"@type\":\"PropertyValueSpecification\",\"valueRequired\":true,\"valueName\":\"search_term_string\"}}],\"inLanguage\":\"hr\"}]}<\/script>\n<!-- \/ Yoast SEO plugin. -->","yoast_head_json":{"title":"Nejednakosti i primjene - Odjel za matematiku","robots":{"index":"index","follow":"follow","max-snippet":"max-snippet:-1","max-image-preview":"max-image-preview:large","max-video-preview":"max-video-preview:-1"},"canonical":"https:\/\/www.pmfst.unist.hr\/odjel-za-matematiku\/nejednakosti-i-primjene\/","og_locale":"hr_HR","og_type":"article","og_title":"Nejednakosti i primjene - Odjel za matematiku","og_description":"Nejednakosti i primjene \u010clanovi seminara:\u00a0Milica Klari\u010di\u0107 Bakula (voditeljica seminara),\u00a0Marko Mati\u0107,\u00a0\u00a0Jurica Peri\u0107,\u00a0Josipa Bari\u0107,\u00a0Anita Matkovi\u0107, Maja Andri\u0107,\u00a0Slavica Iveli\u0107 Bradanovi\u0107, Neda Lovri\u010devi\u0107 Odr\u017eani seminari Raspored seminara za 2022\/2023 16.12.2022. Slavica Iveli\u0107 Bradanovi\u0107 \u201eNova poop\u0107enja Shermanove nejdnakosti I\u201c 03.05.2023. Jurica Peri\u0107, \u201eGeneralizacija Levin-Ste\u010dkinove nejednakosti I\u201c 17.05.2023. Jurica Peri\u0107, \u201eGeneralizacija Levin-Ste\u010dkinove nejednakosti II\u201c Raspored seminara za 2021\/2022 22.9.2022. Maja Andri\u0107 [&hellip;]","og_url":"https:\/\/www.pmfst.unist.hr\/odjel-za-matematiku\/nejednakosti-i-primjene\/","og_site_name":"Odjel za matematiku","article_modified_time":"2023-06-15T07:45:02+00:00","twitter_card":"summary_large_image","twitter_misc":{"Procijenjeno vrijeme \u010ditanja":"6 minuta"},"schema":{"@context":"https:\/\/schema.org","@graph":[{"@type":"WebPage","@id":"https:\/\/www.pmfst.unist.hr\/odjel-za-matematiku\/nejednakosti-i-primjene\/","url":"https:\/\/www.pmfst.unist.hr\/odjel-za-matematiku\/nejednakosti-i-primjene\/","name":"Nejednakosti i primjene - Odjel za matematiku","isPartOf":{"@id":"https:\/\/www.pmfst.unist.hr\/odjel-za-matematiku\/#website"},"datePublished":"2018-02-07T08:51:43+00:00","dateModified":"2023-06-15T07:45:02+00:00","breadcrumb":{"@id":"https:\/\/www.pmfst.unist.hr\/odjel-za-matematiku\/nejednakosti-i-primjene\/#breadcrumb"},"inLanguage":"hr","potentialAction":[{"@type":"ReadAction","target":["https:\/\/www.pmfst.unist.hr\/odjel-za-matematiku\/nejednakosti-i-primjene\/"]}]},{"@type":"BreadcrumbList","@id":"https:\/\/www.pmfst.unist.hr\/odjel-za-matematiku\/nejednakosti-i-primjene\/#breadcrumb","itemListElement":[{"@type":"ListItem","position":1,"name":"Po\u010detna stranica","item":"https:\/\/www.pmfst.unist.hr\/odjel-za-matematiku\/"},{"@type":"ListItem","position":2,"name":"Nejednakosti i primjene"}]},{"@type":"WebSite","@id":"https:\/\/www.pmfst.unist.hr\/odjel-za-matematiku\/#website","url":"https:\/\/www.pmfst.unist.hr\/odjel-za-matematiku\/","name":"Odjel za matematiku","description":"Odjel za matematiku  Prirodoslovnog-matemati\u010dkiog fakulteta Sveu\u010dili\u0161ta u Splitu","potentialAction":[{"@type":"SearchAction","target":{"@type":"EntryPoint","urlTemplate":"https:\/\/www.pmfst.unist.hr\/odjel-za-matematiku\/?s={search_term_string}"},"query-input":{"@type":"PropertyValueSpecification","valueRequired":true,"valueName":"search_term_string"}}],"inLanguage":"hr"}]}},"_links":{"self":[{"href":"https:\/\/www.pmfst.unist.hr\/odjel-za-matematiku\/wp-json\/wp\/v2\/pages\/46","targetHints":{"allow":["GET"]}}],"collection":[{"href":"https:\/\/www.pmfst.unist.hr\/odjel-za-matematiku\/wp-json\/wp\/v2\/pages"}],"about":[{"href":"https:\/\/www.pmfst.unist.hr\/odjel-za-matematiku\/wp-json\/wp\/v2\/types\/page"}],"author":[{"embeddable":true,"href":"https:\/\/www.pmfst.unist.hr\/odjel-za-matematiku\/wp-json\/wp\/v2\/users\/1"}],"replies":[{"embeddable":true,"href":"https:\/\/www.pmfst.unist.hr\/odjel-za-matematiku\/wp-json\/wp\/v2\/comments?post=46"}],"version-history":[{"count":0,"href":"https:\/\/www.pmfst.unist.hr\/odjel-za-matematiku\/wp-json\/wp\/v2\/pages\/46\/revisions"}],"wp:attachment":[{"href":"https:\/\/www.pmfst.unist.hr\/odjel-za-matematiku\/wp-json\/wp\/v2\/media?parent=46"}],"curies":[{"name":"wp","href":"https:\/\/api.w.org\/{rel}","templated":true}]}}