{"id":11463,"date":"2018-03-12T15:14:07","date_gmt":"2018-03-12T14:14:07","guid":{"rendered":"https:\/\/www.pmfst.unist.hr\/odjel-za-politehniku\/studij\/"},"modified":"2021-03-03T10:39:16","modified_gmt":"2021-03-03T09:39:16","slug":"studij","status":"publish","type":"page","link":"https:\/\/www.pmfst.unist.hr\/odjel-za-politehniku\/studij\/?lang=en","title":{"rendered":"Studies"},"content":{"rendered":"<div class=\"wpb-content-wrapper\">[vc_row][vc_column][vc_column_text css=&#8221;.vc_custom_1614511592682{margin-bottom: 0px !important;}&#8221;]The double-specialisation in computer science and technics ensures students acquire technical, computer science and computing competences, thereby supplementing their polytechnical capabilities. Teaching is organised by providing compulsory and elective courses with a focus on laboratory exercises and practical work. Acquired polytechnical competences at the graduate level are supplemented with modern discoveries from the humanities and social sciences enabling students to acquiring teaching competences. The Department of Polytechnics, along with other department at the Faculty of Science, provides the opportunity for ongoing schooling in the interdisciplinary scientific postgraduate study programme Education Research in Natural and Technical Sciences, with a specialisation in Technics.<\/p>\n<p>Completion of the double-specialisation study programme Computer Science and Technics provides employment opportunities in:<\/p>\n<ul>\n<li>Primary and secondary schools<\/li>\n<li>Higher education institutions<\/li>\n<li>Scientific-research institutions<\/li>\n<li>Various institutions in companies involved in informatics and computer science<\/li>\n<\/ul>\n[\/vc_column_text][\/vc_column][\/vc_row][vc_row][vc_column width=&#8221;1\/2&#8243;][mk_fancy_title strip_tags=&#8221;true&#8221; tag_name=&#8221;span&#8221; color=&#8221;#1e73be&#8221; size=&#8221;16&#8243; font_family=&#8221;none&#8221;]\n<h4>UNDERGRADUATE STUDIES<\/h4>\n[\/mk_fancy_title][\/vc_column][vc_column width=&#8221;1\/2&#8243;][mk_fancy_title strip_tags=&#8221;true&#8221; tag_name=&#8221;span&#8221; color=&#8221;#1e73be&#8221; size=&#8221;16&#8243; font_family=&#8221;none&#8221;]\n<h4>GRADUATE STUDIES<\/h4>\n[\/mk_fancy_title][\/vc_column][\/vc_row][vc_row][vc_column width=&#8221;1\/6&#8243;][vc_single_image image=&#8221;11466&#8243; img_size=&#8221;full&#8221; style=&#8221;vc_box_shadow&#8221; onclick=&#8221;custom_link&#8221; img_link_target=&#8221;_blank&#8221; css_animation=&#8221;fadeInDown&#8221; link=&#8221;https:\/\/www.pmfst.unist.hr\/portfolio-posts\/preddiplomski-sveucilisni-studij-informatika-i-tehnika\/?lang=en&#8221;][\/vc_column][vc_column width=&#8221;1\/6&#8243;][\/vc_column][vc_column width=&#8221;1\/6&#8243;][\/vc_column][vc_column width=&#8221;1\/6&#8243;][vc_single_image image=&#8221;11484&#8243; img_size=&#8221;full&#8221; style=&#8221;vc_box_shadow&#8221; onclick=&#8221;custom_link&#8221; img_link_target=&#8221;_blank&#8221; css_animation=&#8221;fadeInDown&#8221; link=&#8221;https:\/\/www.pmfst.unist.hr\/portfolio-posts\/diplomski-sveucilisni-studij-informatika-i-tehnika\/?lang=en&#8221;][\/vc_column][vc_column width=&#8221;1\/6&#8243;][\/vc_column][vc_column width=&#8221;1\/6&#8243;][\/vc_column][\/vc_row]\n<\/div>","protected":false},"excerpt":{"rendered":"<p>[vc_row][vc_column][vc_column_text css=&#8221;.vc_custom_1614511592682{margin-bottom: 0px !important;}&#8221;]The double-specialisation in computer science and technics ensures students acquire technical, computer science and computing competences, thereby supplementing their polytechnical capabilities. Teaching is organised by providing compulsory and elective courses with a focus on laboratory exercises and practical work. Acquired polytechnical competences at the graduate level are supplemented with modern discoveries from [&hellip;]<\/p>\n","protected":false},"author":1,"featured_media":0,"parent":0,"menu_order":0,"comment_status":"closed","ping_status":"closed","template":"","meta":{"_acf_changed":false,"footnotes":""},"class_list":["post-11463","page","type-page","status-publish","hentry"],"acf":[],"yoast_head":"<!-- This site is optimized with the Yoast SEO plugin v27.5 - https:\/\/yoast.com\/product\/yoast-seo-wordpress\/ -->\n<title>Studies - Odjel za politehniku<\/title>\n<meta name=\"robots\" content=\"index, follow, max-snippet:-1, max-image-preview:large, max-video-preview:-1\" \/>\n<link rel=\"canonical\" href=\"https:\/\/www.pmfst.unist.hr\/odjel-za-politehniku\/studij\/?lang=en\" \/>\n<meta property=\"og:locale\" content=\"hr_HR\" \/>\n<meta property=\"og:type\" content=\"article\" \/>\n<meta property=\"og:title\" content=\"Studies - Odjel za politehniku\" \/>\n<meta property=\"og:description\" content=\"[vc_row][vc_column][vc_column_text css=&#8221;.vc_custom_1614511592682{margin-bottom: 0px !important;}&#8221;]The double-specialisation in computer science and technics ensures students acquire technical, computer science and computing competences, thereby supplementing their polytechnical capabilities. Teaching is organised by providing compulsory and elective courses with a focus on laboratory exercises and practical work. Acquired polytechnical competences at the graduate level are supplemented with modern discoveries from [&hellip;]\" \/>\n<meta property=\"og:url\" content=\"https:\/\/www.pmfst.unist.hr\/odjel-za-politehniku\/studij\/?lang=en\" \/>\n<meta property=\"og:site_name\" content=\"Odjel za politehniku\" \/>\n<meta property=\"article:modified_time\" content=\"2021-03-03T09:39:16+00:00\" \/>\n<meta name=\"twitter:card\" content=\"summary_large_image\" \/>\n<meta name=\"twitter:label1\" content=\"Procijenjeno vrijeme \u010ditanja\" \/>\n\t<meta name=\"twitter:data1\" content=\"1 minuta\" \/>\n<script type=\"application\/ld+json\" class=\"yoast-schema-graph\">{\"@context\":\"https:\\\/\\\/schema.org\",\"@graph\":[{\"@type\":\"WebPage\",\"@id\":\"https:\\\/\\\/www.pmfst.unist.hr\\\/odjel-za-politehniku\\\/studij\\\/?lang=en\",\"url\":\"https:\\\/\\\/www.pmfst.unist.hr\\\/odjel-za-politehniku\\\/studij\\\/?lang=en\",\"name\":\"Studies - Odjel za politehniku\",\"isPartOf\":{\"@id\":\"https:\\\/\\\/www.pmfst.unist.hr\\\/odjel-za-politehniku\\\/#website\"},\"datePublished\":\"2018-03-12T14:14:07+00:00\",\"dateModified\":\"2021-03-03T09:39:16+00:00\",\"breadcrumb\":{\"@id\":\"https:\\\/\\\/www.pmfst.unist.hr\\\/odjel-za-politehniku\\\/studij\\\/?lang=en#breadcrumb\"},\"inLanguage\":\"hr\",\"potentialAction\":[{\"@type\":\"ReadAction\",\"target\":[\"https:\\\/\\\/www.pmfst.unist.hr\\\/odjel-za-politehniku\\\/studij\\\/?lang=en\"]}]},{\"@type\":\"BreadcrumbList\",\"@id\":\"https:\\\/\\\/www.pmfst.unist.hr\\\/odjel-za-politehniku\\\/studij\\\/?lang=en#breadcrumb\",\"itemListElement\":[{\"@type\":\"ListItem\",\"position\":1,\"name\":\"Po\u010detna stranica\",\"item\":\"https:\\\/\\\/www.pmfst.unist.hr\\\/odjel-za-politehniku\\\/\"},{\"@type\":\"ListItem\",\"position\":2,\"name\":\"Studies\"}]},{\"@type\":\"WebSite\",\"@id\":\"https:\\\/\\\/www.pmfst.unist.hr\\\/odjel-za-politehniku\\\/#website\",\"url\":\"https:\\\/\\\/www.pmfst.unist.hr\\\/odjel-za-politehniku\\\/\",\"name\":\"Odjel za politehniku\",\"description\":\"Odjel za politehniku Prirodoslovnog-matemati\u010dkiog fakulteta Sveu\u010dili\u0161ta u Splitu\",\"potentialAction\":[{\"@type\":\"SearchAction\",\"target\":{\"@type\":\"EntryPoint\",\"urlTemplate\":\"https:\\\/\\\/www.pmfst.unist.hr\\\/odjel-za-politehniku\\\/?s={search_term_string}\"},\"query-input\":{\"@type\":\"PropertyValueSpecification\",\"valueRequired\":true,\"valueName\":\"search_term_string\"}}],\"inLanguage\":\"hr\"}]}<\/script>\n<!-- \/ Yoast SEO plugin. -->","yoast_head_json":{"title":"Studies - Odjel za politehniku","robots":{"index":"index","follow":"follow","max-snippet":"max-snippet:-1","max-image-preview":"max-image-preview:large","max-video-preview":"max-video-preview:-1"},"canonical":"https:\/\/www.pmfst.unist.hr\/odjel-za-politehniku\/studij\/?lang=en","og_locale":"hr_HR","og_type":"article","og_title":"Studies - Odjel za politehniku","og_description":"[vc_row][vc_column][vc_column_text css=&#8221;.vc_custom_1614511592682{margin-bottom: 0px !important;}&#8221;]The double-specialisation in computer science and technics ensures students acquire technical, computer science and computing competences, thereby supplementing their polytechnical capabilities. Teaching is organised by providing compulsory and elective courses with a focus on laboratory exercises and practical work. Acquired polytechnical competences at the graduate level are supplemented with modern discoveries from [&hellip;]","og_url":"https:\/\/www.pmfst.unist.hr\/odjel-za-politehniku\/studij\/?lang=en","og_site_name":"Odjel za politehniku","article_modified_time":"2021-03-03T09:39:16+00:00","twitter_card":"summary_large_image","twitter_misc":{"Procijenjeno vrijeme \u010ditanja":"1 minuta"},"schema":{"@context":"https:\/\/schema.org","@graph":[{"@type":"WebPage","@id":"https:\/\/www.pmfst.unist.hr\/odjel-za-politehniku\/studij\/?lang=en","url":"https:\/\/www.pmfst.unist.hr\/odjel-za-politehniku\/studij\/?lang=en","name":"Studies - Odjel za politehniku","isPartOf":{"@id":"https:\/\/www.pmfst.unist.hr\/odjel-za-politehniku\/#website"},"datePublished":"2018-03-12T14:14:07+00:00","dateModified":"2021-03-03T09:39:16+00:00","breadcrumb":{"@id":"https:\/\/www.pmfst.unist.hr\/odjel-za-politehniku\/studij\/?lang=en#breadcrumb"},"inLanguage":"hr","potentialAction":[{"@type":"ReadAction","target":["https:\/\/www.pmfst.unist.hr\/odjel-za-politehniku\/studij\/?lang=en"]}]},{"@type":"BreadcrumbList","@id":"https:\/\/www.pmfst.unist.hr\/odjel-za-politehniku\/studij\/?lang=en#breadcrumb","itemListElement":[{"@type":"ListItem","position":1,"name":"Po\u010detna stranica","item":"https:\/\/www.pmfst.unist.hr\/odjel-za-politehniku\/"},{"@type":"ListItem","position":2,"name":"Studies"}]},{"@type":"WebSite","@id":"https:\/\/www.pmfst.unist.hr\/odjel-za-politehniku\/#website","url":"https:\/\/www.pmfst.unist.hr\/odjel-za-politehniku\/","name":"Odjel za politehniku","description":"Odjel za politehniku Prirodoslovnog-matemati\u010dkiog fakulteta Sveu\u010dili\u0161ta u Splitu","potentialAction":[{"@type":"SearchAction","target":{"@type":"EntryPoint","urlTemplate":"https:\/\/www.pmfst.unist.hr\/odjel-za-politehniku\/?s={search_term_string}"},"query-input":{"@type":"PropertyValueSpecification","valueRequired":true,"valueName":"search_term_string"}}],"inLanguage":"hr"}]}},"_links":{"self":[{"href":"https:\/\/www.pmfst.unist.hr\/odjel-za-politehniku\/wp-json\/wp\/v2\/pages\/11463","targetHints":{"allow":["GET"]}}],"collection":[{"href":"https:\/\/www.pmfst.unist.hr\/odjel-za-politehniku\/wp-json\/wp\/v2\/pages"}],"about":[{"href":"https:\/\/www.pmfst.unist.hr\/odjel-za-politehniku\/wp-json\/wp\/v2\/types\/page"}],"author":[{"embeddable":true,"href":"https:\/\/www.pmfst.unist.hr\/odjel-za-politehniku\/wp-json\/wp\/v2\/users\/1"}],"replies":[{"embeddable":true,"href":"https:\/\/www.pmfst.unist.hr\/odjel-za-politehniku\/wp-json\/wp\/v2\/comments?post=11463"}],"version-history":[{"count":0,"href":"https:\/\/www.pmfst.unist.hr\/odjel-za-politehniku\/wp-json\/wp\/v2\/pages\/11463\/revisions"}],"wp:attachment":[{"href":"https:\/\/www.pmfst.unist.hr\/odjel-za-politehniku\/wp-json\/wp\/v2\/media?parent=11463"}],"curies":[{"name":"wp","href":"https:\/\/api.w.org\/{rel}","templated":true}]}}