{"id":38,"date":"2018-03-12T15:12:57","date_gmt":"2018-03-12T14:12:57","guid":{"rendered":"https:\/\/www.pmfst.unist.hr\/odjel-za-politehniku\/?page_id=38"},"modified":"2018-03-27T08:40:39","modified_gmt":"2018-03-27T06:40:39","slug":"aktivnosti","status":"publish","type":"page","link":"https:\/\/www.pmfst.unist.hr\/odjel-za-politehniku\/aktivnosti\/","title":{"rendered":"Aktivnosti"},"content":{"rendered":"<div class=\"wpb-content-wrapper\">[vc_row][vc_column][vc_empty_space height=&#8221;64px&#8221;][vc_column_text css=&#8221;.vc_custom_1520863973651{margin-bottom: 0px !important;}&#8221;]Djelatnici Odjela za politehniku sura\u0111uju s raznim znanstvenoistra\u017eiva\u010dkim i gospodarskim ustanovama u zemlji i svijetu, te sudjeluju u istra\u017eivanjima iz razli\u010ditih podru\u010dja:<\/p>\n<ul>\n<li><strong>Prou\u010davanje i analiza metoda za prepoznavanje i pra\u0107enje objekata ra\u010dunalnim vidom<\/strong>\u00a0s posebnim osvrtom na objekte u vodi. Razvoj metoda za izdvajanje dinami\u010dke i stati\u010dke pozadine iz slika.<\/li>\n<li><strong>Prou\u010davanje svojstava novih tehnologija:<\/strong>\u00a0supravodljivost, superkondenzatori, proto\u010dni elektrokemijski kondenzatori, nanotehnologija i njihova primjena u elektroenergetici, s posebnim osvrtom na obnovljive izvore energije.<\/li>\n<li><strong>Analiza tranzijentnog odziva \u017ei\u010danih struktura na elektromagnetske valove.<\/strong>\u00a0Optimiziranje numeri\u010dkog modeliranja tla s gubitcima direktno u vremenskoj domeni s obzirom na vrijeme prora\u010duna i memorijske zahtjeve.<\/li>\n<li><strong>Pogonska \u010dvrsto\u0107a:<\/strong>\u00a0prou\u010davanje metoda za procjenu vijeka trajanja zavarenih metalnih konstrukcija, s naglaskom na analizu naprezanja. Detekcija i procjena o\u0161te\u0107enja u kompozitnim konstrukcijama primjenom naprednih matemati\u010dkih algoritama.<\/li>\n<li><strong>Kurikulum op\u0107eg tehni\u010dkog odgoja i obrazovanja:<\/strong>\u00a0predmet istra\u017eivanja jesu razvojne tendencije formalnih strategija za stjecanje op\u0107ih tehni\u010dkih kompetencija. Pritom se poseban naglasak stavlja na teorijski i prakti\u010dni aspekt nastave te inozemna iskustva u op\u0107em tehni\u010dkom osposobljavanju.<\/li>\n<li><strong>Analiza mogu\u0107nosti primjene didakti\u010dkih pomagala u nastavi<\/strong>\u00a0te razvoj i primjena didakti\u010dkih pomagala za razli\u010dite uzraste s posebnim naglaskom na podru\u010dje elektrotehnike.<\/li>\n<\/ul>\n[\/vc_column_text][\/vc_column][\/vc_row]\n<\/div>","protected":false},"excerpt":{"rendered":"<p>[vc_row][vc_column][vc_empty_space height=&#8221;64px&#8221;][vc_column_text css=&#8221;.vc_custom_1520863973651{margin-bottom: 0px !important;}&#8221;]Djelatnici Odjela za politehniku sura\u0111uju s raznim znanstvenoistra\u017eiva\u010dkim i gospodarskim ustanovama u zemlji i svijetu, te sudjeluju u istra\u017eivanjima iz razli\u010ditih podru\u010dja: Prou\u010davanje i analiza metoda za prepoznavanje i pra\u0107enje objekata ra\u010dunalnim vidom\u00a0s posebnim osvrtom na objekte u vodi. Razvoj metoda za izdvajanje dinami\u010dke i stati\u010dke pozadine iz slika. Prou\u010davanje svojstava [&hellip;]<\/p>\n","protected":false},"author":1,"featured_media":0,"parent":0,"menu_order":0,"comment_status":"closed","ping_status":"closed","template":"","meta":{"_acf_changed":false,"rs_blank_template":"","rs_page_bg_color":"","slide_template_v7":"","footnotes":""},"class_list":["post-38","page","type-page","status-publish","hentry"],"acf":[],"yoast_head":"<!-- This site is optimized with the Yoast SEO plugin v27.3 - https:\/\/yoast.com\/product\/yoast-seo-wordpress\/ -->\n<title>Aktivnosti - Odjel za politehniku<\/title>\n<meta name=\"robots\" content=\"index, follow, max-snippet:-1, max-image-preview:large, max-video-preview:-1\" \/>\n<link rel=\"canonical\" href=\"https:\/\/www.pmfst.unist.hr\/odjel-za-politehniku\/aktivnosti\/\" \/>\n<meta property=\"og:locale\" content=\"hr_HR\" \/>\n<meta property=\"og:type\" content=\"article\" \/>\n<meta property=\"og:title\" content=\"Aktivnosti - Odjel za politehniku\" \/>\n<meta property=\"og:description\" content=\"[vc_row][vc_column][vc_empty_space height=&#8221;64px&#8221;][vc_column_text css=&#8221;.vc_custom_1520863973651{margin-bottom: 0px !important;}&#8221;]Djelatnici Odjela za politehniku sura\u0111uju s raznim znanstvenoistra\u017eiva\u010dkim i gospodarskim ustanovama u zemlji i svijetu, te sudjeluju u istra\u017eivanjima iz razli\u010ditih podru\u010dja: Prou\u010davanje i analiza metoda za prepoznavanje i pra\u0107enje objekata ra\u010dunalnim vidom\u00a0s posebnim osvrtom na objekte u vodi. Razvoj metoda za izdvajanje dinami\u010dke i stati\u010dke pozadine iz slika. Prou\u010davanje svojstava [&hellip;]\" \/>\n<meta property=\"og:url\" content=\"https:\/\/www.pmfst.unist.hr\/odjel-za-politehniku\/aktivnosti\/\" \/>\n<meta property=\"og:site_name\" content=\"Odjel za politehniku\" \/>\n<meta property=\"article:modified_time\" content=\"2018-03-27T06:40:39+00:00\" \/>\n<meta name=\"twitter:card\" content=\"summary_large_image\" \/>\n<meta name=\"twitter:label1\" content=\"Procijenjeno vrijeme \u010ditanja\" \/>\n\t<meta name=\"twitter:data1\" content=\"1 minuta\" \/>\n<script type=\"application\/ld+json\" class=\"yoast-schema-graph\">{\"@context\":\"https:\\\/\\\/schema.org\",\"@graph\":[{\"@type\":\"WebPage\",\"@id\":\"https:\\\/\\\/www.pmfst.unist.hr\\\/odjel-za-politehniku\\\/aktivnosti\\\/\",\"url\":\"https:\\\/\\\/www.pmfst.unist.hr\\\/odjel-za-politehniku\\\/aktivnosti\\\/\",\"name\":\"Aktivnosti - Odjel za politehniku\",\"isPartOf\":{\"@id\":\"https:\\\/\\\/www.pmfst.unist.hr\\\/odjel-za-politehniku\\\/#website\"},\"datePublished\":\"2018-03-12T14:12:57+00:00\",\"dateModified\":\"2018-03-27T06:40:39+00:00\",\"breadcrumb\":{\"@id\":\"https:\\\/\\\/www.pmfst.unist.hr\\\/odjel-za-politehniku\\\/aktivnosti\\\/#breadcrumb\"},\"inLanguage\":\"hr\",\"potentialAction\":[{\"@type\":\"ReadAction\",\"target\":[\"https:\\\/\\\/www.pmfst.unist.hr\\\/odjel-za-politehniku\\\/aktivnosti\\\/\"]}]},{\"@type\":\"BreadcrumbList\",\"@id\":\"https:\\\/\\\/www.pmfst.unist.hr\\\/odjel-za-politehniku\\\/aktivnosti\\\/#breadcrumb\",\"itemListElement\":[{\"@type\":\"ListItem\",\"position\":1,\"name\":\"Po\u010detna stranica\",\"item\":\"https:\\\/\\\/www.pmfst.unist.hr\\\/odjel-za-politehniku\\\/\"},{\"@type\":\"ListItem\",\"position\":2,\"name\":\"Aktivnosti\"}]},{\"@type\":\"WebSite\",\"@id\":\"https:\\\/\\\/www.pmfst.unist.hr\\\/odjel-za-politehniku\\\/#website\",\"url\":\"https:\\\/\\\/www.pmfst.unist.hr\\\/odjel-za-politehniku\\\/\",\"name\":\"Odjel za politehniku\",\"description\":\"Odjel za politehniku Prirodoslovnog-matemati\u010dkiog fakulteta Sveu\u010dili\u0161ta u Splitu\",\"potentialAction\":[{\"@type\":\"SearchAction\",\"target\":{\"@type\":\"EntryPoint\",\"urlTemplate\":\"https:\\\/\\\/www.pmfst.unist.hr\\\/odjel-za-politehniku\\\/?s={search_term_string}\"},\"query-input\":{\"@type\":\"PropertyValueSpecification\",\"valueRequired\":true,\"valueName\":\"search_term_string\"}}],\"inLanguage\":\"hr\"}]}<\/script>\n<!-- \/ Yoast SEO plugin. -->","yoast_head_json":{"title":"Aktivnosti - Odjel za politehniku","robots":{"index":"index","follow":"follow","max-snippet":"max-snippet:-1","max-image-preview":"max-image-preview:large","max-video-preview":"max-video-preview:-1"},"canonical":"https:\/\/www.pmfst.unist.hr\/odjel-za-politehniku\/aktivnosti\/","og_locale":"hr_HR","og_type":"article","og_title":"Aktivnosti - Odjel za politehniku","og_description":"[vc_row][vc_column][vc_empty_space height=&#8221;64px&#8221;][vc_column_text css=&#8221;.vc_custom_1520863973651{margin-bottom: 0px !important;}&#8221;]Djelatnici Odjela za politehniku sura\u0111uju s raznim znanstvenoistra\u017eiva\u010dkim i gospodarskim ustanovama u zemlji i svijetu, te sudjeluju u istra\u017eivanjima iz razli\u010ditih podru\u010dja: Prou\u010davanje i analiza metoda za prepoznavanje i pra\u0107enje objekata ra\u010dunalnim vidom\u00a0s posebnim osvrtom na objekte u vodi. Razvoj metoda za izdvajanje dinami\u010dke i stati\u010dke pozadine iz slika. Prou\u010davanje svojstava [&hellip;]","og_url":"https:\/\/www.pmfst.unist.hr\/odjel-za-politehniku\/aktivnosti\/","og_site_name":"Odjel za politehniku","article_modified_time":"2018-03-27T06:40:39+00:00","twitter_card":"summary_large_image","twitter_misc":{"Procijenjeno vrijeme \u010ditanja":"1 minuta"},"schema":{"@context":"https:\/\/schema.org","@graph":[{"@type":"WebPage","@id":"https:\/\/www.pmfst.unist.hr\/odjel-za-politehniku\/aktivnosti\/","url":"https:\/\/www.pmfst.unist.hr\/odjel-za-politehniku\/aktivnosti\/","name":"Aktivnosti - Odjel za politehniku","isPartOf":{"@id":"https:\/\/www.pmfst.unist.hr\/odjel-za-politehniku\/#website"},"datePublished":"2018-03-12T14:12:57+00:00","dateModified":"2018-03-27T06:40:39+00:00","breadcrumb":{"@id":"https:\/\/www.pmfst.unist.hr\/odjel-za-politehniku\/aktivnosti\/#breadcrumb"},"inLanguage":"hr","potentialAction":[{"@type":"ReadAction","target":["https:\/\/www.pmfst.unist.hr\/odjel-za-politehniku\/aktivnosti\/"]}]},{"@type":"BreadcrumbList","@id":"https:\/\/www.pmfst.unist.hr\/odjel-za-politehniku\/aktivnosti\/#breadcrumb","itemListElement":[{"@type":"ListItem","position":1,"name":"Po\u010detna stranica","item":"https:\/\/www.pmfst.unist.hr\/odjel-za-politehniku\/"},{"@type":"ListItem","position":2,"name":"Aktivnosti"}]},{"@type":"WebSite","@id":"https:\/\/www.pmfst.unist.hr\/odjel-za-politehniku\/#website","url":"https:\/\/www.pmfst.unist.hr\/odjel-za-politehniku\/","name":"Odjel za politehniku","description":"Odjel za politehniku Prirodoslovnog-matemati\u010dkiog fakulteta Sveu\u010dili\u0161ta u Splitu","potentialAction":[{"@type":"SearchAction","target":{"@type":"EntryPoint","urlTemplate":"https:\/\/www.pmfst.unist.hr\/odjel-za-politehniku\/?s={search_term_string}"},"query-input":{"@type":"PropertyValueSpecification","valueRequired":true,"valueName":"search_term_string"}}],"inLanguage":"hr"}]}},"_links":{"self":[{"href":"https:\/\/www.pmfst.unist.hr\/odjel-za-politehniku\/wp-json\/wp\/v2\/pages\/38","targetHints":{"allow":["GET"]}}],"collection":[{"href":"https:\/\/www.pmfst.unist.hr\/odjel-za-politehniku\/wp-json\/wp\/v2\/pages"}],"about":[{"href":"https:\/\/www.pmfst.unist.hr\/odjel-za-politehniku\/wp-json\/wp\/v2\/types\/page"}],"author":[{"embeddable":true,"href":"https:\/\/www.pmfst.unist.hr\/odjel-za-politehniku\/wp-json\/wp\/v2\/users\/1"}],"replies":[{"embeddable":true,"href":"https:\/\/www.pmfst.unist.hr\/odjel-za-politehniku\/wp-json\/wp\/v2\/comments?post=38"}],"version-history":[{"count":0,"href":"https:\/\/www.pmfst.unist.hr\/odjel-za-politehniku\/wp-json\/wp\/v2\/pages\/38\/revisions"}],"wp:attachment":[{"href":"https:\/\/www.pmfst.unist.hr\/odjel-za-politehniku\/wp-json\/wp\/v2\/media?parent=38"}],"curies":[{"name":"wp","href":"https:\/\/api.w.org\/{rel}","templated":true}]}}