{"id":41,"date":"2018-03-12T15:14:07","date_gmt":"2018-03-12T14:14:07","guid":{"rendered":"https:\/\/www.pmfst.unist.hr\/odjel-za-politehniku\/?page_id=41"},"modified":"2018-11-16T08:10:23","modified_gmt":"2018-11-16T07:10:23","slug":"studij","status":"publish","type":"page","link":"https:\/\/www.pmfst.unist.hr\/odjel-za-politehniku\/studij\/","title":{"rendered":"Studij"},"content":{"rendered":"<div class=\"wpb-content-wrapper\">[vc_row][vc_column][vc_column_text]Dvopredmetni studij informatika i tehnika studentima osigurava stjecanje tehni\u010dkih, informati\u010dkih i ra\u010dunalnih kompetencija, \u010dime se upotpunjuje politehni\u010dko osposobljavanje. Nastava se izvodi kroz obvezne i izborne predmete u kojima istaknuto mjesto imaju laboratorijske vje\u017ebe i prakti\u010dni rad. Ste\u010dene politehni\u010dke kompetencije na diplomskom studiju nadopunjuju se suvremenim spoznajama iz dru\u0161tveno-humanisti\u010dkih znanosti koje studentima omogu\u0107avaju stjecanje nastavni\u010dkih kompetencija. Odjel za politehniku, zajedno s ostalim odjelima PMF-a, omogu\u0107ava i nastavak \u0161kolovanja na interdisciplinarnom znanstvenom poslijediplomskom studiju Istra\u017eivanje u edukaciji u podru\u010dju prirodnih i tehni\u010dkih znanosti, usmjerenje Tehnika.<\/p>\n<p>Zavr\u0161etak dvopredmetnog studija informatika i tehnika omogu\u0107ava zapo\u0161ljavanje u:<\/p>\n<ul>\n<li>osnovnim i srednjim \u0161kolama<\/li>\n<li>visoko\u0161kolskim ustanovama<\/li>\n<li>znanstvenoistra\u017eiva\u010dkim ustanovama<\/li>\n<li>raznim ustanovama i poduze\u0107ima na poslovima informatike i ra\u010dunarstva<\/li>\n<\/ul>\n[\/vc_column_text][\/vc_column][\/vc_row][vc_row][vc_column width=&#8221;1\/2&#8243;][mk_fancy_title strip_tags=&#8221;true&#8221; tag_name=&#8221;span&#8221; color=&#8221;#1e73be&#8221; size=&#8221;16&#8243; font_family=&#8221;none&#8221;]\n<h2>PREDDIPLOMSKI STUDIJ<\/h2>\n[\/mk_fancy_title][\/vc_column][vc_column width=&#8221;1\/2&#8243;][mk_fancy_title strip_tags=&#8221;true&#8221; tag_name=&#8221;span&#8221; color=&#8221;#1e73be&#8221; size=&#8221;16&#8243; font_family=&#8221;none&#8221;]\n<h2>DIPLOMSKI STUDIJ<\/h2>\n[\/mk_fancy_title][\/vc_column][\/vc_row][vc_row][vc_column width=&#8221;1\/6&#8243;][vc_single_image image=&#8221;11393&#8243; img_size=&#8221;full&#8221; style=&#8221;vc_box_shadow&#8221; onclick=&#8221;custom_link&#8221; img_link_target=&#8221;_blank&#8221; css_animation=&#8221;fadeInDown&#8221; link=&#8221;https:\/\/www.pmfst.unist.hr\/portfolio-posts\/preddiplomski-sveucilisni-studij-informatika-i-tehnika\/&#8221;][\/vc_column][vc_column width=&#8221;1\/6&#8243;][\/vc_column][vc_column width=&#8221;1\/6&#8243;][\/vc_column][vc_column width=&#8221;1\/6&#8243;][vc_single_image image=&#8221;11394&#8243; img_size=&#8221;full&#8221; style=&#8221;vc_box_shadow&#8221; onclick=&#8221;custom_link&#8221; img_link_target=&#8221;_blank&#8221; css_animation=&#8221;fadeInDown&#8221; link=&#8221;https:\/\/www.pmfst.unist.hr\/portfolio-posts\/diplomski-sveucilisni-studij-informatika-i-tehnika\/&#8221;][\/vc_column][vc_column width=&#8221;1\/6&#8243;][\/vc_column][vc_column width=&#8221;1\/6&#8243;][\/vc_column][\/vc_row]\n<\/div>","protected":false},"excerpt":{"rendered":"<p>[vc_row][vc_column][vc_column_text]Dvopredmetni studij informatika i tehnika studentima osigurava stjecanje tehni\u010dkih, informati\u010dkih i ra\u010dunalnih kompetencija, \u010dime se upotpunjuje politehni\u010dko osposobljavanje. Nastava se izvodi kroz obvezne i izborne predmete u kojima istaknuto mjesto imaju laboratorijske vje\u017ebe i prakti\u010dni rad. Ste\u010dene politehni\u010dke kompetencije na diplomskom studiju nadopunjuju se suvremenim spoznajama iz dru\u0161tveno-humanisti\u010dkih znanosti koje studentima omogu\u0107avaju stjecanje nastavni\u010dkih kompetencija. [&hellip;]<\/p>\n","protected":false},"author":1,"featured_media":0,"parent":0,"menu_order":0,"comment_status":"closed","ping_status":"closed","template":"","meta":{"_acf_changed":false,"rs_blank_template":"","rs_page_bg_color":"","slide_template_v7":"","footnotes":""},"class_list":["post-41","page","type-page","status-publish","hentry"],"acf":[],"yoast_head":"<!-- This site is optimized with the Yoast SEO plugin v27.3 - https:\/\/yoast.com\/product\/yoast-seo-wordpress\/ -->\n<title>Studij - Odjel za politehniku<\/title>\n<meta name=\"robots\" content=\"index, follow, max-snippet:-1, max-image-preview:large, max-video-preview:-1\" \/>\n<link rel=\"canonical\" href=\"https:\/\/www.pmfst.unist.hr\/odjel-za-politehniku\/studij\/\" \/>\n<meta property=\"og:locale\" content=\"hr_HR\" \/>\n<meta property=\"og:type\" content=\"article\" \/>\n<meta property=\"og:title\" content=\"Studij - Odjel za politehniku\" \/>\n<meta property=\"og:description\" content=\"[vc_row][vc_column][vc_column_text]Dvopredmetni studij informatika i tehnika studentima osigurava stjecanje tehni\u010dkih, informati\u010dkih i ra\u010dunalnih kompetencija, \u010dime se upotpunjuje politehni\u010dko osposobljavanje. Nastava se izvodi kroz obvezne i izborne predmete u kojima istaknuto mjesto imaju laboratorijske vje\u017ebe i prakti\u010dni rad. Ste\u010dene politehni\u010dke kompetencije na diplomskom studiju nadopunjuju se suvremenim spoznajama iz dru\u0161tveno-humanisti\u010dkih znanosti koje studentima omogu\u0107avaju stjecanje nastavni\u010dkih kompetencija. [&hellip;]\" \/>\n<meta property=\"og:url\" content=\"https:\/\/www.pmfst.unist.hr\/odjel-za-politehniku\/studij\/\" \/>\n<meta property=\"og:site_name\" content=\"Odjel za politehniku\" \/>\n<meta property=\"article:modified_time\" content=\"2018-11-16T07:10:23+00:00\" \/>\n<meta name=\"twitter:card\" content=\"summary_large_image\" \/>\n<meta name=\"twitter:label1\" content=\"Procijenjeno vrijeme \u010ditanja\" \/>\n\t<meta name=\"twitter:data1\" content=\"1 minuta\" \/>\n<script type=\"application\/ld+json\" class=\"yoast-schema-graph\">{\"@context\":\"https:\\\/\\\/schema.org\",\"@graph\":[{\"@type\":\"WebPage\",\"@id\":\"https:\\\/\\\/www.pmfst.unist.hr\\\/odjel-za-politehniku\\\/studij\\\/\",\"url\":\"https:\\\/\\\/www.pmfst.unist.hr\\\/odjel-za-politehniku\\\/studij\\\/\",\"name\":\"Studij - Odjel za politehniku\",\"isPartOf\":{\"@id\":\"https:\\\/\\\/www.pmfst.unist.hr\\\/odjel-za-politehniku\\\/#website\"},\"datePublished\":\"2018-03-12T14:14:07+00:00\",\"dateModified\":\"2018-11-16T07:10:23+00:00\",\"breadcrumb\":{\"@id\":\"https:\\\/\\\/www.pmfst.unist.hr\\\/odjel-za-politehniku\\\/studij\\\/#breadcrumb\"},\"inLanguage\":\"hr\",\"potentialAction\":[{\"@type\":\"ReadAction\",\"target\":[\"https:\\\/\\\/www.pmfst.unist.hr\\\/odjel-za-politehniku\\\/studij\\\/\"]}]},{\"@type\":\"BreadcrumbList\",\"@id\":\"https:\\\/\\\/www.pmfst.unist.hr\\\/odjel-za-politehniku\\\/studij\\\/#breadcrumb\",\"itemListElement\":[{\"@type\":\"ListItem\",\"position\":1,\"name\":\"Po\u010detna stranica\",\"item\":\"https:\\\/\\\/www.pmfst.unist.hr\\\/odjel-za-politehniku\\\/\"},{\"@type\":\"ListItem\",\"position\":2,\"name\":\"Studij\"}]},{\"@type\":\"WebSite\",\"@id\":\"https:\\\/\\\/www.pmfst.unist.hr\\\/odjel-za-politehniku\\\/#website\",\"url\":\"https:\\\/\\\/www.pmfst.unist.hr\\\/odjel-za-politehniku\\\/\",\"name\":\"Odjel za politehniku\",\"description\":\"Odjel za politehniku Prirodoslovnog-matemati\u010dkiog fakulteta Sveu\u010dili\u0161ta u Splitu\",\"potentialAction\":[{\"@type\":\"SearchAction\",\"target\":{\"@type\":\"EntryPoint\",\"urlTemplate\":\"https:\\\/\\\/www.pmfst.unist.hr\\\/odjel-za-politehniku\\\/?s={search_term_string}\"},\"query-input\":{\"@type\":\"PropertyValueSpecification\",\"valueRequired\":true,\"valueName\":\"search_term_string\"}}],\"inLanguage\":\"hr\"}]}<\/script>\n<!-- \/ Yoast SEO plugin. -->","yoast_head_json":{"title":"Studij - Odjel za politehniku","robots":{"index":"index","follow":"follow","max-snippet":"max-snippet:-1","max-image-preview":"max-image-preview:large","max-video-preview":"max-video-preview:-1"},"canonical":"https:\/\/www.pmfst.unist.hr\/odjel-za-politehniku\/studij\/","og_locale":"hr_HR","og_type":"article","og_title":"Studij - Odjel za politehniku","og_description":"[vc_row][vc_column][vc_column_text]Dvopredmetni studij informatika i tehnika studentima osigurava stjecanje tehni\u010dkih, informati\u010dkih i ra\u010dunalnih kompetencija, \u010dime se upotpunjuje politehni\u010dko osposobljavanje. Nastava se izvodi kroz obvezne i izborne predmete u kojima istaknuto mjesto imaju laboratorijske vje\u017ebe i prakti\u010dni rad. Ste\u010dene politehni\u010dke kompetencije na diplomskom studiju nadopunjuju se suvremenim spoznajama iz dru\u0161tveno-humanisti\u010dkih znanosti koje studentima omogu\u0107avaju stjecanje nastavni\u010dkih kompetencija. [&hellip;]","og_url":"https:\/\/www.pmfst.unist.hr\/odjel-za-politehniku\/studij\/","og_site_name":"Odjel za politehniku","article_modified_time":"2018-11-16T07:10:23+00:00","twitter_card":"summary_large_image","twitter_misc":{"Procijenjeno vrijeme \u010ditanja":"1 minuta"},"schema":{"@context":"https:\/\/schema.org","@graph":[{"@type":"WebPage","@id":"https:\/\/www.pmfst.unist.hr\/odjel-za-politehniku\/studij\/","url":"https:\/\/www.pmfst.unist.hr\/odjel-za-politehniku\/studij\/","name":"Studij - Odjel za politehniku","isPartOf":{"@id":"https:\/\/www.pmfst.unist.hr\/odjel-za-politehniku\/#website"},"datePublished":"2018-03-12T14:14:07+00:00","dateModified":"2018-11-16T07:10:23+00:00","breadcrumb":{"@id":"https:\/\/www.pmfst.unist.hr\/odjel-za-politehniku\/studij\/#breadcrumb"},"inLanguage":"hr","potentialAction":[{"@type":"ReadAction","target":["https:\/\/www.pmfst.unist.hr\/odjel-za-politehniku\/studij\/"]}]},{"@type":"BreadcrumbList","@id":"https:\/\/www.pmfst.unist.hr\/odjel-za-politehniku\/studij\/#breadcrumb","itemListElement":[{"@type":"ListItem","position":1,"name":"Po\u010detna stranica","item":"https:\/\/www.pmfst.unist.hr\/odjel-za-politehniku\/"},{"@type":"ListItem","position":2,"name":"Studij"}]},{"@type":"WebSite","@id":"https:\/\/www.pmfst.unist.hr\/odjel-za-politehniku\/#website","url":"https:\/\/www.pmfst.unist.hr\/odjel-za-politehniku\/","name":"Odjel za politehniku","description":"Odjel za politehniku Prirodoslovnog-matemati\u010dkiog fakulteta Sveu\u010dili\u0161ta u Splitu","potentialAction":[{"@type":"SearchAction","target":{"@type":"EntryPoint","urlTemplate":"https:\/\/www.pmfst.unist.hr\/odjel-za-politehniku\/?s={search_term_string}"},"query-input":{"@type":"PropertyValueSpecification","valueRequired":true,"valueName":"search_term_string"}}],"inLanguage":"hr"}]}},"_links":{"self":[{"href":"https:\/\/www.pmfst.unist.hr\/odjel-za-politehniku\/wp-json\/wp\/v2\/pages\/41","targetHints":{"allow":["GET"]}}],"collection":[{"href":"https:\/\/www.pmfst.unist.hr\/odjel-za-politehniku\/wp-json\/wp\/v2\/pages"}],"about":[{"href":"https:\/\/www.pmfst.unist.hr\/odjel-za-politehniku\/wp-json\/wp\/v2\/types\/page"}],"author":[{"embeddable":true,"href":"https:\/\/www.pmfst.unist.hr\/odjel-za-politehniku\/wp-json\/wp\/v2\/users\/1"}],"replies":[{"embeddable":true,"href":"https:\/\/www.pmfst.unist.hr\/odjel-za-politehniku\/wp-json\/wp\/v2\/comments?post=41"}],"version-history":[{"count":0,"href":"https:\/\/www.pmfst.unist.hr\/odjel-za-politehniku\/wp-json\/wp\/v2\/pages\/41\/revisions"}],"wp:attachment":[{"href":"https:\/\/www.pmfst.unist.hr\/odjel-za-politehniku\/wp-json\/wp\/v2\/media?parent=41"}],"curies":[{"name":"wp","href":"https:\/\/api.w.org\/{rel}","templated":true}]}}