{"id":51,"date":"2018-03-27T08:45:47","date_gmt":"2018-03-27T06:45:47","guid":{"rendered":"https:\/\/www.pmfst.unist.hr\/odjel-za-politehniku\/?page_id=51"},"modified":"2018-04-17T08:26:25","modified_gmt":"2018-04-17T06:26:25","slug":"projekti","status":"publish","type":"page","link":"https:\/\/www.pmfst.unist.hr\/odjel-za-politehniku\/projekti\/","title":{"rendered":"Projekti"},"content":{"rendered":"<div class=\"wpb-content-wrapper\">[vc_row][vc_column][vc_empty_space][mk_fancy_title color=&#8221;#01bcb0&#8243; size=&#8221;28&#8243; font_family=&#8221;none&#8221;]Projekti[\/mk_fancy_title][vc_separator color=&#8221;mulled_wine&#8221; style=&#8221;shadow&#8221; border_width=&#8221;6&#8243;][vc_tta_tabs color=&#8221;turquoise&#8221; active_section=&#8221;1&#8243; css=&#8221;.vc_custom_1518613417707{background-color: #ffffff !important;}&#8221;][vc_tta_section title=&#8221;Nacionalni projekti&#8221; tab_id=&#8221;1518611544505-c6274d8b-8ab3&#8243;][mk_table]\n<table width=\"0\">\n<tbody>\n<tr>\n<td width=\"614\"><strong>Naziv<\/strong><\/td>\n<td width=\"123\"><strong>\u0160ifra<\/strong><\/td>\n<td width=\"94\"><strong>Trajanje<\/strong><\/td>\n<td width=\"104\"><strong>Su\/Voditelj<\/strong><\/td>\n<td width=\"113\"><strong>Suradnici<\/strong><\/td>\n<\/tr>\n<tr>\n<td width=\"614\">Pogonska \u010dvrsto\u0107a konstrukcija sa i bez zamornih pukotina<\/td>\n<td width=\"123\">2-08-197<\/td>\n<td width=\"94\">1991 &#8211; 1995<\/td>\n<td width=\"104\"><\/td>\n<td width=\"113\">Tomislav Mati\u0107<\/td>\n<\/tr>\n<tr>\n<td width=\"614\">Istra\u017eivanje utjecajnih parametara na pogonsku \u010dvrsto\u0107u<\/td>\n<td width=\"123\">023031<\/td>\n<td width=\"94\">1996 &#8211; 2002<\/td>\n<td width=\"104\"><\/td>\n<td width=\"113\">Tomislav Mati\u0107<\/td>\n<\/tr>\n<tr>\n<td width=\"614\">Pogonska \u010dvrsto\u0107a konstrukcija i strojeva<\/td>\n<td width=\"123\">0023023<\/td>\n<td width=\"94\">2002 &#8211; 2006<\/td>\n<td width=\"104\"><\/td>\n<td width=\"113\">Tomislav Mati\u0107<\/td>\n<\/tr>\n<tr>\n<td width=\"614\">Vodik ili biodizel u gradskom javnom prijevozu<\/td>\n<td width=\"123\">177-0000000-1931<\/td>\n<td width=\"94\">2006 &#8211; 2012<\/td>\n<td width=\"104\">Ante Krstulovi\u0107<\/td>\n<td width=\"113\">Tomislav Mati\u0107<\/p>\n<p>Vedran Boras<\/p>\n<p>Endri Garafuli\u0107<\/td>\n<\/tr>\n<tr>\n<td width=\"614\">Kvaliteta i pouzdanost pogona EES Hrvatske na regionalnom tr\u017ei\u0161tu el. energije<\/td>\n<td width=\"123\">165-1651481-1482<\/td>\n<td width=\"94\">2006 \u2013 2012<\/td>\n<td width=\"104\"><\/td>\n<td width=\"113\">Vedran Boras<\/td>\n<\/tr>\n<tr>\n<td width=\"614\">Modeliranje ljudskog tijela i izvora zra\u010denja: okoli\u0161ni i zdravstveni aspekti<\/td>\n<td width=\"123\">023-0231582-1585<\/td>\n<td width=\"94\">2007 &#8211; 2012<\/td>\n<td width=\"104\"><\/td>\n<td width=\"113\">Sini\u0161a Antonijevi\u0107<\/td>\n<\/tr>\n<tr>\n<td width=\"614\">Pogonska \u010dvrsto\u0107a materijala i konstrukcija<\/td>\n<td width=\"123\">023-0231744-1745<\/td>\n<td width=\"94\">2007 &#8211; 2014<\/td>\n<td width=\"104\"><\/td>\n<td width=\"113\">Tomislav Mati\u0107<\/td>\n<\/tr>\n<tr>\n<td width=\"614\">Ra\u010dunalni vid u identifikaciji kinematike sportskih aktivnosti<\/td>\n<td width=\"123\">177-0232006-1662<\/td>\n<td width=\"94\">2009 &#8211; 2013<\/td>\n<td width=\"104\">Vladan Papi\u0107<\/td>\n<td width=\"113\">Hrvoje Turi\u0107<\/p>\n<p>Vladimir Ple\u0161tina<\/td>\n<\/tr>\n<\/tbody>\n<\/table>\n[\/mk_table][\/vc_tta_section][vc_tta_section title=&#8221;Bileteralni sporazumi&#8221; tab_id=&#8221;1518612607041-5bc7a44e-2683&#8243;][mk_table style=&#8221;style2&#8243;]\n<table width=\"0\">\n<tbody>\n<tr>\n<td width=\"519\"><strong>Naziv<\/strong><\/td>\n<td width=\"217\"><strong>Izvor financiranja<\/strong><\/td>\n<td width=\"94\"><strong>Trajanje<\/strong><\/td>\n<td width=\"104\"><strong>Su\/Voditelj<\/strong><\/td>\n<td width=\"113\"><strong>Suradnici<\/strong><\/td>\n<\/tr>\n<tr>\n<td width=\"519\">Primjena termografije u energetskom pregledu i energetskoj certifikaciji<\/td>\n<td width=\"217\">hrvatsko-srpski bilateralni projekt<\/td>\n<td width=\"94\">2011 \u2013 2012<\/td>\n<td width=\"104\"><\/td>\n<td width=\"113\">Endri Garafuli\u0107<\/td>\n<\/tr>\n<tr>\n<td width=\"519\">Electromagnetic Interference (EMI) Study of Power Line Communications (PLC) Services<\/td>\n<td width=\"217\">Hrvatsko-francuski bilateralni projekt<\/td>\n<td width=\"94\">2011 \u2013 2013<\/td>\n<td width=\"104\"><\/td>\n<td width=\"113\">Sini\u0161a Antonijevi\u0107<\/td>\n<\/tr>\n<tr>\n<td width=\"519\">Eksperimentalno i numeri\u010dko ispitivanje APM kuglica s naprednom strukturom \u0107elija<\/td>\n<td width=\"217\">hrvatsko-slovenski bilateralni projekt<\/td>\n<td width=\"94\">2012 &#8211; danas<\/td>\n<td width=\"104\"><\/td>\n<td width=\"113\">Endri Garafuli\u0107<\/td>\n<\/tr>\n<\/tbody>\n<\/table>\n[\/mk_table][\/vc_tta_section][\/vc_tta_tabs][\/vc_column][\/vc_row]\n<\/div>","protected":false},"excerpt":{"rendered":"<p>[vc_row][vc_column][vc_empty_space][mk_fancy_title color=&#8221;#01bcb0&#8243; size=&#8221;28&#8243; font_family=&#8221;none&#8221;]Projekti[\/mk_fancy_title][vc_separator color=&#8221;mulled_wine&#8221; style=&#8221;shadow&#8221; border_width=&#8221;6&#8243;][vc_tta_tabs color=&#8221;turquoise&#8221; active_section=&#8221;1&#8243; css=&#8221;.vc_custom_1518613417707{background-color: #ffffff !important;}&#8221;][vc_tta_section title=&#8221;Nacionalni projekti&#8221; tab_id=&#8221;1518611544505-c6274d8b-8ab3&#8243;][mk_table] Naziv \u0160ifra Trajanje Su\/Voditelj Suradnici Pogonska \u010dvrsto\u0107a konstrukcija sa i bez zamornih pukotina 2-08-197 1991 &#8211; 1995 Tomislav Mati\u0107 Istra\u017eivanje utjecajnih parametara na pogonsku \u010dvrsto\u0107u 023031 1996 &#8211; 2002 Tomislav Mati\u0107 Pogonska \u010dvrsto\u0107a konstrukcija i strojeva 0023023 2002 &#8211; 2006 [&hellip;]<\/p>\n","protected":false},"author":1,"featured_media":0,"parent":0,"menu_order":0,"comment_status":"closed","ping_status":"closed","template":"","meta":{"_acf_changed":false,"rs_blank_template":"","rs_page_bg_color":"","slide_template_v7":"","footnotes":""},"class_list":["post-51","page","type-page","status-publish","hentry"],"acf":[],"yoast_head":"<!-- This site is optimized with the Yoast SEO plugin v27.3 - https:\/\/yoast.com\/product\/yoast-seo-wordpress\/ -->\n<title>Projekti - Odjel za politehniku<\/title>\n<meta name=\"robots\" content=\"index, follow, max-snippet:-1, max-image-preview:large, max-video-preview:-1\" \/>\n<link rel=\"canonical\" href=\"https:\/\/www.pmfst.unist.hr\/odjel-za-politehniku\/projekti\/\" \/>\n<meta property=\"og:locale\" content=\"hr_HR\" \/>\n<meta property=\"og:type\" content=\"article\" \/>\n<meta property=\"og:title\" content=\"Projekti - Odjel za politehniku\" \/>\n<meta property=\"og:description\" content=\"[vc_row][vc_column][vc_empty_space][mk_fancy_title color=&#8221;#01bcb0&#8243; size=&#8221;28&#8243; font_family=&#8221;none&#8221;]Projekti[\/mk_fancy_title][vc_separator color=&#8221;mulled_wine&#8221; style=&#8221;shadow&#8221; border_width=&#8221;6&#8243;][vc_tta_tabs color=&#8221;turquoise&#8221; active_section=&#8221;1&#8243; css=&#8221;.vc_custom_1518613417707{background-color: #ffffff !important;}&#8221;][vc_tta_section title=&#8221;Nacionalni projekti&#8221; tab_id=&#8221;1518611544505-c6274d8b-8ab3&#8243;][mk_table] Naziv \u0160ifra Trajanje Su\/Voditelj Suradnici Pogonska \u010dvrsto\u0107a konstrukcija sa i bez zamornih pukotina 2-08-197 1991 &#8211; 1995 Tomislav Mati\u0107 Istra\u017eivanje utjecajnih parametara na pogonsku \u010dvrsto\u0107u 023031 1996 &#8211; 2002 Tomislav Mati\u0107 Pogonska \u010dvrsto\u0107a konstrukcija i strojeva 0023023 2002 &#8211; 2006 [&hellip;]\" \/>\n<meta property=\"og:url\" content=\"https:\/\/www.pmfst.unist.hr\/odjel-za-politehniku\/projekti\/\" \/>\n<meta property=\"og:site_name\" content=\"Odjel za politehniku\" \/>\n<meta property=\"article:modified_time\" content=\"2018-04-17T06:26:25+00:00\" \/>\n<meta name=\"twitter:card\" content=\"summary_large_image\" \/>\n<meta name=\"twitter:label1\" content=\"Procijenjeno vrijeme \u010ditanja\" \/>\n\t<meta name=\"twitter:data1\" content=\"1 minuta\" \/>\n<script type=\"application\/ld+json\" class=\"yoast-schema-graph\">{\"@context\":\"https:\\\/\\\/schema.org\",\"@graph\":[{\"@type\":\"WebPage\",\"@id\":\"https:\\\/\\\/www.pmfst.unist.hr\\\/odjel-za-politehniku\\\/projekti\\\/\",\"url\":\"https:\\\/\\\/www.pmfst.unist.hr\\\/odjel-za-politehniku\\\/projekti\\\/\",\"name\":\"Projekti - Odjel za politehniku\",\"isPartOf\":{\"@id\":\"https:\\\/\\\/www.pmfst.unist.hr\\\/odjel-za-politehniku\\\/#website\"},\"datePublished\":\"2018-03-27T06:45:47+00:00\",\"dateModified\":\"2018-04-17T06:26:25+00:00\",\"breadcrumb\":{\"@id\":\"https:\\\/\\\/www.pmfst.unist.hr\\\/odjel-za-politehniku\\\/projekti\\\/#breadcrumb\"},\"inLanguage\":\"hr\",\"potentialAction\":[{\"@type\":\"ReadAction\",\"target\":[\"https:\\\/\\\/www.pmfst.unist.hr\\\/odjel-za-politehniku\\\/projekti\\\/\"]}]},{\"@type\":\"BreadcrumbList\",\"@id\":\"https:\\\/\\\/www.pmfst.unist.hr\\\/odjel-za-politehniku\\\/projekti\\\/#breadcrumb\",\"itemListElement\":[{\"@type\":\"ListItem\",\"position\":1,\"name\":\"Po\u010detna stranica\",\"item\":\"https:\\\/\\\/www.pmfst.unist.hr\\\/odjel-za-politehniku\\\/\"},{\"@type\":\"ListItem\",\"position\":2,\"name\":\"Projekti\"}]},{\"@type\":\"WebSite\",\"@id\":\"https:\\\/\\\/www.pmfst.unist.hr\\\/odjel-za-politehniku\\\/#website\",\"url\":\"https:\\\/\\\/www.pmfst.unist.hr\\\/odjel-za-politehniku\\\/\",\"name\":\"Odjel za politehniku\",\"description\":\"Odjel za politehniku Prirodoslovnog-matemati\u010dkiog fakulteta Sveu\u010dili\u0161ta u Splitu\",\"potentialAction\":[{\"@type\":\"SearchAction\",\"target\":{\"@type\":\"EntryPoint\",\"urlTemplate\":\"https:\\\/\\\/www.pmfst.unist.hr\\\/odjel-za-politehniku\\\/?s={search_term_string}\"},\"query-input\":{\"@type\":\"PropertyValueSpecification\",\"valueRequired\":true,\"valueName\":\"search_term_string\"}}],\"inLanguage\":\"hr\"}]}<\/script>\n<!-- \/ Yoast SEO plugin. -->","yoast_head_json":{"title":"Projekti - Odjel za politehniku","robots":{"index":"index","follow":"follow","max-snippet":"max-snippet:-1","max-image-preview":"max-image-preview:large","max-video-preview":"max-video-preview:-1"},"canonical":"https:\/\/www.pmfst.unist.hr\/odjel-za-politehniku\/projekti\/","og_locale":"hr_HR","og_type":"article","og_title":"Projekti - Odjel za politehniku","og_description":"[vc_row][vc_column][vc_empty_space][mk_fancy_title color=&#8221;#01bcb0&#8243; size=&#8221;28&#8243; font_family=&#8221;none&#8221;]Projekti[\/mk_fancy_title][vc_separator color=&#8221;mulled_wine&#8221; style=&#8221;shadow&#8221; border_width=&#8221;6&#8243;][vc_tta_tabs color=&#8221;turquoise&#8221; active_section=&#8221;1&#8243; css=&#8221;.vc_custom_1518613417707{background-color: #ffffff !important;}&#8221;][vc_tta_section title=&#8221;Nacionalni projekti&#8221; tab_id=&#8221;1518611544505-c6274d8b-8ab3&#8243;][mk_table] Naziv \u0160ifra Trajanje Su\/Voditelj Suradnici Pogonska \u010dvrsto\u0107a konstrukcija sa i bez zamornih pukotina 2-08-197 1991 &#8211; 1995 Tomislav Mati\u0107 Istra\u017eivanje utjecajnih parametara na pogonsku \u010dvrsto\u0107u 023031 1996 &#8211; 2002 Tomislav Mati\u0107 Pogonska \u010dvrsto\u0107a konstrukcija i strojeva 0023023 2002 &#8211; 2006 [&hellip;]","og_url":"https:\/\/www.pmfst.unist.hr\/odjel-za-politehniku\/projekti\/","og_site_name":"Odjel za politehniku","article_modified_time":"2018-04-17T06:26:25+00:00","twitter_card":"summary_large_image","twitter_misc":{"Procijenjeno vrijeme \u010ditanja":"1 minuta"},"schema":{"@context":"https:\/\/schema.org","@graph":[{"@type":"WebPage","@id":"https:\/\/www.pmfst.unist.hr\/odjel-za-politehniku\/projekti\/","url":"https:\/\/www.pmfst.unist.hr\/odjel-za-politehniku\/projekti\/","name":"Projekti - Odjel za politehniku","isPartOf":{"@id":"https:\/\/www.pmfst.unist.hr\/odjel-za-politehniku\/#website"},"datePublished":"2018-03-27T06:45:47+00:00","dateModified":"2018-04-17T06:26:25+00:00","breadcrumb":{"@id":"https:\/\/www.pmfst.unist.hr\/odjel-za-politehniku\/projekti\/#breadcrumb"},"inLanguage":"hr","potentialAction":[{"@type":"ReadAction","target":["https:\/\/www.pmfst.unist.hr\/odjel-za-politehniku\/projekti\/"]}]},{"@type":"BreadcrumbList","@id":"https:\/\/www.pmfst.unist.hr\/odjel-za-politehniku\/projekti\/#breadcrumb","itemListElement":[{"@type":"ListItem","position":1,"name":"Po\u010detna stranica","item":"https:\/\/www.pmfst.unist.hr\/odjel-za-politehniku\/"},{"@type":"ListItem","position":2,"name":"Projekti"}]},{"@type":"WebSite","@id":"https:\/\/www.pmfst.unist.hr\/odjel-za-politehniku\/#website","url":"https:\/\/www.pmfst.unist.hr\/odjel-za-politehniku\/","name":"Odjel za politehniku","description":"Odjel za politehniku Prirodoslovnog-matemati\u010dkiog fakulteta Sveu\u010dili\u0161ta u Splitu","potentialAction":[{"@type":"SearchAction","target":{"@type":"EntryPoint","urlTemplate":"https:\/\/www.pmfst.unist.hr\/odjel-za-politehniku\/?s={search_term_string}"},"query-input":{"@type":"PropertyValueSpecification","valueRequired":true,"valueName":"search_term_string"}}],"inLanguage":"hr"}]}},"_links":{"self":[{"href":"https:\/\/www.pmfst.unist.hr\/odjel-za-politehniku\/wp-json\/wp\/v2\/pages\/51","targetHints":{"allow":["GET"]}}],"collection":[{"href":"https:\/\/www.pmfst.unist.hr\/odjel-za-politehniku\/wp-json\/wp\/v2\/pages"}],"about":[{"href":"https:\/\/www.pmfst.unist.hr\/odjel-za-politehniku\/wp-json\/wp\/v2\/types\/page"}],"author":[{"embeddable":true,"href":"https:\/\/www.pmfst.unist.hr\/odjel-za-politehniku\/wp-json\/wp\/v2\/users\/1"}],"replies":[{"embeddable":true,"href":"https:\/\/www.pmfst.unist.hr\/odjel-za-politehniku\/wp-json\/wp\/v2\/comments?post=51"}],"version-history":[{"count":0,"href":"https:\/\/www.pmfst.unist.hr\/odjel-za-politehniku\/wp-json\/wp\/v2\/pages\/51\/revisions"}],"wp:attachment":[{"href":"https:\/\/www.pmfst.unist.hr\/odjel-za-politehniku\/wp-json\/wp\/v2\/media?parent=51"}],"curies":[{"name":"wp","href":"https:\/\/api.w.org\/{rel}","templated":true}]}}