{"id":7,"date":"2018-02-09T09:43:37","date_gmt":"2018-02-09T08:43:37","guid":{"rendered":"https:\/\/www.pmfst.unist.hr\/samostalna-katedra-za-dhz\/?page_id=7"},"modified":"2019-11-28T11:26:28","modified_gmt":"2019-11-28T10:26:28","slug":"o-odjelu","status":"publish","type":"page","link":"https:\/\/www.pmfst.unist.hr\/samostalna-katedra-za-dhz\/o-odjelu\/","title":{"rendered":"O odjelu"},"content":{"rendered":"<div class=\"wpb-content-wrapper\">[vc_row][vc_column][vc_separator color=&#8221;mulled_wine&#8221; style=&#8221;shadow&#8221; border_width=&#8221;3&#8243;][\/vc_column][\/vc_row][vc_row][vc_column width=&#8221;2\/3&#8243;][vc_column_text css=&#8221;.vc_custom_1574936785854{margin-bottom: 0px !important;}&#8221;]Na Katedri djeluju profesori iz podru\u010dja dru\u0161tvenih znanosti, polja pedagogija, psihologija, sociologija, filozofija i kineziologija te iz podru\u010dja humanisti\u010dkih znanosti, polje anglistika.<\/p>\n<p>Studenti kroz nastavu iz predmeta koji pokrivaju dru\u0161tveno podru\u010dje znanosti stje\u010du temeljna znanja i vje\u0161tine o svim odgojno-obrazovnim procesima. Nadalje, bolje \u0107e razumjeti pote\u0161ko\u0107e i probleme u u\u010denju, bit \u0107e u stanju suo\u010diti se s problemima u\u010denika i prona\u0107i adekvatna rje\u0161enja. Profesori Katedre osposobljavaju studente za: shva\u0107anje i implementaciju uloge sociolo\u0161kih, psiholo\u0161kih i pedago\u0161kih istra\u017eivanja u obja\u0161njenju pojava kojima se studiji bave; razumijevanje i provo\u0111enja zdravog na\u010dina \u017eivota; \u010ditanje i razumijevanje literature pisane na engleskom jeziku; izvo\u0111enje predmetne nastave; uspje\u0161no obavljanje obrazovne i odgojne funkcije.<\/p>\n<p>Katedra je prepoznatljiva jo\u0161 po vode\u0107oj ulozi u stru\u010dnom dopunskom pedago\u0161ko-didakti\u010dko-psiholo\u0161ko-metodi\u010dkom obrazovanju nastavnika (DPDPM). Planovi u budu\u0107nosti su da se na Dio djelatnika Katedre sudjeluju u izvedbi doktorskog studija iz edukacije u podru\u010dju prirodnih i tehni\u010dkih znanosti. Znanstveno-istra\u017eiva\u010dki rad jedna je od temeljnih djelatnosti nastavnika na Katedri. Sudjelovali su, kao voditelji ili suradnici, u nekoliko znanstvenih projekata. Objavili su veliki broj znanstvenih i stru\u010dnih radova. Profesor kineziologije aktivno sudjeluje u organizaciji, pripremi i vo\u0111enju sportskih ekipa i mom\u010dadi na Fakultetskim i Sveu\u010dili\u0161nim studentskim prvenstvima.[\/vc_column_text][\/vc_column][vc_column width=&#8221;1\/3&#8243;][vc_single_image image=&#8221;16&#8243; img_size=&#8221;full&#8221; onclick=&#8221;link_image&#8221;][\/vc_column][\/vc_row][vc_row][vc_column][vc_separator color=&#8221;mulled_wine&#8221; style=&#8221;shadow&#8221; border_width=&#8221;3&#8243;][\/vc_column][\/vc_row]\n<\/div>","protected":false},"excerpt":{"rendered":"<p>[vc_row][vc_column][vc_separator color=&#8221;mulled_wine&#8221; style=&#8221;shadow&#8221; border_width=&#8221;3&#8243;][\/vc_column][\/vc_row][vc_row][vc_column width=&#8221;2\/3&#8243;][vc_column_text css=&#8221;.vc_custom_1574936785854{margin-bottom: 0px !important;}&#8221;]Na Katedri djeluju profesori iz podru\u010dja dru\u0161tvenih znanosti, polja pedagogija, psihologija, sociologija, filozofija i kineziologija te iz podru\u010dja humanisti\u010dkih znanosti, polje anglistika. Studenti kroz nastavu iz predmeta koji pokrivaju dru\u0161tveno podru\u010dje znanosti stje\u010du temeljna znanja i vje\u0161tine o svim odgojno-obrazovnim procesima. Nadalje, bolje \u0107e razumjeti pote\u0161ko\u0107e i probleme [&hellip;]<\/p>\n","protected":false},"author":1,"featured_media":0,"parent":0,"menu_order":0,"comment_status":"closed","ping_status":"closed","template":"","meta":{"_acf_changed":false,"rs_blank_template":"","rs_page_bg_color":"","slide_template_v7":"","footnotes":""},"class_list":["post-7","page","type-page","status-publish","hentry"],"acf":[],"yoast_head":"<!-- This site is optimized with the Yoast SEO plugin v27.2 - https:\/\/yoast.com\/product\/yoast-seo-wordpress\/ -->\n<title>O odjelu - Samostalna katedra za DHZ<\/title>\n<meta name=\"robots\" content=\"index, follow, max-snippet:-1, max-image-preview:large, max-video-preview:-1\" \/>\n<link rel=\"canonical\" href=\"https:\/\/www.pmfst.unist.hr\/samostalna-katedra-za-dhz\/o-odjelu\/\" \/>\n<meta property=\"og:locale\" content=\"hr_HR\" \/>\n<meta property=\"og:type\" content=\"article\" \/>\n<meta property=\"og:title\" content=\"O odjelu - Samostalna katedra za DHZ\" \/>\n<meta property=\"og:description\" content=\"[vc_row][vc_column][vc_separator color=&#8221;mulled_wine&#8221; style=&#8221;shadow&#8221; border_width=&#8221;3&#8243;][\/vc_column][\/vc_row][vc_row][vc_column width=&#8221;2\/3&#8243;][vc_column_text css=&#8221;.vc_custom_1574936785854{margin-bottom: 0px !important;}&#8221;]Na Katedri djeluju profesori iz podru\u010dja dru\u0161tvenih znanosti, polja pedagogija, psihologija, sociologija, filozofija i kineziologija te iz podru\u010dja humanisti\u010dkih znanosti, polje anglistika. Studenti kroz nastavu iz predmeta koji pokrivaju dru\u0161tveno podru\u010dje znanosti stje\u010du temeljna znanja i vje\u0161tine o svim odgojno-obrazovnim procesima. Nadalje, bolje \u0107e razumjeti pote\u0161ko\u0107e i probleme [&hellip;]\" \/>\n<meta property=\"og:url\" content=\"https:\/\/www.pmfst.unist.hr\/samostalna-katedra-za-dhz\/o-odjelu\/\" \/>\n<meta property=\"og:site_name\" content=\"Samostalna katedra za DHZ\" \/>\n<meta property=\"article:modified_time\" content=\"2019-11-28T10:26:28+00:00\" \/>\n<meta name=\"twitter:card\" content=\"summary_large_image\" \/>\n<meta name=\"twitter:label1\" content=\"Procijenjeno vrijeme \u010ditanja\" \/>\n\t<meta name=\"twitter:data1\" content=\"2 minute\" \/>\n<script type=\"application\/ld+json\" class=\"yoast-schema-graph\">{\"@context\":\"https:\/\/schema.org\",\"@graph\":[{\"@type\":\"WebPage\",\"@id\":\"https:\/\/www.pmfst.unist.hr\/samostalna-katedra-za-dhz\/o-odjelu\/\",\"url\":\"https:\/\/www.pmfst.unist.hr\/samostalna-katedra-za-dhz\/o-odjelu\/\",\"name\":\"O odjelu - Samostalna katedra za DHZ\",\"isPartOf\":{\"@id\":\"https:\/\/www.pmfst.unist.hr\/samostalna-katedra-za-dhz\/#website\"},\"datePublished\":\"2018-02-09T08:43:37+00:00\",\"dateModified\":\"2019-11-28T10:26:28+00:00\",\"breadcrumb\":{\"@id\":\"https:\/\/www.pmfst.unist.hr\/samostalna-katedra-za-dhz\/o-odjelu\/#breadcrumb\"},\"inLanguage\":\"hr\",\"potentialAction\":[{\"@type\":\"ReadAction\",\"target\":[\"https:\/\/www.pmfst.unist.hr\/samostalna-katedra-za-dhz\/o-odjelu\/\"]}]},{\"@type\":\"BreadcrumbList\",\"@id\":\"https:\/\/www.pmfst.unist.hr\/samostalna-katedra-za-dhz\/o-odjelu\/#breadcrumb\",\"itemListElement\":[{\"@type\":\"ListItem\",\"position\":1,\"name\":\"Po\u010detna stranica\",\"item\":\"https:\/\/www.pmfst.unist.hr\/samostalna-katedra-za-dhz\/\"},{\"@type\":\"ListItem\",\"position\":2,\"name\":\"O odjelu\"}]},{\"@type\":\"WebSite\",\"@id\":\"https:\/\/www.pmfst.unist.hr\/samostalna-katedra-za-dhz\/#website\",\"url\":\"https:\/\/www.pmfst.unist.hr\/samostalna-katedra-za-dhz\/\",\"name\":\"Samostalna katedra za DHZ\",\"description\":\"Samostalna katedra za DHZ  Prirodoslovnog-matemati\u010dkiog fakulteta Sveu\u010dili\u0161ta u Splitu\",\"potentialAction\":[{\"@type\":\"SearchAction\",\"target\":{\"@type\":\"EntryPoint\",\"urlTemplate\":\"https:\/\/www.pmfst.unist.hr\/samostalna-katedra-za-dhz\/?s={search_term_string}\"},\"query-input\":{\"@type\":\"PropertyValueSpecification\",\"valueRequired\":true,\"valueName\":\"search_term_string\"}}],\"inLanguage\":\"hr\"}]}<\/script>\n<!-- \/ Yoast SEO plugin. -->","yoast_head_json":{"title":"O odjelu - Samostalna katedra za DHZ","robots":{"index":"index","follow":"follow","max-snippet":"max-snippet:-1","max-image-preview":"max-image-preview:large","max-video-preview":"max-video-preview:-1"},"canonical":"https:\/\/www.pmfst.unist.hr\/samostalna-katedra-za-dhz\/o-odjelu\/","og_locale":"hr_HR","og_type":"article","og_title":"O odjelu - Samostalna katedra za DHZ","og_description":"[vc_row][vc_column][vc_separator color=&#8221;mulled_wine&#8221; style=&#8221;shadow&#8221; border_width=&#8221;3&#8243;][\/vc_column][\/vc_row][vc_row][vc_column width=&#8221;2\/3&#8243;][vc_column_text css=&#8221;.vc_custom_1574936785854{margin-bottom: 0px !important;}&#8221;]Na Katedri djeluju profesori iz podru\u010dja dru\u0161tvenih znanosti, polja pedagogija, psihologija, sociologija, filozofija i kineziologija te iz podru\u010dja humanisti\u010dkih znanosti, polje anglistika. Studenti kroz nastavu iz predmeta koji pokrivaju dru\u0161tveno podru\u010dje znanosti stje\u010du temeljna znanja i vje\u0161tine o svim odgojno-obrazovnim procesima. Nadalje, bolje \u0107e razumjeti pote\u0161ko\u0107e i probleme [&hellip;]","og_url":"https:\/\/www.pmfst.unist.hr\/samostalna-katedra-za-dhz\/o-odjelu\/","og_site_name":"Samostalna katedra za DHZ","article_modified_time":"2019-11-28T10:26:28+00:00","twitter_card":"summary_large_image","twitter_misc":{"Procijenjeno vrijeme \u010ditanja":"2 minute"},"schema":{"@context":"https:\/\/schema.org","@graph":[{"@type":"WebPage","@id":"https:\/\/www.pmfst.unist.hr\/samostalna-katedra-za-dhz\/o-odjelu\/","url":"https:\/\/www.pmfst.unist.hr\/samostalna-katedra-za-dhz\/o-odjelu\/","name":"O odjelu - Samostalna katedra za DHZ","isPartOf":{"@id":"https:\/\/www.pmfst.unist.hr\/samostalna-katedra-za-dhz\/#website"},"datePublished":"2018-02-09T08:43:37+00:00","dateModified":"2019-11-28T10:26:28+00:00","breadcrumb":{"@id":"https:\/\/www.pmfst.unist.hr\/samostalna-katedra-za-dhz\/o-odjelu\/#breadcrumb"},"inLanguage":"hr","potentialAction":[{"@type":"ReadAction","target":["https:\/\/www.pmfst.unist.hr\/samostalna-katedra-za-dhz\/o-odjelu\/"]}]},{"@type":"BreadcrumbList","@id":"https:\/\/www.pmfst.unist.hr\/samostalna-katedra-za-dhz\/o-odjelu\/#breadcrumb","itemListElement":[{"@type":"ListItem","position":1,"name":"Po\u010detna stranica","item":"https:\/\/www.pmfst.unist.hr\/samostalna-katedra-za-dhz\/"},{"@type":"ListItem","position":2,"name":"O odjelu"}]},{"@type":"WebSite","@id":"https:\/\/www.pmfst.unist.hr\/samostalna-katedra-za-dhz\/#website","url":"https:\/\/www.pmfst.unist.hr\/samostalna-katedra-za-dhz\/","name":"Samostalna katedra za DHZ","description":"Samostalna katedra za DHZ  Prirodoslovnog-matemati\u010dkiog fakulteta Sveu\u010dili\u0161ta u Splitu","potentialAction":[{"@type":"SearchAction","target":{"@type":"EntryPoint","urlTemplate":"https:\/\/www.pmfst.unist.hr\/samostalna-katedra-za-dhz\/?s={search_term_string}"},"query-input":{"@type":"PropertyValueSpecification","valueRequired":true,"valueName":"search_term_string"}}],"inLanguage":"hr"}]}},"_links":{"self":[{"href":"https:\/\/www.pmfst.unist.hr\/samostalna-katedra-za-dhz\/wp-json\/wp\/v2\/pages\/7","targetHints":{"allow":["GET"]}}],"collection":[{"href":"https:\/\/www.pmfst.unist.hr\/samostalna-katedra-za-dhz\/wp-json\/wp\/v2\/pages"}],"about":[{"href":"https:\/\/www.pmfst.unist.hr\/samostalna-katedra-za-dhz\/wp-json\/wp\/v2\/types\/page"}],"author":[{"embeddable":true,"href":"https:\/\/www.pmfst.unist.hr\/samostalna-katedra-za-dhz\/wp-json\/wp\/v2\/users\/1"}],"replies":[{"embeddable":true,"href":"https:\/\/www.pmfst.unist.hr\/samostalna-katedra-za-dhz\/wp-json\/wp\/v2\/comments?post=7"}],"version-history":[{"count":0,"href":"https:\/\/www.pmfst.unist.hr\/samostalna-katedra-za-dhz\/wp-json\/wp\/v2\/pages\/7\/revisions"}],"wp:attachment":[{"href":"https:\/\/www.pmfst.unist.hr\/samostalna-katedra-za-dhz\/wp-json\/wp\/v2\/media?parent=7"}],"curies":[{"name":"wp","href":"https:\/\/api.w.org\/{rel}","templated":true}]}}