{"id":92,"date":"2021-02-28T12:40:14","date_gmt":"2021-02-28T11:40:14","guid":{"rendered":"https:\/\/www.pmfst.unist.hr\/samostalna-katedra-za-dhz\/?page_id=92"},"modified":"2021-03-01T11:35:51","modified_gmt":"2021-03-01T10:35:51","slug":"independent-department-of-humanities-and-social-sciences","status":"publish","type":"page","link":"https:\/\/www.pmfst.unist.hr\/samostalna-katedra-za-dhz\/independent-department-of-humanities-and-social-sciences\/?lang=en","title":{"rendered":"INDEPENDENT CHAIR OF HUMANITIES AND SOCIAL SCIENCES"},"content":{"rendered":"<div class=\"wpb-content-wrapper\">[vc_row][vc_column][vc_separator color=&#8221;mulled_wine&#8221; style=&#8221;shadow&#8221; border_width=&#8221;3&#8243;][\/vc_column][\/vc_row][vc_row][vc_column width=&#8221;2\/3&#8243;][vc_column_text css=&#8221;.vc_custom_1614512410048{margin-bottom: 0px !important;}&#8221;]\n<p>The Chair has professors from the area of social sciences, fields of pedagogics, psychology, sociology, philosophy and kinesiology as well as from the area of humanities, field of English Studies.<\/p>\n<p>Students are able to acquire fundamental knowledge and skills in education processes by attending classes in courses covering social sciences. Furthermore, they will gain a better understanding of learning difficulties, be able to overcome problems pupils face and find adequate solutions. Professors at the Chair training students to understand and implement the role of sociological, psychological and pedagogical research in explaining concepts addressed in the study programmes, understand and implement a healthy lifestyle, read and comprehend literature written in the English language, teach courses, successfully undertaken an educational role.<\/p>\n<p>The Chair is well known due to its leading role in the professional supplementary pedagogic, didactic, psychological and methodical education of teachers. Some of the employees at the Chair participate in running the doctoral study programme Education in the Natural and Technical Sciences. Scientific-research work is one of the fundamental activities of teaching personnel at the Chair. They have collaborated as leaders and associates in a number of scientific projects. They have published a large number of scientific and professional papers. Kinesiology professors actively collaborate in the organising, preparation and running of sports teams at faculty and university student championships.<\/p>\n[\/vc_column_text][\/vc_column][vc_column width=&#8221;1\/3&#8243;][vc_single_image image=&#8221;16&#8243; img_size=&#8221;full&#8221; onclick=&#8221;link_image&#8221;][\/vc_column][\/vc_row][vc_row][vc_column][vc_separator color=&#8221;mulled_wine&#8221; style=&#8221;shadow&#8221; border_width=&#8221;3&#8243;][\/vc_column][\/vc_row]\n<\/div>","protected":false},"excerpt":{"rendered":"<p>[vc_row][vc_column][vc_separator color=&#8221;mulled_wine&#8221; style=&#8221;shadow&#8221; border_width=&#8221;3&#8243;][\/vc_column][\/vc_row][vc_row][vc_column width=&#8221;2\/3&#8243;][vc_column_text css=&#8221;.vc_custom_1614512410048{margin-bottom: 0px !important;}&#8221;] The Chair has professors from the area of social sciences, fields of pedagogics, psychology, sociology, philosophy and kinesiology as well as from the area of humanities, field of English Studies. Students are able to acquire fundamental knowledge and skills in education processes by attending classes in courses [&hellip;]<\/p>\n","protected":false},"author":1,"featured_media":0,"parent":0,"menu_order":0,"comment_status":"closed","ping_status":"closed","template":"","meta":{"_acf_changed":false,"rs_blank_template":"","rs_page_bg_color":"","slide_template_v7":"","footnotes":""},"class_list":["post-92","page","type-page","status-publish","hentry"],"acf":[],"yoast_head":"<!-- This site is optimized with the Yoast SEO plugin v27.5 - https:\/\/yoast.com\/product\/yoast-seo-wordpress\/ -->\n<title>INDEPENDENT CHAIR OF HUMANITIES AND SOCIAL SCIENCES - Samostalna katedra za DHZ<\/title>\n<meta name=\"robots\" content=\"index, follow, max-snippet:-1, max-image-preview:large, max-video-preview:-1\" \/>\n<link rel=\"canonical\" href=\"https:\/\/www.pmfst.unist.hr\/samostalna-katedra-za-dhz\/independent-department-of-humanities-and-social-sciences\/?lang=en\" \/>\n<meta property=\"og:locale\" content=\"hr_HR\" \/>\n<meta property=\"og:type\" content=\"article\" \/>\n<meta property=\"og:title\" content=\"INDEPENDENT CHAIR OF HUMANITIES AND SOCIAL SCIENCES - Samostalna katedra za DHZ\" \/>\n<meta property=\"og:description\" content=\"[vc_row][vc_column][vc_separator color=&#8221;mulled_wine&#8221; style=&#8221;shadow&#8221; border_width=&#8221;3&#8243;][\/vc_column][\/vc_row][vc_row][vc_column width=&#8221;2\/3&#8243;][vc_column_text css=&#8221;.vc_custom_1614512410048{margin-bottom: 0px !important;}&#8221;] The Chair has professors from the area of social sciences, fields of pedagogics, psychology, sociology, philosophy and kinesiology as well as from the area of humanities, field of English Studies. Students are able to acquire fundamental knowledge and skills in education processes by attending classes in courses [&hellip;]\" \/>\n<meta property=\"og:url\" content=\"https:\/\/www.pmfst.unist.hr\/samostalna-katedra-za-dhz\/independent-department-of-humanities-and-social-sciences\/?lang=en\" \/>\n<meta property=\"og:site_name\" content=\"Samostalna katedra za DHZ\" \/>\n<meta property=\"article:modified_time\" content=\"2021-03-01T10:35:51+00:00\" \/>\n<meta name=\"twitter:card\" content=\"summary_large_image\" \/>\n<meta name=\"twitter:label1\" content=\"Procijenjeno vrijeme \u010ditanja\" \/>\n\t<meta name=\"twitter:data1\" content=\"2 minute\" \/>\n<script type=\"application\/ld+json\" class=\"yoast-schema-graph\">{\"@context\":\"https:\\\/\\\/schema.org\",\"@graph\":[{\"@type\":\"WebPage\",\"@id\":\"https:\\\/\\\/www.pmfst.unist.hr\\\/samostalna-katedra-za-dhz\\\/independent-department-of-humanities-and-social-sciences\\\/?lang=en\",\"url\":\"https:\\\/\\\/www.pmfst.unist.hr\\\/samostalna-katedra-za-dhz\\\/independent-department-of-humanities-and-social-sciences\\\/?lang=en\",\"name\":\"INDEPENDENT CHAIR OF HUMANITIES AND SOCIAL SCIENCES - Samostalna katedra za DHZ\",\"isPartOf\":{\"@id\":\"https:\\\/\\\/www.pmfst.unist.hr\\\/samostalna-katedra-za-dhz\\\/#website\"},\"datePublished\":\"2021-02-28T11:40:14+00:00\",\"dateModified\":\"2021-03-01T10:35:51+00:00\",\"breadcrumb\":{\"@id\":\"https:\\\/\\\/www.pmfst.unist.hr\\\/samostalna-katedra-za-dhz\\\/independent-department-of-humanities-and-social-sciences\\\/?lang=en#breadcrumb\"},\"inLanguage\":\"hr\",\"potentialAction\":[{\"@type\":\"ReadAction\",\"target\":[\"https:\\\/\\\/www.pmfst.unist.hr\\\/samostalna-katedra-za-dhz\\\/independent-department-of-humanities-and-social-sciences\\\/?lang=en\"]}]},{\"@type\":\"BreadcrumbList\",\"@id\":\"https:\\\/\\\/www.pmfst.unist.hr\\\/samostalna-katedra-za-dhz\\\/independent-department-of-humanities-and-social-sciences\\\/?lang=en#breadcrumb\",\"itemListElement\":[{\"@type\":\"ListItem\",\"position\":1,\"name\":\"Po\u010detna stranica\",\"item\":\"https:\\\/\\\/www.pmfst.unist.hr\\\/samostalna-katedra-za-dhz\\\/\"},{\"@type\":\"ListItem\",\"position\":2,\"name\":\"INDEPENDENT CHAIR OF HUMANITIES AND SOCIAL SCIENCES\"}]},{\"@type\":\"WebSite\",\"@id\":\"https:\\\/\\\/www.pmfst.unist.hr\\\/samostalna-katedra-za-dhz\\\/#website\",\"url\":\"https:\\\/\\\/www.pmfst.unist.hr\\\/samostalna-katedra-za-dhz\\\/\",\"name\":\"Samostalna katedra za DHZ\",\"description\":\"Samostalna katedra za DHZ  Prirodoslovnog-matemati\u010dkiog fakulteta Sveu\u010dili\u0161ta u Splitu\",\"potentialAction\":[{\"@type\":\"SearchAction\",\"target\":{\"@type\":\"EntryPoint\",\"urlTemplate\":\"https:\\\/\\\/www.pmfst.unist.hr\\\/samostalna-katedra-za-dhz\\\/?s={search_term_string}\"},\"query-input\":{\"@type\":\"PropertyValueSpecification\",\"valueRequired\":true,\"valueName\":\"search_term_string\"}}],\"inLanguage\":\"hr\"}]}<\/script>\n<!-- \/ Yoast SEO plugin. -->","yoast_head_json":{"title":"INDEPENDENT CHAIR OF HUMANITIES AND SOCIAL SCIENCES - Samostalna katedra za DHZ","robots":{"index":"index","follow":"follow","max-snippet":"max-snippet:-1","max-image-preview":"max-image-preview:large","max-video-preview":"max-video-preview:-1"},"canonical":"https:\/\/www.pmfst.unist.hr\/samostalna-katedra-za-dhz\/independent-department-of-humanities-and-social-sciences\/?lang=en","og_locale":"hr_HR","og_type":"article","og_title":"INDEPENDENT CHAIR OF HUMANITIES AND SOCIAL SCIENCES - Samostalna katedra za DHZ","og_description":"[vc_row][vc_column][vc_separator color=&#8221;mulled_wine&#8221; style=&#8221;shadow&#8221; border_width=&#8221;3&#8243;][\/vc_column][\/vc_row][vc_row][vc_column width=&#8221;2\/3&#8243;][vc_column_text css=&#8221;.vc_custom_1614512410048{margin-bottom: 0px !important;}&#8221;] The Chair has professors from the area of social sciences, fields of pedagogics, psychology, sociology, philosophy and kinesiology as well as from the area of humanities, field of English Studies. Students are able to acquire fundamental knowledge and skills in education processes by attending classes in courses [&hellip;]","og_url":"https:\/\/www.pmfst.unist.hr\/samostalna-katedra-za-dhz\/independent-department-of-humanities-and-social-sciences\/?lang=en","og_site_name":"Samostalna katedra za DHZ","article_modified_time":"2021-03-01T10:35:51+00:00","twitter_card":"summary_large_image","twitter_misc":{"Procijenjeno vrijeme \u010ditanja":"2 minute"},"schema":{"@context":"https:\/\/schema.org","@graph":[{"@type":"WebPage","@id":"https:\/\/www.pmfst.unist.hr\/samostalna-katedra-za-dhz\/independent-department-of-humanities-and-social-sciences\/?lang=en","url":"https:\/\/www.pmfst.unist.hr\/samostalna-katedra-za-dhz\/independent-department-of-humanities-and-social-sciences\/?lang=en","name":"INDEPENDENT CHAIR OF HUMANITIES AND SOCIAL SCIENCES - Samostalna katedra za DHZ","isPartOf":{"@id":"https:\/\/www.pmfst.unist.hr\/samostalna-katedra-za-dhz\/#website"},"datePublished":"2021-02-28T11:40:14+00:00","dateModified":"2021-03-01T10:35:51+00:00","breadcrumb":{"@id":"https:\/\/www.pmfst.unist.hr\/samostalna-katedra-za-dhz\/independent-department-of-humanities-and-social-sciences\/?lang=en#breadcrumb"},"inLanguage":"hr","potentialAction":[{"@type":"ReadAction","target":["https:\/\/www.pmfst.unist.hr\/samostalna-katedra-za-dhz\/independent-department-of-humanities-and-social-sciences\/?lang=en"]}]},{"@type":"BreadcrumbList","@id":"https:\/\/www.pmfst.unist.hr\/samostalna-katedra-za-dhz\/independent-department-of-humanities-and-social-sciences\/?lang=en#breadcrumb","itemListElement":[{"@type":"ListItem","position":1,"name":"Po\u010detna stranica","item":"https:\/\/www.pmfst.unist.hr\/samostalna-katedra-za-dhz\/"},{"@type":"ListItem","position":2,"name":"INDEPENDENT CHAIR OF HUMANITIES AND SOCIAL SCIENCES"}]},{"@type":"WebSite","@id":"https:\/\/www.pmfst.unist.hr\/samostalna-katedra-za-dhz\/#website","url":"https:\/\/www.pmfst.unist.hr\/samostalna-katedra-za-dhz\/","name":"Samostalna katedra za DHZ","description":"Samostalna katedra za DHZ  Prirodoslovnog-matemati\u010dkiog fakulteta Sveu\u010dili\u0161ta u Splitu","potentialAction":[{"@type":"SearchAction","target":{"@type":"EntryPoint","urlTemplate":"https:\/\/www.pmfst.unist.hr\/samostalna-katedra-za-dhz\/?s={search_term_string}"},"query-input":{"@type":"PropertyValueSpecification","valueRequired":true,"valueName":"search_term_string"}}],"inLanguage":"hr"}]}},"_links":{"self":[{"href":"https:\/\/www.pmfst.unist.hr\/samostalna-katedra-za-dhz\/wp-json\/wp\/v2\/pages\/92","targetHints":{"allow":["GET"]}}],"collection":[{"href":"https:\/\/www.pmfst.unist.hr\/samostalna-katedra-za-dhz\/wp-json\/wp\/v2\/pages"}],"about":[{"href":"https:\/\/www.pmfst.unist.hr\/samostalna-katedra-za-dhz\/wp-json\/wp\/v2\/types\/page"}],"author":[{"embeddable":true,"href":"https:\/\/www.pmfst.unist.hr\/samostalna-katedra-za-dhz\/wp-json\/wp\/v2\/users\/1"}],"replies":[{"embeddable":true,"href":"https:\/\/www.pmfst.unist.hr\/samostalna-katedra-za-dhz\/wp-json\/wp\/v2\/comments?post=92"}],"version-history":[{"count":0,"href":"https:\/\/www.pmfst.unist.hr\/samostalna-katedra-za-dhz\/wp-json\/wp\/v2\/pages\/92\/revisions"}],"wp:attachment":[{"href":"https:\/\/www.pmfst.unist.hr\/samostalna-katedra-za-dhz\/wp-json\/wp\/v2\/media?parent=92"}],"curies":[{"name":"wp","href":"https:\/\/api.w.org\/{rel}","templated":true}]}}