{"id":10715,"date":"2020-01-31T09:46:03","date_gmt":"2020-01-31T08:46:03","guid":{"rendered":"https:\/\/www.pmfst.unist.hr\/znanost\/?page_id=10715"},"modified":"2023-11-10T14:44:28","modified_gmt":"2023-11-10T13:44:28","slug":"condensed-matter-physics","status":"publish","type":"page","link":"https:\/\/www.pmfst.unist.hr\/znanost\/condensed-matter-physics\/","title":{"rendered":"Condensed matter physics"},"content":{"rendered":"<div class=\"wpb-content-wrapper\">[vc_row][vc_column][vc_empty_space height=&#8221;64px&#8221;][\/vc_column][\/vc_row][vc_row][vc_column][vc_column_text css=&#8221;.vc_custom_1583924250910{margin-bottom: 0px !important;}&#8221;]<strong>Briefly on research in condensed matter physics<\/strong><br \/>\nResearch in condensed matter is divided into research groups that study specific scientific topics. From theoretical side our research seeks answers to intriguing questions in fields of quantum matter. We study ultracold atoms, atomic clusters and confined quantum fluids and solids, dynamical processes in molecular liquids, and properties of Dirac materials. Methods applied span from classical and quantum Monte Carlo, through molecular dynamics to fermions\u2019 Green\u2019s functions, diagrammatic techniques, and the theory of dielectric response. Experimental research is oriented to study of functional nano-materials and devices, using atomic force and scanning electron microscopy imaging, sample micro-fabrication by magnetron sputtering and photolithography, and their electrical and thermal characterization in wide temperature (2 K \u2013 700 K) and magnetic field ranges (&lt;12 T).[\/vc_column_text][vc_empty_space][\/vc_column][\/vc_row][vc_row][vc_column][vc_column_text css=&#8221;.vc_custom_1583924291043{margin-bottom: 0px !important;}&#8221;]<strong>Studying condensed matter physics<\/strong><br \/>\nFrom educational side, condensed matter physics is studied at master level of physics, within the scope of Computational physics. Additional to general topics like solid-state, atomic and molecular, nuclear, and particle physics, offered obligatory courses cover topics in atomic dynamics, and stochastic simulations. Besides specialization in modelling, students are free to choose additional theoretical and experimental courses, while from the very beginning they participate in our research through elective research work. Diploma thesis is research oriented and takes place in the last semester of the study.[\/vc_column_text][\/vc_column][\/vc_row]\n<\/div>","protected":false},"excerpt":{"rendered":"<p>[vc_row][vc_column][vc_empty_space height=&#8221;64px&#8221;][\/vc_column][\/vc_row][vc_row][vc_column][vc_column_text css=&#8221;.vc_custom_1583924250910{margin-bottom: 0px !important;}&#8221;]Briefly on research in condensed matter physics Research in condensed matter is divided into research groups that study specific scientific topics. From theoretical side our research seeks answers to intriguing questions in fields of quantum matter. We study ultracold atoms, atomic clusters and confined quantum fluids and solids, dynamical processes in [&hellip;]<\/p>\n","protected":false},"author":1,"featured_media":0,"parent":0,"menu_order":0,"comment_status":"closed","ping_status":"closed","template":"","meta":{"_acf_changed":false,"rs_blank_template":"","rs_page_bg_color":"","slide_template_v7":"","footnotes":""},"class_list":["post-10715","page","type-page","status-publish","hentry"],"acf":[],"yoast_head":"<!-- This site is optimized with the Yoast SEO plugin v27.5 - https:\/\/yoast.com\/product\/yoast-seo-wordpress\/ -->\n<title>Condensed matter physics - Znanstvena djelatnost, PMF Split<\/title>\n<meta name=\"robots\" content=\"index, follow, max-snippet:-1, max-image-preview:large, max-video-preview:-1\" \/>\n<link rel=\"canonical\" href=\"https:\/\/www.pmfst.unist.hr\/znanost\/condensed-matter-physics\/\" \/>\n<meta property=\"og:locale\" content=\"hr_HR\" \/>\n<meta property=\"og:type\" content=\"article\" \/>\n<meta property=\"og:title\" content=\"Condensed matter physics - Znanstvena djelatnost, PMF Split\" \/>\n<meta property=\"og:description\" content=\"[vc_row][vc_column][vc_empty_space height=&#8221;64px&#8221;][\/vc_column][\/vc_row][vc_row][vc_column][vc_column_text css=&#8221;.vc_custom_1583924250910{margin-bottom: 0px !important;}&#8221;]Briefly on research in condensed matter physics Research in condensed matter is divided into research groups that study specific scientific topics. From theoretical side our research seeks answers to intriguing questions in fields of quantum matter. We study ultracold atoms, atomic clusters and confined quantum fluids and solids, dynamical processes in [&hellip;]\" \/>\n<meta property=\"og:url\" content=\"https:\/\/www.pmfst.unist.hr\/znanost\/condensed-matter-physics\/\" \/>\n<meta property=\"og:site_name\" content=\"Znanstvena djelatnost, PMF Split\" \/>\n<meta property=\"article:publisher\" content=\"https:\/\/www.facebook.com\/pmfst\/\" \/>\n<meta property=\"article:modified_time\" content=\"2023-11-10T13:44:28+00:00\" \/>\n<meta name=\"twitter:card\" content=\"summary_large_image\" \/>\n<meta name=\"twitter:site\" content=\"@PmfSplit\" \/>\n<meta name=\"twitter:label1\" content=\"Procijenjeno vrijeme \u010ditanja\" \/>\n\t<meta name=\"twitter:data1\" content=\"2 minute\" \/>\n<script type=\"application\/ld+json\" class=\"yoast-schema-graph\">{\"@context\":\"https:\\\/\\\/schema.org\",\"@graph\":[{\"@type\":\"WebPage\",\"@id\":\"https:\\\/\\\/www.pmfst.unist.hr\\\/znanost\\\/condensed-matter-physics\\\/\",\"url\":\"https:\\\/\\\/www.pmfst.unist.hr\\\/znanost\\\/condensed-matter-physics\\\/\",\"name\":\"Condensed matter physics - Znanstvena djelatnost, PMF Split\",\"isPartOf\":{\"@id\":\"https:\\\/\\\/www.pmfst.unist.hr\\\/znanost\\\/#website\"},\"datePublished\":\"2020-01-31T08:46:03+00:00\",\"dateModified\":\"2023-11-10T13:44:28+00:00\",\"breadcrumb\":{\"@id\":\"https:\\\/\\\/www.pmfst.unist.hr\\\/znanost\\\/condensed-matter-physics\\\/#breadcrumb\"},\"inLanguage\":\"hr\",\"potentialAction\":[{\"@type\":\"ReadAction\",\"target\":[\"https:\\\/\\\/www.pmfst.unist.hr\\\/znanost\\\/condensed-matter-physics\\\/\"]}]},{\"@type\":\"BreadcrumbList\",\"@id\":\"https:\\\/\\\/www.pmfst.unist.hr\\\/znanost\\\/condensed-matter-physics\\\/#breadcrumb\",\"itemListElement\":[{\"@type\":\"ListItem\",\"position\":1,\"name\":\"Po\u010detna stranica\",\"item\":\"https:\\\/\\\/www.pmfst.unist.hr\\\/znanost\\\/\"},{\"@type\":\"ListItem\",\"position\":2,\"name\":\"Condensed matter physics\"}]},{\"@type\":\"WebSite\",\"@id\":\"https:\\\/\\\/www.pmfst.unist.hr\\\/znanost\\\/#website\",\"url\":\"https:\\\/\\\/www.pmfst.unist.hr\\\/znanost\\\/\",\"name\":\"Znanstvena djelatnost, PMF Split\",\"description\":\"Znanost -  Prirodoslovno-matemati\u010dki fakultet Sveu\u010dili\u0161ta u Splitu\",\"publisher\":{\"@id\":\"https:\\\/\\\/www.pmfst.unist.hr\\\/znanost\\\/#organization\"},\"potentialAction\":[{\"@type\":\"SearchAction\",\"target\":{\"@type\":\"EntryPoint\",\"urlTemplate\":\"https:\\\/\\\/www.pmfst.unist.hr\\\/znanost\\\/?s={search_term_string}\"},\"query-input\":{\"@type\":\"PropertyValueSpecification\",\"valueRequired\":true,\"valueName\":\"search_term_string\"}}],\"inLanguage\":\"hr\"},{\"@type\":\"Organization\",\"@id\":\"https:\\\/\\\/www.pmfst.unist.hr\\\/znanost\\\/#organization\",\"name\":\"Prirodoslovno-matemati\u010dki fakultet u Splitu\",\"url\":\"https:\\\/\\\/www.pmfst.unist.hr\\\/znanost\\\/\",\"logo\":{\"@type\":\"ImageObject\",\"inLanguage\":\"hr\",\"@id\":\"https:\\\/\\\/www.pmfst.unist.hr\\\/znanost\\\/#\\\/schema\\\/logo\\\/image\\\/\",\"url\":\"https:\\\/\\\/www.pmfst.unist.hr\\\/znanost\\\/wp-content\\\/uploads\\\/sites\\\/29\\\/2018\\\/01\\\/logotip2.png\",\"contentUrl\":\"https:\\\/\\\/www.pmfst.unist.hr\\\/znanost\\\/wp-content\\\/uploads\\\/sites\\\/29\\\/2018\\\/01\\\/logotip2.png\",\"width\":195,\"height\":195,\"caption\":\"Prirodoslovno-matemati\u010dki fakultet u Splitu\"},\"image\":{\"@id\":\"https:\\\/\\\/www.pmfst.unist.hr\\\/znanost\\\/#\\\/schema\\\/logo\\\/image\\\/\"},\"sameAs\":[\"https:\\\/\\\/www.facebook.com\\\/pmfst\\\/\",\"https:\\\/\\\/x.com\\\/PmfSplit\",\"https:\\\/\\\/www.instagram.com\\\/pmfsplit\\\/\",\"https:\\\/\\\/www.youtube.com\\\/channel\\\/UCHVTsYgWvDAsqkWMfa8Jfsg\"]}]}<\/script>\n<!-- \/ Yoast SEO plugin. -->","yoast_head_json":{"title":"Condensed matter physics - Znanstvena djelatnost, PMF Split","robots":{"index":"index","follow":"follow","max-snippet":"max-snippet:-1","max-image-preview":"max-image-preview:large","max-video-preview":"max-video-preview:-1"},"canonical":"https:\/\/www.pmfst.unist.hr\/znanost\/condensed-matter-physics\/","og_locale":"hr_HR","og_type":"article","og_title":"Condensed matter physics - Znanstvena djelatnost, PMF Split","og_description":"[vc_row][vc_column][vc_empty_space height=&#8221;64px&#8221;][\/vc_column][\/vc_row][vc_row][vc_column][vc_column_text css=&#8221;.vc_custom_1583924250910{margin-bottom: 0px !important;}&#8221;]Briefly on research in condensed matter physics Research in condensed matter is divided into research groups that study specific scientific topics. From theoretical side our research seeks answers to intriguing questions in fields of quantum matter. We study ultracold atoms, atomic clusters and confined quantum fluids and solids, dynamical processes in [&hellip;]","og_url":"https:\/\/www.pmfst.unist.hr\/znanost\/condensed-matter-physics\/","og_site_name":"Znanstvena djelatnost, PMF Split","article_publisher":"https:\/\/www.facebook.com\/pmfst\/","article_modified_time":"2023-11-10T13:44:28+00:00","twitter_card":"summary_large_image","twitter_site":"@PmfSplit","twitter_misc":{"Procijenjeno vrijeme \u010ditanja":"2 minute"},"schema":{"@context":"https:\/\/schema.org","@graph":[{"@type":"WebPage","@id":"https:\/\/www.pmfst.unist.hr\/znanost\/condensed-matter-physics\/","url":"https:\/\/www.pmfst.unist.hr\/znanost\/condensed-matter-physics\/","name":"Condensed matter physics - Znanstvena djelatnost, PMF Split","isPartOf":{"@id":"https:\/\/www.pmfst.unist.hr\/znanost\/#website"},"datePublished":"2020-01-31T08:46:03+00:00","dateModified":"2023-11-10T13:44:28+00:00","breadcrumb":{"@id":"https:\/\/www.pmfst.unist.hr\/znanost\/condensed-matter-physics\/#breadcrumb"},"inLanguage":"hr","potentialAction":[{"@type":"ReadAction","target":["https:\/\/www.pmfst.unist.hr\/znanost\/condensed-matter-physics\/"]}]},{"@type":"BreadcrumbList","@id":"https:\/\/www.pmfst.unist.hr\/znanost\/condensed-matter-physics\/#breadcrumb","itemListElement":[{"@type":"ListItem","position":1,"name":"Po\u010detna stranica","item":"https:\/\/www.pmfst.unist.hr\/znanost\/"},{"@type":"ListItem","position":2,"name":"Condensed matter physics"}]},{"@type":"WebSite","@id":"https:\/\/www.pmfst.unist.hr\/znanost\/#website","url":"https:\/\/www.pmfst.unist.hr\/znanost\/","name":"Znanstvena djelatnost, PMF Split","description":"Znanost -  Prirodoslovno-matemati\u010dki fakultet Sveu\u010dili\u0161ta u Splitu","publisher":{"@id":"https:\/\/www.pmfst.unist.hr\/znanost\/#organization"},"potentialAction":[{"@type":"SearchAction","target":{"@type":"EntryPoint","urlTemplate":"https:\/\/www.pmfst.unist.hr\/znanost\/?s={search_term_string}"},"query-input":{"@type":"PropertyValueSpecification","valueRequired":true,"valueName":"search_term_string"}}],"inLanguage":"hr"},{"@type":"Organization","@id":"https:\/\/www.pmfst.unist.hr\/znanost\/#organization","name":"Prirodoslovno-matemati\u010dki fakultet u Splitu","url":"https:\/\/www.pmfst.unist.hr\/znanost\/","logo":{"@type":"ImageObject","inLanguage":"hr","@id":"https:\/\/www.pmfst.unist.hr\/znanost\/#\/schema\/logo\/image\/","url":"https:\/\/www.pmfst.unist.hr\/znanost\/wp-content\/uploads\/sites\/29\/2018\/01\/logotip2.png","contentUrl":"https:\/\/www.pmfst.unist.hr\/znanost\/wp-content\/uploads\/sites\/29\/2018\/01\/logotip2.png","width":195,"height":195,"caption":"Prirodoslovno-matemati\u010dki fakultet u Splitu"},"image":{"@id":"https:\/\/www.pmfst.unist.hr\/znanost\/#\/schema\/logo\/image\/"},"sameAs":["https:\/\/www.facebook.com\/pmfst\/","https:\/\/x.com\/PmfSplit","https:\/\/www.instagram.com\/pmfsplit\/","https:\/\/www.youtube.com\/channel\/UCHVTsYgWvDAsqkWMfa8Jfsg"]}]}},"_links":{"self":[{"href":"https:\/\/www.pmfst.unist.hr\/znanost\/wp-json\/wp\/v2\/pages\/10715","targetHints":{"allow":["GET"]}}],"collection":[{"href":"https:\/\/www.pmfst.unist.hr\/znanost\/wp-json\/wp\/v2\/pages"}],"about":[{"href":"https:\/\/www.pmfst.unist.hr\/znanost\/wp-json\/wp\/v2\/types\/page"}],"author":[{"embeddable":true,"href":"https:\/\/www.pmfst.unist.hr\/znanost\/wp-json\/wp\/v2\/users\/1"}],"replies":[{"embeddable":true,"href":"https:\/\/www.pmfst.unist.hr\/znanost\/wp-json\/wp\/v2\/comments?post=10715"}],"version-history":[{"count":0,"href":"https:\/\/www.pmfst.unist.hr\/znanost\/wp-json\/wp\/v2\/pages\/10715\/revisions"}],"wp:attachment":[{"href":"https:\/\/www.pmfst.unist.hr\/znanost\/wp-json\/wp\/v2\/media?parent=10715"}],"curies":[{"name":"wp","href":"https:\/\/api.w.org\/{rel}","templated":true}]}}