{"id":19094,"date":"2020-04-16T17:11:17","date_gmt":"2020-04-16T15:11:17","guid":{"rendered":"https:\/\/www.pmfst.unist.hr\/znanost\/?page_id=19094"},"modified":"2024-12-11T12:50:39","modified_gmt":"2024-12-11T11:50:39","slug":"znanstveno-istrazivacke-grupe","status":"publish","type":"page","link":"https:\/\/www.pmfst.unist.hr\/znanost\/znanstveno-istrazivacke-grupe\/","title":{"rendered":"Znanstveno istra\u017eiva\u010dke grupe"},"content":{"rendered":"<div class=\"wpb-content-wrapper\">[vc_row][vc_column width=&#8221;5\/6&#8243;][vc_separator color=&#8221;mulled_wine&#8221; style=&#8221;shadow&#8221; border_width=&#8221;5&#8243;][\/vc_column][vc_column width=&#8221;1\/6&#8243;][\/vc_column][\/vc_row][vc_row][vc_column][vc_tta_tabs][vc_tta_section title=&#8221;Odjel za biologiju&#8221; tab_id=&#8221;1587050092845-3b2a1756-856f&#8221;][vc_basic_grid post_type=&#8221;post&#8221; max_items=&#8221;-1&#8243; orderby=&#8221;title&#8221; order=&#8221;ASC&#8221; item=&#8221;1332&#8243; css=&#8221;&#8221; grid_id=&#8221;vc_gid:1733917790385-96912306-7009-1&#8243; taxonomies=&#8221;154&#8243;][\/vc_tta_section][vc_tta_section title=&#8221;Odjel za fiziku&#8221; tab_id=&#8221;1587049920851-e4420163-12f5&#8243;][vc_basic_grid post_type=&#8221;post&#8221; max_items=&#8221;-1&#8243; orderby=&#8221;title&#8221; order=&#8221;ASC&#8221; item=&#8221;1332&#8243; css=&#8221;&#8221; grid_id=&#8221;vc_gid:1733917790385-ce8a48d0-1fd6-4&#8243; taxonomies=&#8221;157&#8243;][\/vc_tta_section][vc_tta_section title=&#8221;Odjel za matematiku&#8221; tab_id=&#8221;1587049920875-2e932db4-8259&#8243;][vc_basic_grid post_type=&#8221;post&#8221; max_items=&#8221;-1&#8243; orderby=&#8221;title&#8221; order=&#8221;ASC&#8221; item=&#8221;1332&#8243; css=&#8221;&#8221; grid_id=&#8221;vc_gid:1733917790386-1781e0d2-11b9-2&#8243; taxonomies=&#8221;158&#8243;][\/vc_tta_section][vc_tta_section title=&#8221;Odjel za kemiju&#8221; tab_id=&#8221;1587050230149-fba70be3-0f57&#8243;][vc_basic_grid post_type=&#8221;post&#8221; max_items=&#8221;-1&#8243; orderby=&#8221;title&#8221; order=&#8221;ASC&#8221; item=&#8221;1332&#8243; css=&#8221;&#8221; grid_id=&#8221;vc_gid:1733917790386-11f0d583-fa92-7&#8243; taxonomies=&#8221;155&#8243;][\/vc_tta_section][vc_tta_section title=&#8221;Odjel za informatiku&#8221; tab_id=&#8221;1587050258343-0423e0b3-6295&#8243;][vc_basic_grid post_type=&#8221;post&#8221; max_items=&#8221;-1&#8243; orderby=&#8221;title&#8221; order=&#8221;ASC&#8221; item=&#8221;1332&#8243; css=&#8221;&#8221; grid_id=&#8221;vc_gid:1733917790386-edb4683a-8bf7-1&#8243; taxonomies=&#8221;156&#8243;][\/vc_tta_section][vc_tta_section title=&#8221;Odjel za politehniku&#8221; tab_id=&#8221;1587050286700-4c8f0533-21f1&#8243;][vc_basic_grid post_type=&#8221;post&#8221; max_items=&#8221;-1&#8243; orderby=&#8221;title&#8221; order=&#8221;ASC&#8221; item=&#8221;1332&#8243; css=&#8221;&#8221; grid_id=&#8221;vc_gid:1733917790387-dbcf0786-77f2-8&#8243; taxonomies=&#8221;159&#8243;][\/vc_tta_section][vc_tta_section title=&#8221;Samostalna katedra za DHZ&#8221; tab_id=&#8221;1587050305888-8b00e739-cb68&#8243;][vc_basic_grid post_type=&#8221;post&#8221; max_items=&#8221;-1&#8243; orderby=&#8221;title&#8221; order=&#8221;ASC&#8221; item=&#8221;1332&#8243; css=&#8221;&#8221; grid_id=&#8221;vc_gid:1733917790387-b7a7e18d-7945-9&#8243; taxonomies=&#8221;160&#8243;][\/vc_tta_section][\/vc_tta_tabs][\/vc_column][\/vc_row][vc_row][vc_separator color=&#8221;mulled_wine&#8221; style=&#8221;shadow&#8221;][\/vc_row][vc_row][vc_column][vc_empty_space height=&#8221;20px&#8221;][\/vc_column][\/vc_row]\n<\/div>","protected":false},"excerpt":{"rendered":"<p>[vc_row][vc_column width=&#8221;5\/6&#8243;][vc_separator color=&#8221;mulled_wine&#8221; style=&#8221;shadow&#8221; border_width=&#8221;5&#8243;][\/vc_column][vc_column width=&#8221;1\/6&#8243;][\/vc_column][\/vc_row][vc_row][vc_column][vc_tta_tabs][vc_tta_section title=&#8221;Odjel za biologiju&#8221; tab_id=&#8221;1587050092845-3b2a1756-856f&#8221;][vc_basic_grid post_type=&#8221;post&#8221; max_items=&#8221;-1&#8243; orderby=&#8221;title&#8221; order=&#8221;ASC&#8221; item=&#8221;1332&#8243; css=&#8221;&#8221; grid_id=&#8221;vc_gid:1733917790385-96912306-7009-1&#8243; taxonomies=&#8221;154&#8243;][\/vc_tta_section][vc_tta_section title=&#8221;Odjel za fiziku&#8221; tab_id=&#8221;1587049920851-e4420163-12f5&#8243;][vc_basic_grid post_type=&#8221;post&#8221; max_items=&#8221;-1&#8243; orderby=&#8221;title&#8221; order=&#8221;ASC&#8221; item=&#8221;1332&#8243; css=&#8221;&#8221; grid_id=&#8221;vc_gid:1733917790385-ce8a48d0-1fd6-4&#8243; taxonomies=&#8221;157&#8243;][\/vc_tta_section][vc_tta_section title=&#8221;Odjel za matematiku&#8221; tab_id=&#8221;1587049920875-2e932db4-8259&#8243;][vc_basic_grid post_type=&#8221;post&#8221; max_items=&#8221;-1&#8243; orderby=&#8221;title&#8221; order=&#8221;ASC&#8221; item=&#8221;1332&#8243; css=&#8221;&#8221; grid_id=&#8221;vc_gid:1733917790386-1781e0d2-11b9-2&#8243; taxonomies=&#8221;158&#8243;][\/vc_tta_section][vc_tta_section title=&#8221;Odjel za kemiju&#8221; tab_id=&#8221;1587050230149-fba70be3-0f57&#8243;][vc_basic_grid post_type=&#8221;post&#8221; max_items=&#8221;-1&#8243; orderby=&#8221;title&#8221; order=&#8221;ASC&#8221; item=&#8221;1332&#8243; css=&#8221;&#8221; grid_id=&#8221;vc_gid:1733917790386-11f0d583-fa92-7&#8243; taxonomies=&#8221;155&#8243;][\/vc_tta_section][vc_tta_section title=&#8221;Odjel [&hellip;]<\/p>\n","protected":false},"author":1,"featured_media":0,"parent":0,"menu_order":0,"comment_status":"closed","ping_status":"closed","template":"","meta":{"_acf_changed":false,"rs_blank_template":"","rs_page_bg_color":"","slide_template_v7":"","footnotes":""},"class_list":["post-19094","page","type-page","status-publish","hentry"],"acf":[],"yoast_head":"<!-- This site is optimized with the Yoast SEO plugin v27.4 - https:\/\/yoast.com\/product\/yoast-seo-wordpress\/ -->\n<title>Znanstveno istra\u017eiva\u010dke grupe - Znanstvena djelatnost, PMF Split<\/title>\n<meta name=\"robots\" content=\"index, follow, max-snippet:-1, max-image-preview:large, max-video-preview:-1\" \/>\n<link rel=\"canonical\" href=\"https:\/\/www.pmfst.unist.hr\/znanost\/znanstveno-istrazivacke-grupe\/\" \/>\n<meta property=\"og:locale\" content=\"hr_HR\" \/>\n<meta property=\"og:type\" content=\"article\" \/>\n<meta property=\"og:title\" content=\"Znanstveno istra\u017eiva\u010dke grupe - Znanstvena djelatnost, PMF Split\" \/>\n<meta property=\"og:description\" content=\"[vc_row][vc_column width=&#8221;5\/6&#8243;][vc_separator color=&#8221;mulled_wine&#8221; style=&#8221;shadow&#8221; border_width=&#8221;5&#8243;][\/vc_column][vc_column width=&#8221;1\/6&#8243;][\/vc_column][\/vc_row][vc_row][vc_column][vc_tta_tabs][vc_tta_section title=&#8221;Odjel za biologiju&#8221; tab_id=&#8221;1587050092845-3b2a1756-856f&#8221;][vc_basic_grid post_type=&#8221;post&#8221; max_items=&#8221;-1&#8243; orderby=&#8221;title&#8221; order=&#8221;ASC&#8221; item=&#8221;1332&#8243; css=&#8221;&#8221; grid_id=&#8221;vc_gid:1733917790385-96912306-7009-1&#8243; taxonomies=&#8221;154&#8243;][\/vc_tta_section][vc_tta_section title=&#8221;Odjel za fiziku&#8221; tab_id=&#8221;1587049920851-e4420163-12f5&#8243;][vc_basic_grid post_type=&#8221;post&#8221; max_items=&#8221;-1&#8243; orderby=&#8221;title&#8221; order=&#8221;ASC&#8221; item=&#8221;1332&#8243; css=&#8221;&#8221; grid_id=&#8221;vc_gid:1733917790385-ce8a48d0-1fd6-4&#8243; taxonomies=&#8221;157&#8243;][\/vc_tta_section][vc_tta_section title=&#8221;Odjel za matematiku&#8221; tab_id=&#8221;1587049920875-2e932db4-8259&#8243;][vc_basic_grid post_type=&#8221;post&#8221; max_items=&#8221;-1&#8243; orderby=&#8221;title&#8221; order=&#8221;ASC&#8221; item=&#8221;1332&#8243; css=&#8221;&#8221; grid_id=&#8221;vc_gid:1733917790386-1781e0d2-11b9-2&#8243; taxonomies=&#8221;158&#8243;][\/vc_tta_section][vc_tta_section title=&#8221;Odjel za kemiju&#8221; tab_id=&#8221;1587050230149-fba70be3-0f57&#8243;][vc_basic_grid post_type=&#8221;post&#8221; max_items=&#8221;-1&#8243; orderby=&#8221;title&#8221; order=&#8221;ASC&#8221; item=&#8221;1332&#8243; css=&#8221;&#8221; grid_id=&#8221;vc_gid:1733917790386-11f0d583-fa92-7&#8243; taxonomies=&#8221;155&#8243;][\/vc_tta_section][vc_tta_section title=&#8221;Odjel [&hellip;]\" \/>\n<meta property=\"og:url\" content=\"https:\/\/www.pmfst.unist.hr\/znanost\/znanstveno-istrazivacke-grupe\/\" \/>\n<meta property=\"og:site_name\" content=\"Znanstvena djelatnost, PMF Split\" \/>\n<meta property=\"article:publisher\" content=\"https:\/\/www.facebook.com\/pmfst\/\" \/>\n<meta property=\"article:modified_time\" content=\"2024-12-11T11:50:39+00:00\" \/>\n<meta name=\"twitter:card\" content=\"summary_large_image\" \/>\n<meta name=\"twitter:site\" content=\"@PmfSplit\" \/>\n<meta name=\"twitter:label1\" content=\"Procijenjeno vrijeme \u010ditanja\" \/>\n\t<meta name=\"twitter:data1\" content=\"1 minuta\" \/>\n<script type=\"application\/ld+json\" class=\"yoast-schema-graph\">{\"@context\":\"https:\\\/\\\/schema.org\",\"@graph\":[{\"@type\":\"WebPage\",\"@id\":\"https:\\\/\\\/www.pmfst.unist.hr\\\/znanost\\\/znanstveno-istrazivacke-grupe\\\/\",\"url\":\"https:\\\/\\\/www.pmfst.unist.hr\\\/znanost\\\/znanstveno-istrazivacke-grupe\\\/\",\"name\":\"Znanstveno istra\u017eiva\u010dke grupe - Znanstvena djelatnost, PMF Split\",\"isPartOf\":{\"@id\":\"https:\\\/\\\/www.pmfst.unist.hr\\\/znanost\\\/#website\"},\"datePublished\":\"2020-04-16T15:11:17+00:00\",\"dateModified\":\"2024-12-11T11:50:39+00:00\",\"breadcrumb\":{\"@id\":\"https:\\\/\\\/www.pmfst.unist.hr\\\/znanost\\\/znanstveno-istrazivacke-grupe\\\/#breadcrumb\"},\"inLanguage\":\"hr\",\"potentialAction\":[{\"@type\":\"ReadAction\",\"target\":[\"https:\\\/\\\/www.pmfst.unist.hr\\\/znanost\\\/znanstveno-istrazivacke-grupe\\\/\"]}]},{\"@type\":\"BreadcrumbList\",\"@id\":\"https:\\\/\\\/www.pmfst.unist.hr\\\/znanost\\\/znanstveno-istrazivacke-grupe\\\/#breadcrumb\",\"itemListElement\":[{\"@type\":\"ListItem\",\"position\":1,\"name\":\"Po\u010detna stranica\",\"item\":\"https:\\\/\\\/www.pmfst.unist.hr\\\/znanost\\\/\"},{\"@type\":\"ListItem\",\"position\":2,\"name\":\"Znanstveno istra\u017eiva\u010dke grupe\"}]},{\"@type\":\"WebSite\",\"@id\":\"https:\\\/\\\/www.pmfst.unist.hr\\\/znanost\\\/#website\",\"url\":\"https:\\\/\\\/www.pmfst.unist.hr\\\/znanost\\\/\",\"name\":\"Znanstvena djelatnost, PMF Split\",\"description\":\"Znanost -  Prirodoslovno-matemati\u010dki fakultet Sveu\u010dili\u0161ta u Splitu\",\"publisher\":{\"@id\":\"https:\\\/\\\/www.pmfst.unist.hr\\\/znanost\\\/#organization\"},\"potentialAction\":[{\"@type\":\"SearchAction\",\"target\":{\"@type\":\"EntryPoint\",\"urlTemplate\":\"https:\\\/\\\/www.pmfst.unist.hr\\\/znanost\\\/?s={search_term_string}\"},\"query-input\":{\"@type\":\"PropertyValueSpecification\",\"valueRequired\":true,\"valueName\":\"search_term_string\"}}],\"inLanguage\":\"hr\"},{\"@type\":\"Organization\",\"@id\":\"https:\\\/\\\/www.pmfst.unist.hr\\\/znanost\\\/#organization\",\"name\":\"Prirodoslovno-matemati\u010dki fakultet u Splitu\",\"url\":\"https:\\\/\\\/www.pmfst.unist.hr\\\/znanost\\\/\",\"logo\":{\"@type\":\"ImageObject\",\"inLanguage\":\"hr\",\"@id\":\"https:\\\/\\\/www.pmfst.unist.hr\\\/znanost\\\/#\\\/schema\\\/logo\\\/image\\\/\",\"url\":\"https:\\\/\\\/www.pmfst.unist.hr\\\/znanost\\\/wp-content\\\/uploads\\\/sites\\\/29\\\/2018\\\/01\\\/logotip2.png\",\"contentUrl\":\"https:\\\/\\\/www.pmfst.unist.hr\\\/znanost\\\/wp-content\\\/uploads\\\/sites\\\/29\\\/2018\\\/01\\\/logotip2.png\",\"width\":195,\"height\":195,\"caption\":\"Prirodoslovno-matemati\u010dki fakultet u Splitu\"},\"image\":{\"@id\":\"https:\\\/\\\/www.pmfst.unist.hr\\\/znanost\\\/#\\\/schema\\\/logo\\\/image\\\/\"},\"sameAs\":[\"https:\\\/\\\/www.facebook.com\\\/pmfst\\\/\",\"https:\\\/\\\/x.com\\\/PmfSplit\",\"https:\\\/\\\/www.instagram.com\\\/pmfsplit\\\/\",\"https:\\\/\\\/www.youtube.com\\\/channel\\\/UCHVTsYgWvDAsqkWMfa8Jfsg\"]}]}<\/script>\n<!-- \/ Yoast SEO plugin. -->","yoast_head_json":{"title":"Znanstveno istra\u017eiva\u010dke grupe - Znanstvena djelatnost, PMF Split","robots":{"index":"index","follow":"follow","max-snippet":"max-snippet:-1","max-image-preview":"max-image-preview:large","max-video-preview":"max-video-preview:-1"},"canonical":"https:\/\/www.pmfst.unist.hr\/znanost\/znanstveno-istrazivacke-grupe\/","og_locale":"hr_HR","og_type":"article","og_title":"Znanstveno istra\u017eiva\u010dke grupe - Znanstvena djelatnost, PMF Split","og_description":"[vc_row][vc_column width=&#8221;5\/6&#8243;][vc_separator color=&#8221;mulled_wine&#8221; style=&#8221;shadow&#8221; border_width=&#8221;5&#8243;][\/vc_column][vc_column width=&#8221;1\/6&#8243;][\/vc_column][\/vc_row][vc_row][vc_column][vc_tta_tabs][vc_tta_section title=&#8221;Odjel za biologiju&#8221; tab_id=&#8221;1587050092845-3b2a1756-856f&#8221;][vc_basic_grid post_type=&#8221;post&#8221; max_items=&#8221;-1&#8243; orderby=&#8221;title&#8221; order=&#8221;ASC&#8221; item=&#8221;1332&#8243; css=&#8221;&#8221; grid_id=&#8221;vc_gid:1733917790385-96912306-7009-1&#8243; taxonomies=&#8221;154&#8243;][\/vc_tta_section][vc_tta_section title=&#8221;Odjel za fiziku&#8221; tab_id=&#8221;1587049920851-e4420163-12f5&#8243;][vc_basic_grid post_type=&#8221;post&#8221; max_items=&#8221;-1&#8243; orderby=&#8221;title&#8221; order=&#8221;ASC&#8221; item=&#8221;1332&#8243; css=&#8221;&#8221; grid_id=&#8221;vc_gid:1733917790385-ce8a48d0-1fd6-4&#8243; taxonomies=&#8221;157&#8243;][\/vc_tta_section][vc_tta_section title=&#8221;Odjel za matematiku&#8221; tab_id=&#8221;1587049920875-2e932db4-8259&#8243;][vc_basic_grid post_type=&#8221;post&#8221; max_items=&#8221;-1&#8243; orderby=&#8221;title&#8221; order=&#8221;ASC&#8221; item=&#8221;1332&#8243; css=&#8221;&#8221; grid_id=&#8221;vc_gid:1733917790386-1781e0d2-11b9-2&#8243; taxonomies=&#8221;158&#8243;][\/vc_tta_section][vc_tta_section title=&#8221;Odjel za kemiju&#8221; tab_id=&#8221;1587050230149-fba70be3-0f57&#8243;][vc_basic_grid post_type=&#8221;post&#8221; max_items=&#8221;-1&#8243; orderby=&#8221;title&#8221; order=&#8221;ASC&#8221; item=&#8221;1332&#8243; css=&#8221;&#8221; grid_id=&#8221;vc_gid:1733917790386-11f0d583-fa92-7&#8243; taxonomies=&#8221;155&#8243;][\/vc_tta_section][vc_tta_section title=&#8221;Odjel [&hellip;]","og_url":"https:\/\/www.pmfst.unist.hr\/znanost\/znanstveno-istrazivacke-grupe\/","og_site_name":"Znanstvena djelatnost, PMF Split","article_publisher":"https:\/\/www.facebook.com\/pmfst\/","article_modified_time":"2024-12-11T11:50:39+00:00","twitter_card":"summary_large_image","twitter_site":"@PmfSplit","twitter_misc":{"Procijenjeno vrijeme \u010ditanja":"1 minuta"},"schema":{"@context":"https:\/\/schema.org","@graph":[{"@type":"WebPage","@id":"https:\/\/www.pmfst.unist.hr\/znanost\/znanstveno-istrazivacke-grupe\/","url":"https:\/\/www.pmfst.unist.hr\/znanost\/znanstveno-istrazivacke-grupe\/","name":"Znanstveno istra\u017eiva\u010dke grupe - Znanstvena djelatnost, PMF Split","isPartOf":{"@id":"https:\/\/www.pmfst.unist.hr\/znanost\/#website"},"datePublished":"2020-04-16T15:11:17+00:00","dateModified":"2024-12-11T11:50:39+00:00","breadcrumb":{"@id":"https:\/\/www.pmfst.unist.hr\/znanost\/znanstveno-istrazivacke-grupe\/#breadcrumb"},"inLanguage":"hr","potentialAction":[{"@type":"ReadAction","target":["https:\/\/www.pmfst.unist.hr\/znanost\/znanstveno-istrazivacke-grupe\/"]}]},{"@type":"BreadcrumbList","@id":"https:\/\/www.pmfst.unist.hr\/znanost\/znanstveno-istrazivacke-grupe\/#breadcrumb","itemListElement":[{"@type":"ListItem","position":1,"name":"Po\u010detna stranica","item":"https:\/\/www.pmfst.unist.hr\/znanost\/"},{"@type":"ListItem","position":2,"name":"Znanstveno istra\u017eiva\u010dke grupe"}]},{"@type":"WebSite","@id":"https:\/\/www.pmfst.unist.hr\/znanost\/#website","url":"https:\/\/www.pmfst.unist.hr\/znanost\/","name":"Znanstvena djelatnost, PMF Split","description":"Znanost -  Prirodoslovno-matemati\u010dki fakultet Sveu\u010dili\u0161ta u Splitu","publisher":{"@id":"https:\/\/www.pmfst.unist.hr\/znanost\/#organization"},"potentialAction":[{"@type":"SearchAction","target":{"@type":"EntryPoint","urlTemplate":"https:\/\/www.pmfst.unist.hr\/znanost\/?s={search_term_string}"},"query-input":{"@type":"PropertyValueSpecification","valueRequired":true,"valueName":"search_term_string"}}],"inLanguage":"hr"},{"@type":"Organization","@id":"https:\/\/www.pmfst.unist.hr\/znanost\/#organization","name":"Prirodoslovno-matemati\u010dki fakultet u Splitu","url":"https:\/\/www.pmfst.unist.hr\/znanost\/","logo":{"@type":"ImageObject","inLanguage":"hr","@id":"https:\/\/www.pmfst.unist.hr\/znanost\/#\/schema\/logo\/image\/","url":"https:\/\/www.pmfst.unist.hr\/znanost\/wp-content\/uploads\/sites\/29\/2018\/01\/logotip2.png","contentUrl":"https:\/\/www.pmfst.unist.hr\/znanost\/wp-content\/uploads\/sites\/29\/2018\/01\/logotip2.png","width":195,"height":195,"caption":"Prirodoslovno-matemati\u010dki fakultet u Splitu"},"image":{"@id":"https:\/\/www.pmfst.unist.hr\/znanost\/#\/schema\/logo\/image\/"},"sameAs":["https:\/\/www.facebook.com\/pmfst\/","https:\/\/x.com\/PmfSplit","https:\/\/www.instagram.com\/pmfsplit\/","https:\/\/www.youtube.com\/channel\/UCHVTsYgWvDAsqkWMfa8Jfsg"]}]}},"_links":{"self":[{"href":"https:\/\/www.pmfst.unist.hr\/znanost\/wp-json\/wp\/v2\/pages\/19094","targetHints":{"allow":["GET"]}}],"collection":[{"href":"https:\/\/www.pmfst.unist.hr\/znanost\/wp-json\/wp\/v2\/pages"}],"about":[{"href":"https:\/\/www.pmfst.unist.hr\/znanost\/wp-json\/wp\/v2\/types\/page"}],"author":[{"embeddable":true,"href":"https:\/\/www.pmfst.unist.hr\/znanost\/wp-json\/wp\/v2\/users\/1"}],"replies":[{"embeddable":true,"href":"https:\/\/www.pmfst.unist.hr\/znanost\/wp-json\/wp\/v2\/comments?post=19094"}],"version-history":[{"count":0,"href":"https:\/\/www.pmfst.unist.hr\/znanost\/wp-json\/wp\/v2\/pages\/19094\/revisions"}],"wp:attachment":[{"href":"https:\/\/www.pmfst.unist.hr\/znanost\/wp-json\/wp\/v2\/media?parent=19094"}],"curies":[{"name":"wp","href":"https:\/\/api.w.org\/{rel}","templated":true}]}}