{"id":19538,"date":"2018-03-09T11:06:31","date_gmt":"2018-03-09T10:06:31","guid":{"rendered":"https:\/\/www.pmfst.unist.hr\/znanost\/znanstveno-istrazivacke-grupe\/"},"modified":"2021-03-12T12:21:06","modified_gmt":"2021-03-12T11:21:06","slug":"znanstveno-istrazivacke-grupe","status":"publish","type":"page","link":"https:\/\/www.pmfst.unist.hr\/znanost\/znanstveno-istrazivacke-grupe\/?lang=en","title":{"rendered":"Scientific research groups"},"content":{"rendered":"<div class=\"wpb-content-wrapper\">[vc_row][vc_column][vc_tta_tabs][vc_tta_section title=&#8221;Department of Biology&#8221; tab_id=&#8221;1580133261648-0f372a2a-62b0&#8243;][vc_basic_grid post_type=&#8221;post&#8221; max_items=&#8221;-1&#8243; element_width=&#8221;3&#8243; item=&#8221;1332&#8243; grid_id=&#8221;vc_gid:1615547832417-9cb3cbf8-d13b-8&#8243; taxonomies=&#8221;109&#8243;][\/vc_tta_section][vc_tta_section title=&#8221;Department of Computer Science&#8221; tab_id=&#8221;1580133361129-95eee473-23b4&#8243;][vc_basic_grid post_type=&#8221;post&#8221; max_items=&#8221;-1&#8243; element_width=&#8221;3&#8243; item=&#8221;1332&#8243; grid_id=&#8221;vc_gid:1615547832418-98cae0f4-7b0d-7&#8243; taxonomies=&#8221;20&#8243;][\/vc_tta_section][vc_tta_section title=&#8221;Department of Physics&#8221; tab_id=&#8221;1580126145271-9d7801dc-afcb&#8221;][vc_row_inner][vc_column_inner width=&#8221;1\/4&#8243;][mk_image src=&#8221;https:\/\/www.pmfst.unist.hr\/znanost\/wp-content\/uploads\/sites\/29\/2020\/04\/fizika-research_73.png&#8221; image_size=&#8221;full&#8221;][\/vc_column_inner][vc_column_inner width=&#8221;3\/4&#8243;][vc_empty_space][\/vc_column_inner][\/vc_row_inner][vc_row_inner][vc_column_inner][mk_fancy_title tag_name=&#8221;h4&#8243; color=&#8221;#1e73be&#8221; size=&#8221;20&#8243; font_family=&#8221;none&#8221; align=&#8221;center&#8221;]\n<h3>Research at Department of Physics<\/h3>\n[\/mk_fancy_title][\/vc_column_inner][\/vc_row_inner][vc_row_inner][vc_column_inner width=&#8221;1\/3&#8243;][mk_custom_box corner_radius=&#8221;50&#8243; min_height=&#8221;150&#8243; bg_image=&#8221;https:\/\/www.pmfst.unist.hr\/znanost\/wp-content\/uploads\/sites\/29\/2020\/06\/biophysics-top-menu.jpg&#8221; border_color_style=&#8221;single_color&#8221; elevation_effect=&#8221;true&#8221; bg_stretch=&#8221;true&#8221;][mk_fancy_title tag_name=&#8221;span&#8221; color=&#8221;#ffffff&#8221; size=&#8221;20&#8243; font_weight=&#8221;900&#8243; txt_transform=&#8221;uppercase&#8221; margin_bottom=&#8221;0&#8243; font_family=&#8221;none&#8221; align=&#8221;center&#8221; drop_shadow=&#8221;true&#8221; shadow_color=&#8221;#000000&#8243;]<span style=\"color: #ffffff;\"><a style=\"color: #ffffff;\" href=\"https:\/\/www.pmfst.unist.hr\/znanost\/biophysics\/\">BIOPHYSICS<\/a><\/span>[\/mk_fancy_title][\/mk_custom_box][\/vc_column_inner][vc_column_inner width=&#8221;1\/3&#8243;][mk_custom_box corner_radius=&#8221;50&#8243; min_height=&#8221;150&#8243; bg_image=&#8221;https:\/\/www.pmfst.unist.hr\/znanost\/wp-content\/uploads\/sites\/29\/2020\/06\/cond-mat-top-menu.jpg&#8221; border_color_style=&#8221;single_color&#8221; elevation_effect=&#8221;true&#8221; bg_stretch=&#8221;true&#8221;][mk_fancy_title tag_name=&#8221;span&#8221; color=&#8221;#ffffff&#8221; size=&#8221;20&#8243; font_weight=&#8221;900&#8243; txt_transform=&#8221;uppercase&#8221; margin_bottom=&#8221;0&#8243; font_family=&#8221;none&#8221; align=&#8221;center&#8221;]<span style=\"color: #ffffff;\"><a style=\"color: #ffffff;\" href=\"https:\/\/www.pmfst.unist.hr\/znanost\/condensed-matter-physics\/\">CONDENSED MATTER PHYSICS<\/a><\/span>[\/mk_fancy_title][\/mk_custom_box][\/vc_column_inner][vc_column_inner width=&#8221;1\/3&#8243;][mk_custom_box corner_radius=&#8221;50&#8243; min_height=&#8221;150&#8243; bg_image=&#8221;https:\/\/www.pmfst.unist.hr\/znanost\/wp-content\/uploads\/sites\/29\/2020\/06\/environ-phys-top-menu.jpg&#8221; border_color_style=&#8221;single_color&#8221; elevation_effect=&#8221;true&#8221;][mk_fancy_title tag_name=&#8221;span&#8221; color=&#8221;#ffffff&#8221; size=&#8221;20&#8243; font_weight=&#8221;900&#8243; txt_transform=&#8221;uppercase&#8221; margin_bottom=&#8221;0&#8243; font_family=&#8221;none&#8221; align=&#8221;center&#8221;]<span style=\"color: #000000;\"><a style=\"color: #000000;\" href=\"https:\/\/www.pmfst.unist.hr\/znanost\/environmental-physics\/\">ENVIRONMENTAL PHYSICS<\/a><\/span>[\/mk_fancy_title][\/mk_custom_box][\/vc_column_inner][\/vc_row_inner][vc_row_inner][vc_column_inner width=&#8221;1\/3&#8243;][mk_custom_box corner_radius=&#8221;50&#8243; min_height=&#8221;150&#8243; bg_image=&#8221;https:\/\/www.pmfst.unist.hr\/znanost\/wp-content\/uploads\/sites\/29\/2020\/06\/high-energy-phys-top-menu.jpg&#8221; border_color_style=&#8221;single_color&#8221; elevation_effect=&#8221;true&#8221; bg_stretch=&#8221;true&#8221;][mk_fancy_title tag_name=&#8221;span&#8221; color=&#8221;#ffffff&#8221; size=&#8221;20&#8243; font_weight=&#8221;900&#8243; txt_transform=&#8221;uppercase&#8221; margin_bottom=&#8221;0&#8243; font_family=&#8221;none&#8221; align=&#8221;center&#8221;]<span style=\"color: #ffffff;\"><a style=\"color: #ffffff;\" href=\"https:\/\/www.pmfst.unist.hr\/znanost\/high-energy-physics\/\">HIGH ENERGY PHYSICS<\/a><\/span>[\/mk_fancy_title][\/mk_custom_box][\/vc_column_inner][vc_column_inner width=&#8221;1\/3&#8243;][mk_custom_box corner_radius=&#8221;50&#8243; min_height=&#8221;150&#8243; bg_image=&#8221;https:\/\/www.pmfst.unist.hr\/znanost\/wp-content\/uploads\/sites\/29\/2020\/06\/education-phys-top-menu.jpg&#8221; border_color_style=&#8221;single_color&#8221; elevation_effect=&#8221;true&#8221; bg_stretch=&#8221;true&#8221;][mk_fancy_title tag_name=&#8221;span&#8221; color=&#8221;#ffffff&#8221; size=&#8221;20&#8243; font_weight=&#8221;900&#8243; txt_transform=&#8221;uppercase&#8221; margin_bottom=&#8221;0&#8243; font_family=&#8221;none&#8221; align=&#8221;center&#8221;]<span style=\"color: #000000;\"><a style=\"color: #000000;\" href=\"https:\/\/www.pmfst.unist.hr\/znanost\/physics-education\/\">PHYSICS EDUCATION<\/a><\/span>[\/mk_fancy_title][\/mk_custom_box][\/vc_column_inner][vc_column_inner width=&#8221;1\/3&#8243;][mk_custom_box corner_radius=&#8221;50&#8243; min_height=&#8221;150&#8243; bg_image=&#8221;https:\/\/www.pmfst.unist.hr\/znanost\/wp-content\/uploads\/sites\/29\/2020\/06\/equip-methods-top-menu.jpg&#8221; border_color_style=&#8221;single_color&#8221; elevation_effect=&#8221;true&#8221; bg_stretch=&#8221;true&#8221;][mk_fancy_title tag_name=&#8221;span&#8221; color=&#8221;#ffffff&#8221; size=&#8221;20&#8243; font_weight=&#8221;900&#8243; txt_transform=&#8221;uppercase&#8221; margin_bottom=&#8221;0&#8243; font_family=&#8221;none&#8221; align=&#8221;center&#8221;]<span style=\"color: #000000;\"><a style=\"color: #000000;\" href=\"https:\/\/www.pmfst.unist.hr\/znanost\/physics-education\/\">Equipment and methods<br \/>\n<\/a><\/span>[\/mk_fancy_title][\/mk_custom_box][\/vc_column_inner][\/vc_row_inner][\/vc_tta_section][vc_tta_section title=&#8221;Department of Chemistry&#8221; tab_id=&#8221;1580133333240-0a70507b-5043&#8243;][vc_basic_grid post_type=&#8221;post&#8221; max_items=&#8221;-1&#8243; element_width=&#8221;3&#8243; item=&#8221;1332&#8243; grid_id=&#8221;vc_gid:1615547832424-bf4545d4-38c1-5&#8243; taxonomies=&#8221;19&#8243;][\/vc_tta_section][vc_tta_section title=&#8221;Department of Mathematics&#8221; tab_id=&#8221;1580126013141-2dedf7dc-bfbb&#8221;][vc_basic_grid post_type=&#8221;post&#8221; max_items=&#8221;-1&#8243; element_width=&#8221;3&#8243; item=&#8221;1332&#8243; grid_id=&#8221;vc_gid:1615547832425-b4179757-fb92-3&#8243; taxonomies=&#8221;18&#8243;][\/vc_tta_section][vc_tta_section title=&#8221;Department of Polytechnics&#8221; tab_id=&#8221;1580133391594-e562641b-0bff&#8221;][vc_basic_grid post_type=&#8221;post&#8221; max_items=&#8221;-1&#8243; element_width=&#8221;3&#8243; item=&#8221;1332&#8243; grid_id=&#8221;vc_gid:1615547832425-90b06f2d-4543-2&#8243; taxonomies=&#8221;21&#8243;][\/vc_tta_section][vc_tta_section title=&#8221;Independent chair of humanities and social sciences&#8221; tab_id=&#8221;1580133420593-d8b25f78-d59c&#8221;][vc_basic_grid post_type=&#8221;post&#8221; max_items=&#8221;-1&#8243; element_width=&#8221;3&#8243; item=&#8221;1332&#8243; grid_id=&#8221;vc_gid:1615547832426-b1871e77-f821-4&#8243; taxonomies=&#8221;22&#8243;][\/vc_tta_section][\/vc_tta_tabs][\/vc_column][\/vc_row]\n<\/div>","protected":false},"excerpt":{"rendered":"<p>[vc_row][vc_column][vc_tta_tabs][vc_tta_section title=&#8221;Department of Biology&#8221; tab_id=&#8221;1580133261648-0f372a2a-62b0&#8243;][vc_basic_grid post_type=&#8221;post&#8221; max_items=&#8221;-1&#8243; element_width=&#8221;3&#8243; item=&#8221;1332&#8243; grid_id=&#8221;vc_gid:1615547832417-9cb3cbf8-d13b-8&#8243; taxonomies=&#8221;109&#8243;][\/vc_tta_section][vc_tta_section title=&#8221;Department of Computer Science&#8221; tab_id=&#8221;1580133361129-95eee473-23b4&#8243;][vc_basic_grid post_type=&#8221;post&#8221; max_items=&#8221;-1&#8243; element_width=&#8221;3&#8243; item=&#8221;1332&#8243; grid_id=&#8221;vc_gid:1615547832418-98cae0f4-7b0d-7&#8243; taxonomies=&#8221;20&#8243;][\/vc_tta_section][vc_tta_section title=&#8221;Department of Physics&#8221; tab_id=&#8221;1580126145271-9d7801dc-afcb&#8221;][vc_row_inner][vc_column_inner width=&#8221;1\/4&#8243;][mk_image src=&#8221;https:\/\/www.pmfst.unist.hr\/znanost\/wp-content\/uploads\/sites\/29\/2020\/04\/fizika-research_73.png&#8221; image_size=&#8221;full&#8221;][\/vc_column_inner][vc_column_inner width=&#8221;3\/4&#8243;][vc_empty_space][\/vc_column_inner][\/vc_row_inner][vc_row_inner][vc_column_inner][mk_fancy_title tag_name=&#8221;h4&#8243; color=&#8221;#1e73be&#8221; size=&#8221;20&#8243; font_family=&#8221;none&#8221; align=&#8221;center&#8221;] Research at Department of Physics [\/mk_fancy_title][\/vc_column_inner][\/vc_row_inner][vc_row_inner][vc_column_inner width=&#8221;1\/3&#8243;][mk_custom_box corner_radius=&#8221;50&#8243; min_height=&#8221;150&#8243; bg_image=&#8221;https:\/\/www.pmfst.unist.hr\/znanost\/wp-content\/uploads\/sites\/29\/2020\/06\/biophysics-top-menu.jpg&#8221; border_color_style=&#8221;single_color&#8221; elevation_effect=&#8221;true&#8221; bg_stretch=&#8221;true&#8221;][mk_fancy_title tag_name=&#8221;span&#8221; color=&#8221;#ffffff&#8221; size=&#8221;20&#8243; font_weight=&#8221;900&#8243; txt_transform=&#8221;uppercase&#8221; margin_bottom=&#8221;0&#8243; font_family=&#8221;none&#8221; [&hellip;]<\/p>\n","protected":false},"author":1,"featured_media":0,"parent":0,"menu_order":0,"comment_status":"closed","ping_status":"closed","template":"","meta":{"_acf_changed":false,"rs_blank_template":"","rs_page_bg_color":"","slide_template_v7":"","footnotes":""},"class_list":["post-19538","page","type-page","status-publish","hentry"],"acf":[],"yoast_head":"<!-- This site is optimized with the Yoast SEO plugin v27.5 - https:\/\/yoast.com\/product\/yoast-seo-wordpress\/ -->\n<title>Scientific research groups - Znanstvena djelatnost, PMF Split<\/title>\n<meta name=\"robots\" content=\"index, follow, max-snippet:-1, max-image-preview:large, max-video-preview:-1\" \/>\n<link rel=\"canonical\" href=\"https:\/\/www.pmfst.unist.hr\/znanost\/znanstveno-istrazivacke-grupe\/?lang=en\" \/>\n<meta property=\"og:locale\" content=\"hr_HR\" \/>\n<meta property=\"og:type\" content=\"article\" \/>\n<meta property=\"og:title\" content=\"Scientific research groups - Znanstvena djelatnost, PMF Split\" \/>\n<meta property=\"og:description\" content=\"[vc_row][vc_column][vc_tta_tabs][vc_tta_section title=&#8221;Department of Biology&#8221; tab_id=&#8221;1580133261648-0f372a2a-62b0&#8243;][vc_basic_grid post_type=&#8221;post&#8221; max_items=&#8221;-1&#8243; element_width=&#8221;3&#8243; item=&#8221;1332&#8243; grid_id=&#8221;vc_gid:1615547832417-9cb3cbf8-d13b-8&#8243; taxonomies=&#8221;109&#8243;][\/vc_tta_section][vc_tta_section title=&#8221;Department of Computer Science&#8221; tab_id=&#8221;1580133361129-95eee473-23b4&#8243;][vc_basic_grid post_type=&#8221;post&#8221; max_items=&#8221;-1&#8243; element_width=&#8221;3&#8243; item=&#8221;1332&#8243; grid_id=&#8221;vc_gid:1615547832418-98cae0f4-7b0d-7&#8243; taxonomies=&#8221;20&#8243;][\/vc_tta_section][vc_tta_section title=&#8221;Department of Physics&#8221; tab_id=&#8221;1580126145271-9d7801dc-afcb&#8221;][vc_row_inner][vc_column_inner width=&#8221;1\/4&#8243;][mk_image src=&#8221;https:\/\/www.pmfst.unist.hr\/znanost\/wp-content\/uploads\/sites\/29\/2020\/04\/fizika-research_73.png&#8221; image_size=&#8221;full&#8221;][\/vc_column_inner][vc_column_inner width=&#8221;3\/4&#8243;][vc_empty_space][\/vc_column_inner][\/vc_row_inner][vc_row_inner][vc_column_inner][mk_fancy_title tag_name=&#8221;h4&#8243; color=&#8221;#1e73be&#8221; size=&#8221;20&#8243; font_family=&#8221;none&#8221; align=&#8221;center&#8221;] Research at Department of Physics [\/mk_fancy_title][\/vc_column_inner][\/vc_row_inner][vc_row_inner][vc_column_inner width=&#8221;1\/3&#8243;][mk_custom_box corner_radius=&#8221;50&#8243; min_height=&#8221;150&#8243; bg_image=&#8221;https:\/\/www.pmfst.unist.hr\/znanost\/wp-content\/uploads\/sites\/29\/2020\/06\/biophysics-top-menu.jpg&#8221; border_color_style=&#8221;single_color&#8221; elevation_effect=&#8221;true&#8221; bg_stretch=&#8221;true&#8221;][mk_fancy_title tag_name=&#8221;span&#8221; color=&#8221;#ffffff&#8221; size=&#8221;20&#8243; font_weight=&#8221;900&#8243; txt_transform=&#8221;uppercase&#8221; margin_bottom=&#8221;0&#8243; font_family=&#8221;none&#8221; [&hellip;]\" \/>\n<meta property=\"og:url\" content=\"https:\/\/www.pmfst.unist.hr\/znanost\/znanstveno-istrazivacke-grupe\/?lang=en\" \/>\n<meta property=\"og:site_name\" content=\"Znanstvena djelatnost, PMF Split\" \/>\n<meta property=\"article:publisher\" content=\"https:\/\/www.facebook.com\/pmfst\/\" \/>\n<meta property=\"article:modified_time\" content=\"2021-03-12T11:21:06+00:00\" \/>\n<meta name=\"twitter:card\" content=\"summary_large_image\" \/>\n<meta name=\"twitter:site\" content=\"@PmfSplit\" \/>\n<meta name=\"twitter:label1\" content=\"Procijenjeno vrijeme \u010ditanja\" \/>\n\t<meta name=\"twitter:data1\" content=\"1 minuta\" \/>\n<script type=\"application\/ld+json\" class=\"yoast-schema-graph\">{\"@context\":\"https:\\\/\\\/schema.org\",\"@graph\":[{\"@type\":\"WebPage\",\"@id\":\"https:\\\/\\\/www.pmfst.unist.hr\\\/znanost\\\/znanstveno-istrazivacke-grupe\\\/?lang=en\",\"url\":\"https:\\\/\\\/www.pmfst.unist.hr\\\/znanost\\\/znanstveno-istrazivacke-grupe\\\/?lang=en\",\"name\":\"Scientific research groups - Znanstvena djelatnost, PMF Split\",\"isPartOf\":{\"@id\":\"https:\\\/\\\/www.pmfst.unist.hr\\\/znanost\\\/#website\"},\"datePublished\":\"2018-03-09T10:06:31+00:00\",\"dateModified\":\"2021-03-12T11:21:06+00:00\",\"breadcrumb\":{\"@id\":\"https:\\\/\\\/www.pmfst.unist.hr\\\/znanost\\\/znanstveno-istrazivacke-grupe\\\/?lang=en#breadcrumb\"},\"inLanguage\":\"hr\",\"potentialAction\":[{\"@type\":\"ReadAction\",\"target\":[\"https:\\\/\\\/www.pmfst.unist.hr\\\/znanost\\\/znanstveno-istrazivacke-grupe\\\/?lang=en\"]}]},{\"@type\":\"BreadcrumbList\",\"@id\":\"https:\\\/\\\/www.pmfst.unist.hr\\\/znanost\\\/znanstveno-istrazivacke-grupe\\\/?lang=en#breadcrumb\",\"itemListElement\":[{\"@type\":\"ListItem\",\"position\":1,\"name\":\"Po\u010detna stranica\",\"item\":\"https:\\\/\\\/www.pmfst.unist.hr\\\/znanost\\\/\"},{\"@type\":\"ListItem\",\"position\":2,\"name\":\"Scientific research groups\"}]},{\"@type\":\"WebSite\",\"@id\":\"https:\\\/\\\/www.pmfst.unist.hr\\\/znanost\\\/#website\",\"url\":\"https:\\\/\\\/www.pmfst.unist.hr\\\/znanost\\\/\",\"name\":\"Znanstvena djelatnost, PMF Split\",\"description\":\"Znanost -  Prirodoslovno-matemati\u010dki fakultet Sveu\u010dili\u0161ta u Splitu\",\"publisher\":{\"@id\":\"https:\\\/\\\/www.pmfst.unist.hr\\\/znanost\\\/#organization\"},\"potentialAction\":[{\"@type\":\"SearchAction\",\"target\":{\"@type\":\"EntryPoint\",\"urlTemplate\":\"https:\\\/\\\/www.pmfst.unist.hr\\\/znanost\\\/?s={search_term_string}\"},\"query-input\":{\"@type\":\"PropertyValueSpecification\",\"valueRequired\":true,\"valueName\":\"search_term_string\"}}],\"inLanguage\":\"hr\"},{\"@type\":\"Organization\",\"@id\":\"https:\\\/\\\/www.pmfst.unist.hr\\\/znanost\\\/#organization\",\"name\":\"Prirodoslovno-matemati\u010dki fakultet u Splitu\",\"url\":\"https:\\\/\\\/www.pmfst.unist.hr\\\/znanost\\\/\",\"logo\":{\"@type\":\"ImageObject\",\"inLanguage\":\"hr\",\"@id\":\"https:\\\/\\\/www.pmfst.unist.hr\\\/znanost\\\/#\\\/schema\\\/logo\\\/image\\\/\",\"url\":\"https:\\\/\\\/www.pmfst.unist.hr\\\/znanost\\\/wp-content\\\/uploads\\\/sites\\\/29\\\/2018\\\/01\\\/logotip2.png\",\"contentUrl\":\"https:\\\/\\\/www.pmfst.unist.hr\\\/znanost\\\/wp-content\\\/uploads\\\/sites\\\/29\\\/2018\\\/01\\\/logotip2.png\",\"width\":195,\"height\":195,\"caption\":\"Prirodoslovno-matemati\u010dki fakultet u Splitu\"},\"image\":{\"@id\":\"https:\\\/\\\/www.pmfst.unist.hr\\\/znanost\\\/#\\\/schema\\\/logo\\\/image\\\/\"},\"sameAs\":[\"https:\\\/\\\/www.facebook.com\\\/pmfst\\\/\",\"https:\\\/\\\/x.com\\\/PmfSplit\",\"https:\\\/\\\/www.instagram.com\\\/pmfsplit\\\/\",\"https:\\\/\\\/www.youtube.com\\\/channel\\\/UCHVTsYgWvDAsqkWMfa8Jfsg\"]}]}<\/script>\n<!-- \/ Yoast SEO plugin. -->","yoast_head_json":{"title":"Scientific research groups - Znanstvena djelatnost, PMF Split","robots":{"index":"index","follow":"follow","max-snippet":"max-snippet:-1","max-image-preview":"max-image-preview:large","max-video-preview":"max-video-preview:-1"},"canonical":"https:\/\/www.pmfst.unist.hr\/znanost\/znanstveno-istrazivacke-grupe\/?lang=en","og_locale":"hr_HR","og_type":"article","og_title":"Scientific research groups - Znanstvena djelatnost, PMF Split","og_description":"[vc_row][vc_column][vc_tta_tabs][vc_tta_section title=&#8221;Department of Biology&#8221; tab_id=&#8221;1580133261648-0f372a2a-62b0&#8243;][vc_basic_grid post_type=&#8221;post&#8221; max_items=&#8221;-1&#8243; element_width=&#8221;3&#8243; item=&#8221;1332&#8243; grid_id=&#8221;vc_gid:1615547832417-9cb3cbf8-d13b-8&#8243; taxonomies=&#8221;109&#8243;][\/vc_tta_section][vc_tta_section title=&#8221;Department of Computer Science&#8221; tab_id=&#8221;1580133361129-95eee473-23b4&#8243;][vc_basic_grid post_type=&#8221;post&#8221; max_items=&#8221;-1&#8243; element_width=&#8221;3&#8243; item=&#8221;1332&#8243; grid_id=&#8221;vc_gid:1615547832418-98cae0f4-7b0d-7&#8243; taxonomies=&#8221;20&#8243;][\/vc_tta_section][vc_tta_section title=&#8221;Department of Physics&#8221; tab_id=&#8221;1580126145271-9d7801dc-afcb&#8221;][vc_row_inner][vc_column_inner width=&#8221;1\/4&#8243;][mk_image src=&#8221;https:\/\/www.pmfst.unist.hr\/znanost\/wp-content\/uploads\/sites\/29\/2020\/04\/fizika-research_73.png&#8221; image_size=&#8221;full&#8221;][\/vc_column_inner][vc_column_inner width=&#8221;3\/4&#8243;][vc_empty_space][\/vc_column_inner][\/vc_row_inner][vc_row_inner][vc_column_inner][mk_fancy_title tag_name=&#8221;h4&#8243; color=&#8221;#1e73be&#8221; size=&#8221;20&#8243; font_family=&#8221;none&#8221; align=&#8221;center&#8221;] Research at Department of Physics [\/mk_fancy_title][\/vc_column_inner][\/vc_row_inner][vc_row_inner][vc_column_inner width=&#8221;1\/3&#8243;][mk_custom_box corner_radius=&#8221;50&#8243; min_height=&#8221;150&#8243; bg_image=&#8221;https:\/\/www.pmfst.unist.hr\/znanost\/wp-content\/uploads\/sites\/29\/2020\/06\/biophysics-top-menu.jpg&#8221; border_color_style=&#8221;single_color&#8221; elevation_effect=&#8221;true&#8221; bg_stretch=&#8221;true&#8221;][mk_fancy_title tag_name=&#8221;span&#8221; color=&#8221;#ffffff&#8221; size=&#8221;20&#8243; font_weight=&#8221;900&#8243; txt_transform=&#8221;uppercase&#8221; margin_bottom=&#8221;0&#8243; font_family=&#8221;none&#8221; [&hellip;]","og_url":"https:\/\/www.pmfst.unist.hr\/znanost\/znanstveno-istrazivacke-grupe\/?lang=en","og_site_name":"Znanstvena djelatnost, PMF Split","article_publisher":"https:\/\/www.facebook.com\/pmfst\/","article_modified_time":"2021-03-12T11:21:06+00:00","twitter_card":"summary_large_image","twitter_site":"@PmfSplit","twitter_misc":{"Procijenjeno vrijeme \u010ditanja":"1 minuta"},"schema":{"@context":"https:\/\/schema.org","@graph":[{"@type":"WebPage","@id":"https:\/\/www.pmfst.unist.hr\/znanost\/znanstveno-istrazivacke-grupe\/?lang=en","url":"https:\/\/www.pmfst.unist.hr\/znanost\/znanstveno-istrazivacke-grupe\/?lang=en","name":"Scientific research groups - Znanstvena djelatnost, PMF Split","isPartOf":{"@id":"https:\/\/www.pmfst.unist.hr\/znanost\/#website"},"datePublished":"2018-03-09T10:06:31+00:00","dateModified":"2021-03-12T11:21:06+00:00","breadcrumb":{"@id":"https:\/\/www.pmfst.unist.hr\/znanost\/znanstveno-istrazivacke-grupe\/?lang=en#breadcrumb"},"inLanguage":"hr","potentialAction":[{"@type":"ReadAction","target":["https:\/\/www.pmfst.unist.hr\/znanost\/znanstveno-istrazivacke-grupe\/?lang=en"]}]},{"@type":"BreadcrumbList","@id":"https:\/\/www.pmfst.unist.hr\/znanost\/znanstveno-istrazivacke-grupe\/?lang=en#breadcrumb","itemListElement":[{"@type":"ListItem","position":1,"name":"Po\u010detna stranica","item":"https:\/\/www.pmfst.unist.hr\/znanost\/"},{"@type":"ListItem","position":2,"name":"Scientific research groups"}]},{"@type":"WebSite","@id":"https:\/\/www.pmfst.unist.hr\/znanost\/#website","url":"https:\/\/www.pmfst.unist.hr\/znanost\/","name":"Znanstvena djelatnost, PMF Split","description":"Znanost -  Prirodoslovno-matemati\u010dki fakultet Sveu\u010dili\u0161ta u Splitu","publisher":{"@id":"https:\/\/www.pmfst.unist.hr\/znanost\/#organization"},"potentialAction":[{"@type":"SearchAction","target":{"@type":"EntryPoint","urlTemplate":"https:\/\/www.pmfst.unist.hr\/znanost\/?s={search_term_string}"},"query-input":{"@type":"PropertyValueSpecification","valueRequired":true,"valueName":"search_term_string"}}],"inLanguage":"hr"},{"@type":"Organization","@id":"https:\/\/www.pmfst.unist.hr\/znanost\/#organization","name":"Prirodoslovno-matemati\u010dki fakultet u Splitu","url":"https:\/\/www.pmfst.unist.hr\/znanost\/","logo":{"@type":"ImageObject","inLanguage":"hr","@id":"https:\/\/www.pmfst.unist.hr\/znanost\/#\/schema\/logo\/image\/","url":"https:\/\/www.pmfst.unist.hr\/znanost\/wp-content\/uploads\/sites\/29\/2018\/01\/logotip2.png","contentUrl":"https:\/\/www.pmfst.unist.hr\/znanost\/wp-content\/uploads\/sites\/29\/2018\/01\/logotip2.png","width":195,"height":195,"caption":"Prirodoslovno-matemati\u010dki fakultet u Splitu"},"image":{"@id":"https:\/\/www.pmfst.unist.hr\/znanost\/#\/schema\/logo\/image\/"},"sameAs":["https:\/\/www.facebook.com\/pmfst\/","https:\/\/x.com\/PmfSplit","https:\/\/www.instagram.com\/pmfsplit\/","https:\/\/www.youtube.com\/channel\/UCHVTsYgWvDAsqkWMfa8Jfsg"]}]}},"_links":{"self":[{"href":"https:\/\/www.pmfst.unist.hr\/znanost\/wp-json\/wp\/v2\/pages\/19538","targetHints":{"allow":["GET"]}}],"collection":[{"href":"https:\/\/www.pmfst.unist.hr\/znanost\/wp-json\/wp\/v2\/pages"}],"about":[{"href":"https:\/\/www.pmfst.unist.hr\/znanost\/wp-json\/wp\/v2\/types\/page"}],"author":[{"embeddable":true,"href":"https:\/\/www.pmfst.unist.hr\/znanost\/wp-json\/wp\/v2\/users\/1"}],"replies":[{"embeddable":true,"href":"https:\/\/www.pmfst.unist.hr\/znanost\/wp-json\/wp\/v2\/comments?post=19538"}],"version-history":[{"count":0,"href":"https:\/\/www.pmfst.unist.hr\/znanost\/wp-json\/wp\/v2\/pages\/19538\/revisions"}],"wp:attachment":[{"href":"https:\/\/www.pmfst.unist.hr\/znanost\/wp-json\/wp\/v2\/media?parent=19538"}],"curies":[{"name":"wp","href":"https:\/\/api.w.org\/{rel}","templated":true}]}}