{"id":21209,"date":"2024-05-13T23:50:58","date_gmt":"2024-05-13T21:50:58","guid":{"rendered":"https:\/\/www.pmfst.unist.hr\/znanost\/?page_id=21209"},"modified":"2024-11-27T08:52:48","modified_gmt":"2024-11-27T07:52:48","slug":"konferencije-u-skupovi","status":"publish","type":"page","link":"https:\/\/www.pmfst.unist.hr\/znanost\/konferencije-u-skupovi\/","title":{"rendered":"Konferencije i skupovi"},"content":{"rendered":"<div class=\"wpb-content-wrapper\">[vc_row][vc_column][vc_separator color=&#8221;mulled_wine&#8221; style=&#8221;shadow&#8221;][mk_table]\n<table>\n<tbody>\n<tr>\n<th>Naziv doga\u0111anja<\/th>\n<th>Vrijeme i mjesto<\/th>\n<\/tr>\n<\/tbody>\n<tbody>\n<tr>\n<td><a href=\"https:\/\/mikroskopija.hr\/2-hrvatski-mikroskopijski-simpozij\/\" target=\"_blank\" rel=\"noopener\">2. hrvatski mikroskopijski simpozij<\/a><\/td>\n<td>24-25. studenog 2023. Split, Hrvatska<\/td>\n<\/tr>\n<tr>\n<td><a href=\"https:\/\/stim.unist.hr\/zavrsna-konferencija-projekta-stim-rei\/\" target=\"_blank\" rel=\"noopener\">Zavr\u0161na konferencija STIM-REI projekta\u00a0<\/a><\/td>\n<td>24. studenog 2023. Split, Hrvatska<\/td>\n<\/tr>\n<tr>\n<td><a href=\"https:\/\/www.tvornica-znanosti.org\/ljtz-2023\" target=\"_blank\" rel=\"noopener\">Ljetna tvornica znanosti<\/a><\/td>\n<td>24-30. srpnja 2023. Split, Hrvatska<\/td>\n<\/tr>\n<tr>\n<td><a href=\"https:\/\/arhiva.unist.hr\/novosti\/odrzana-zavrsna-konferencija-projekta-funkcionalna-integracija-sveucilista-u-splitu-pmf-st-pf-st-te-ktf-st-kroz-razvoj-znanstveno-istrazivacke-infrastrukture-u-zgradi-tri-fakulteta#1\" target=\"_blank\" rel=\"noopener\">Zavr\u0161na konferencija projekta &#8221;Funkcionalna integracija Sveu\u010dili\u0161ta u Splitu, PMF-ST, PF-ST te KTF-ST kroz razvoj znanstveno-istra\u017eiva\u010dke infrastrukture u Zgradi tri fakulteta&#8221;<\/a><\/td>\n<td>20. lipnja 2023. Split, Hrvatska<\/td>\n<\/tr>\n<tr>\n<td><a href=\"https:\/\/cuwb.cimat.mx\/node\/63\" target=\"_blank\" rel=\"noopener\">CUWB-I: Recent progress in quantitative analysis of multiscale media<\/a><\/td>\n<td>29. svibnja &#8211; 2. lipnja 2023. Split, Hrvatska<\/td>\n<\/tr>\n<tr>\n<td><a href=\"https:\/\/www.dalmacijadanas.hr\/wp-content\/uploads\/2023\/03\/Program-radionice-projekta-METMONIC_Split.pdf\" target=\"_blank\" rel=\"noopener\">Radionica projekta modernizacije meteorolo\u0161ke motriteljske mre\u017ee u RH \u2013 METMONIC<\/a><\/td>\n<td>24. o\u017eujka 2023. Split, Hrvatska<\/td>\n<\/tr>\n<tr>\n<td><a href=\"https:\/\/meteo.hr\/objave_najave_natjecaji.php?section=onn&amp;param=objave&amp;el=dogadjanja&amp;daj=do21032023\" target=\"_blank\" rel=\"noopener\">Svjetski meteorolo\u0161ki dan i Svjetski dan voda<\/a><\/td>\n<td>23. o\u017eujka 2023. Split, Hrvatska<\/td>\n<\/tr>\n<tr>\n<td><a href=\"https:\/\/www.pmf.unizg.hr\/geol\/studiji\/doktorski_studiji\/oceanologija?@=1ngr0\" target=\"_blank\" rel=\"noopener\">Predstavljanje knjige prof. dr. sc. Mirka Orli\u0107a \u201cUvod u fizi\u010dku oceanografiju\u201d<\/a><\/td>\n<td>10. o\u017eujka 2023. Split, Hrvatska<\/td>\n<\/tr>\n<tr>\n<td>Svjetski dan broja Pi &#8211; World Maths Day (Matematika za svakoga)<\/td>\n<td>8. o\u017eujka 2023. Split, Hrvatska<\/td>\n<\/tr>\n<tr>\n<td><a href=\"https:\/\/2023.speech-in-noise.eu\/\" target=\"_blank\" rel=\"noopener\">Speech in Noise Workshop, SPIN2023<\/a><\/td>\n<td>12-13. sije\u010dnja 2023. Split, Hrvatska<\/td>\n<\/tr>\n<tr>\n<td><a href=\"https:\/\/www.ecmetac.eu\/ecmetac-days?view=seeminicontent&amp;id=47\">ECMetAC Days<\/a><\/td>\n<td>21.-24. studenog, 2022., Split, Hrvatska<\/td>\n<\/tr>\n<tr>\n<td><a href=\"https:\/\/www.hkd.hr\/cwce\/index-hr.html\">5. Hrvatska konferencija o kemijskom obrazovanju<\/a><\/td>\n<td>2.-5. studenog, 2022., Split, Hrvatska<\/td>\n<\/tr>\n<tr>\n<td><a href=\"https:\/\/indico.cern.ch\/event\/877521\/\">LHC Days in Split<\/a><\/td>\n<td>3.-8. listopada, 2022., Split, Hrvatska<\/td>\n<\/tr>\n<tr>\n<td><a href=\"http:\/\/events.pmfst.unist.hr\/phyphi\/\">10th Physics and Phylosophy \u2013 Locality and Non-locality in Physics<\/a><\/td>\n<td>1.-2. rujna, 2022., Split, Hrvatska<\/td>\n<\/tr>\n<tr>\n<td><a href=\"https:\/\/www.pmfst.unist.hr\/cromc2020\/hr\/naslovna\/\">Sedmi hrvatski matemati\u010dki kongres<\/a><\/td>\n<td>15.-18. lipnja 2022., Split, Hrvatska<\/td>\n<\/tr>\n<tr>\n<td><a href=\"https:\/\/mapmf.pmfst.unist.hr\/~sokolic\/doku.php?id=2021:start2021\">9th Meeting on Physics and Philosophy &#8211; Summer School on Entropy \u00a0\u00a0<\/a><\/td>\n<td>25.-27. kolovoza 2021., Split, Hrvatska<\/td>\n<\/tr>\n<tr>\n<td><a href=\"https:\/\/mapmf.pmfst.unist.hr\/~sokolic\/doku.php?id=2020:program_conf\">8th\u00a0Physics\u00a0&amp;\u00a0Philosophy\u00a0Meeting\u00a0\u2013\u00a0Summer\u00a0School\u00a0on\u00a0Fundamental\u00a0concepts\u00a0of\u00a0quantum\u00a0physics\u00a0<\/a><\/td>\n<td>2.-4. rujna, 2020., Split, Hrvatska<\/td>\n<\/tr>\n<tr>\n<td><a href=\"http:\/\/magnetooptics.phy.bme.hu\/split\/\">4th\u00a0Grandmaster\u00a0Early-Career\u00a0Workshop\u00a0in\u00a0Physics\u00a0<\/a><\/td>\n<td>1.-7. rujna, 2019.,\u00a0Split, Hrvatska<\/td>\n<\/tr>\n<tr>\n<td>Remote\u00a0Sensing\u00a0of\u00a0Marine\u00a0Ecosystems\u00a0Workshop<\/td>\n<td>17. travnja, 2019., Split, Hrvatska<\/td>\n<\/tr>\n<tr>\n<td><a href=\"https:\/\/www.pmfst.unist.hr\/vertex\/\">Workshop on vertex algebras and infinite-dimensional Lie algebras<\/a><\/td>\n<td>22.-24. studenog, 2018., Split, Hrvatska<\/td>\n<\/tr>\n<tr>\n<td><a href=\"https:\/\/www.hkd.hr\/cwce\/location-hr.html\">4th Croatian Workshop on Chemical\u00a0Education\u00a0<\/a><\/td>\n<td>7.-10. studenog, 2018., Split, Hrvatska<\/td>\n<\/tr>\n<tr>\n<td><a href=\"http:\/\/2018.mia-journal.com\/\">Mathematical Inequalities and Applications<\/a><\/td>\n<td>4.-8. srpnja, 2018.,\u00a0 Zagreb, Hrvatska<\/td>\n<\/tr>\n<tr>\n<td><a href=\"https:\/\/www.pmfst.unist.hr\/conference\/index.html\">25 years of Topology seminar in Split<\/a><\/td>\n<td>8.-9. lipnja, 2018., Split, Hrvatska<\/td>\n<\/tr>\n<tr>\n<td><a href=\"https:\/\/indico.cern.ch\/event\/704801\/overview\">LHC\u00a0Days\u00a0in\u00a0Split\u00a0<\/a><\/td>\n<td>17.-22. rujna, 2018., Split, Hrvatska<\/td>\n<\/tr>\n<tr>\n<td><a href=\"http:\/\/s2s4.pmfst.unist.hr\/\">Students\u00a0to\u00a0Students\u00a0Split\u00a0Summer\u00a0School\u00a0<\/a><\/td>\n<td>10.-20. rujna, 2018., Split, Hrvatska<\/td>\n<\/tr>\n<tr>\n<td><a href=\"http:\/\/school.ifs.hr\/2018\/\">14th International\u00a0School\u00a0of\u00a0Biophysics<\/a><\/td>\n<td>23. kolovoza &#8211; 1. rujna, 2018., Split, Hrvatska<\/td>\n<\/tr>\n<tr>\n<td><a href=\"https:\/\/mapmf.pmfst.unist.hr\/~sokolic\/doku.php?id=2018:start2018\">7th\u00a0Physics\u00a0&amp;\u00a0Philosophy\u00a0Meeting\u00a0\u2013\u00a0Summer\u00a0School\u00a0on\u00a0Chimera\u00a0of\u00a0Enthropy\u00a0<\/a><\/td>\n<td>16.-20. srpnja, 2018.\/27.-28. rujna, 2018., Split, Hrvatska<\/td>\n<\/tr>\n<tr>\n<td>Applied\u00a0Mathematics\u00a0Day<\/td>\n<td>15. lipnja, 2018., Split, Hrvatska<\/td>\n<\/tr>\n<tr>\n<td><a href=\"http:\/\/s2s4.pmfst.unist.hr\/\">Students to Students Split Summer School<\/a><\/td>\n<td>18.-23. rujna, 2017., Split, Hrvatska<\/td>\n<\/tr>\n<tr>\n<td><a href=\"http:\/\/hvar2017.ifs.hr\/\">Spin,\u00a0Charge\u00a0and\u00a0Energy\u00a0Transport\u00a0in\u00a0Novel\u00a0Materials\u00a0<\/a><\/td>\n<td>1.-7. listopada, 2017., Hvar, Hrvatska<\/td>\n<\/tr>\n<tr>\n<td><a href=\"http:\/\/euroschool2017.ifs.hr\/\">C-MAC Euroschool in Material Science<\/a><\/td>\n<td>10.-15. rujna, 2017., Split, Hrvatska<\/td>\n<\/tr>\n<tr>\n<td><a href=\"http:\/\/mapmf.pmfst.unist.hr\/~sokolic\/doku.php?id=2017:start2017\">6th Physics &amp; Philosophy Meeting in Conjunction with the Summer School<\/a><\/td>\n<td>4.-7. srpnja, 2017., Split, Hrvatska<\/td>\n<\/tr>\n<tr>\n<td>Active Learning in STEM Eucation Workshop<\/td>\n<td>12.-14. lipnja, 2017., Split, Hrvatska<\/td>\n<\/tr>\n<tr>\n<td><a href=\"http:\/\/www.hkd.hr\/cwce\/index-hr.html\">3. Hrvatska konferencija o kemijskom obrazovanju<\/a><\/td>\n<td>2.-5. studenog, 2016., Split, Hrvatska<\/td>\n<\/tr>\n<tr>\n<td><a href=\"http:\/\/mapmf.pmfst.unist.hr\/~sokolic\/doku.php?id=2016:start2016\">5th Physics &amp; Philosophy Meeting<\/a><\/td>\n<td>7.-8. srpnja, 2016., Split, Hrvatska<\/td>\n<\/tr>\n<tr>\n<td><a href=\"http:\/\/mapmf.pmfst.unist.hr\/~sokolic\/doku.php?id=2015:start2015\">4th Physics &amp; Philosophy Meeting<\/a><\/td>\n<td>6.-7. srpnja, 2015., Split, Hrvatska<\/td>\n<\/tr>\n<tr>\n<td><a href=\"http:\/\/mapmf.pmfst.unist.hr\/~sokolic\/doku.php?id=2014:start2014\">3rd Physics &amp; Philosophy Meeting<\/a><\/td>\n<td>7.-8. srpnja, 2014., Split, Hrvatska<\/td>\n<\/tr>\n<tr>\n<td>Mathematical Inequalities and Applications<\/td>\n<td>22.-26. lipnja, 2014., Trogir, Hrvatska<\/td>\n<\/tr>\n<tr>\n<td><a href=\"http:\/\/mapmf.pmfst.unist.hr\/~sokolic\/doku.php?id=2013:start2013\">2nd Physics &amp; Philosophy Meeting<\/a><\/td>\n<td>8.-9. srpnja, 2013., Split, Hrvatska<\/td>\n<\/tr>\n<tr>\n<td>2. Hrvatska konferencija o kemijskom obrazovanju<\/td>\n<td>8.-11. studenog, 2012., Split, Hrvatska<\/td>\n<\/tr>\n<tr>\n<td><a href=\"http:\/\/mapmf.pmfst.unist.hr\/~sokolic\/doku.php?id=2012:start\">1st Physics &amp; Philosophy Meeting<\/a><\/td>\n<td>12. srpnja, 2012., Split, Hrvatska<\/td>\n<\/tr>\n<tr>\n<td>1. Hrvatska konferencija o kemijskom obrazovanju<\/td>\n<td>11.-14. studenog, 2010., Split, Hrvatska<\/td>\n<\/tr>\n<tr>\n<td><a href=\"http:\/\/split4.pmfst.hr\/konferencija\/index.php\/home\">Australia-Croatia workshop on antimicrobial peptides and Summer school in biophysics Phd programme<\/a><\/td>\n<td>8.-13. kolovoza, 2010., Split, Hrvatska<\/td>\n<\/tr>\n<tr>\n<td>Mathematical Inequalities and Applications<\/td>\n<td>8.-14. lipnja, 2008., Trogir, Hrvatska<\/td>\n<\/tr>\n<\/tbody>\n<\/table>\n[\/mk_table][vc_separator color=&#8221;mulled_wine&#8221; style=&#8221;shadow&#8221;][vc_empty_space][\/vc_column][\/vc_row]\n<\/div>","protected":false},"excerpt":{"rendered":"<p>[vc_row][vc_column][vc_separator color=&#8221;mulled_wine&#8221; style=&#8221;shadow&#8221;][mk_table] Naziv doga\u0111anja Vrijeme i mjesto 2. hrvatski mikroskopijski simpozij 24-25. studenog 2023. Split, Hrvatska Zavr\u0161na konferencija STIM-REI projekta\u00a0 24. studenog 2023. Split, Hrvatska Ljetna tvornica znanosti 24-30. srpnja 2023. Split, Hrvatska Zavr\u0161na konferencija projekta &#8221;Funkcionalna integracija Sveu\u010dili\u0161ta u Splitu, PMF-ST, PF-ST te KTF-ST kroz razvoj znanstveno-istra\u017eiva\u010dke infrastrukture u Zgradi tri fakulteta&#8221; 20. [&hellip;]<\/p>\n","protected":false},"author":1,"featured_media":0,"parent":0,"menu_order":0,"comment_status":"closed","ping_status":"closed","template":"","meta":{"_acf_changed":false,"rs_blank_template":"","rs_page_bg_color":"","slide_template_v7":"","footnotes":""},"class_list":["post-21209","page","type-page","status-publish","hentry"],"acf":[],"yoast_head":"<!-- This site is optimized with the Yoast SEO plugin v27.4 - https:\/\/yoast.com\/product\/yoast-seo-wordpress\/ -->\n<title>Konferencije i skupovi - Znanstvena djelatnost, PMF Split<\/title>\n<meta name=\"robots\" content=\"index, follow, max-snippet:-1, max-image-preview:large, max-video-preview:-1\" \/>\n<link rel=\"canonical\" href=\"https:\/\/www.pmfst.unist.hr\/znanost\/konferencije-u-skupovi\/\" \/>\n<meta property=\"og:locale\" content=\"hr_HR\" \/>\n<meta property=\"og:type\" content=\"article\" \/>\n<meta property=\"og:title\" content=\"Konferencije i skupovi - Znanstvena djelatnost, PMF Split\" \/>\n<meta property=\"og:description\" content=\"[vc_row][vc_column][vc_separator color=&#8221;mulled_wine&#8221; style=&#8221;shadow&#8221;][mk_table] Naziv doga\u0111anja Vrijeme i mjesto 2. hrvatski mikroskopijski simpozij 24-25. studenog 2023. Split, Hrvatska Zavr\u0161na konferencija STIM-REI projekta\u00a0 24. studenog 2023. Split, Hrvatska Ljetna tvornica znanosti 24-30. srpnja 2023. Split, Hrvatska Zavr\u0161na konferencija projekta &#8221;Funkcionalna integracija Sveu\u010dili\u0161ta u Splitu, PMF-ST, PF-ST te KTF-ST kroz razvoj znanstveno-istra\u017eiva\u010dke infrastrukture u Zgradi tri fakulteta&#8221; 20. [&hellip;]\" \/>\n<meta property=\"og:url\" content=\"https:\/\/www.pmfst.unist.hr\/znanost\/konferencije-u-skupovi\/\" \/>\n<meta property=\"og:site_name\" content=\"Znanstvena djelatnost, PMF Split\" \/>\n<meta property=\"article:publisher\" content=\"https:\/\/www.facebook.com\/pmfst\/\" \/>\n<meta property=\"article:modified_time\" content=\"2024-11-27T07:52:48+00:00\" \/>\n<meta name=\"twitter:card\" content=\"summary_large_image\" \/>\n<meta name=\"twitter:site\" content=\"@PmfSplit\" \/>\n<meta name=\"twitter:label1\" content=\"Procijenjeno vrijeme \u010ditanja\" \/>\n\t<meta name=\"twitter:data1\" content=\"3 minute\" \/>\n<script type=\"application\/ld+json\" class=\"yoast-schema-graph\">{\"@context\":\"https:\\\/\\\/schema.org\",\"@graph\":[{\"@type\":\"WebPage\",\"@id\":\"https:\\\/\\\/www.pmfst.unist.hr\\\/znanost\\\/konferencije-u-skupovi\\\/\",\"url\":\"https:\\\/\\\/www.pmfst.unist.hr\\\/znanost\\\/konferencije-u-skupovi\\\/\",\"name\":\"Konferencije i skupovi - Znanstvena djelatnost, PMF Split\",\"isPartOf\":{\"@id\":\"https:\\\/\\\/www.pmfst.unist.hr\\\/znanost\\\/#website\"},\"datePublished\":\"2024-05-13T21:50:58+00:00\",\"dateModified\":\"2024-11-27T07:52:48+00:00\",\"breadcrumb\":{\"@id\":\"https:\\\/\\\/www.pmfst.unist.hr\\\/znanost\\\/konferencije-u-skupovi\\\/#breadcrumb\"},\"inLanguage\":\"hr\",\"potentialAction\":[{\"@type\":\"ReadAction\",\"target\":[\"https:\\\/\\\/www.pmfst.unist.hr\\\/znanost\\\/konferencije-u-skupovi\\\/\"]}]},{\"@type\":\"BreadcrumbList\",\"@id\":\"https:\\\/\\\/www.pmfst.unist.hr\\\/znanost\\\/konferencije-u-skupovi\\\/#breadcrumb\",\"itemListElement\":[{\"@type\":\"ListItem\",\"position\":1,\"name\":\"Po\u010detna stranica\",\"item\":\"https:\\\/\\\/www.pmfst.unist.hr\\\/znanost\\\/\"},{\"@type\":\"ListItem\",\"position\":2,\"name\":\"Konferencije i skupovi\"}]},{\"@type\":\"WebSite\",\"@id\":\"https:\\\/\\\/www.pmfst.unist.hr\\\/znanost\\\/#website\",\"url\":\"https:\\\/\\\/www.pmfst.unist.hr\\\/znanost\\\/\",\"name\":\"Znanstvena djelatnost, PMF Split\",\"description\":\"Znanost -  Prirodoslovno-matemati\u010dki fakultet Sveu\u010dili\u0161ta u Splitu\",\"publisher\":{\"@id\":\"https:\\\/\\\/www.pmfst.unist.hr\\\/znanost\\\/#organization\"},\"potentialAction\":[{\"@type\":\"SearchAction\",\"target\":{\"@type\":\"EntryPoint\",\"urlTemplate\":\"https:\\\/\\\/www.pmfst.unist.hr\\\/znanost\\\/?s={search_term_string}\"},\"query-input\":{\"@type\":\"PropertyValueSpecification\",\"valueRequired\":true,\"valueName\":\"search_term_string\"}}],\"inLanguage\":\"hr\"},{\"@type\":\"Organization\",\"@id\":\"https:\\\/\\\/www.pmfst.unist.hr\\\/znanost\\\/#organization\",\"name\":\"Prirodoslovno-matemati\u010dki fakultet u Splitu\",\"url\":\"https:\\\/\\\/www.pmfst.unist.hr\\\/znanost\\\/\",\"logo\":{\"@type\":\"ImageObject\",\"inLanguage\":\"hr\",\"@id\":\"https:\\\/\\\/www.pmfst.unist.hr\\\/znanost\\\/#\\\/schema\\\/logo\\\/image\\\/\",\"url\":\"https:\\\/\\\/www.pmfst.unist.hr\\\/znanost\\\/wp-content\\\/uploads\\\/sites\\\/29\\\/2018\\\/01\\\/logotip2.png\",\"contentUrl\":\"https:\\\/\\\/www.pmfst.unist.hr\\\/znanost\\\/wp-content\\\/uploads\\\/sites\\\/29\\\/2018\\\/01\\\/logotip2.png\",\"width\":195,\"height\":195,\"caption\":\"Prirodoslovno-matemati\u010dki fakultet u Splitu\"},\"image\":{\"@id\":\"https:\\\/\\\/www.pmfst.unist.hr\\\/znanost\\\/#\\\/schema\\\/logo\\\/image\\\/\"},\"sameAs\":[\"https:\\\/\\\/www.facebook.com\\\/pmfst\\\/\",\"https:\\\/\\\/x.com\\\/PmfSplit\",\"https:\\\/\\\/www.instagram.com\\\/pmfsplit\\\/\",\"https:\\\/\\\/www.youtube.com\\\/channel\\\/UCHVTsYgWvDAsqkWMfa8Jfsg\"]}]}<\/script>\n<!-- \/ Yoast SEO plugin. -->","yoast_head_json":{"title":"Konferencije i skupovi - Znanstvena djelatnost, PMF Split","robots":{"index":"index","follow":"follow","max-snippet":"max-snippet:-1","max-image-preview":"max-image-preview:large","max-video-preview":"max-video-preview:-1"},"canonical":"https:\/\/www.pmfst.unist.hr\/znanost\/konferencije-u-skupovi\/","og_locale":"hr_HR","og_type":"article","og_title":"Konferencije i skupovi - Znanstvena djelatnost, PMF Split","og_description":"[vc_row][vc_column][vc_separator color=&#8221;mulled_wine&#8221; style=&#8221;shadow&#8221;][mk_table] Naziv doga\u0111anja Vrijeme i mjesto 2. hrvatski mikroskopijski simpozij 24-25. studenog 2023. Split, Hrvatska Zavr\u0161na konferencija STIM-REI projekta\u00a0 24. studenog 2023. Split, Hrvatska Ljetna tvornica znanosti 24-30. srpnja 2023. Split, Hrvatska Zavr\u0161na konferencija projekta &#8221;Funkcionalna integracija Sveu\u010dili\u0161ta u Splitu, PMF-ST, PF-ST te KTF-ST kroz razvoj znanstveno-istra\u017eiva\u010dke infrastrukture u Zgradi tri fakulteta&#8221; 20. [&hellip;]","og_url":"https:\/\/www.pmfst.unist.hr\/znanost\/konferencije-u-skupovi\/","og_site_name":"Znanstvena djelatnost, PMF Split","article_publisher":"https:\/\/www.facebook.com\/pmfst\/","article_modified_time":"2024-11-27T07:52:48+00:00","twitter_card":"summary_large_image","twitter_site":"@PmfSplit","twitter_misc":{"Procijenjeno vrijeme \u010ditanja":"3 minute"},"schema":{"@context":"https:\/\/schema.org","@graph":[{"@type":"WebPage","@id":"https:\/\/www.pmfst.unist.hr\/znanost\/konferencije-u-skupovi\/","url":"https:\/\/www.pmfst.unist.hr\/znanost\/konferencije-u-skupovi\/","name":"Konferencije i skupovi - Znanstvena djelatnost, PMF Split","isPartOf":{"@id":"https:\/\/www.pmfst.unist.hr\/znanost\/#website"},"datePublished":"2024-05-13T21:50:58+00:00","dateModified":"2024-11-27T07:52:48+00:00","breadcrumb":{"@id":"https:\/\/www.pmfst.unist.hr\/znanost\/konferencije-u-skupovi\/#breadcrumb"},"inLanguage":"hr","potentialAction":[{"@type":"ReadAction","target":["https:\/\/www.pmfst.unist.hr\/znanost\/konferencije-u-skupovi\/"]}]},{"@type":"BreadcrumbList","@id":"https:\/\/www.pmfst.unist.hr\/znanost\/konferencije-u-skupovi\/#breadcrumb","itemListElement":[{"@type":"ListItem","position":1,"name":"Po\u010detna stranica","item":"https:\/\/www.pmfst.unist.hr\/znanost\/"},{"@type":"ListItem","position":2,"name":"Konferencije i skupovi"}]},{"@type":"WebSite","@id":"https:\/\/www.pmfst.unist.hr\/znanost\/#website","url":"https:\/\/www.pmfst.unist.hr\/znanost\/","name":"Znanstvena djelatnost, PMF Split","description":"Znanost -  Prirodoslovno-matemati\u010dki fakultet Sveu\u010dili\u0161ta u Splitu","publisher":{"@id":"https:\/\/www.pmfst.unist.hr\/znanost\/#organization"},"potentialAction":[{"@type":"SearchAction","target":{"@type":"EntryPoint","urlTemplate":"https:\/\/www.pmfst.unist.hr\/znanost\/?s={search_term_string}"},"query-input":{"@type":"PropertyValueSpecification","valueRequired":true,"valueName":"search_term_string"}}],"inLanguage":"hr"},{"@type":"Organization","@id":"https:\/\/www.pmfst.unist.hr\/znanost\/#organization","name":"Prirodoslovno-matemati\u010dki fakultet u Splitu","url":"https:\/\/www.pmfst.unist.hr\/znanost\/","logo":{"@type":"ImageObject","inLanguage":"hr","@id":"https:\/\/www.pmfst.unist.hr\/znanost\/#\/schema\/logo\/image\/","url":"https:\/\/www.pmfst.unist.hr\/znanost\/wp-content\/uploads\/sites\/29\/2018\/01\/logotip2.png","contentUrl":"https:\/\/www.pmfst.unist.hr\/znanost\/wp-content\/uploads\/sites\/29\/2018\/01\/logotip2.png","width":195,"height":195,"caption":"Prirodoslovno-matemati\u010dki fakultet u Splitu"},"image":{"@id":"https:\/\/www.pmfst.unist.hr\/znanost\/#\/schema\/logo\/image\/"},"sameAs":["https:\/\/www.facebook.com\/pmfst\/","https:\/\/x.com\/PmfSplit","https:\/\/www.instagram.com\/pmfsplit\/","https:\/\/www.youtube.com\/channel\/UCHVTsYgWvDAsqkWMfa8Jfsg"]}]}},"_links":{"self":[{"href":"https:\/\/www.pmfst.unist.hr\/znanost\/wp-json\/wp\/v2\/pages\/21209","targetHints":{"allow":["GET"]}}],"collection":[{"href":"https:\/\/www.pmfst.unist.hr\/znanost\/wp-json\/wp\/v2\/pages"}],"about":[{"href":"https:\/\/www.pmfst.unist.hr\/znanost\/wp-json\/wp\/v2\/types\/page"}],"author":[{"embeddable":true,"href":"https:\/\/www.pmfst.unist.hr\/znanost\/wp-json\/wp\/v2\/users\/1"}],"replies":[{"embeddable":true,"href":"https:\/\/www.pmfst.unist.hr\/znanost\/wp-json\/wp\/v2\/comments?post=21209"}],"version-history":[{"count":0,"href":"https:\/\/www.pmfst.unist.hr\/znanost\/wp-json\/wp\/v2\/pages\/21209\/revisions"}],"wp:attachment":[{"href":"https:\/\/www.pmfst.unist.hr\/znanost\/wp-json\/wp\/v2\/media?parent=21209"}],"curies":[{"name":"wp","href":"https:\/\/api.w.org\/{rel}","templated":true}]}}