{"id":22325,"date":"2024-04-28T19:11:47","date_gmt":"2024-04-28T17:11:47","guid":{"rendered":"https:\/\/www.pmfst.unist.hr\/znanost\/znanstvena-djelatnost-2\/"},"modified":"2025-05-05T08:56:58","modified_gmt":"2025-05-05T06:56:58","slug":"znanstvena-djelatnost-2","status":"publish","type":"page","link":"https:\/\/www.pmfst.unist.hr\/znanost\/znanstvena-djelatnost-2\/?lang=en","title":{"rendered":"SCIENTIFIC RESEARCH"},"content":{"rendered":"<div class=\"wpb-content-wrapper\">[vc_row][vc_column][vc_empty_space][\/vc_column][\/vc_row][vc_row disable_element=&#8221;yes&#8221;][vc_column][vc_separator color=&#8221;mulled_wine&#8221; style=&#8221;shadow&#8221; border_width=&#8221;5&#8243;][\/vc_column][\/vc_row][vc_row][vc_column width=&#8221;4\/5&#8243;][vc_column_text css=&#8221;.vc_custom_1734000474400{margin-bottom: 0px !important;}&#8221;]Scientific research at the Faculty of Science, University of Split, encompasses a wide range of scientific disciplines, including natural, technical, biotechnical, biomedical, and social sciences. The Faculty aligns its activities with the strategic guidelines of the University of Split, as well as national and international scientific strategies. The Faculty\u2019s scientific strategy, harmonized with its Action Plan, serves as the fundamental document outlining its mission, vision, analysis of the current state, and primary strategic priorities, with detailed tasks, activities, and desired outcomes.<\/p>\n<p>While the core academic values remain constant, the specific goals and activities of research groups may adapt during the implementation of the strategy. The Faculty contributes to the scientific diversity of the region by emphasizing a multidisciplinary approach and combining theoretical and experimental research methods. This approach facilitates an understanding of fundamental scientific principles while applied research offers solutions to specific societal challenges. Research spans from fundamental to applied levels, focusing on creating practical solutions for societal needs.<\/p>\n<p><strong>SCIENTIFIC RESEARCH ACTIVITIES<\/strong><\/p>\n<p>The scientific research output of the Faculty of Science continues to show a positive trend in terms of both productivity and citation impact. This growth in citations and publications highlights the significant and ongoing contributions of the Faculty\u2019s academic community and researchers within their scientific disciplines. Their work is frequently published in prestigious journals, enhancing the Faculty&#8217;s international reputation. This sustained positive trend in scientific productivity not only raises the Faculty&#8217;s profile but also fosters the development of innovations, technologies, and solutions to pressing societal and technological challenges. These outcomes reflect the researchers\u2019 dedication to excellence in their scientific endeavours.<\/p>\n<p><strong>PROJECTS<\/strong><\/p>\n<p>Faculty staff actively participate in numerous international and domestic projects, further strengthening research and innovation collaborations. These projects often result in highly cited publications and practical applications of scientific findings. Collaboration with academic institutions, industry, and other relevant sectors is vital for the continued advancement of science and technology. The Faculty is recognized for its ability to connect theoretical research with real-world applications.<\/p>\n<p><strong>PUBLICATION ACTIVITIES<\/strong><\/p>\n<p>The professional-methodological journal <em>Acta Mathematica Spalatensia. Series Didactica<\/em> is published by the Split Mathematical Society in cooperation with the Department of Mathematics at the Faculty of Science, University of Split.[\/vc_column_text][vc_column_text css=&#8221;.vc_custom_1734000445273{margin-bottom: 0px !important;}&#8221;]\n<p><img loading=\"lazy\" decoding=\"async\" class=\"alignnone size-medium wp-image-21877\" src=\"https:\/\/www.pmfst.unist.hr\/znanost\/wp-content\/uploads\/sites\/29\/2024\/09\/izdavacka_djelatnost-300x53.png\" alt=\"\" width=\"300\" height=\"53\" srcset=\"https:\/\/www.pmfst.unist.hr\/znanost\/wp-content\/uploads\/sites\/29\/2024\/09\/izdavacka_djelatnost-300x53.png 300w, https:\/\/www.pmfst.unist.hr\/znanost\/wp-content\/uploads\/sites\/29\/2024\/09\/izdavacka_djelatnost.png 473w\" sizes=\"auto, (max-width: 300px) 100vw, 300px\" \/>[\/vc_column_text][\/vc_column][vc_column width=&#8221;1\/5&#8243;][mk_title_box color=&#8221;#1e73be&#8221; margin_bottom=&#8221;0&#8243; font_family=&#8221;none&#8221;][\/mk_title_box][mk_employees style=&#8221;boxed&#8221; column=&#8221;1&#8243; employees=&#8221;19647&#8243;][\/vc_column][\/vc_row][vc_row][vc_column][vc_separator color=&#8221;mulled_wine&#8221; style=&#8221;shadow&#8221; border_width=&#8221;6&#8243;][\/vc_column][\/vc_row]\n<\/div>","protected":false},"excerpt":{"rendered":"<p>[vc_row][vc_column][vc_empty_space][\/vc_column][\/vc_row][vc_row disable_element=&#8221;yes&#8221;][vc_column][vc_separator color=&#8221;mulled_wine&#8221; style=&#8221;shadow&#8221; border_width=&#8221;5&#8243;][\/vc_column][\/vc_row][vc_row][vc_column width=&#8221;4\/5&#8243;][vc_column_text css=&#8221;.vc_custom_1734000474400{margin-bottom: 0px !important;}&#8221;]Scientific research at the Faculty of Science, University of Split, encompasses a wide range of scientific disciplines, including natural, technical, biotechnical, biomedical, and social sciences. The Faculty aligns its activities with the strategic guidelines of the University of Split, as well as national and international scientific strategies. [&hellip;]<\/p>\n","protected":false},"author":1,"featured_media":0,"parent":0,"menu_order":0,"comment_status":"closed","ping_status":"closed","template":"","meta":{"_acf_changed":false,"rs_blank_template":"","rs_page_bg_color":"","slide_template_v7":"","footnotes":""},"class_list":["post-22325","page","type-page","status-publish","hentry"],"acf":[],"yoast_head":"<!-- This site is optimized with the Yoast SEO plugin v27.4 - https:\/\/yoast.com\/product\/yoast-seo-wordpress\/ -->\n<title>SCIENTIFIC RESEARCH - Znanstvena djelatnost, PMF Split<\/title>\n<meta name=\"robots\" content=\"index, follow, max-snippet:-1, max-image-preview:large, max-video-preview:-1\" \/>\n<link rel=\"canonical\" href=\"https:\/\/www.pmfst.unist.hr\/znanost\/znanstvena-djelatnost-2\/\" \/>\n<meta property=\"og:locale\" content=\"hr_HR\" \/>\n<meta property=\"og:type\" content=\"article\" \/>\n<meta property=\"og:title\" content=\"SCIENTIFIC RESEARCH - Znanstvena djelatnost, PMF Split\" \/>\n<meta property=\"og:description\" content=\"[vc_row][vc_column][vc_empty_space][\/vc_column][\/vc_row][vc_row disable_element=&#8221;yes&#8221;][vc_column][vc_separator color=&#8221;mulled_wine&#8221; style=&#8221;shadow&#8221; border_width=&#8221;5&#8243;][\/vc_column][\/vc_row][vc_row][vc_column width=&#8221;4\/5&#8243;][vc_column_text css=&#8221;.vc_custom_1734000474400{margin-bottom: 0px !important;}&#8221;]Scientific research at the Faculty of Science, University of Split, encompasses a wide range of scientific disciplines, including natural, technical, biotechnical, biomedical, and social sciences. The Faculty aligns its activities with the strategic guidelines of the University of Split, as well as national and international scientific strategies. [&hellip;]\" \/>\n<meta property=\"og:url\" content=\"https:\/\/www.pmfst.unist.hr\/znanost\/znanstvena-djelatnost-2\/?lang=en\" \/>\n<meta property=\"og:site_name\" content=\"Znanstvena djelatnost, PMF Split\" \/>\n<meta property=\"article:publisher\" content=\"https:\/\/www.facebook.com\/pmfst\/\" \/>\n<meta property=\"article:modified_time\" content=\"2025-05-05T06:56:58+00:00\" \/>\n<meta property=\"og:image\" content=\"https:\/\/www.pmfst.unist.hr\/znanost\/wp-content\/uploads\/sites\/29\/2024\/09\/izdavacka_djelatnost.png\" \/>\n\t<meta property=\"og:image:width\" content=\"473\" \/>\n\t<meta property=\"og:image:height\" content=\"83\" \/>\n\t<meta property=\"og:image:type\" content=\"image\/png\" \/>\n<meta name=\"twitter:card\" content=\"summary_large_image\" \/>\n<meta name=\"twitter:site\" content=\"@PmfSplit\" \/>\n<meta name=\"twitter:label1\" content=\"Procijenjeno vrijeme \u010ditanja\" \/>\n\t<meta name=\"twitter:data1\" content=\"3 minute\" \/>\n<script type=\"application\/ld+json\" class=\"yoast-schema-graph\">{\"@context\":\"https:\\\/\\\/schema.org\",\"@graph\":[{\"@type\":\"WebPage\",\"@id\":\"https:\\\/\\\/www.pmfst.unist.hr\\\/znanost\\\/znanstvena-djelatnost-2\\\/?lang=en\",\"url\":\"https:\\\/\\\/www.pmfst.unist.hr\\\/znanost\\\/znanstvena-djelatnost-2\\\/?lang=en\",\"name\":\"SCIENTIFIC RESEARCH - Znanstvena djelatnost, PMF Split\",\"isPartOf\":{\"@id\":\"https:\\\/\\\/www.pmfst.unist.hr\\\/znanost\\\/#website\"},\"primaryImageOfPage\":{\"@id\":\"https:\\\/\\\/www.pmfst.unist.hr\\\/znanost\\\/znanstvena-djelatnost-2\\\/?lang=en#primaryimage\"},\"image\":{\"@id\":\"https:\\\/\\\/www.pmfst.unist.hr\\\/znanost\\\/znanstvena-djelatnost-2\\\/?lang=en#primaryimage\"},\"thumbnailUrl\":\"https:\\\/\\\/www.pmfst.unist.hr\\\/znanost\\\/wp-content\\\/uploads\\\/sites\\\/29\\\/2024\\\/09\\\/izdavacka_djelatnost-300x53.png\",\"datePublished\":\"2024-04-28T17:11:47+00:00\",\"dateModified\":\"2025-05-05T06:56:58+00:00\",\"breadcrumb\":{\"@id\":\"https:\\\/\\\/www.pmfst.unist.hr\\\/znanost\\\/znanstvena-djelatnost-2\\\/?lang=en#breadcrumb\"},\"inLanguage\":\"hr\",\"potentialAction\":[{\"@type\":\"ReadAction\",\"target\":[\"https:\\\/\\\/www.pmfst.unist.hr\\\/znanost\\\/znanstvena-djelatnost-2\\\/?lang=en\"]}]},{\"@type\":\"ImageObject\",\"inLanguage\":\"hr\",\"@id\":\"https:\\\/\\\/www.pmfst.unist.hr\\\/znanost\\\/znanstvena-djelatnost-2\\\/?lang=en#primaryimage\",\"url\":\"https:\\\/\\\/www.pmfst.unist.hr\\\/znanost\\\/wp-content\\\/uploads\\\/sites\\\/29\\\/2024\\\/09\\\/izdavacka_djelatnost.png\",\"contentUrl\":\"https:\\\/\\\/www.pmfst.unist.hr\\\/znanost\\\/wp-content\\\/uploads\\\/sites\\\/29\\\/2024\\\/09\\\/izdavacka_djelatnost.png\",\"width\":473,\"height\":83},{\"@type\":\"BreadcrumbList\",\"@id\":\"https:\\\/\\\/www.pmfst.unist.hr\\\/znanost\\\/znanstvena-djelatnost-2\\\/?lang=en#breadcrumb\",\"itemListElement\":[{\"@type\":\"ListItem\",\"position\":1,\"name\":\"Po\u010detna stranica\",\"item\":\"https:\\\/\\\/www.pmfst.unist.hr\\\/znanost\\\/\"},{\"@type\":\"ListItem\",\"position\":2,\"name\":\"SCIENTIFIC RESEARCH\"}]},{\"@type\":\"WebSite\",\"@id\":\"https:\\\/\\\/www.pmfst.unist.hr\\\/znanost\\\/#website\",\"url\":\"https:\\\/\\\/www.pmfst.unist.hr\\\/znanost\\\/\",\"name\":\"Znanstvena djelatnost, PMF Split\",\"description\":\"Znanost -  Prirodoslovno-matemati\u010dki fakultet Sveu\u010dili\u0161ta u Splitu\",\"publisher\":{\"@id\":\"https:\\\/\\\/www.pmfst.unist.hr\\\/znanost\\\/#organization\"},\"potentialAction\":[{\"@type\":\"SearchAction\",\"target\":{\"@type\":\"EntryPoint\",\"urlTemplate\":\"https:\\\/\\\/www.pmfst.unist.hr\\\/znanost\\\/?s={search_term_string}\"},\"query-input\":{\"@type\":\"PropertyValueSpecification\",\"valueRequired\":true,\"valueName\":\"search_term_string\"}}],\"inLanguage\":\"hr\"},{\"@type\":\"Organization\",\"@id\":\"https:\\\/\\\/www.pmfst.unist.hr\\\/znanost\\\/#organization\",\"name\":\"Prirodoslovno-matemati\u010dki fakultet u Splitu\",\"url\":\"https:\\\/\\\/www.pmfst.unist.hr\\\/znanost\\\/\",\"logo\":{\"@type\":\"ImageObject\",\"inLanguage\":\"hr\",\"@id\":\"https:\\\/\\\/www.pmfst.unist.hr\\\/znanost\\\/#\\\/schema\\\/logo\\\/image\\\/\",\"url\":\"https:\\\/\\\/www.pmfst.unist.hr\\\/znanost\\\/wp-content\\\/uploads\\\/sites\\\/29\\\/2018\\\/01\\\/logotip2.png\",\"contentUrl\":\"https:\\\/\\\/www.pmfst.unist.hr\\\/znanost\\\/wp-content\\\/uploads\\\/sites\\\/29\\\/2018\\\/01\\\/logotip2.png\",\"width\":195,\"height\":195,\"caption\":\"Prirodoslovno-matemati\u010dki fakultet u Splitu\"},\"image\":{\"@id\":\"https:\\\/\\\/www.pmfst.unist.hr\\\/znanost\\\/#\\\/schema\\\/logo\\\/image\\\/\"},\"sameAs\":[\"https:\\\/\\\/www.facebook.com\\\/pmfst\\\/\",\"https:\\\/\\\/x.com\\\/PmfSplit\",\"https:\\\/\\\/www.instagram.com\\\/pmfsplit\\\/\",\"https:\\\/\\\/www.youtube.com\\\/channel\\\/UCHVTsYgWvDAsqkWMfa8Jfsg\"]}]}<\/script>\n<!-- \/ Yoast SEO plugin. -->","yoast_head_json":{"title":"SCIENTIFIC RESEARCH - Znanstvena djelatnost, PMF Split","robots":{"index":"index","follow":"follow","max-snippet":"max-snippet:-1","max-image-preview":"max-image-preview:large","max-video-preview":"max-video-preview:-1"},"canonical":"https:\/\/www.pmfst.unist.hr\/znanost\/znanstvena-djelatnost-2\/","og_locale":"hr_HR","og_type":"article","og_title":"SCIENTIFIC RESEARCH - Znanstvena djelatnost, PMF Split","og_description":"[vc_row][vc_column][vc_empty_space][\/vc_column][\/vc_row][vc_row disable_element=&#8221;yes&#8221;][vc_column][vc_separator color=&#8221;mulled_wine&#8221; style=&#8221;shadow&#8221; border_width=&#8221;5&#8243;][\/vc_column][\/vc_row][vc_row][vc_column width=&#8221;4\/5&#8243;][vc_column_text css=&#8221;.vc_custom_1734000474400{margin-bottom: 0px !important;}&#8221;]Scientific research at the Faculty of Science, University of Split, encompasses a wide range of scientific disciplines, including natural, technical, biotechnical, biomedical, and social sciences. The Faculty aligns its activities with the strategic guidelines of the University of Split, as well as national and international scientific strategies. [&hellip;]","og_url":"https:\/\/www.pmfst.unist.hr\/znanost\/znanstvena-djelatnost-2\/?lang=en","og_site_name":"Znanstvena djelatnost, PMF Split","article_publisher":"https:\/\/www.facebook.com\/pmfst\/","article_modified_time":"2025-05-05T06:56:58+00:00","og_image":[{"width":473,"height":83,"url":"https:\/\/www.pmfst.unist.hr\/znanost\/wp-content\/uploads\/sites\/29\/2024\/09\/izdavacka_djelatnost.png","type":"image\/png"}],"twitter_card":"summary_large_image","twitter_site":"@PmfSplit","twitter_misc":{"Procijenjeno vrijeme \u010ditanja":"3 minute"},"schema":{"@context":"https:\/\/schema.org","@graph":[{"@type":"WebPage","@id":"https:\/\/www.pmfst.unist.hr\/znanost\/znanstvena-djelatnost-2\/?lang=en","url":"https:\/\/www.pmfst.unist.hr\/znanost\/znanstvena-djelatnost-2\/?lang=en","name":"SCIENTIFIC RESEARCH - Znanstvena djelatnost, PMF Split","isPartOf":{"@id":"https:\/\/www.pmfst.unist.hr\/znanost\/#website"},"primaryImageOfPage":{"@id":"https:\/\/www.pmfst.unist.hr\/znanost\/znanstvena-djelatnost-2\/?lang=en#primaryimage"},"image":{"@id":"https:\/\/www.pmfst.unist.hr\/znanost\/znanstvena-djelatnost-2\/?lang=en#primaryimage"},"thumbnailUrl":"https:\/\/www.pmfst.unist.hr\/znanost\/wp-content\/uploads\/sites\/29\/2024\/09\/izdavacka_djelatnost-300x53.png","datePublished":"2024-04-28T17:11:47+00:00","dateModified":"2025-05-05T06:56:58+00:00","breadcrumb":{"@id":"https:\/\/www.pmfst.unist.hr\/znanost\/znanstvena-djelatnost-2\/?lang=en#breadcrumb"},"inLanguage":"hr","potentialAction":[{"@type":"ReadAction","target":["https:\/\/www.pmfst.unist.hr\/znanost\/znanstvena-djelatnost-2\/?lang=en"]}]},{"@type":"ImageObject","inLanguage":"hr","@id":"https:\/\/www.pmfst.unist.hr\/znanost\/znanstvena-djelatnost-2\/?lang=en#primaryimage","url":"https:\/\/www.pmfst.unist.hr\/znanost\/wp-content\/uploads\/sites\/29\/2024\/09\/izdavacka_djelatnost.png","contentUrl":"https:\/\/www.pmfst.unist.hr\/znanost\/wp-content\/uploads\/sites\/29\/2024\/09\/izdavacka_djelatnost.png","width":473,"height":83},{"@type":"BreadcrumbList","@id":"https:\/\/www.pmfst.unist.hr\/znanost\/znanstvena-djelatnost-2\/?lang=en#breadcrumb","itemListElement":[{"@type":"ListItem","position":1,"name":"Po\u010detna stranica","item":"https:\/\/www.pmfst.unist.hr\/znanost\/"},{"@type":"ListItem","position":2,"name":"SCIENTIFIC RESEARCH"}]},{"@type":"WebSite","@id":"https:\/\/www.pmfst.unist.hr\/znanost\/#website","url":"https:\/\/www.pmfst.unist.hr\/znanost\/","name":"Znanstvena djelatnost, PMF Split","description":"Znanost -  Prirodoslovno-matemati\u010dki fakultet Sveu\u010dili\u0161ta u Splitu","publisher":{"@id":"https:\/\/www.pmfst.unist.hr\/znanost\/#organization"},"potentialAction":[{"@type":"SearchAction","target":{"@type":"EntryPoint","urlTemplate":"https:\/\/www.pmfst.unist.hr\/znanost\/?s={search_term_string}"},"query-input":{"@type":"PropertyValueSpecification","valueRequired":true,"valueName":"search_term_string"}}],"inLanguage":"hr"},{"@type":"Organization","@id":"https:\/\/www.pmfst.unist.hr\/znanost\/#organization","name":"Prirodoslovno-matemati\u010dki fakultet u Splitu","url":"https:\/\/www.pmfst.unist.hr\/znanost\/","logo":{"@type":"ImageObject","inLanguage":"hr","@id":"https:\/\/www.pmfst.unist.hr\/znanost\/#\/schema\/logo\/image\/","url":"https:\/\/www.pmfst.unist.hr\/znanost\/wp-content\/uploads\/sites\/29\/2018\/01\/logotip2.png","contentUrl":"https:\/\/www.pmfst.unist.hr\/znanost\/wp-content\/uploads\/sites\/29\/2018\/01\/logotip2.png","width":195,"height":195,"caption":"Prirodoslovno-matemati\u010dki fakultet u Splitu"},"image":{"@id":"https:\/\/www.pmfst.unist.hr\/znanost\/#\/schema\/logo\/image\/"},"sameAs":["https:\/\/www.facebook.com\/pmfst\/","https:\/\/x.com\/PmfSplit","https:\/\/www.instagram.com\/pmfsplit\/","https:\/\/www.youtube.com\/channel\/UCHVTsYgWvDAsqkWMfa8Jfsg"]}]}},"_links":{"self":[{"href":"https:\/\/www.pmfst.unist.hr\/znanost\/wp-json\/wp\/v2\/pages\/22325","targetHints":{"allow":["GET"]}}],"collection":[{"href":"https:\/\/www.pmfst.unist.hr\/znanost\/wp-json\/wp\/v2\/pages"}],"about":[{"href":"https:\/\/www.pmfst.unist.hr\/znanost\/wp-json\/wp\/v2\/types\/page"}],"author":[{"embeddable":true,"href":"https:\/\/www.pmfst.unist.hr\/znanost\/wp-json\/wp\/v2\/users\/1"}],"replies":[{"embeddable":true,"href":"https:\/\/www.pmfst.unist.hr\/znanost\/wp-json\/wp\/v2\/comments?post=22325"}],"version-history":[{"count":0,"href":"https:\/\/www.pmfst.unist.hr\/znanost\/wp-json\/wp\/v2\/pages\/22325\/revisions"}],"wp:attachment":[{"href":"https:\/\/www.pmfst.unist.hr\/znanost\/wp-json\/wp\/v2\/media?parent=22325"}],"curies":[{"name":"wp","href":"https:\/\/api.w.org\/{rel}","templated":true}]}}