{"id":22330,"date":"2024-05-14T21:35:04","date_gmt":"2024-05-14T19:35:04","guid":{"rendered":"https:\/\/www.pmfst.unist.hr\/znanost\/znanstveni-radovi-2\/"},"modified":"2024-12-12T21:05:40","modified_gmt":"2024-12-12T20:05:40","slug":"znanstveni-radovi-2","status":"publish","type":"page","link":"https:\/\/www.pmfst.unist.hr\/znanost\/znanstveni-radovi-2\/?lang=en","title":{"rendered":"Scientific Publications"},"content":{"rendered":"<div class=\"wpb-content-wrapper\">[vc_row][vc_column width=&#8221;1\/3&#8243;][mk_custom_box corner_radius=&#8221;10&#8243; min_height=&#8221;350&#8243; bg_color=&#8221;#f2f2f2&#8243; drop_shadow=&#8221;true&#8221;][vc_column_text css=&#8221;.vc_custom_1730823834065{margin-bottom: 0px !important;}&#8221;]\n<p style=\"text-align: center;\"><span style=\"font-size: 24pt; color: #365cc7;\">Clarivate WoS<\/span><\/p>\n[\/vc_column_text][vc_single_image image=&#8221;21798&#8243; img_size=&#8221;full&#8221; alignment=&#8221;center&#8221; css_animation=&#8221;none&#8221; css=&#8221;&#8221;][mk_button corner_style=&#8221;rounded&#8221; size=&#8221;medium&#8221; url=&#8221;https:\/\/www.webofscience.com\/wos\/woscc\/summary\/5ad8fdd6-bc92-4dbd-acbf-83b585c95652-0105e425f9\/times-cited-descending\/1&#8243; target=&#8221;_blank&#8221; align=&#8221;center&#8221; margin_top=&#8221;45&#8243;]Visit &gt;[\/mk_button][\/mk_custom_box][\/vc_column][vc_column width=&#8221;1\/3&#8243;][mk_custom_box corner_radius=&#8221;10&#8243; min_height=&#8221;350&#8243; bg_color=&#8221;#f2f2f2&#8243; drop_shadow=&#8221;true&#8221;][vc_column_text margin_bottom=&#8221;20&#8243; css=&#8221;.vc_custom_1730823898366{margin-bottom: 0px !important;}&#8221;]\n<p style=\"text-align: center;\"><span style=\"font-size: 24pt; color: #365cc7;\">CROSBI<\/span><\/p>\n[\/vc_column_text][vc_single_image image=&#8221;21800&#8243; img_size=&#8221;full&#8221; alignment=&#8221;center&#8221; css_animation=&#8221;none&#8221; css=&#8221;&#8221;][mk_button corner_style=&#8221;rounded&#8221; size=&#8221;medium&#8221; url=&#8221;https:\/\/www.croris.hr\/crosbi\/searchByContext\/1\/114&#8243; target=&#8221;_blank&#8221; align=&#8221;center&#8221; margin_top=&#8221;45&#8243;]Visit &gt;[\/mk_button][\/mk_custom_box][\/vc_column][vc_column width=&#8221;1\/3&#8243;][mk_custom_box corner_radius=&#8221;10&#8243; margin_bottom=&#8221;30&#8243; min_height=&#8221;350&#8243; bg_color=&#8221;#f2f2f2&#8243; drop_shadow=&#8221;true&#8221;][vc_column_text margin_bottom=&#8221;30&#8243; css=&#8221;.vc_custom_1730823923927{margin-bottom: 0px !important;}&#8221;]\n<p style=\"text-align: center;\"><span style=\"font-size: 24pt; color: #365cc7;\">Google Scholar<\/span><\/p>\n[\/vc_column_text][vc_single_image image=&#8221;21802&#8243; img_size=&#8221;full&#8221; alignment=&#8221;center&#8221; css_animation=&#8221;none&#8221; css=&#8221;&#8221;][mk_button corner_style=&#8221;rounded&#8221; size=&#8221;medium&#8221; url=&#8221;https:\/\/scholar.google.hr\/citations?mauthors=%22Faculty+of+Science%22+%22University+of+Split%22&amp;hl=hr&amp;view_op=search_authors&#8221; target=&#8221;_blank&#8221; align=&#8221;center&#8221; margin_top=&#8221;50&#8243;]Visit &gt;[\/mk_button][\/mk_custom_box][\/vc_column][\/vc_row]\n<\/div>","protected":false},"excerpt":{"rendered":"<p>[vc_row][vc_column width=&#8221;1\/3&#8243;][mk_custom_box corner_radius=&#8221;10&#8243; min_height=&#8221;350&#8243; bg_color=&#8221;#f2f2f2&#8243; drop_shadow=&#8221;true&#8221;][vc_column_text css=&#8221;.vc_custom_1730823834065{margin-bottom: 0px !important;}&#8221;] Clarivate WoS [\/vc_column_text][vc_single_image image=&#8221;21798&#8243; img_size=&#8221;full&#8221; alignment=&#8221;center&#8221; css_animation=&#8221;none&#8221; css=&#8221;&#8221;][mk_button corner_style=&#8221;rounded&#8221; size=&#8221;medium&#8221; url=&#8221;https:\/\/www.webofscience.com\/wos\/woscc\/summary\/5ad8fdd6-bc92-4dbd-acbf-83b585c95652-0105e425f9\/times-cited-descending\/1&#8243; target=&#8221;_blank&#8221; align=&#8221;center&#8221; margin_top=&#8221;45&#8243;]Visit &gt;[\/mk_button][\/mk_custom_box][\/vc_column][vc_column width=&#8221;1\/3&#8243;][mk_custom_box corner_radius=&#8221;10&#8243; min_height=&#8221;350&#8243; bg_color=&#8221;#f2f2f2&#8243; drop_shadow=&#8221;true&#8221;][vc_column_text margin_bottom=&#8221;20&#8243; css=&#8221;.vc_custom_1730823898366{margin-bottom: 0px !important;}&#8221;] CROSBI [\/vc_column_text][vc_single_image image=&#8221;21800&#8243; img_size=&#8221;full&#8221; alignment=&#8221;center&#8221; css_animation=&#8221;none&#8221; css=&#8221;&#8221;][mk_button corner_style=&#8221;rounded&#8221; size=&#8221;medium&#8221; url=&#8221;https:\/\/www.croris.hr\/crosbi\/searchByContext\/1\/114&#8243; target=&#8221;_blank&#8221; align=&#8221;center&#8221; margin_top=&#8221;45&#8243;]Visit &gt;[\/mk_button][\/mk_custom_box][\/vc_column][vc_column width=&#8221;1\/3&#8243;][mk_custom_box corner_radius=&#8221;10&#8243; margin_bottom=&#8221;30&#8243; min_height=&#8221;350&#8243; bg_color=&#8221;#f2f2f2&#8243; drop_shadow=&#8221;true&#8221;][vc_column_text margin_bottom=&#8221;30&#8243; css=&#8221;.vc_custom_1730823923927{margin-bottom: [&hellip;]<\/p>\n","protected":false},"author":1,"featured_media":0,"parent":0,"menu_order":0,"comment_status":"closed","ping_status":"closed","template":"","meta":{"_acf_changed":false,"rs_blank_template":"","rs_page_bg_color":"","slide_template_v7":"","footnotes":""},"class_list":["post-22330","page","type-page","status-publish","hentry"],"acf":[],"yoast_head":"<!-- This site is optimized with the Yoast SEO plugin v27.3 - https:\/\/yoast.com\/product\/yoast-seo-wordpress\/ -->\n<title>Scientific Publications - Znanstvena djelatnost, PMF Split<\/title>\n<meta name=\"robots\" content=\"index, follow, max-snippet:-1, max-image-preview:large, max-video-preview:-1\" \/>\n<link rel=\"canonical\" href=\"https:\/\/www.pmfst.unist.hr\/znanost\/znanstveni-radovi-2\/\" \/>\n<meta property=\"og:locale\" content=\"hr_HR\" \/>\n<meta property=\"og:type\" content=\"article\" \/>\n<meta property=\"og:title\" content=\"Scientific Publications - Znanstvena djelatnost, PMF Split\" \/>\n<meta property=\"og:description\" content=\"[vc_row][vc_column width=&#8221;1\/3&#8243;][mk_custom_box corner_radius=&#8221;10&#8243; min_height=&#8221;350&#8243; bg_color=&#8221;#f2f2f2&#8243; drop_shadow=&#8221;true&#8221;][vc_column_text css=&#8221;.vc_custom_1730823834065{margin-bottom: 0px !important;}&#8221;] Clarivate WoS [\/vc_column_text][vc_single_image image=&#8221;21798&#8243; img_size=&#8221;full&#8221; alignment=&#8221;center&#8221; css_animation=&#8221;none&#8221; css=&#8221;&#8221;][mk_button corner_style=&#8221;rounded&#8221; size=&#8221;medium&#8221; url=&#8221;https:\/\/www.webofscience.com\/wos\/woscc\/summary\/5ad8fdd6-bc92-4dbd-acbf-83b585c95652-0105e425f9\/times-cited-descending\/1&#8243; target=&#8221;_blank&#8221; align=&#8221;center&#8221; margin_top=&#8221;45&#8243;]Visit &gt;[\/mk_button][\/mk_custom_box][\/vc_column][vc_column width=&#8221;1\/3&#8243;][mk_custom_box corner_radius=&#8221;10&#8243; min_height=&#8221;350&#8243; bg_color=&#8221;#f2f2f2&#8243; drop_shadow=&#8221;true&#8221;][vc_column_text margin_bottom=&#8221;20&#8243; css=&#8221;.vc_custom_1730823898366{margin-bottom: 0px !important;}&#8221;] CROSBI [\/vc_column_text][vc_single_image image=&#8221;21800&#8243; img_size=&#8221;full&#8221; alignment=&#8221;center&#8221; css_animation=&#8221;none&#8221; css=&#8221;&#8221;][mk_button corner_style=&#8221;rounded&#8221; size=&#8221;medium&#8221; url=&#8221;https:\/\/www.croris.hr\/crosbi\/searchByContext\/1\/114&#8243; target=&#8221;_blank&#8221; align=&#8221;center&#8221; margin_top=&#8221;45&#8243;]Visit &gt;[\/mk_button][\/mk_custom_box][\/vc_column][vc_column width=&#8221;1\/3&#8243;][mk_custom_box corner_radius=&#8221;10&#8243; margin_bottom=&#8221;30&#8243; min_height=&#8221;350&#8243; bg_color=&#8221;#f2f2f2&#8243; drop_shadow=&#8221;true&#8221;][vc_column_text margin_bottom=&#8221;30&#8243; css=&#8221;.vc_custom_1730823923927{margin-bottom: [&hellip;]\" \/>\n<meta property=\"og:url\" content=\"https:\/\/www.pmfst.unist.hr\/znanost\/znanstveni-radovi-2\/?lang=en\" \/>\n<meta property=\"og:site_name\" content=\"Znanstvena djelatnost, PMF Split\" \/>\n<meta property=\"article:publisher\" content=\"https:\/\/www.facebook.com\/pmfst\/\" \/>\n<meta property=\"article:modified_time\" content=\"2024-12-12T20:05:40+00:00\" \/>\n<meta name=\"twitter:card\" content=\"summary_large_image\" \/>\n<meta name=\"twitter:site\" content=\"@PmfSplit\" \/>\n<meta name=\"twitter:label1\" content=\"Procijenjeno vrijeme \u010ditanja\" \/>\n\t<meta name=\"twitter:data1\" content=\"1 minuta\" \/>\n<script type=\"application\/ld+json\" class=\"yoast-schema-graph\">{\"@context\":\"https:\\\/\\\/schema.org\",\"@graph\":[{\"@type\":\"WebPage\",\"@id\":\"https:\\\/\\\/www.pmfst.unist.hr\\\/znanost\\\/znanstveni-radovi-2\\\/?lang=en\",\"url\":\"https:\\\/\\\/www.pmfst.unist.hr\\\/znanost\\\/znanstveni-radovi-2\\\/?lang=en\",\"name\":\"Scientific Publications - Znanstvena djelatnost, PMF Split\",\"isPartOf\":{\"@id\":\"https:\\\/\\\/www.pmfst.unist.hr\\\/znanost\\\/#website\"},\"datePublished\":\"2024-05-14T19:35:04+00:00\",\"dateModified\":\"2024-12-12T20:05:40+00:00\",\"breadcrumb\":{\"@id\":\"https:\\\/\\\/www.pmfst.unist.hr\\\/znanost\\\/znanstveni-radovi-2\\\/?lang=en#breadcrumb\"},\"inLanguage\":\"hr\",\"potentialAction\":[{\"@type\":\"ReadAction\",\"target\":[\"https:\\\/\\\/www.pmfst.unist.hr\\\/znanost\\\/znanstveni-radovi-2\\\/?lang=en\"]}]},{\"@type\":\"BreadcrumbList\",\"@id\":\"https:\\\/\\\/www.pmfst.unist.hr\\\/znanost\\\/znanstveni-radovi-2\\\/?lang=en#breadcrumb\",\"itemListElement\":[{\"@type\":\"ListItem\",\"position\":1,\"name\":\"Po\u010detna stranica\",\"item\":\"https:\\\/\\\/www.pmfst.unist.hr\\\/znanost\\\/\"},{\"@type\":\"ListItem\",\"position\":2,\"name\":\"Scientific Publications\"}]},{\"@type\":\"WebSite\",\"@id\":\"https:\\\/\\\/www.pmfst.unist.hr\\\/znanost\\\/#website\",\"url\":\"https:\\\/\\\/www.pmfst.unist.hr\\\/znanost\\\/\",\"name\":\"Znanstvena djelatnost, PMF Split\",\"description\":\"Znanost -  Prirodoslovno-matemati\u010dki fakultet Sveu\u010dili\u0161ta u Splitu\",\"publisher\":{\"@id\":\"https:\\\/\\\/www.pmfst.unist.hr\\\/znanost\\\/#organization\"},\"potentialAction\":[{\"@type\":\"SearchAction\",\"target\":{\"@type\":\"EntryPoint\",\"urlTemplate\":\"https:\\\/\\\/www.pmfst.unist.hr\\\/znanost\\\/?s={search_term_string}\"},\"query-input\":{\"@type\":\"PropertyValueSpecification\",\"valueRequired\":true,\"valueName\":\"search_term_string\"}}],\"inLanguage\":\"hr\"},{\"@type\":\"Organization\",\"@id\":\"https:\\\/\\\/www.pmfst.unist.hr\\\/znanost\\\/#organization\",\"name\":\"Prirodoslovno-matemati\u010dki fakultet u Splitu\",\"url\":\"https:\\\/\\\/www.pmfst.unist.hr\\\/znanost\\\/\",\"logo\":{\"@type\":\"ImageObject\",\"inLanguage\":\"hr\",\"@id\":\"https:\\\/\\\/www.pmfst.unist.hr\\\/znanost\\\/#\\\/schema\\\/logo\\\/image\\\/\",\"url\":\"https:\\\/\\\/www.pmfst.unist.hr\\\/znanost\\\/wp-content\\\/uploads\\\/sites\\\/29\\\/2018\\\/01\\\/logotip2.png\",\"contentUrl\":\"https:\\\/\\\/www.pmfst.unist.hr\\\/znanost\\\/wp-content\\\/uploads\\\/sites\\\/29\\\/2018\\\/01\\\/logotip2.png\",\"width\":195,\"height\":195,\"caption\":\"Prirodoslovno-matemati\u010dki fakultet u Splitu\"},\"image\":{\"@id\":\"https:\\\/\\\/www.pmfst.unist.hr\\\/znanost\\\/#\\\/schema\\\/logo\\\/image\\\/\"},\"sameAs\":[\"https:\\\/\\\/www.facebook.com\\\/pmfst\\\/\",\"https:\\\/\\\/x.com\\\/PmfSplit\",\"https:\\\/\\\/www.instagram.com\\\/pmfsplit\\\/\",\"https:\\\/\\\/www.youtube.com\\\/channel\\\/UCHVTsYgWvDAsqkWMfa8Jfsg\"]}]}<\/script>\n<!-- \/ Yoast SEO plugin. -->","yoast_head_json":{"title":"Scientific Publications - Znanstvena djelatnost, PMF Split","robots":{"index":"index","follow":"follow","max-snippet":"max-snippet:-1","max-image-preview":"max-image-preview:large","max-video-preview":"max-video-preview:-1"},"canonical":"https:\/\/www.pmfst.unist.hr\/znanost\/znanstveni-radovi-2\/","og_locale":"hr_HR","og_type":"article","og_title":"Scientific Publications - Znanstvena djelatnost, PMF Split","og_description":"[vc_row][vc_column width=&#8221;1\/3&#8243;][mk_custom_box corner_radius=&#8221;10&#8243; min_height=&#8221;350&#8243; bg_color=&#8221;#f2f2f2&#8243; drop_shadow=&#8221;true&#8221;][vc_column_text css=&#8221;.vc_custom_1730823834065{margin-bottom: 0px !important;}&#8221;] Clarivate WoS [\/vc_column_text][vc_single_image image=&#8221;21798&#8243; img_size=&#8221;full&#8221; alignment=&#8221;center&#8221; css_animation=&#8221;none&#8221; css=&#8221;&#8221;][mk_button corner_style=&#8221;rounded&#8221; size=&#8221;medium&#8221; url=&#8221;https:\/\/www.webofscience.com\/wos\/woscc\/summary\/5ad8fdd6-bc92-4dbd-acbf-83b585c95652-0105e425f9\/times-cited-descending\/1&#8243; target=&#8221;_blank&#8221; align=&#8221;center&#8221; margin_top=&#8221;45&#8243;]Visit &gt;[\/mk_button][\/mk_custom_box][\/vc_column][vc_column width=&#8221;1\/3&#8243;][mk_custom_box corner_radius=&#8221;10&#8243; min_height=&#8221;350&#8243; bg_color=&#8221;#f2f2f2&#8243; drop_shadow=&#8221;true&#8221;][vc_column_text margin_bottom=&#8221;20&#8243; css=&#8221;.vc_custom_1730823898366{margin-bottom: 0px !important;}&#8221;] CROSBI [\/vc_column_text][vc_single_image image=&#8221;21800&#8243; img_size=&#8221;full&#8221; alignment=&#8221;center&#8221; css_animation=&#8221;none&#8221; css=&#8221;&#8221;][mk_button corner_style=&#8221;rounded&#8221; size=&#8221;medium&#8221; url=&#8221;https:\/\/www.croris.hr\/crosbi\/searchByContext\/1\/114&#8243; target=&#8221;_blank&#8221; align=&#8221;center&#8221; margin_top=&#8221;45&#8243;]Visit &gt;[\/mk_button][\/mk_custom_box][\/vc_column][vc_column width=&#8221;1\/3&#8243;][mk_custom_box corner_radius=&#8221;10&#8243; margin_bottom=&#8221;30&#8243; min_height=&#8221;350&#8243; bg_color=&#8221;#f2f2f2&#8243; drop_shadow=&#8221;true&#8221;][vc_column_text margin_bottom=&#8221;30&#8243; css=&#8221;.vc_custom_1730823923927{margin-bottom: [&hellip;]","og_url":"https:\/\/www.pmfst.unist.hr\/znanost\/znanstveni-radovi-2\/?lang=en","og_site_name":"Znanstvena djelatnost, PMF Split","article_publisher":"https:\/\/www.facebook.com\/pmfst\/","article_modified_time":"2024-12-12T20:05:40+00:00","twitter_card":"summary_large_image","twitter_site":"@PmfSplit","twitter_misc":{"Procijenjeno vrijeme \u010ditanja":"1 minuta"},"schema":{"@context":"https:\/\/schema.org","@graph":[{"@type":"WebPage","@id":"https:\/\/www.pmfst.unist.hr\/znanost\/znanstveni-radovi-2\/?lang=en","url":"https:\/\/www.pmfst.unist.hr\/znanost\/znanstveni-radovi-2\/?lang=en","name":"Scientific Publications - Znanstvena djelatnost, PMF Split","isPartOf":{"@id":"https:\/\/www.pmfst.unist.hr\/znanost\/#website"},"datePublished":"2024-05-14T19:35:04+00:00","dateModified":"2024-12-12T20:05:40+00:00","breadcrumb":{"@id":"https:\/\/www.pmfst.unist.hr\/znanost\/znanstveni-radovi-2\/?lang=en#breadcrumb"},"inLanguage":"hr","potentialAction":[{"@type":"ReadAction","target":["https:\/\/www.pmfst.unist.hr\/znanost\/znanstveni-radovi-2\/?lang=en"]}]},{"@type":"BreadcrumbList","@id":"https:\/\/www.pmfst.unist.hr\/znanost\/znanstveni-radovi-2\/?lang=en#breadcrumb","itemListElement":[{"@type":"ListItem","position":1,"name":"Po\u010detna stranica","item":"https:\/\/www.pmfst.unist.hr\/znanost\/"},{"@type":"ListItem","position":2,"name":"Scientific Publications"}]},{"@type":"WebSite","@id":"https:\/\/www.pmfst.unist.hr\/znanost\/#website","url":"https:\/\/www.pmfst.unist.hr\/znanost\/","name":"Znanstvena djelatnost, PMF Split","description":"Znanost -  Prirodoslovno-matemati\u010dki fakultet Sveu\u010dili\u0161ta u Splitu","publisher":{"@id":"https:\/\/www.pmfst.unist.hr\/znanost\/#organization"},"potentialAction":[{"@type":"SearchAction","target":{"@type":"EntryPoint","urlTemplate":"https:\/\/www.pmfst.unist.hr\/znanost\/?s={search_term_string}"},"query-input":{"@type":"PropertyValueSpecification","valueRequired":true,"valueName":"search_term_string"}}],"inLanguage":"hr"},{"@type":"Organization","@id":"https:\/\/www.pmfst.unist.hr\/znanost\/#organization","name":"Prirodoslovno-matemati\u010dki fakultet u Splitu","url":"https:\/\/www.pmfst.unist.hr\/znanost\/","logo":{"@type":"ImageObject","inLanguage":"hr","@id":"https:\/\/www.pmfst.unist.hr\/znanost\/#\/schema\/logo\/image\/","url":"https:\/\/www.pmfst.unist.hr\/znanost\/wp-content\/uploads\/sites\/29\/2018\/01\/logotip2.png","contentUrl":"https:\/\/www.pmfst.unist.hr\/znanost\/wp-content\/uploads\/sites\/29\/2018\/01\/logotip2.png","width":195,"height":195,"caption":"Prirodoslovno-matemati\u010dki fakultet u Splitu"},"image":{"@id":"https:\/\/www.pmfst.unist.hr\/znanost\/#\/schema\/logo\/image\/"},"sameAs":["https:\/\/www.facebook.com\/pmfst\/","https:\/\/x.com\/PmfSplit","https:\/\/www.instagram.com\/pmfsplit\/","https:\/\/www.youtube.com\/channel\/UCHVTsYgWvDAsqkWMfa8Jfsg"]}]}},"_links":{"self":[{"href":"https:\/\/www.pmfst.unist.hr\/znanost\/wp-json\/wp\/v2\/pages\/22330","targetHints":{"allow":["GET"]}}],"collection":[{"href":"https:\/\/www.pmfst.unist.hr\/znanost\/wp-json\/wp\/v2\/pages"}],"about":[{"href":"https:\/\/www.pmfst.unist.hr\/znanost\/wp-json\/wp\/v2\/types\/page"}],"author":[{"embeddable":true,"href":"https:\/\/www.pmfst.unist.hr\/znanost\/wp-json\/wp\/v2\/users\/1"}],"replies":[{"embeddable":true,"href":"https:\/\/www.pmfst.unist.hr\/znanost\/wp-json\/wp\/v2\/comments?post=22330"}],"version-history":[{"count":0,"href":"https:\/\/www.pmfst.unist.hr\/znanost\/wp-json\/wp\/v2\/pages\/22330\/revisions"}],"wp:attachment":[{"href":"https:\/\/www.pmfst.unist.hr\/znanost\/wp-json\/wp\/v2\/media?parent=22330"}],"curies":[{"name":"wp","href":"https:\/\/api.w.org\/{rel}","templated":true}]}}